{"id":5433,"date":"2022-07-11T15:57:27","date_gmt":"2022-07-11T18:57:27","guid":{"rendered":"https:\/\/www.ufsm.br\/unidades-universitarias\/ctism\/?page_id=5433"},"modified":"2022-07-11T15:59:49","modified_gmt":"2022-07-11T18:59:49","slug":"laboratorio-de-redes-de-computadores","status":"publish","type":"page","link":"https:\/\/www.ufsm.br\/unidades-universitarias\/ctism\/laboratorio-de-redes-de-computadores","title":{"rendered":"Laborat\u00f3rio de Redes de Computadores"},"content":{"rendered":"\n<p><strong>Apresenta\u00e7\u00e3o:<\/strong><\/p>\n<p>Esse laborat\u00f3rio \u00e9 voltado \u00e0 execu\u00e7\u00e3o pr\u00e1tica envolvendo infraestrutura de Redes de Computadores. Ele fornece atividades pr\u00e1ticas para as aulas de disciplinas t\u00e9cnicas dos cursos do CTISM, especialmente para o de Redes de Computadores. Algumas das disciplinas que utilizam o laborat\u00f3rio s\u00e3o: Cabeamento Estruturado, Redes II, Planejamento e Projeto de Redes, Gerenciamento de Redes, Seguran\u00e7a de Redes, Redes Sem Fio, etc.<\/p>\n<p><span style=\"color: #000000\"><b>Respons\u00e1vel: <\/b>Tiago Antonio Rizzetti <strong>|<\/strong> <strong>Pr\u00e9dio:<\/strong> 05C, <strong>Sala:<\/strong> 306 <strong>|<\/strong> <strong>E-mail: <\/strong>rizzetti@ctism.ufsm.br<\/span><\/p>\n","protected":false},"excerpt":{"rendered":"<p>Apresenta\u00e7\u00e3o: Esse laborat\u00f3rio \u00e9 voltado \u00e0 execu\u00e7\u00e3o pr\u00e1tica envolvendo infraestrutura de Redes de Computadores. Ele fornece atividades pr\u00e1ticas para as aulas de disciplinas t\u00e9cnicas dos cursos do CTISM, especialmente para o de Redes de Computadores. Algumas das disciplinas que utilizam o laborat\u00f3rio s\u00e3o: Cabeamento Estruturado, Redes II, Planejamento e Projeto de Redes, Gerenciamento de Redes, [&hellip;]<\/p>\n","protected":false},"author":5614,"featured_media":0,"parent":0,"menu_order":0,"comment_status":"closed","ping_status":"closed","template":"","meta":{"footnotes":""},"categories":[],"tags":[],"class_list":["post-5433","page","type-page","status-publish","hentry"],"acf":[],"_links":{"self":[{"href":"https:\/\/www.ufsm.br\/unidades-universitarias\/ctism\/wp-json\/wp\/v2\/pages\/5433","targetHints":{"allow":["GET"]}}],"collection":[{"href":"https:\/\/www.ufsm.br\/unidades-universitarias\/ctism\/wp-json\/wp\/v2\/pages"}],"about":[{"href":"https:\/\/www.ufsm.br\/unidades-universitarias\/ctism\/wp-json\/wp\/v2\/types\/page"}],"author":[{"embeddable":true,"href":"https:\/\/www.ufsm.br\/unidades-universitarias\/ctism\/wp-json\/wp\/v2\/users\/5614"}],"replies":[{"embeddable":true,"href":"https:\/\/www.ufsm.br\/unidades-universitarias\/ctism\/wp-json\/wp\/v2\/comments?post=5433"}],"version-history":[{"count":0,"href":"https:\/\/www.ufsm.br\/unidades-universitarias\/ctism\/wp-json\/wp\/v2\/pages\/5433\/revisions"}],"wp:attachment":[{"href":"https:\/\/www.ufsm.br\/unidades-universitarias\/ctism\/wp-json\/wp\/v2\/media?parent=5433"}],"wp:term":[{"taxonomy":"category","embeddable":true,"href":"https:\/\/www.ufsm.br\/unidades-universitarias\/ctism\/wp-json\/wp\/v2\/categories?post=5433"},{"taxonomy":"post_tag","embeddable":true,"href":"https:\/\/www.ufsm.br\/unidades-universitarias\/ctism\/wp-json\/wp\/v2\/tags?post=5433"}],"curies":[{"name":"wp","href":"https:\/\/api.w.org\/{rel}","templated":true}]}}