{"id":5434,"date":"2022-07-11T16:11:59","date_gmt":"2022-07-11T19:11:59","guid":{"rendered":"https:\/\/www.ufsm.br\/unidades-universitarias\/ctism\/?page_id=5434"},"modified":"2022-07-11T16:12:00","modified_gmt":"2022-07-11T19:12:00","slug":"laboratorio-de-usinagem","status":"publish","type":"page","link":"https:\/\/www.ufsm.br\/unidades-universitarias\/ctism\/laboratorio-de-usinagem","title":{"rendered":"Laborat\u00f3rio de Usinagem"},"content":{"rendered":"\n<p><strong>Apresenta\u00e7\u00e3o:<\/strong><\/p>\n<p><span style=\"color: #000000\"><strong>Respons\u00e1vel:<\/strong> Claudio Weissheimer Roth <strong>|<\/strong> <strong>Pr\u00e9dio:<\/strong> 05B, <strong>Sala:<\/strong> 2200 <strong>|<\/strong> <strong>E-mail:<\/strong> claudiowroth@ctism.ufsm.br<\/span><\/p>\n","protected":false},"excerpt":{"rendered":"<p>Apresenta\u00e7\u00e3o: Respons\u00e1vel: Claudio Weissheimer Roth | Pr\u00e9dio: 05B, Sala: 2200 | E-mail: claudiowroth@ctism.ufsm.br<\/p>\n","protected":false},"author":5614,"featured_media":0,"parent":0,"menu_order":0,"comment_status":"closed","ping_status":"closed","template":"","meta":{"footnotes":""},"categories":[],"tags":[],"class_list":["post-5434","page","type-page","status-publish","hentry"],"acf":[],"_links":{"self":[{"href":"https:\/\/www.ufsm.br\/unidades-universitarias\/ctism\/wp-json\/wp\/v2\/pages\/5434","targetHints":{"allow":["GET"]}}],"collection":[{"href":"https:\/\/www.ufsm.br\/unidades-universitarias\/ctism\/wp-json\/wp\/v2\/pages"}],"about":[{"href":"https:\/\/www.ufsm.br\/unidades-universitarias\/ctism\/wp-json\/wp\/v2\/types\/page"}],"author":[{"embeddable":true,"href":"https:\/\/www.ufsm.br\/unidades-universitarias\/ctism\/wp-json\/wp\/v2\/users\/5614"}],"replies":[{"embeddable":true,"href":"https:\/\/www.ufsm.br\/unidades-universitarias\/ctism\/wp-json\/wp\/v2\/comments?post=5434"}],"version-history":[{"count":0,"href":"https:\/\/www.ufsm.br\/unidades-universitarias\/ctism\/wp-json\/wp\/v2\/pages\/5434\/revisions"}],"wp:attachment":[{"href":"https:\/\/www.ufsm.br\/unidades-universitarias\/ctism\/wp-json\/wp\/v2\/media?parent=5434"}],"wp:term":[{"taxonomy":"category","embeddable":true,"href":"https:\/\/www.ufsm.br\/unidades-universitarias\/ctism\/wp-json\/wp\/v2\/categories?post=5434"},{"taxonomy":"post_tag","embeddable":true,"href":"https:\/\/www.ufsm.br\/unidades-universitarias\/ctism\/wp-json\/wp\/v2\/tags?post=5434"}],"curies":[{"name":"wp","href":"https:\/\/api.w.org\/{rel}","templated":true}]}}