{"id":5438,"date":"2020-06-23T11:54:26","date_gmt":"2020-06-23T14:54:26","guid":{"rendered":"https:\/\/www.ufsm.br\/unidades-universitarias\/ctism\/?page_id=5438"},"modified":"2022-07-11T11:23:11","modified_gmt":"2022-07-11T14:23:11","slug":"laboratorio-de-eletronica-digital","status":"publish","type":"page","link":"https:\/\/www.ufsm.br\/unidades-universitarias\/ctism\/laboratorio-de-eletronica-digital","title":{"rendered":"Laborat\u00f3rio de Eletr\u00f4nica Digital"},"content":{"rendered":"\n<p><strong>Apresenta\u00e7\u00e3o:<\/strong><\/p>\n<p>O Laborat\u00f3rio de Eletr\u00f4nica Digital do CTISM tem por finalidade viabilizar aulas te\u00f3ricas e pr\u00e1ticas para a efetua\u00e7\u00e3o do aprendizado dos educandos sobre eletr\u00f4nica de baixa tens\u00e3o.<\/p>\n<p><span style=\"color: #000000\"><strong>Respons\u00e1vel: <\/strong><\/span>Saul Azzolin Bonaldo <strong><span style=\"color: #000000\">| Pr\u00e9dio:<\/span><\/strong> 05D, <strong><span style=\"color: #000000\">Sala<\/span>:<\/strong> 201 <span style=\"color: #000000\">|<\/span> <strong>E-mail: <\/strong>saul@ctism.ufsm.br<\/p>\n","protected":false},"excerpt":{"rendered":"<p>Apresenta\u00e7\u00e3o: O Laborat\u00f3rio de Eletr\u00f4nica Digital do CTISM tem por finalidade viabilizar aulas te\u00f3ricas e pr\u00e1ticas para a efetua\u00e7\u00e3o do aprendizado dos educandos sobre eletr\u00f4nica de baixa tens\u00e3o. Respons\u00e1vel: Saul Azzolin Bonaldo | Pr\u00e9dio: 05D, Sala: 201 | E-mail: saul@ctism.ufsm.br<\/p>\n","protected":false},"author":5614,"featured_media":0,"parent":0,"menu_order":0,"comment_status":"closed","ping_status":"closed","template":"","meta":{"footnotes":""},"categories":[],"tags":[],"class_list":["post-5438","page","type-page","status-publish","hentry"],"acf":[],"_links":{"self":[{"href":"https:\/\/www.ufsm.br\/unidades-universitarias\/ctism\/wp-json\/wp\/v2\/pages\/5438","targetHints":{"allow":["GET"]}}],"collection":[{"href":"https:\/\/www.ufsm.br\/unidades-universitarias\/ctism\/wp-json\/wp\/v2\/pages"}],"about":[{"href":"https:\/\/www.ufsm.br\/unidades-universitarias\/ctism\/wp-json\/wp\/v2\/types\/page"}],"author":[{"embeddable":true,"href":"https:\/\/www.ufsm.br\/unidades-universitarias\/ctism\/wp-json\/wp\/v2\/users\/5614"}],"replies":[{"embeddable":true,"href":"https:\/\/www.ufsm.br\/unidades-universitarias\/ctism\/wp-json\/wp\/v2\/comments?post=5438"}],"version-history":[{"count":0,"href":"https:\/\/www.ufsm.br\/unidades-universitarias\/ctism\/wp-json\/wp\/v2\/pages\/5438\/revisions"}],"wp:attachment":[{"href":"https:\/\/www.ufsm.br\/unidades-universitarias\/ctism\/wp-json\/wp\/v2\/media?parent=5438"}],"wp:term":[{"taxonomy":"category","embeddable":true,"href":"https:\/\/www.ufsm.br\/unidades-universitarias\/ctism\/wp-json\/wp\/v2\/categories?post=5438"},{"taxonomy":"post_tag","embeddable":true,"href":"https:\/\/www.ufsm.br\/unidades-universitarias\/ctism\/wp-json\/wp\/v2\/tags?post=5438"}],"curies":[{"name":"wp","href":"https:\/\/api.w.org\/{rel}","templated":true}]}}