{"id":5439,"date":"2022-07-11T11:55:00","date_gmt":"2022-07-11T14:55:00","guid":{"rendered":"https:\/\/www.ufsm.br\/unidades-universitarias\/ctism\/?page_id=5439"},"modified":"2022-07-11T15:30:41","modified_gmt":"2022-07-11T18:30:41","slug":"laboratorio-de-prototipos-e-eletronica-de-potencia","status":"publish","type":"page","link":"https:\/\/www.ufsm.br\/unidades-universitarias\/ctism\/laboratorio-de-prototipos-e-eletronica-de-potencia","title":{"rendered":"Laborat\u00f3rio de Prot\u00f3tipos e Eletr\u00f4nica de Pot\u00eancia"},"content":{"rendered":"\n<p><strong>Apresenta\u00e7\u00e3o:<\/strong><\/p>\n<p>Esse laborat\u00f3rio oferece aulas te\u00f3ricas e aulas pr\u00e1ticas sobre soldagem tradicional e sobre soldagem especializada na \u00e1rea de Eletr\u00f4nica de pot\u00eancia e manuten\u00e7\u00e3o<\/p>\n<p><span style=\"color: #000000\"><strong>Respons\u00e1vel: <\/strong>Jonas Roberto Tibola <strong>|<\/strong> <strong>Pr\u00e9dio:<\/strong> 05D, <strong>Sala:<\/strong> 204 <strong>|<\/strong> <strong>E-mail: <\/strong>jrtibola@ctism.ufsm.br<\/span><\/p>\n","protected":false},"excerpt":{"rendered":"<p>Apresenta\u00e7\u00e3o: Esse laborat\u00f3rio oferece aulas te\u00f3ricas e aulas pr\u00e1ticas sobre soldagem tradicional e sobre soldagem especializada na \u00e1rea de Eletr\u00f4nica de pot\u00eancia e manuten\u00e7\u00e3o Respons\u00e1vel: Jonas Roberto Tibola | Pr\u00e9dio: 05D, Sala: 204 | E-mail: jrtibola@ctism.ufsm.br<\/p>\n","protected":false},"author":5614,"featured_media":0,"parent":0,"menu_order":0,"comment_status":"closed","ping_status":"closed","template":"","meta":{"footnotes":""},"categories":[],"tags":[],"class_list":["post-5439","page","type-page","status-publish","hentry"],"acf":[],"_links":{"self":[{"href":"https:\/\/www.ufsm.br\/unidades-universitarias\/ctism\/wp-json\/wp\/v2\/pages\/5439","targetHints":{"allow":["GET"]}}],"collection":[{"href":"https:\/\/www.ufsm.br\/unidades-universitarias\/ctism\/wp-json\/wp\/v2\/pages"}],"about":[{"href":"https:\/\/www.ufsm.br\/unidades-universitarias\/ctism\/wp-json\/wp\/v2\/types\/page"}],"author":[{"embeddable":true,"href":"https:\/\/www.ufsm.br\/unidades-universitarias\/ctism\/wp-json\/wp\/v2\/users\/5614"}],"replies":[{"embeddable":true,"href":"https:\/\/www.ufsm.br\/unidades-universitarias\/ctism\/wp-json\/wp\/v2\/comments?post=5439"}],"version-history":[{"count":0,"href":"https:\/\/www.ufsm.br\/unidades-universitarias\/ctism\/wp-json\/wp\/v2\/pages\/5439\/revisions"}],"wp:attachment":[{"href":"https:\/\/www.ufsm.br\/unidades-universitarias\/ctism\/wp-json\/wp\/v2\/media?parent=5439"}],"wp:term":[{"taxonomy":"category","embeddable":true,"href":"https:\/\/www.ufsm.br\/unidades-universitarias\/ctism\/wp-json\/wp\/v2\/categories?post=5439"},{"taxonomy":"post_tag","embeddable":true,"href":"https:\/\/www.ufsm.br\/unidades-universitarias\/ctism\/wp-json\/wp\/v2\/tags?post=5439"}],"curies":[{"name":"wp","href":"https:\/\/api.w.org\/{rel}","templated":true}]}}