{"id":5445,"date":"2020-06-23T11:58:05","date_gmt":"2020-06-23T14:58:05","guid":{"rendered":"https:\/\/www.ufsm.br\/unidades-universitarias\/ctism\/?page_id=5445"},"modified":"2022-07-11T11:40:10","modified_gmt":"2022-07-11T14:40:10","slug":"laboratorio-de-informatica-iii","status":"publish","type":"page","link":"https:\/\/www.ufsm.br\/unidades-universitarias\/ctism\/laboratorio-de-informatica-iii","title":{"rendered":"Laborat\u00f3rio de Inform\u00e1tica III"},"content":{"rendered":"\n<p><strong>Apresenta\u00e7\u00e3o:<\/strong><\/p>\n<p>Aulas pr\u00e1ticas e te\u00f3ricas com rela\u00e7\u00e3o \u00e0 inform\u00e1tica, tanto aulas de softwares espec\u00edficos quanto aulas simplificadas que fa\u00e7am uso de computadores.<\/p>\n<p><span style=\"color: #000000\"><strong>Respons\u00e1vel:<\/strong> Tiago Antonio Rizzetti<strong> |<\/strong> <strong>Pr\u00e9dio:<\/strong> 5D, <strong>Sala:<\/strong> 308 <strong>|<\/strong> <strong>E-mail:\u00a0<\/strong>rizzetti@ctism.ufsm.br<\/span><\/p>\n","protected":false},"excerpt":{"rendered":"<p>Apresenta\u00e7\u00e3o: Aulas pr\u00e1ticas e te\u00f3ricas com rela\u00e7\u00e3o \u00e0 inform\u00e1tica, tanto aulas de softwares espec\u00edficos quanto aulas simplificadas que fa\u00e7am uso de computadores. Respons\u00e1vel: Tiago Antonio Rizzetti | Pr\u00e9dio: 5D, Sala: 308 | E-mail:\u00a0rizzetti@ctism.ufsm.br<\/p>\n","protected":false},"author":5614,"featured_media":0,"parent":0,"menu_order":0,"comment_status":"closed","ping_status":"closed","template":"","meta":{"footnotes":""},"categories":[],"tags":[],"class_list":["post-5445","page","type-page","status-publish","hentry"],"acf":[],"_links":{"self":[{"href":"https:\/\/www.ufsm.br\/unidades-universitarias\/ctism\/wp-json\/wp\/v2\/pages\/5445","targetHints":{"allow":["GET"]}}],"collection":[{"href":"https:\/\/www.ufsm.br\/unidades-universitarias\/ctism\/wp-json\/wp\/v2\/pages"}],"about":[{"href":"https:\/\/www.ufsm.br\/unidades-universitarias\/ctism\/wp-json\/wp\/v2\/types\/page"}],"author":[{"embeddable":true,"href":"https:\/\/www.ufsm.br\/unidades-universitarias\/ctism\/wp-json\/wp\/v2\/users\/5614"}],"replies":[{"embeddable":true,"href":"https:\/\/www.ufsm.br\/unidades-universitarias\/ctism\/wp-json\/wp\/v2\/comments?post=5445"}],"version-history":[{"count":0,"href":"https:\/\/www.ufsm.br\/unidades-universitarias\/ctism\/wp-json\/wp\/v2\/pages\/5445\/revisions"}],"wp:attachment":[{"href":"https:\/\/www.ufsm.br\/unidades-universitarias\/ctism\/wp-json\/wp\/v2\/media?parent=5445"}],"wp:term":[{"taxonomy":"category","embeddable":true,"href":"https:\/\/www.ufsm.br\/unidades-universitarias\/ctism\/wp-json\/wp\/v2\/categories?post=5445"},{"taxonomy":"post_tag","embeddable":true,"href":"https:\/\/www.ufsm.br\/unidades-universitarias\/ctism\/wp-json\/wp\/v2\/tags?post=5445"}],"curies":[{"name":"wp","href":"https:\/\/api.w.org\/{rel}","templated":true}]}}