{"id":5448,"date":"2020-06-23T11:59:32","date_gmt":"2020-06-23T14:59:32","guid":{"rendered":"https:\/\/www.ufsm.br\/unidades-universitarias\/ctism\/?page_id=5448"},"modified":"2024-07-17T17:40:02","modified_gmt":"2024-07-17T20:40:02","slug":"laboratorio-de-cae-cad-cam","status":"publish","type":"page","link":"https:\/\/www.ufsm.br\/unidades-universitarias\/ctism\/laboratorio-de-cae-cad-cam","title":{"rendered":"Laborat\u00f3rio de CAE\/CAD\/CAM"},"content":{"rendered":"\n<p><span style=\"color: #000000\"><strong>Apresenta\u00e7\u00e3o:<\/strong><\/span><\/p>\n<p><span style=\"color: #000000\">Este laborat\u00f3rio destina-se ao apoio \u00e0s atividades de ensino, pesquisa e extens\u00e3o de todo o corpo docente e discente do CTISM dando suporte para aulas pr\u00e1ticas em todos os cursos t\u00e9cnicos e tecnol\u00f3gicos que necessitem de projeto, modelagem e desenhos, CAD (Computer Aided Design), engenharia (Computer Aided Engineering) e fabrica\u00e7\u00e3o (Computer Aided Manufacturing) auxiliados por computador. Atrav\u00e9s de softwares de ponta, amplamente utilizados no mercado, para modelagem de elementos e pe\u00e7as, simula\u00e7\u00e3o de carregamentos e esfor\u00e7os, auxilio a manufatura e a prototipagem de pe\u00e7as.<\/span><\/p>\n<p><span style=\"color: #000000\"><strong>Respons\u00e1vel: <\/strong>Gilmar Fernando Vogel <strong>|<\/strong> <strong>Pr\u00e9dio:<\/strong> 05A, <strong>Sala:<\/strong> 1105 <strong>|<\/strong> <strong>E-mail:<\/strong> gf.vogel@ctism.ufsm.br<\/span><\/p>\n\n\n\n<figure class=\"wp-block-gallery has-nested-images columns-default is-cropped wp-block-gallery-1 is-layout-flex wp-block-gallery-is-layout-flex\">\n<figure class=\"wp-block-image size-large\"><img fetchpriority=\"high\" decoding=\"async\" width=\"1024\" height=\"683\" data-id=\"9644\" src=\"https:\/\/www.ufsm.br\/app\/uploads\/sites\/360\/2024\/07\/IMG_2941-1-1024x683.jpg\" alt=\"\" class=\"wp-image-9644\" srcset=\"https:\/\/www.ufsm.br\/app\/uploads\/sites\/360\/2024\/07\/IMG_2941-1-1024x683.jpg 1024w, https:\/\/www.ufsm.br\/app\/uploads\/sites\/360\/2024\/07\/IMG_2941-1-300x200.jpg 300w, https:\/\/www.ufsm.br\/app\/uploads\/sites\/360\/2024\/07\/IMG_2941-1-768x512.jpg 768w, https:\/\/www.ufsm.br\/app\/uploads\/sites\/360\/2024\/07\/IMG_2941-1-1536x1024.jpg 1536w, https:\/\/www.ufsm.br\/app\/uploads\/sites\/360\/2024\/07\/IMG_2941-1-272x182.jpg 272w, https:\/\/www.ufsm.br\/app\/uploads\/sites\/360\/2024\/07\/IMG_2941-1.jpg 1920w\" sizes=\"(max-width: 1024px) 100vw, 1024px\" \/><\/figure>\n\n\n\n<figure class=\"wp-block-image size-large\"><img decoding=\"async\" width=\"1024\" height=\"683\" data-id=\"9637\" src=\"https:\/\/www.ufsm.br\/app\/uploads\/sites\/360\/2024\/07\/IMG_2946-1024x683.jpg\" alt=\"\" class=\"wp-image-9637\" srcset=\"https:\/\/www.ufsm.br\/app\/uploads\/sites\/360\/2024\/07\/IMG_2946-1024x683.jpg 1024w, https:\/\/www.ufsm.br\/app\/uploads\/sites\/360\/2024\/07\/IMG_2946-300x200.jpg 300w, https:\/\/www.ufsm.br\/app\/uploads\/sites\/360\/2024\/07\/IMG_2946-768x512.jpg 768w, https:\/\/www.ufsm.br\/app\/uploads\/sites\/360\/2024\/07\/IMG_2946-1536x1024.jpg 1536w, https:\/\/www.ufsm.br\/app\/uploads\/sites\/360\/2024\/07\/IMG_2946-272x182.jpg 272w, https:\/\/www.ufsm.br\/app\/uploads\/sites\/360\/2024\/07\/IMG_2946.jpg 1920w\" sizes=\"(max-width: 1024px) 100vw, 1024px\" \/><\/figure>\n<\/figure>\n\n\n\n<p>Computadores capacitados e equipados com SolidWorks, SolidCAM, CAE e softwares de manufaturas aditivas.<\/p>\n\n\n\n<figure class=\"wp-block-gallery has-nested-images columns-default is-cropped wp-block-gallery-2 is-layout-flex wp-block-gallery-is-layout-flex\">\n<figure class=\"wp-block-image size-large\"><img decoding=\"async\" width=\"1024\" height=\"683\" data-id=\"9639\" src=\"https:\/\/www.ufsm.br\/app\/uploads\/sites\/360\/2024\/07\/IMG_2947-1024x683.jpg\" alt=\"\" class=\"wp-image-9639\" srcset=\"https:\/\/www.ufsm.br\/app\/uploads\/sites\/360\/2024\/07\/IMG_2947-1024x683.jpg 1024w, https:\/\/www.ufsm.br\/app\/uploads\/sites\/360\/2024\/07\/IMG_2947-300x200.jpg 300w, https:\/\/www.ufsm.br\/app\/uploads\/sites\/360\/2024\/07\/IMG_2947-768x512.jpg 768w, https:\/\/www.ufsm.br\/app\/uploads\/sites\/360\/2024\/07\/IMG_2947-1536x1024.jpg 1536w, https:\/\/www.ufsm.br\/app\/uploads\/sites\/360\/2024\/07\/IMG_2947-272x182.jpg 272w, https:\/\/www.ufsm.br\/app\/uploads\/sites\/360\/2024\/07\/IMG_2947.jpg 1920w\" sizes=\"(max-width: 1024px) 100vw, 1024px\" \/><\/figure>\n\n\n\n<figure class=\"wp-block-image size-large\"><img loading=\"lazy\" decoding=\"async\" width=\"1024\" height=\"683\" data-id=\"9640\" src=\"https:\/\/www.ufsm.br\/app\/uploads\/sites\/360\/2024\/07\/IMG_2945-1024x683.jpg\" alt=\"\" class=\"wp-image-9640\" srcset=\"https:\/\/www.ufsm.br\/app\/uploads\/sites\/360\/2024\/07\/IMG_2945-1024x683.jpg 1024w, https:\/\/www.ufsm.br\/app\/uploads\/sites\/360\/2024\/07\/IMG_2945-300x200.jpg 300w, https:\/\/www.ufsm.br\/app\/uploads\/sites\/360\/2024\/07\/IMG_2945-768x512.jpg 768w, https:\/\/www.ufsm.br\/app\/uploads\/sites\/360\/2024\/07\/IMG_2945-1536x1024.jpg 1536w, https:\/\/www.ufsm.br\/app\/uploads\/sites\/360\/2024\/07\/IMG_2945-272x182.jpg 272w, https:\/\/www.ufsm.br\/app\/uploads\/sites\/360\/2024\/07\/IMG_2945.jpg 1920w\" sizes=\"(max-width: 1024px) 100vw, 1024px\" \/><\/figure>\n<\/figure>\n\n\n\n<p>Ferramentas para modelagem 3D e manufatura assistida por computador, essenciais para projetos precisos e eficientes.<\/p>\n\n\n\n<figure class=\"wp-block-gallery has-nested-images columns-default is-cropped wp-block-gallery-3 is-layout-flex wp-block-gallery-is-layout-flex\">\n<figure class=\"wp-block-image size-large\"><img loading=\"lazy\" decoding=\"async\" width=\"1024\" height=\"683\" data-id=\"9643\" src=\"https:\/\/www.ufsm.br\/app\/uploads\/sites\/360\/2024\/07\/IMG_2938-1-1024x683.jpg\" alt=\"\" class=\"wp-image-9643\" srcset=\"https:\/\/www.ufsm.br\/app\/uploads\/sites\/360\/2024\/07\/IMG_2938-1-1024x683.jpg 1024w, https:\/\/www.ufsm.br\/app\/uploads\/sites\/360\/2024\/07\/IMG_2938-1-300x200.jpg 300w, https:\/\/www.ufsm.br\/app\/uploads\/sites\/360\/2024\/07\/IMG_2938-1-768x512.jpg 768w, https:\/\/www.ufsm.br\/app\/uploads\/sites\/360\/2024\/07\/IMG_2938-1-1536x1024.jpg 1536w, https:\/\/www.ufsm.br\/app\/uploads\/sites\/360\/2024\/07\/IMG_2938-1-272x182.jpg 272w, https:\/\/www.ufsm.br\/app\/uploads\/sites\/360\/2024\/07\/IMG_2938-1.jpg 1920w\" sizes=\"(max-width: 1024px) 100vw, 1024px\" \/><\/figure>\n\n\n\n<figure class=\"wp-block-image size-large\"><img loading=\"lazy\" decoding=\"async\" width=\"1024\" height=\"683\" data-id=\"9642\" src=\"https:\/\/www.ufsm.br\/app\/uploads\/sites\/360\/2024\/07\/IMG_2943-1-1024x683.jpg\" alt=\"\" class=\"wp-image-9642\" srcset=\"https:\/\/www.ufsm.br\/app\/uploads\/sites\/360\/2024\/07\/IMG_2943-1-1024x683.jpg 1024w, https:\/\/www.ufsm.br\/app\/uploads\/sites\/360\/2024\/07\/IMG_2943-1-300x200.jpg 300w, https:\/\/www.ufsm.br\/app\/uploads\/sites\/360\/2024\/07\/IMG_2943-1-768x512.jpg 768w, https:\/\/www.ufsm.br\/app\/uploads\/sites\/360\/2024\/07\/IMG_2943-1-1536x1024.jpg 1536w, https:\/\/www.ufsm.br\/app\/uploads\/sites\/360\/2024\/07\/IMG_2943-1-272x182.jpg 272w, https:\/\/www.ufsm.br\/app\/uploads\/sites\/360\/2024\/07\/IMG_2943-1.jpg 1920w\" sizes=\"(max-width: 1024px) 100vw, 1024px\" \/><\/figure>\n<\/figure>\n\n\n\n<p>Software para an\u00e1lise de engenharia assistida por computador, simula\u00e7\u00e3o, otimiza\u00e7\u00e3o de projetos e fabrica\u00e7\u00e3o digital, preparando os alunos para a ind\u00fastria 4.0.<\/p>\n","protected":false},"excerpt":{"rendered":"<p>Apresenta\u00e7\u00e3o: Este laborat\u00f3rio destina-se ao apoio \u00e0s atividades de ensino, pesquisa e extens\u00e3o de todo o corpo docente e discente do CTISM dando suporte para aulas pr\u00e1ticas em todos os cursos t\u00e9cnicos e tecnol\u00f3gicos que necessitem de projeto, modelagem e desenhos, CAD (Computer Aided Design), engenharia (Computer Aided Engineering) e fabrica\u00e7\u00e3o (Computer Aided Manufacturing) auxiliados [&hellip;]<\/p>\n","protected":false},"author":5614,"featured_media":0,"parent":0,"menu_order":0,"comment_status":"closed","ping_status":"closed","template":"","meta":{"footnotes":""},"categories":[],"tags":[],"class_list":["post-5448","page","type-page","status-publish","hentry"],"acf":[],"_links":{"self":[{"href":"https:\/\/www.ufsm.br\/unidades-universitarias\/ctism\/wp-json\/wp\/v2\/pages\/5448","targetHints":{"allow":["GET"]}}],"collection":[{"href":"https:\/\/www.ufsm.br\/unidades-universitarias\/ctism\/wp-json\/wp\/v2\/pages"}],"about":[{"href":"https:\/\/www.ufsm.br\/unidades-universitarias\/ctism\/wp-json\/wp\/v2\/types\/page"}],"author":[{"embeddable":true,"href":"https:\/\/www.ufsm.br\/unidades-universitarias\/ctism\/wp-json\/wp\/v2\/users\/5614"}],"replies":[{"embeddable":true,"href":"https:\/\/www.ufsm.br\/unidades-universitarias\/ctism\/wp-json\/wp\/v2\/comments?post=5448"}],"version-history":[{"count":0,"href":"https:\/\/www.ufsm.br\/unidades-universitarias\/ctism\/wp-json\/wp\/v2\/pages\/5448\/revisions"}],"wp:attachment":[{"href":"https:\/\/www.ufsm.br\/unidades-universitarias\/ctism\/wp-json\/wp\/v2\/media?parent=5448"}],"wp:term":[{"taxonomy":"category","embeddable":true,"href":"https:\/\/www.ufsm.br\/unidades-universitarias\/ctism\/wp-json\/wp\/v2\/categories?post=5448"},{"taxonomy":"post_tag","embeddable":true,"href":"https:\/\/www.ufsm.br\/unidades-universitarias\/ctism\/wp-json\/wp\/v2\/tags?post=5448"}],"curies":[{"name":"wp","href":"https:\/\/api.w.org\/{rel}","templated":true}]}}