{"id":5449,"date":"2020-06-23T11:59:56","date_gmt":"2020-06-23T14:59:56","guid":{"rendered":"https:\/\/www.ufsm.br\/unidades-universitarias\/ctism\/?page_id=5449"},"modified":"2024-07-17T18:01:07","modified_gmt":"2024-07-17T21:01:07","slug":"laboratorio-de-cnc","status":"publish","type":"page","link":"https:\/\/www.ufsm.br\/unidades-universitarias\/ctism\/laboratorio-de-cnc","title":{"rendered":"Laborat\u00f3rio de CNC"},"content":{"rendered":"\n<p><strong><span style=\"color: #000000\">Apresenta\u00e7\u00e3o:<\/span><\/strong><\/p>\n<p>Aulas te\u00f3ricas e pr\u00e1ticas de Programa\u00e7\u00e3o de M\u00e1quinas de Comando Num\u00e9rico, contendo softwares espec\u00edficos para garantir o planejamento de usinagem e gera\u00e7\u00e3o do c\u00f3digo NC de pe\u00e7as com geometria complexa.<\/p>\n<p><strong>Respons\u00e1vel: <\/strong>Moacir Eckhardt<strong> | <\/strong><strong>Pr\u00e9dio:<\/strong> 05A, <strong>Sala:<\/strong> 1106 <strong>|<\/strong> <strong>E-mail:<\/strong> moacir@ctism.ufsm.br<\/p>\n\n\n\n<figure class=\"wp-block-gallery has-nested-images columns-default is-cropped wp-block-gallery-1 is-layout-flex wp-block-gallery-is-layout-flex\">\n<figure class=\"wp-block-image size-large\"><img fetchpriority=\"high\" decoding=\"async\" width=\"1024\" height=\"683\" data-id=\"9660\" src=\"https:\/\/www.ufsm.br\/app\/uploads\/sites\/360\/2024\/07\/IMG_2914-1-1024x683.jpg\" alt=\"\" class=\"wp-image-9660\" srcset=\"https:\/\/www.ufsm.br\/app\/uploads\/sites\/360\/2024\/07\/IMG_2914-1-1024x683.jpg 1024w, https:\/\/www.ufsm.br\/app\/uploads\/sites\/360\/2024\/07\/IMG_2914-1-300x200.jpg 300w, https:\/\/www.ufsm.br\/app\/uploads\/sites\/360\/2024\/07\/IMG_2914-1-768x512.jpg 768w, https:\/\/www.ufsm.br\/app\/uploads\/sites\/360\/2024\/07\/IMG_2914-1-1536x1024.jpg 1536w, https:\/\/www.ufsm.br\/app\/uploads\/sites\/360\/2024\/07\/IMG_2914-1-272x182.jpg 272w, https:\/\/www.ufsm.br\/app\/uploads\/sites\/360\/2024\/07\/IMG_2914-1.jpg 1920w\" sizes=\"(max-width: 1024px) 100vw, 1024px\" \/><\/figure>\n\n\n\n<figure class=\"wp-block-image size-large\"><img decoding=\"async\" width=\"1024\" height=\"683\" data-id=\"9645\" src=\"https:\/\/www.ufsm.br\/app\/uploads\/sites\/360\/2024\/07\/IMG_2925-1024x683.jpg\" alt=\"\" class=\"wp-image-9645\" srcset=\"https:\/\/www.ufsm.br\/app\/uploads\/sites\/360\/2024\/07\/IMG_2925-1024x683.jpg 1024w, https:\/\/www.ufsm.br\/app\/uploads\/sites\/360\/2024\/07\/IMG_2925-300x200.jpg 300w, https:\/\/www.ufsm.br\/app\/uploads\/sites\/360\/2024\/07\/IMG_2925-768x512.jpg 768w, https:\/\/www.ufsm.br\/app\/uploads\/sites\/360\/2024\/07\/IMG_2925-1536x1024.jpg 1536w, https:\/\/www.ufsm.br\/app\/uploads\/sites\/360\/2024\/07\/IMG_2925-272x182.jpg 272w, https:\/\/www.ufsm.br\/app\/uploads\/sites\/360\/2024\/07\/IMG_2925.jpg 1920w\" sizes=\"(max-width: 1024px) 100vw, 1024px\" \/><\/figure>\n<\/figure>\n\n\n\n<p>Equipado com fresadora CNC, torno CNC, m\u00e1quinas de corte a laser e impressoras 3D, o laborat\u00f3rio oferece um trabalho com tecnologias avan\u00e7adas de fabrica\u00e7\u00e3o.<\/p>\n\n\n\n<figure class=\"wp-block-gallery has-nested-images columns-default is-cropped wp-block-gallery-2 is-layout-flex wp-block-gallery-is-layout-flex\">\n<figure class=\"wp-block-image size-large\"><img decoding=\"async\" width=\"1024\" height=\"683\" data-id=\"9652\" src=\"https:\/\/www.ufsm.br\/app\/uploads\/sites\/360\/2024\/07\/IMG_2915-1-1024x683.jpg\" alt=\"\" class=\"wp-image-9652\" srcset=\"https:\/\/www.ufsm.br\/app\/uploads\/sites\/360\/2024\/07\/IMG_2915-1-1024x683.jpg 1024w, https:\/\/www.ufsm.br\/app\/uploads\/sites\/360\/2024\/07\/IMG_2915-1-300x200.jpg 300w, https:\/\/www.ufsm.br\/app\/uploads\/sites\/360\/2024\/07\/IMG_2915-1-768x512.jpg 768w, https:\/\/www.ufsm.br\/app\/uploads\/sites\/360\/2024\/07\/IMG_2915-1-1536x1024.jpg 1536w, https:\/\/www.ufsm.br\/app\/uploads\/sites\/360\/2024\/07\/IMG_2915-1-272x182.jpg 272w, https:\/\/www.ufsm.br\/app\/uploads\/sites\/360\/2024\/07\/IMG_2915-1.jpg 1920w\" sizes=\"(max-width: 1024px) 100vw, 1024px\" \/><\/figure>\n\n\n\n<figure class=\"wp-block-image size-large\"><img loading=\"lazy\" decoding=\"async\" width=\"1024\" height=\"683\" data-id=\"9655\" src=\"https:\/\/www.ufsm.br\/app\/uploads\/sites\/360\/2024\/07\/IMG_2918-2-1024x683.jpg\" alt=\"\" class=\"wp-image-9655\" srcset=\"https:\/\/www.ufsm.br\/app\/uploads\/sites\/360\/2024\/07\/IMG_2918-2-1024x683.jpg 1024w, https:\/\/www.ufsm.br\/app\/uploads\/sites\/360\/2024\/07\/IMG_2918-2-300x200.jpg 300w, https:\/\/www.ufsm.br\/app\/uploads\/sites\/360\/2024\/07\/IMG_2918-2-768x512.jpg 768w, https:\/\/www.ufsm.br\/app\/uploads\/sites\/360\/2024\/07\/IMG_2918-2-1536x1024.jpg 1536w, https:\/\/www.ufsm.br\/app\/uploads\/sites\/360\/2024\/07\/IMG_2918-2-272x182.jpg 272w, https:\/\/www.ufsm.br\/app\/uploads\/sites\/360\/2024\/07\/IMG_2918-2.jpg 1920w\" sizes=\"(max-width: 1024px) 100vw, 1024px\" \/><\/figure>\n<\/figure>\n\n\n\n<p>A fresadora CNC \u00e9 uma m\u00e1quina de alta precis\u00e3o que permite a usinagem automatizada e a fabrica\u00e7\u00e3o de pe\u00e7as complexas. Com ela, \u00e9 poss\u00edvel aprender a programar e operar processos de usinagem que produzem componentes detalhados e de alta qualidade. Este equipamento \u00e9 essencial para a pr\u00e1tica em engenharia e manufatura, possibilitando a realiza\u00e7\u00e3o de projetos.<\/p>\n\n\n\n<figure class=\"wp-block-gallery has-nested-images columns-default is-cropped wp-block-gallery-3 is-layout-flex wp-block-gallery-is-layout-flex\">\n<figure class=\"wp-block-image size-large\"><img loading=\"lazy\" decoding=\"async\" width=\"1024\" height=\"683\" data-id=\"9650\" src=\"https:\/\/www.ufsm.br\/app\/uploads\/sites\/360\/2024\/07\/IMG_2932-1024x683.jpg\" alt=\"\" class=\"wp-image-9650\" srcset=\"https:\/\/www.ufsm.br\/app\/uploads\/sites\/360\/2024\/07\/IMG_2932-1024x683.jpg 1024w, https:\/\/www.ufsm.br\/app\/uploads\/sites\/360\/2024\/07\/IMG_2932-300x200.jpg 300w, https:\/\/www.ufsm.br\/app\/uploads\/sites\/360\/2024\/07\/IMG_2932-768x512.jpg 768w, https:\/\/www.ufsm.br\/app\/uploads\/sites\/360\/2024\/07\/IMG_2932-1536x1024.jpg 1536w, https:\/\/www.ufsm.br\/app\/uploads\/sites\/360\/2024\/07\/IMG_2932-272x182.jpg 272w, https:\/\/www.ufsm.br\/app\/uploads\/sites\/360\/2024\/07\/IMG_2932.jpg 1920w\" sizes=\"(max-width: 1024px) 100vw, 1024px\" \/><\/figure>\n\n\n\n<figure class=\"wp-block-image size-large\"><img loading=\"lazy\" decoding=\"async\" width=\"1024\" height=\"683\" data-id=\"9654\" src=\"https:\/\/www.ufsm.br\/app\/uploads\/sites\/360\/2024\/07\/IMG_2937-1-1024x683.jpg\" alt=\"\" class=\"wp-image-9654\" srcset=\"https:\/\/www.ufsm.br\/app\/uploads\/sites\/360\/2024\/07\/IMG_2937-1-1024x683.jpg 1024w, https:\/\/www.ufsm.br\/app\/uploads\/sites\/360\/2024\/07\/IMG_2937-1-300x200.jpg 300w, https:\/\/www.ufsm.br\/app\/uploads\/sites\/360\/2024\/07\/IMG_2937-1-768x512.jpg 768w, https:\/\/www.ufsm.br\/app\/uploads\/sites\/360\/2024\/07\/IMG_2937-1-1536x1024.jpg 1536w, https:\/\/www.ufsm.br\/app\/uploads\/sites\/360\/2024\/07\/IMG_2937-1-272x182.jpg 272w, https:\/\/www.ufsm.br\/app\/uploads\/sites\/360\/2024\/07\/IMG_2937-1.jpg 1920w\" sizes=\"(max-width: 1024px) 100vw, 1024px\" \/><\/figure>\n<\/figure>\n\n\n\n<p>O torno CNC \u00e9 crucial para a produ\u00e7\u00e3o de componentes cil\u00edndricos com alta precis\u00e3o. Ele permite a cria\u00e7\u00e3o de pe\u00e7as detalhadas e personalizadas, desde simples eixos at\u00e9 complexos componentes mec\u00e2nicos. No laborat\u00f3rio, h\u00e1 \u00e0 oportunidade de aprender a programar e operar o torno CNC.<\/p>\n\n\n\n<figure class=\"wp-block-gallery has-nested-images columns-default is-cropped wp-block-gallery-4 is-layout-flex wp-block-gallery-is-layout-flex\">\n<figure class=\"wp-block-image size-large\"><img loading=\"lazy\" decoding=\"async\" width=\"1024\" height=\"683\" data-id=\"9656\" src=\"https:\/\/www.ufsm.br\/app\/uploads\/sites\/360\/2024\/07\/IMG_2930-1024x683.jpg\" alt=\"\" class=\"wp-image-9656\" srcset=\"https:\/\/www.ufsm.br\/app\/uploads\/sites\/360\/2024\/07\/IMG_2930-1024x683.jpg 1024w, https:\/\/www.ufsm.br\/app\/uploads\/sites\/360\/2024\/07\/IMG_2930-300x200.jpg 300w, https:\/\/www.ufsm.br\/app\/uploads\/sites\/360\/2024\/07\/IMG_2930-768x512.jpg 768w, https:\/\/www.ufsm.br\/app\/uploads\/sites\/360\/2024\/07\/IMG_2930-1536x1024.jpg 1536w, https:\/\/www.ufsm.br\/app\/uploads\/sites\/360\/2024\/07\/IMG_2930-272x182.jpg 272w, https:\/\/www.ufsm.br\/app\/uploads\/sites\/360\/2024\/07\/IMG_2930.jpg 1920w\" sizes=\"(max-width: 1024px) 100vw, 1024px\" \/><\/figure>\n\n\n\n<figure class=\"wp-block-image size-large\"><img loading=\"lazy\" decoding=\"async\" width=\"1024\" height=\"683\" data-id=\"9657\" src=\"https:\/\/www.ufsm.br\/app\/uploads\/sites\/360\/2024\/07\/IMG_2929-1024x683.jpg\" alt=\"\" class=\"wp-image-9657\" srcset=\"https:\/\/www.ufsm.br\/app\/uploads\/sites\/360\/2024\/07\/IMG_2929-1024x683.jpg 1024w, https:\/\/www.ufsm.br\/app\/uploads\/sites\/360\/2024\/07\/IMG_2929-300x200.jpg 300w, https:\/\/www.ufsm.br\/app\/uploads\/sites\/360\/2024\/07\/IMG_2929-768x512.jpg 768w, https:\/\/www.ufsm.br\/app\/uploads\/sites\/360\/2024\/07\/IMG_2929-1536x1024.jpg 1536w, https:\/\/www.ufsm.br\/app\/uploads\/sites\/360\/2024\/07\/IMG_2929-272x182.jpg 272w, https:\/\/www.ufsm.br\/app\/uploads\/sites\/360\/2024\/07\/IMG_2929.jpg 1920w\" sizes=\"(max-width: 1024px) 100vw, 1024px\" \/><\/figure>\n<\/figure>\n\n\n\n<p>A m\u00e1quina de corte a laser proporciona cortes precisos em uma variedade de materiais, incluindo metais, pl\u00e1sticos e madeiras. Esta tecnologia avan\u00e7ada facilita a prototipagem r\u00e1pida e a cria\u00e7\u00e3o de projetos detalhados, permitindo experimentar e iterar rapidamente. O corte a laser \u00e9 uma ferramenta vers\u00e1til que amplia as capacidades de design e fabrica\u00e7\u00e3o no laborat\u00f3rio.<\/p>\n\n\n\n<figure class=\"wp-block-gallery has-nested-images columns-default is-cropped wp-block-gallery-5 is-layout-flex wp-block-gallery-is-layout-flex\">\n<figure class=\"wp-block-image size-large\"><img loading=\"lazy\" decoding=\"async\" width=\"1024\" height=\"683\" data-id=\"9659\" src=\"https:\/\/www.ufsm.br\/app\/uploads\/sites\/360\/2024\/07\/IMG_2904-1024x683.jpg\" alt=\"\" class=\"wp-image-9659\" srcset=\"https:\/\/www.ufsm.br\/app\/uploads\/sites\/360\/2024\/07\/IMG_2904-1024x683.jpg 1024w, https:\/\/www.ufsm.br\/app\/uploads\/sites\/360\/2024\/07\/IMG_2904-300x200.jpg 300w, https:\/\/www.ufsm.br\/app\/uploads\/sites\/360\/2024\/07\/IMG_2904-768x512.jpg 768w, https:\/\/www.ufsm.br\/app\/uploads\/sites\/360\/2024\/07\/IMG_2904-1536x1024.jpg 1536w, https:\/\/www.ufsm.br\/app\/uploads\/sites\/360\/2024\/07\/IMG_2904-272x182.jpg 272w, https:\/\/www.ufsm.br\/app\/uploads\/sites\/360\/2024\/07\/IMG_2904.jpg 1920w\" sizes=\"(max-width: 1024px) 100vw, 1024px\" \/><\/figure>\n\n\n\n<figure class=\"wp-block-image size-large\"><img loading=\"lazy\" decoding=\"async\" width=\"1024\" height=\"683\" data-id=\"9658\" src=\"https:\/\/www.ufsm.br\/app\/uploads\/sites\/360\/2024\/07\/IMG_2913-1024x683.jpg\" alt=\"\" class=\"wp-image-9658\" srcset=\"https:\/\/www.ufsm.br\/app\/uploads\/sites\/360\/2024\/07\/IMG_2913-1024x683.jpg 1024w, https:\/\/www.ufsm.br\/app\/uploads\/sites\/360\/2024\/07\/IMG_2913-300x200.jpg 300w, https:\/\/www.ufsm.br\/app\/uploads\/sites\/360\/2024\/07\/IMG_2913-768x512.jpg 768w, https:\/\/www.ufsm.br\/app\/uploads\/sites\/360\/2024\/07\/IMG_2913-1536x1024.jpg 1536w, https:\/\/www.ufsm.br\/app\/uploads\/sites\/360\/2024\/07\/IMG_2913-272x182.jpg 272w, https:\/\/www.ufsm.br\/app\/uploads\/sites\/360\/2024\/07\/IMG_2913.jpg 1920w\" sizes=\"(max-width: 1024px) 100vw, 1024px\" \/><\/figure>\n<\/figure>\n\n\n\n<p>As impressoras 3D s\u00e3o ferramentas de fabrica\u00e7\u00e3o aditiva que permitem a cria\u00e7\u00e3o de modelos tridimensionais a partir de diversos materiais, como pl\u00e1sticos, resinas e metais. Elas promovem a inova\u00e7\u00e3o e a criatividade no desenvolvimento de produtos, permitindo transformar ideias em realidade de maneira eficiente. No laborat\u00f3rio, as impressoras 3D s\u00e3o usadas para prototipagem r\u00e1pida, design de produto e explora\u00e7\u00e3o de novas t\u00e9cnicas de fabrica\u00e7\u00e3o.<\/p>\n","protected":false},"excerpt":{"rendered":"<p>Apresenta\u00e7\u00e3o: Aulas te\u00f3ricas e pr\u00e1ticas de Programa\u00e7\u00e3o de M\u00e1quinas de Comando Num\u00e9rico, contendo softwares espec\u00edficos para garantir o planejamento de usinagem e gera\u00e7\u00e3o do c\u00f3digo NC de pe\u00e7as com geometria complexa. Respons\u00e1vel: Moacir Eckhardt | Pr\u00e9dio: 05A, Sala: 1106 | E-mail: moacir@ctism.ufsm.br Equipado com fresadora CNC, torno CNC, m\u00e1quinas de corte a laser e impressoras [&hellip;]<\/p>\n","protected":false},"author":5614,"featured_media":0,"parent":0,"menu_order":0,"comment_status":"closed","ping_status":"closed","template":"","meta":{"footnotes":""},"categories":[],"tags":[],"class_list":["post-5449","page","type-page","status-publish","hentry"],"acf":[],"_links":{"self":[{"href":"https:\/\/www.ufsm.br\/unidades-universitarias\/ctism\/wp-json\/wp\/v2\/pages\/5449","targetHints":{"allow":["GET"]}}],"collection":[{"href":"https:\/\/www.ufsm.br\/unidades-universitarias\/ctism\/wp-json\/wp\/v2\/pages"}],"about":[{"href":"https:\/\/www.ufsm.br\/unidades-universitarias\/ctism\/wp-json\/wp\/v2\/types\/page"}],"author":[{"embeddable":true,"href":"https:\/\/www.ufsm.br\/unidades-universitarias\/ctism\/wp-json\/wp\/v2\/users\/5614"}],"replies":[{"embeddable":true,"href":"https:\/\/www.ufsm.br\/unidades-universitarias\/ctism\/wp-json\/wp\/v2\/comments?post=5449"}],"version-history":[{"count":0,"href":"https:\/\/www.ufsm.br\/unidades-universitarias\/ctism\/wp-json\/wp\/v2\/pages\/5449\/revisions"}],"wp:attachment":[{"href":"https:\/\/www.ufsm.br\/unidades-universitarias\/ctism\/wp-json\/wp\/v2\/media?parent=5449"}],"wp:term":[{"taxonomy":"category","embeddable":true,"href":"https:\/\/www.ufsm.br\/unidades-universitarias\/ctism\/wp-json\/wp\/v2\/categories?post=5449"},{"taxonomy":"post_tag","embeddable":true,"href":"https:\/\/www.ufsm.br\/unidades-universitarias\/ctism\/wp-json\/wp\/v2\/tags?post=5449"}],"curies":[{"name":"wp","href":"https:\/\/api.w.org\/{rel}","templated":true}]}}