{"id":5644,"date":"2020-11-17T11:31:17","date_gmt":"2020-11-17T14:31:17","guid":{"rendered":"https:\/\/www.ufsm.br\/unidades-universitarias\/ctism\/?page_id=5644"},"modified":"2023-05-30T12:02:11","modified_gmt":"2023-05-30T15:02:11","slug":"solicitacao-de-2a-via-de-diploma-de-curso-tecnico","status":"publish","type":"page","link":"https:\/\/www.ufsm.br\/unidades-universitarias\/ctism\/solicitacao-de-2a-via-de-diploma-de-curso-tecnico","title":{"rendered":"Solicita\u00e7\u00e3o de 2\u00aa Via de Diploma de Curso T\u00e9cnico"},"content":{"rendered":"\t\t<div data-elementor-type=\"wp-page\" data-elementor-id=\"5644\" class=\"elementor elementor-5644\">\n\t\t\t\t\t\t<section class=\"elementor-section elementor-top-section elementor-element elementor-element-ec2bbe3 elementor-section-boxed elementor-section-height-default elementor-section-height-default\" data-id=\"ec2bbe3\" data-element_type=\"section\">\n\t\t\t\t\t\t<div class=\"elementor-container elementor-column-gap-default\">\n\t\t\t\t\t<div class=\"elementor-column elementor-col-100 elementor-top-column elementor-element elementor-element-343f903\" data-id=\"343f903\" data-element_type=\"column\">\n\t\t\t<div class=\"elementor-widget-wrap elementor-element-populated\">\n\t\t\t\t\t\t<div class=\"elementor-element elementor-element-6550a02 elementor-widget elementor-widget-heading\" data-id=\"6550a02\" data-element_type=\"widget\" data-widget_type=\"heading.default\">\n\t\t\t\t<div class=\"elementor-widget-container\">\n\t\t\t<h5 class=\"elementor-heading-title elementor-size-default\">Descri\u00e7\u00e3o<\/h5>\t\t<\/div>\n\t\t\t\t<\/div>\n\t\t\t\t<div class=\"elementor-element elementor-element-4c2e34f elementor-widget elementor-widget-text-editor\" data-id=\"4c2e34f\" data-element_type=\"widget\" data-widget_type=\"text-editor.default\">\n\t\t\t\t<div class=\"elementor-widget-container\">\n\t\t\t\t\t\t\tA Coordena\u00e7\u00e3o de Registros Escolares do Col\u00e9gio T\u00e9cnico Industrial de Santa Maria emite, a pedido do (a) interessado (a), a 2\u00aa via do Diploma dos Cursos T\u00e9cnicos, para substituir a primeira via, quando essa for extraviada. A Coordena\u00e7\u00e3o avisa que o Requerimento para Solicita\u00e7\u00e3o de 2\u00aa Via de Diploma deve ser impresso e preenchido pelo pr\u00f3prio solicitante e que o procedimento para abertura de processo administrativo para solicita\u00e7\u00e3o da segunda via, descrito nas instru\u00e7\u00f5es abaixo, deve ser seguido obrigatoriamente.\t\t\t\t\t\t<\/div>\n\t\t\t\t<\/div>\n\t\t\t\t\t<\/div>\n\t\t<\/div>\n\t\t\t\t\t<\/div>\n\t\t<\/section>\n\t\t\t\t<section class=\"elementor-section elementor-top-section elementor-element elementor-element-7efb44a elementor-section-boxed elementor-section-height-default elementor-section-height-default\" data-id=\"7efb44a\" data-element_type=\"section\">\n\t\t\t\t\t\t<div class=\"elementor-container elementor-column-gap-default\">\n\t\t\t\t\t<div class=\"elementor-column elementor-col-100 elementor-top-column elementor-element elementor-element-52a692d\" data-id=\"52a692d\" data-element_type=\"column\">\n\t\t\t<div class=\"elementor-widget-wrap elementor-element-populated\">\n\t\t\t\t\t\t<div class=\"elementor-element elementor-element-e35d899 elementor-widget elementor-widget-heading\" data-id=\"e35d899\" data-element_type=\"widget\" data-widget_type=\"heading.default\">\n\t\t\t\t<div class=\"elementor-widget-container\">\n\t\t\t<h5 class=\"elementor-heading-title elementor-size-default\">Instru\u00e7\u00f5es<\/h5>\t\t<\/div>\n\t\t\t\t<\/div>\n\t\t\t\t\t<\/div>\n\t\t<\/div>\n\t\t\t\t\t<\/div>\n\t\t<\/section>\n\t\t\t\t<section class=\"elementor-section elementor-top-section elementor-element elementor-element-1ccd544 elementor-section-boxed elementor-section-height-default elementor-section-height-default\" data-id=\"1ccd544\" data-element_type=\"section\">\n\t\t\t\t\t\t<div class=\"elementor-container elementor-column-gap-default\">\n\t\t\t\t\t<div class=\"elementor-column elementor-col-50 elementor-top-column elementor-element elementor-element-28dde7f\" data-id=\"28dde7f\" data-element_type=\"column\">\n\t\t\t<div class=\"elementor-widget-wrap elementor-element-populated\">\n\t\t\t\t\t\t<div class=\"elementor-element elementor-element-09fea2a elementor-widget elementor-widget-heading\" data-id=\"09fea2a\" data-element_type=\"widget\" data-widget_type=\"heading.default\">\n\t\t\t\t<div class=\"elementor-widget-container\">\n\t\t\t<h6 class=\"elementor-heading-title elementor-size-default\">1\u00ba Passo<\/h6>\t\t<\/div>\n\t\t\t\t<\/div>\n\t\t\t\t<div class=\"elementor-element elementor-element-c4fd3e0 elementor-widget elementor-widget-text-editor\" data-id=\"c4fd3e0\" data-element_type=\"widget\" data-widget_type=\"text-editor.default\">\n\t\t\t\t<div class=\"elementor-widget-container\">\n\t\t\t\t\t\t\tJuntar a seguinte documenta\u00e7\u00e3o:<br \/>\n\u2013 C\u00f3pia da Certid\u00e3o de Nascimento ou Casamento;<br \/>\n\u2013 C\u00f3pia do RG (frente e verso);<br \/>\n\u2013 C\u00f3pia do CPF;<br \/>\n\u2013 C\u00f3pia do Boletim de Ocorr\u00eancia do extravio do diploma.\t\t\t\t\t\t<\/div>\n\t\t\t\t<\/div>\n\t\t\t\t\t<\/div>\n\t\t<\/div>\n\t\t\t\t<div class=\"elementor-column elementor-col-50 elementor-top-column elementor-element elementor-element-335f4c1\" data-id=\"335f4c1\" data-element_type=\"column\">\n\t\t\t<div class=\"elementor-widget-wrap elementor-element-populated\">\n\t\t\t\t\t\t<div class=\"elementor-element elementor-element-f2d80b5 elementor-widget elementor-widget-heading\" data-id=\"f2d80b5\" data-element_type=\"widget\" data-widget_type=\"heading.default\">\n\t\t\t\t<div class=\"elementor-widget-container\">\n\t\t\t<h6 class=\"elementor-heading-title elementor-size-default\">2\u00ba Passo<\/h6>\t\t<\/div>\n\t\t\t\t<\/div>\n\t\t\t\t<div class=\"elementor-element elementor-element-36b3aa2 elementor-widget elementor-widget-text-editor\" data-id=\"36b3aa2\" data-element_type=\"widget\" data-widget_type=\"text-editor.default\">\n\t\t\t\t<div class=\"elementor-widget-container\">\n\t\t\t\t\t\t\t<p>ATEN\u00c7\u00c3O:&nbsp;AS SOLICITA\u00c7\u00d5ES DE EMISS\u00c3O DE SEGUNDA VIA DEVER\u00c3O SER FEITAS EXCLUSIVAMENTE POR E-MAIL (<a href=\"mailto:protocolodag@ufsm.br\">protocolodag@ufsm.br<\/a>)<\/p>\n<p>Preencher este <a href=\"https:\/\/www.ufsm.br\/app\/uploads\/sites\/360\/2020\/11\/Requerimento-Segunda-Via-de-Diploma.pdf\">Requerimento<\/a> informando a raz\u00e3o que o levou a solicitar a expedi\u00e7\u00e3o de uma segunda via do Diploma.<\/p>\n<p>Para abertura do Processo de Expedi\u00e7\u00e3o do Diploma, enviar a documenta\u00e7\u00e3o listada no passo 1 (digitalizada, individualmente, em formato PDF) e o requerimento, preenchido e digitalizado, para o e-mail <a href=\"mailto:protocolodag@ufsm.br\">protocolodag@ufsm.br<\/a>. No e-mail, especificar o destino do processo (Coordena\u00e7\u00e3o de Registros Escolares do CTISM) e a sua finalidade (expedi\u00e7\u00e3o de segunda via de diploma de curso t\u00e9cnico).<\/p>\n<p>Persistindo D\u00favidas: Entrar em contato com a Coordena\u00e7\u00e3o de Registros Escolares do Col\u00e9gio T\u00e9cnico Industrial de Santa Maria pelo telefone (55) 3220 8039 ou por e-mail (<a href=\"mailto:secretariaescolar@ctism.ufsm.br\">secretariaescolar@ctism.ufsm.br<\/a>).&#8221;AS SOLICITA\u00c7\u00d5ES DE EMISS\u00c3O DE SEGUNDA VIA DE DIPLOMA DEVER\u00c3O SER FEITAS EXCLUSIVAMENTE POR E-MAIL<\/p>\t\t\t\t\t\t<\/div>\n\t\t\t\t<\/div>\n\t\t\t\t\t<\/div>\n\t\t<\/div>\n\t\t\t\t\t<\/div>\n\t\t<\/section>\n\t\t\t\t<section class=\"elementor-section elementor-top-section elementor-element elementor-element-a86b663 elementor-section-boxed elementor-section-height-default elementor-section-height-default\" data-id=\"a86b663\" data-element_type=\"section\">\n\t\t\t\t\t\t<div class=\"elementor-container elementor-column-gap-default\">\n\t\t\t\t\t<div class=\"elementor-column elementor-col-100 elementor-top-column elementor-element elementor-element-c2bd60c\" data-id=\"c2bd60c\" data-element_type=\"column\">\n\t\t\t<div class=\"elementor-widget-wrap elementor-element-populated\">\n\t\t\t\t\t\t<div class=\"elementor-element elementor-element-177d9ee elementor-widget elementor-widget-heading\" data-id=\"177d9ee\" data-element_type=\"widget\" data-widget_type=\"heading.default\">\n\t\t\t\t<div class=\"elementor-widget-container\">\n\t\t\t<h5 class=\"elementor-heading-title elementor-size-default\">Documentos<\/h5>\t\t<\/div>\n\t\t\t\t<\/div>\n\t\t\t\t<div class=\"elementor-element elementor-element-f1a5950 elementor-widget elementor-widget-text-editor\" data-id=\"f1a5950\" data-element_type=\"widget\" data-widget_type=\"text-editor.default\">\n\t\t\t\t<div class=\"elementor-widget-container\">\n\t\t\t\t\t\t\t<a href=\"https:\/\/www.ufsm.br\/app\/uploads\/sites\/360\/2020\/11\/Requerimento-Segunda-Via-de-Diploma.pdf\">Requerimento para Solicita\u00e7\u00e3o de 2\u00aa Via de Diploma.pdf<\/a>\t\t\t\t\t\t<\/div>\n\t\t\t\t<\/div>\n\t\t\t\t\t<\/div>\n\t\t<\/div>\n\t\t\t\t\t<\/div>\n\t\t<\/section>\n\t\t\t\t<section class=\"elementor-section elementor-top-section elementor-element elementor-element-426a357 elementor-section-boxed elementor-section-height-default elementor-section-height-default\" data-id=\"426a357\" data-element_type=\"section\">\n\t\t\t\t\t\t<div class=\"elementor-container elementor-column-gap-default\">\n\t\t\t\t\t<div class=\"elementor-column elementor-col-100 elementor-top-column elementor-element elementor-element-3ded60f\" data-id=\"3ded60f\" data-element_type=\"column\">\n\t\t\t<div class=\"elementor-widget-wrap elementor-element-populated\">\n\t\t\t\t\t\t<div class=\"elementor-element elementor-element-c6a39a4 elementor-widget elementor-widget-heading\" data-id=\"c6a39a4\" data-element_type=\"widget\" data-widget_type=\"heading.default\">\n\t\t\t\t<div class=\"elementor-widget-container\">\n\t\t\t<h5 class=\"elementor-heading-title elementor-size-default\">Contato<\/h5>\t\t<\/div>\n\t\t\t\t<\/div>\n\t\t\t\t<div class=\"elementor-element elementor-element-0be29d0 elementor-widget elementor-widget-text-editor\" data-id=\"0be29d0\" data-element_type=\"widget\" data-widget_type=\"text-editor.default\">\n\t\t\t\t<div class=\"elementor-widget-container\">\n\t\t\t\t\t\t\t<b>Setor:<\/b> Coordena\u00e7\u00e3o de Registros Escolares<br \/>\n\n<b>Atendimento:<\/b> De segunda a sexta-feira, das 08h \u00e0s 12h e das 13h30min \u00e0s 19h30min.<br \/>\n\n<b>Telefone:<\/b> (55) 3220-8039<br \/>\n\n<b>E-mail: <\/b><a href=\"mailto:secretariaescolar@ctism.ufsm.br\">secretariaescolar@ctism.ufsm.br <\/a><br \/>\n\n<b>Endere\u00e7o:<\/b> Col\u00e9gio T\u00e9cnico Industrial de Santa Maria, Av. Roraima, n\u00b0 1000, Pr\u00e9dio 05, Sala 112, Santa Maria &#8211; RS\t\t\t\t\t\t<\/div>\n\t\t\t\t<\/div>\n\t\t\t\t\t<\/div>\n\t\t<\/div>\n\t\t\t\t\t<\/div>\n\t\t<\/section>\n\t\t\t\t<\/div>\n\t\t","protected":false},"excerpt":{"rendered":"<p>Descri\u00e7\u00e3o A Coordena\u00e7\u00e3o de Registros Escolares do Col\u00e9gio T\u00e9cnico Industrial de Santa Maria emite, a pedido do (a) interessado (a), a 2\u00aa via do Diploma dos Cursos T\u00e9cnicos, para substituir a primeira via, quando essa for extraviada. A Coordena\u00e7\u00e3o avisa que o Requerimento para Solicita\u00e7\u00e3o de 2\u00aa Via de Diploma deve ser impresso e preenchido [&hellip;]<\/p>\n","protected":false},"author":1954,"featured_media":0,"parent":0,"menu_order":0,"comment_status":"closed","ping_status":"closed","template":"","meta":{"footnotes":""},"categories":[],"tags":[],"class_list":["post-5644","page","type-page","status-publish","hentry"],"acf":[],"_links":{"self":[{"href":"https:\/\/www.ufsm.br\/unidades-universitarias\/ctism\/wp-json\/wp\/v2\/pages\/5644","targetHints":{"allow":["GET"]}}],"collection":[{"href":"https:\/\/www.ufsm.br\/unidades-universitarias\/ctism\/wp-json\/wp\/v2\/pages"}],"about":[{"href":"https:\/\/www.ufsm.br\/unidades-universitarias\/ctism\/wp-json\/wp\/v2\/types\/page"}],"author":[{"embeddable":true,"href":"https:\/\/www.ufsm.br\/unidades-universitarias\/ctism\/wp-json\/wp\/v2\/users\/1954"}],"replies":[{"embeddable":true,"href":"https:\/\/www.ufsm.br\/unidades-universitarias\/ctism\/wp-json\/wp\/v2\/comments?post=5644"}],"version-history":[{"count":0,"href":"https:\/\/www.ufsm.br\/unidades-universitarias\/ctism\/wp-json\/wp\/v2\/pages\/5644\/revisions"}],"wp:attachment":[{"href":"https:\/\/www.ufsm.br\/unidades-universitarias\/ctism\/wp-json\/wp\/v2\/media?parent=5644"}],"wp:term":[{"taxonomy":"category","embeddable":true,"href":"https:\/\/www.ufsm.br\/unidades-universitarias\/ctism\/wp-json\/wp\/v2\/categories?post=5644"},{"taxonomy":"post_tag","embeddable":true,"href":"https:\/\/www.ufsm.br\/unidades-universitarias\/ctism\/wp-json\/wp\/v2\/tags?post=5644"}],"curies":[{"name":"wp","href":"https:\/\/api.w.org\/{rel}","templated":true}]}}