{"id":6261,"date":"2021-08-04T16:07:11","date_gmt":"2021-08-04T19:07:11","guid":{"rendered":"https:\/\/www.ufsm.br\/unidades-universitarias\/ctism\/?page_id=6261"},"modified":"2021-11-17T10:48:14","modified_gmt":"2021-11-17T13:48:14","slug":"nossas-acoes","status":"publish","type":"page","link":"https:\/\/www.ufsm.br\/unidades-universitarias\/ctism\/nossas-acoes","title":{"rendered":"Nossas A\u00e7\u00f5es"},"content":{"rendered":"\n<p>O projeto foi aprovado em outubro de 2016, dando in\u00edcio aos workshops em 2017, junto a algumas das Organiza\u00e7\u00f5es Militares (OMs) de Santa Maria como: 29\u00ba Batalh\u00e3o de Infantaria Blindada, 1\u00ba Regimento de Carros de Combate, 3\u00ba Grupo de Artilharia de Campanha Autopropulsado, 4\u00ba Batalh\u00e3o Log\u00edstico, Centro de Instru\u00e7\u00e3o de Blindados, 6\u00ba Brigada de Infantaria Blindada, 6\u00ba Bateria de Artilharia Antia\u00e9rea Autopropulsada, 3\u00ba&nbsp; Companhia de Comunica\u00e7\u00e3o Blindada e&nbsp; 26\u00ba Pelot\u00e3o de Pol\u00edcia do Ex\u00e9rcito.&nbsp;<\/p>\n<p>Na sequ\u00eancia a Base A\u00e9rea de Santa Maria, ALA 4, passou em 2018 a participar dos workshops, sendo certificadas 4 turmas durante este ano com aproximadamente 25 alunos em cada uma, ou seja, aproximadamente 100 militares.<\/p>\n<p>Teve-se a oportunidade, neste mesmo ano de 2018,&nbsp; a convite do Comando do 5\u00ba Distrito Naval, sediada na cidade de Rio Grande -RS, apresentar uma palestra sobre Seguran\u00e7a da Informa\u00e7\u00e3o Digital, durante o 1\u00ba Simp\u00f3sio Regional de Seguran\u00e7a Cibern\u00e9tica no per\u00edodo de 01 a 03 de outubro, com participa\u00e7\u00e3o das For\u00e7as Armadas, \u00d3rg\u00e3os da Administra\u00e7\u00e3o P\u00fablica, Comunidade Acad\u00eamica e Sociedade.<\/p>\n<p>&nbsp;<\/p>\n\n\n\n<div class=\"wp-block-image\"><figure class=\"aligncenter size-large is-resized\"><img fetchpriority=\"high\" decoding=\"async\" src=\"https:\/\/www.ufsm.br\/app\/uploads\/sites\/360\/2021\/09\/eb_2018_7-1024x578.jpg\" alt=\"\" class=\"wp-image-6350\" width=\"512\" height=\"289\" srcset=\"https:\/\/www.ufsm.br\/app\/uploads\/sites\/360\/2021\/09\/eb_2018_7-1024x578.jpg 1024w, https:\/\/www.ufsm.br\/app\/uploads\/sites\/360\/2021\/09\/eb_2018_7-300x169.jpg 300w, https:\/\/www.ufsm.br\/app\/uploads\/sites\/360\/2021\/09\/eb_2018_7-768x433.jpg 768w, https:\/\/www.ufsm.br\/app\/uploads\/sites\/360\/2021\/09\/eb_2018_7-1536x866.jpg 1536w, https:\/\/www.ufsm.br\/app\/uploads\/sites\/360\/2021\/09\/eb_2018_7.jpg 1920w\" sizes=\"(max-width: 512px) 100vw, 512px\" \/><figcaption>Workshop junto as OMs.<\/figcaption><\/figure><\/div>\n\n\n\n<p>O desenvolvimento dos workshops \u00e9 feito em duas etapas bem definidas, sendo elas divididas em duas partes, uma te\u00f3rica e outra pr\u00e1tica. Na primeira etapa \u00e9 mostrado os Golpes na Internet, abordando alguns t\u00f3picos como:&nbsp; furto de identidade, fraude de antecipa\u00e7\u00e3o de recursos,&nbsp;phishing, golpes de com\u00e9rcio eletr\u00f4nico, site de com\u00e9rcio eletr\u00f4nico fraudulento, site de compras coletivas, site de leil\u00e3o e venda de produtos e boato. J\u00e1 na segunda etapa, trata-se dos Ataques na Internet, tendo enfoque em: explora\u00e7\u00e3o de vulnerabilidade, varredura em redes, intercepta\u00e7\u00e3o de tr\u00e1fego, for\u00e7a bruta e nega\u00e7\u00e3o de servi\u00e7o, c\u00f3digos maliciosos, tamb\u00e9m conhecidos como malwares, abordando sobre v\u00edrus, cavalo de troia,&nbsp;bot e botnet, spyware,&nbsp; backdoor, rootkit&nbsp;e&nbsp;worm.As pr\u00e1ticas ocorridas nos laborat\u00f3rios eram conduzidas ou pela professora coordenadora do projeto, tendo aux\u00edlio dos bolsistas e alunos, outrem pelos pr\u00f3prios alunos do projeto, com a supervis\u00e3o da coordenadora.<\/p>\n\n\n\n<div class=\"wp-block-image\"><figure class=\"aligncenter size-large is-resized\"><img decoding=\"async\" src=\"https:\/\/www.ufsm.br\/app\/uploads\/sites\/360\/2021\/09\/eb_2018_4-1024x770.jpg\" alt=\"\" class=\"wp-image-6349\" width=\"512\" height=\"385\" srcset=\"https:\/\/www.ufsm.br\/app\/uploads\/sites\/360\/2021\/09\/eb_2018_4-1024x770.jpg 1024w, https:\/\/www.ufsm.br\/app\/uploads\/sites\/360\/2021\/09\/eb_2018_4-300x226.jpg 300w, https:\/\/www.ufsm.br\/app\/uploads\/sites\/360\/2021\/09\/eb_2018_4-768x578.jpg 768w, https:\/\/www.ufsm.br\/app\/uploads\/sites\/360\/2021\/09\/eb_2018_4-1536x1155.jpg 1536w, https:\/\/www.ufsm.br\/app\/uploads\/sites\/360\/2021\/09\/eb_2018_4.jpg 1920w\" sizes=\"(max-width: 512px) 100vw, 512px\" \/><figcaption>Alunos ministrando o workshop.<\/figcaption><\/figure><\/div>\n\n\n\n<p>Os&nbsp; resultados das a\u00e7\u00f5es do projeto, todos os anos, s\u00e3o apresentados na JAI, como forma de compartilhar, tamb\u00e9m, com a comunidade acad\u00eamica a atua\u00e7\u00e3o junto \u00e0 comunidade de Santa Maria.<\/p>\n<p>Teve-se, ainda, em 2018 e em 2020, um convite para&nbsp; participar no Semin\u00e1rio de Extens\u00e3o Universit\u00e1ria da Regi\u00e3o Sul (SEURS), expondo as atividades do projeto e compondo uma mesa redonda sobre debate da extens\u00e3o universit\u00e1ria.<\/p>\n\n\n\n<div class=\"wp-block-image\"><figure class=\"aligncenter size-large is-resized\"><img decoding=\"async\" src=\"https:\/\/www.ufsm.br\/app\/uploads\/sites\/360\/2021\/09\/IMG-20180831-WA0124-1024x576.jpg\" alt=\"\" class=\"wp-image-6348\" width=\"512\" height=\"288\" srcset=\"https:\/\/www.ufsm.br\/app\/uploads\/sites\/360\/2021\/09\/IMG-20180831-WA0124-1024x576.jpg 1024w, https:\/\/www.ufsm.br\/app\/uploads\/sites\/360\/2021\/09\/IMG-20180831-WA0124-300x169.jpg 300w, https:\/\/www.ufsm.br\/app\/uploads\/sites\/360\/2021\/09\/IMG-20180831-WA0124-768x432.jpg 768w, https:\/\/www.ufsm.br\/app\/uploads\/sites\/360\/2021\/09\/IMG-20180831-WA0124.jpg 1040w\" sizes=\"(max-width: 512px) 100vw, 512px\" \/><figcaption>Homem lendo slide.<\/figcaption><\/figure><\/div>\n\n\n\n<p>Atualmente o projeto de extens\u00e3o se reinventou, diante da pandemia que vivenciamos a\u00a0 Covid-19, para atingir seus objetivos e p\u00fablico adentrar as redes sociais.<\/p>\n<p>O projeto posta semanalmente em torno de 2 posts com conceitos sobre os principais golpes e na sequ\u00eancia dicas de como se prevenir. Os alunos envolvidos no projeto pesquisam sobre esses golpes e se utilizam, tamb\u00e9m, do material das cartilhas produzidas pelo Centro de Estudos, Resposta e Tratamento de Incidentes de Seguran\u00e7a no Brasil (Cert.br) e Comit\u00ea Gestor da Internet no Brasil (CGI). O apelidado do projeto usado nas redes sociais \u00e9 @virtualsafe, espalhando-se pela hashtag\u00a0 #virtualsafe.\u00a0 Al\u00e9m das redes sociais o projeto dissemina suas atua\u00e7\u00f5es e a\u00e7\u00f5es atrav\u00e9s de publica\u00e7\u00f5es tendo como linha as Pr\u00e1ticas em Extens\u00e3o Universit\u00e1ria.\u00a0<\/p>\n<p>\u00a0<\/p>\n<p><strong>Siga nosso Instagram @virtualsafe.<\/strong><\/p>\n","protected":false},"excerpt":{"rendered":"<p>O projeto foi aprovado em outubro de 2016, dando in\u00edcio aos workshops em 2017, junto a algumas das Organiza\u00e7\u00f5es Militares (OMs) de Santa Maria como: 29\u00ba Batalh\u00e3o de Infantaria Blindada, 1\u00ba Regimento de Carros de Combate, 3\u00ba Grupo de Artilharia de Campanha Autopropulsado, 4\u00ba Batalh\u00e3o Log\u00edstico, Centro de Instru\u00e7\u00e3o de Blindados, 6\u00ba Brigada de Infantaria [&hellip;]<\/p>\n","protected":false},"author":4355,"featured_media":0,"parent":0,"menu_order":0,"comment_status":"closed","ping_status":"closed","template":"","meta":{"footnotes":""},"categories":[],"tags":[],"class_list":["post-6261","page","type-page","status-publish","hentry"],"acf":[],"_links":{"self":[{"href":"https:\/\/www.ufsm.br\/unidades-universitarias\/ctism\/wp-json\/wp\/v2\/pages\/6261","targetHints":{"allow":["GET"]}}],"collection":[{"href":"https:\/\/www.ufsm.br\/unidades-universitarias\/ctism\/wp-json\/wp\/v2\/pages"}],"about":[{"href":"https:\/\/www.ufsm.br\/unidades-universitarias\/ctism\/wp-json\/wp\/v2\/types\/page"}],"author":[{"embeddable":true,"href":"https:\/\/www.ufsm.br\/unidades-universitarias\/ctism\/wp-json\/wp\/v2\/users\/4355"}],"replies":[{"embeddable":true,"href":"https:\/\/www.ufsm.br\/unidades-universitarias\/ctism\/wp-json\/wp\/v2\/comments?post=6261"}],"version-history":[{"count":0,"href":"https:\/\/www.ufsm.br\/unidades-universitarias\/ctism\/wp-json\/wp\/v2\/pages\/6261\/revisions"}],"wp:attachment":[{"href":"https:\/\/www.ufsm.br\/unidades-universitarias\/ctism\/wp-json\/wp\/v2\/media?parent=6261"}],"wp:term":[{"taxonomy":"category","embeddable":true,"href":"https:\/\/www.ufsm.br\/unidades-universitarias\/ctism\/wp-json\/wp\/v2\/categories?post=6261"},{"taxonomy":"post_tag","embeddable":true,"href":"https:\/\/www.ufsm.br\/unidades-universitarias\/ctism\/wp-json\/wp\/v2\/tags?post=6261"}],"curies":[{"name":"wp","href":"https:\/\/api.w.org\/{rel}","templated":true}]}}