{"id":6263,"date":"2021-08-04T16:22:31","date_gmt":"2021-08-04T19:22:31","guid":{"rendered":"https:\/\/www.ufsm.br\/unidades-universitarias\/ctism\/?page_id=6263"},"modified":"2021-08-13T19:45:24","modified_gmt":"2021-08-13T22:45:24","slug":"objetivos","status":"publish","type":"page","link":"https:\/\/www.ufsm.br\/unidades-universitarias\/ctism\/objetivos","title":{"rendered":"Objetivos"},"content":{"rendered":"\n<ol>\n<li>Fortalecimento do v\u00ednculo da Institui\u00e7\u00e3o de ensino com mundo corporativo.<\/li>\n<li>Promovendo a a\u00e7\u00e3o do aprendizado em sala de aula, aliado a pr\u00e1tica da cultura organizacional sobre a necessidade de preven\u00e7\u00e3o contra o ciber crime em ambiente f\u00edsico e l\u00f3gico.<\/li>\n<li>Proporcionar ao estudante a viv\u00eancia trabalhada de forma te\u00f3rica em sala de aula com o contato pr\u00e1tico e das necessidades externas das empresas e organiza\u00e7\u00f5es.<\/li>\n<li>Conscientizar o usu\u00e1rio de sistemas computacionais da sua responsabilidade no uso dos sistemas de computa\u00e7\u00e3o, por exemplo, da vulnerabilidade sobre a Internet.<\/li>\n<\/ol>\n","protected":false},"excerpt":{"rendered":"<p>Fortalecimento do v\u00ednculo da Institui\u00e7\u00e3o de ensino com mundo corporativo. Promovendo a a\u00e7\u00e3o do aprendizado em sala de aula, aliado a pr\u00e1tica da cultura organizacional sobre a necessidade de preven\u00e7\u00e3o contra o ciber crime em ambiente f\u00edsico e l\u00f3gico. Proporcionar ao estudante a viv\u00eancia trabalhada de forma te\u00f3rica em sala de aula com o contato [&hellip;]<\/p>\n","protected":false},"author":4355,"featured_media":0,"parent":0,"menu_order":0,"comment_status":"closed","ping_status":"closed","template":"","meta":{"footnotes":""},"categories":[],"tags":[],"class_list":["post-6263","page","type-page","status-publish","hentry"],"acf":[],"_links":{"self":[{"href":"https:\/\/www.ufsm.br\/unidades-universitarias\/ctism\/wp-json\/wp\/v2\/pages\/6263","targetHints":{"allow":["GET"]}}],"collection":[{"href":"https:\/\/www.ufsm.br\/unidades-universitarias\/ctism\/wp-json\/wp\/v2\/pages"}],"about":[{"href":"https:\/\/www.ufsm.br\/unidades-universitarias\/ctism\/wp-json\/wp\/v2\/types\/page"}],"author":[{"embeddable":true,"href":"https:\/\/www.ufsm.br\/unidades-universitarias\/ctism\/wp-json\/wp\/v2\/users\/4355"}],"replies":[{"embeddable":true,"href":"https:\/\/www.ufsm.br\/unidades-universitarias\/ctism\/wp-json\/wp\/v2\/comments?post=6263"}],"version-history":[{"count":0,"href":"https:\/\/www.ufsm.br\/unidades-universitarias\/ctism\/wp-json\/wp\/v2\/pages\/6263\/revisions"}],"wp:attachment":[{"href":"https:\/\/www.ufsm.br\/unidades-universitarias\/ctism\/wp-json\/wp\/v2\/media?parent=6263"}],"wp:term":[{"taxonomy":"category","embeddable":true,"href":"https:\/\/www.ufsm.br\/unidades-universitarias\/ctism\/wp-json\/wp\/v2\/categories?post=6263"},{"taxonomy":"post_tag","embeddable":true,"href":"https:\/\/www.ufsm.br\/unidades-universitarias\/ctism\/wp-json\/wp\/v2\/tags?post=6263"}],"curies":[{"name":"wp","href":"https:\/\/api.w.org\/{rel}","templated":true}]}}