{"id":6374,"date":"2021-09-29T16:03:58","date_gmt":"2021-09-29T19:03:58","guid":{"rendered":"https:\/\/www.ufsm.br\/unidades-universitarias\/ctism\/?page_id=6374"},"modified":"2024-08-23T15:02:55","modified_gmt":"2024-08-23T18:02:55","slug":"cursos","status":"publish","type":"page","link":"https:\/\/www.ufsm.br\/unidades-universitarias\/ctism\/cursos","title":{"rendered":"Cursos"},"content":{"rendered":"\t\t<div data-elementor-type=\"wp-page\" data-elementor-id=\"6374\" class=\"elementor elementor-6374\">\n\t\t\t\t\t\t<section class=\"elementor-section elementor-top-section elementor-element elementor-element-76bf5c5 elementor-section-boxed elementor-section-height-default elementor-section-height-default\" data-id=\"76bf5c5\" data-element_type=\"section\">\n\t\t\t\t\t\t<div class=\"elementor-container elementor-column-gap-default\">\n\t\t\t\t\t<div class=\"elementor-column elementor-col-100 elementor-top-column elementor-element elementor-element-b62b3b6\" data-id=\"b62b3b6\" data-element_type=\"column\">\n\t\t\t<div class=\"elementor-widget-wrap elementor-element-populated\">\n\t\t\t\t\t\t<div class=\"elementor-element elementor-element-283d823 elementor-widget elementor-widget-text-editor\" data-id=\"283d823\" data-element_type=\"widget\" data-widget_type=\"text-editor.default\">\n\t\t\t\t<div class=\"elementor-widget-container\">\n\t\t\t\t\t\t\t<h4 class=\"entry-title\"><span style=\"font-size: 18pt;color: #000080\">Cursos T\u00e9cnicos Integrados ao Ensino M\u00e9dio &#8211; Diurno<\/span><\/h4>\t\t\t\t\t\t<\/div>\n\t\t\t\t<\/div>\n\t\t\t\t<div class=\"elementor-element elementor-element-6139511 elementor-widget elementor-widget-text-editor\" data-id=\"6139511\" data-element_type=\"widget\" data-widget_type=\"text-editor.default\">\n\t\t\t\t<div class=\"elementor-widget-container\">\n\t\t\t\t\t\t\t<p><a href=\"https:\/\/www.ufsm.br\/cursos\/medio\/santa-maria\/eletrotecnica-integrado\/\" target=\"_blank\" rel=\"noopener\">T\u00e9cnico em Eletrot\u00e9cnica Integrado ao Ensino M\u00e9dio<\/a><\/p><p><a href=\"https:\/\/www.ufsm.br\/cursos\/medio\/santa-maria\/informatica-para-internet-integrado\/\" target=\"_blank\" rel=\"noopener\">T\u00e9cnico em Inform\u00e1tica para Internet Integrado ao Ensino M\u00e9dio<\/a><\/p><p><a href=\"https:\/\/www.ufsm.br\/cursos\/medio\/santa-maria\/internet-das-coisas-integrado\">T\u00e9cnico em Internet das Coisas Integrado ao Ensino M\u00e9dio<\/a><\/p><div><p><a href=\"https:\/\/www.ufsm.br\/cursos\/medio\/santa-maria\/mecanica-integrado\/\" target=\"_blank\" rel=\"noopener\">T\u00e9cnico em Mec\u00e2nica Integrado ao Ensino M\u00e9dio<\/a><\/p><\/div>\t\t\t\t\t\t<\/div>\n\t\t\t\t<\/div>\n\t\t\t\t\t<\/div>\n\t\t<\/div>\n\t\t\t\t\t<\/div>\n\t\t<\/section>\n\t\t\t\t<section class=\"elementor-section elementor-top-section elementor-element elementor-element-324f2d5 elementor-section-boxed elementor-section-height-default elementor-section-height-default\" data-id=\"324f2d5\" data-element_type=\"section\">\n\t\t\t\t\t\t<div class=\"elementor-container elementor-column-gap-default\">\n\t\t\t\t\t<div class=\"elementor-column elementor-col-100 elementor-top-column elementor-element elementor-element-0b9b06b\" data-id=\"0b9b06b\" data-element_type=\"column\">\n\t\t\t<div class=\"elementor-widget-wrap elementor-element-populated\">\n\t\t\t\t\t\t<div class=\"elementor-element elementor-element-a7e120a elementor-widget elementor-widget-text-editor\" data-id=\"a7e120a\" data-element_type=\"widget\" data-widget_type=\"text-editor.default\">\n\t\t\t\t<div class=\"elementor-widget-container\">\n\t\t\t\t\t\t\t<h4 class=\"entry-title\"><span style=\"font-size: 18pt;color: #000080\">Cursos T\u00e9cnicos Integrados ao Ensino M\u00e9dio &#8211; Noturno<\/span><\/h4>\t\t\t\t\t\t<\/div>\n\t\t\t\t<\/div>\n\t\t\t\t<div class=\"elementor-element elementor-element-33aeb1c elementor-widget elementor-widget-text-editor\" data-id=\"33aeb1c\" data-element_type=\"widget\" data-widget_type=\"text-editor.default\">\n\t\t\t\t<div class=\"elementor-widget-container\">\n\t\t\t\t\t\t\t<header class=\"entry-header\"><div><p><a href=\"https:\/\/www.ufsm.br\/cursos\/medio\/santa-maria\/eletromecanica-proeja\/\" target=\"_blank\" rel=\"noopener\">T\u00e9cnico em Eletromec\u00e2nica Integrado ao Ensino M\u00e9dio na modalidade de Educa\u00e7\u00e3o para Jovens e Adultos (EJA-EPT)<\/a><\/p><\/div><\/header>\t\t\t\t\t\t<\/div>\n\t\t\t\t<\/div>\n\t\t\t\t\t<\/div>\n\t\t<\/div>\n\t\t\t\t\t<\/div>\n\t\t<\/section>\n\t\t\t\t<section class=\"elementor-section elementor-top-section elementor-element elementor-element-6471303 elementor-section-boxed elementor-section-height-default elementor-section-height-default\" data-id=\"6471303\" data-element_type=\"section\">\n\t\t\t\t\t\t<div class=\"elementor-container elementor-column-gap-default\">\n\t\t\t\t\t<div class=\"elementor-column elementor-col-100 elementor-top-column elementor-element elementor-element-ae6b5fe\" data-id=\"ae6b5fe\" data-element_type=\"column\">\n\t\t\t<div class=\"elementor-widget-wrap elementor-element-populated\">\n\t\t\t\t\t\t<div class=\"elementor-element elementor-element-3617ebf elementor-widget elementor-widget-text-editor\" data-id=\"3617ebf\" data-element_type=\"widget\" data-widget_type=\"text-editor.default\">\n\t\t\t\t<div class=\"elementor-widget-container\">\n\t\t\t\t\t\t\t<h4 class=\"entry-title\"><span style=\"font-size: 18pt;color: #000080\">Cursos T\u00e9cnicos Subsequentes ao Ensino M\u00e9dio (P\u00f3s-M\u00e9dio) &#8211; Noturno<\/span><\/h4>\t\t\t\t\t\t<\/div>\n\t\t\t\t<\/div>\n\t\t\t\t<div class=\"elementor-element elementor-element-9ca2692 elementor-widget elementor-widget-text-editor\" data-id=\"9ca2692\" data-element_type=\"widget\" data-widget_type=\"text-editor.default\">\n\t\t\t\t<div class=\"elementor-widget-container\">\n\t\t\t\t\t\t\t<header class=\"entry-header\"><p><span style=\"color: #0000ff\"><a style=\"color: #0000ff\" href=\"https:\/\/www.ufsm.br\/cursos\/tecnico\/santa-maria\/automacao-industrial\/\"><span style=\"font-size: 1rem\">T\u00e9cnico em Automa\u00e7\u00e3o Industrial<\/span><\/a><\/span><\/p><div><p><a href=\"https:\/\/www.ufsm.br\/cursos\/tecnico\/santa-maria\/eletrotecnica\/\" target=\"_blank\" rel=\"noopener\">T\u00e9cnico em Eletrot\u00e9cnica<\/a><\/p><p><a href=\"https:\/\/www.ufsm.br\/cursos\/tecnico\/santa-maria\/mecanica\/\" target=\"_blank\" rel=\"noopener\">T\u00e9cnico em Mec\u00e2nica<\/a><\/p><p><a href=\"https:\/\/www.ufsm.br\/cursos\/tecnico\/santa-maria\/soldagem\/\" target=\"_blank\" rel=\"noopener\">T\u00e9cnico em Soldagem<\/a><\/p><p><a href=\"https:\/\/www.ufsm.br\/cursos\/tecnico\/santa-maria\/eletromecanica\/\" target=\"_blank\" rel=\"noopener\">T\u00e9cnico em Eletromec\u00e2nica<\/a><\/p><p><a href=\"https:\/\/www.ufsm.br\/cursos\/tecnico\/santa-maria\/eletronica\/\" target=\"_blank\" rel=\"noopener\">T\u00e9cnico em Eletr\u00f4nica<\/a><\/p><p><a href=\"https:\/\/www.ufsm.br\/cursos\/tecnico\/santa-maria\/seguranca-do-trabalho\/\" target=\"_blank\" rel=\"noopener\">T\u00e9cnico em Seguran\u00e7a do Trabalho<\/a><\/p><\/div><\/header>\t\t\t\t\t\t<\/div>\n\t\t\t\t<\/div>\n\t\t\t\t\t<\/div>\n\t\t<\/div>\n\t\t\t\t\t<\/div>\n\t\t<\/section>\n\t\t\t\t<section class=\"elementor-section elementor-top-section elementor-element elementor-element-e69bc04 elementor-section-boxed elementor-section-height-default elementor-section-height-default\" data-id=\"e69bc04\" data-element_type=\"section\">\n\t\t\t\t\t\t<div class=\"elementor-container elementor-column-gap-default\">\n\t\t\t\t\t<div class=\"elementor-column elementor-col-100 elementor-top-column elementor-element elementor-element-c918998\" data-id=\"c918998\" data-element_type=\"column\">\n\t\t\t<div class=\"elementor-widget-wrap elementor-element-populated\">\n\t\t\t\t\t\t<div class=\"elementor-element elementor-element-b92c892 elementor-widget elementor-widget-text-editor\" data-id=\"b92c892\" data-element_type=\"widget\" data-widget_type=\"text-editor.default\">\n\t\t\t\t<div class=\"elementor-widget-container\">\n\t\t\t\t\t\t\t<h4 class=\"entry-title\"><span style=\"font-size: 18pt;color: #000080\">Gradua\u00e7\u00e3o &#8211; Cursos Superiores de Tecnologia &#8211; Diurno<\/span><\/h4>\t\t\t\t\t\t<\/div>\n\t\t\t\t<\/div>\n\t\t\t\t<div class=\"elementor-element elementor-element-f070960 elementor-widget elementor-widget-text-editor\" data-id=\"f070960\" data-element_type=\"widget\" data-widget_type=\"text-editor.default\">\n\t\t\t\t<div class=\"elementor-widget-container\">\n\t\t\t\t\t\t\t<header class=\"entry-header\"><p><span style=\"color: #0000ff\"><a style=\"color: #0000ff\" href=\"http:\/\/www.ufsm.br\/cursos\/graduacao\/santa-maria\/tecnologia-em-eletronica-industrial\/\" target=\"_blank\" rel=\"noopener\">Curso Superior de Tecnologia em Eletr\u00f4nica Industrial<\/a><\/span><\/p><p><span style=\"color: #0000ff\"><a style=\"color: #0000ff\" href=\"http:\/\/www.ufsm.br\/cursos\/graduacao\/santa-maria\/tecnologia-em-fabricacao-mecanica\/\" target=\"_blank\" rel=\"noopener\">Curso Superior de Tecnologia em Fabrica\u00e7\u00e3o Mec\u00e2nica<\/a><\/span><\/p><p><span style=\"color: #0000ff\"><a style=\"color: #0000ff\" href=\"http:\/\/www.ufsm.br\/cursos\/graduacao\/santa-maria\/tecnologia-em-redes-de-computadores\/\" target=\"_blank\" rel=\"noopener\">Curso Superior de Tecnologia em Redes de Computadores<\/a><\/span><\/p><\/header>\t\t\t\t\t\t<\/div>\n\t\t\t\t<\/div>\n\t\t\t\t\t<\/div>\n\t\t<\/div>\n\t\t\t\t\t<\/div>\n\t\t<\/section>\n\t\t\t\t<section class=\"elementor-section elementor-top-section elementor-element elementor-element-a8076f4 elementor-section-boxed elementor-section-height-default elementor-section-height-default\" data-id=\"a8076f4\" data-element_type=\"section\">\n\t\t\t\t\t\t<div class=\"elementor-container elementor-column-gap-default\">\n\t\t\t\t\t<div class=\"elementor-column elementor-col-100 elementor-top-column elementor-element elementor-element-9b74e32\" data-id=\"9b74e32\" data-element_type=\"column\">\n\t\t\t<div class=\"elementor-widget-wrap elementor-element-populated\">\n\t\t\t\t\t\t<div class=\"elementor-element elementor-element-52ebacc elementor-widget elementor-widget-text-editor\" data-id=\"52ebacc\" data-element_type=\"widget\" data-widget_type=\"text-editor.default\">\n\t\t\t\t<div class=\"elementor-widget-container\">\n\t\t\t\t\t\t\t<h4 class=\"entry-title\"><span style=\"font-size: 18pt;color: #000080\">P\u00f3s-Gradua\u00e7\u00e3o &#8211; Diurno<\/span><\/h4>\t\t\t\t\t\t<\/div>\n\t\t\t\t<\/div>\n\t\t\t\t<div class=\"elementor-element elementor-element-c35d96b elementor-widget elementor-widget-text-editor\" data-id=\"c35d96b\" data-element_type=\"widget\" data-widget_type=\"text-editor.default\">\n\t\t\t\t<div class=\"elementor-widget-container\">\n\t\t\t\t\t\t\t<header class=\"entry-header\"><p><span style=\"color: #0000ff\"><a style=\"color: #0000ff\" href=\"https:\/\/www.ufsm.br\/cursos\/pos-graduacao\/santa-maria\/ppgept\/\" target=\"_blank\" rel=\"noopener\">Programa de P\u00f3s-Gradua\u00e7\u00e3o em Educa\u00e7\u00e3o Profissional e Tecnol\u00f3gica &#8211; PPGEPT<\/a><\/span><\/p><\/header>\t\t\t\t\t\t<\/div>\n\t\t\t\t<\/div>\n\t\t\t\t\t<\/div>\n\t\t<\/div>\n\t\t\t\t\t<\/div>\n\t\t<\/section>\n\t\t\t\t<\/div>\n\t\t","protected":false},"excerpt":{"rendered":"<p>Cursos T\u00e9cnicos Integrados ao Ensino M\u00e9dio &#8211; Diurno T\u00e9cnico em Eletrot\u00e9cnica Integrado ao Ensino M\u00e9dio T\u00e9cnico em Inform\u00e1tica para Internet Integrado ao Ensino M\u00e9dio T\u00e9cnico em Internet das Coisas Integrado ao Ensino M\u00e9dio T\u00e9cnico em Mec\u00e2nica Integrado ao Ensino M\u00e9dio Cursos T\u00e9cnicos Integrados ao Ensino M\u00e9dio &#8211; Noturno T\u00e9cnico em Eletromec\u00e2nica Integrado ao Ensino M\u00e9dio [&hellip;]<\/p>\n","protected":false},"author":1656,"featured_media":0,"parent":0,"menu_order":0,"comment_status":"closed","ping_status":"closed","template":"","meta":{"footnotes":""},"categories":[],"tags":[],"class_list":["post-6374","page","type-page","status-publish","hentry"],"acf":[],"_links":{"self":[{"href":"https:\/\/www.ufsm.br\/unidades-universitarias\/ctism\/wp-json\/wp\/v2\/pages\/6374","targetHints":{"allow":["GET"]}}],"collection":[{"href":"https:\/\/www.ufsm.br\/unidades-universitarias\/ctism\/wp-json\/wp\/v2\/pages"}],"about":[{"href":"https:\/\/www.ufsm.br\/unidades-universitarias\/ctism\/wp-json\/wp\/v2\/types\/page"}],"author":[{"embeddable":true,"href":"https:\/\/www.ufsm.br\/unidades-universitarias\/ctism\/wp-json\/wp\/v2\/users\/1656"}],"replies":[{"embeddable":true,"href":"https:\/\/www.ufsm.br\/unidades-universitarias\/ctism\/wp-json\/wp\/v2\/comments?post=6374"}],"version-history":[{"count":0,"href":"https:\/\/www.ufsm.br\/unidades-universitarias\/ctism\/wp-json\/wp\/v2\/pages\/6374\/revisions"}],"wp:attachment":[{"href":"https:\/\/www.ufsm.br\/unidades-universitarias\/ctism\/wp-json\/wp\/v2\/media?parent=6374"}],"wp:term":[{"taxonomy":"category","embeddable":true,"href":"https:\/\/www.ufsm.br\/unidades-universitarias\/ctism\/wp-json\/wp\/v2\/categories?post=6374"},{"taxonomy":"post_tag","embeddable":true,"href":"https:\/\/www.ufsm.br\/unidades-universitarias\/ctism\/wp-json\/wp\/v2\/tags?post=6374"}],"curies":[{"name":"wp","href":"https:\/\/api.w.org\/{rel}","templated":true}]}}