{"id":6450,"date":"2021-11-10T09:37:27","date_gmt":"2021-11-10T12:37:27","guid":{"rendered":"https:\/\/www.ufsm.br\/unidades-universitarias\/ctism\/?page_id=6450"},"modified":"2021-11-10T09:37:29","modified_gmt":"2021-11-10T12:37:29","slug":"comissao-setorial-de-biosseguranca-cbio-ctism","status":"publish","type":"page","link":"https:\/\/www.ufsm.br\/unidades-universitarias\/ctism\/comissao-setorial-de-biosseguranca-cbio-ctism","title":{"rendered":"Comiss\u00e3o Setorial de Biosseguran\u00e7a &#8211; Cbio CTISM"},"content":{"rendered":"\n<p>A Universidade Federal de Santa Maria est\u00e1 ativa na execu\u00e7\u00e3o de a\u00e7\u00f5es, mobiliza\u00e7\u00e3o, lideran\u00e7a e articula\u00e7\u00e3o entre entidades e pessoas frente ao contexto de pandemia da Covid-19, que vem acontecendo desde mar\u00e7o de 2020.<\/p>\n<p>O cen\u00e1rio pand\u00eamico requer cuidados e responsabilidade de atua\u00e7\u00e3o. Tendo isso em vista, a UFSM, para manter sua\u00a0aten\u00e7\u00e3o e zelo com a sa\u00fade de seus servidores, estudantes e comunidade, criou a\u00a0Comiss\u00e3o de Biosseguran\u00e7a (CBio) e o Centro de Opera\u00e7\u00f5es de Emerg\u00eancia em Sa\u00fade para Educa\u00e7\u00e3o \u2013 COVID 19 \u2013 UFSM (COE-E UFSM). Ambos s\u00e3o \u00f3rg\u00e3os complementares e tempor\u00e1rios que est\u00e3o trabalhando para possibilitar a seguran\u00e7a da comunidade acad\u00eamica frente \u00e0 Pandemia Covid-19.\u00a0<\/p>\n<p>A CBio e o COE-E possuem car\u00e1ter consultivo, para auxiliar a gest\u00e3o da Universidade na tomada de decis\u00f5es durante o per\u00edodo da pandemia de Covid-19, sendo muito importantes dentro da Institui\u00e7\u00e3o, dada a gravidade da situa\u00e7\u00e3o pand\u00eamica global.<\/p>\n<p>\u00a0<\/p>\n<p><strong>Comiss\u00e3o Setorial de Biosseguran\u00e7a:<\/strong><\/p>\n<p>Foi criada com o intuito de<span style=\"color: initial\"> divulgar as normas no \u00e2mbito da Unidade de ensino, orientar a comunidade sobre os <\/span><span style=\"color: initial\">procedimentos de biosseguran\u00e7a durante o per\u00edodo de enfrentamento ao novo coronav\u00edrus e preparar a infraestrutura para a recep\u00e7\u00e3o da comunidade nas atividades presenciais.<\/span><\/p>\n<p>Contato: <a href=\"mailto:cbio@ctism.ufsm.br\">cbio@ctism.ufsm.br<\/a><\/p>\n<p>Equipe:<\/p>\n<p>Jos\u00e9 Ab\u00edlio Lima de Freitas<br \/>Diego Russowsky Mar\u00e7al<br \/>Fabio Teixeira Franciscato<br \/>Felipe Manzoni Siqueira<br \/>Fredi Zancan Ferrigolo<br \/>Maikel Guerra Bathaglini<br \/>Rafael Adaime Pinto<br \/>Tiago Ant\u00f4nio Rizzetti<\/p>\n<p>\u00a0<\/p>\n<p><strong>Informa\u00e7\u00f5es Relevantes:<\/strong><\/p>\n<p><a href=\"https:\/\/www.ufsm.br\/coronavirus\/cbio\/manual-de-biosseguranca\/\">Manual de Biosseguran\u00e7a da UFSM<\/a><\/p>\n<p><a href=\"https:\/\/www.ufsm.br\/app\/uploads\/sites\/360\/2021\/11\/Plano-de-Contingencia-CTISM-Revisao-final.pdf\">Plano de Conting\u00eancia do CTISM<\/a><\/p>\n<p><a href=\"https:\/\/www.ufsm.br\/coronavirus\/cbio\/videos\/\">Materiais Educativos<\/a>\u00a0<\/p>\n<p>Mais informa\u00e7\u00f5es podem ser obtidas no site do <a href=\"https:\/\/www.ufsm.br\/coronavirus\/cbio\/\">COE-E UFSM<\/a><\/p>\n","protected":false},"excerpt":{"rendered":"<p>A Universidade Federal de Santa Maria est\u00e1 ativa na execu\u00e7\u00e3o de a\u00e7\u00f5es, mobiliza\u00e7\u00e3o, lideran\u00e7a e articula\u00e7\u00e3o entre entidades e pessoas frente ao contexto de pandemia da Covid-19, que vem acontecendo desde mar\u00e7o de 2020. O cen\u00e1rio pand\u00eamico requer cuidados e responsabilidade de atua\u00e7\u00e3o. Tendo isso em vista, a UFSM, para manter sua\u00a0aten\u00e7\u00e3o e zelo com [&hellip;]<\/p>\n","protected":false},"author":1656,"featured_media":0,"parent":0,"menu_order":0,"comment_status":"closed","ping_status":"closed","template":"","meta":{"footnotes":""},"categories":[],"tags":[],"class_list":["post-6450","page","type-page","status-publish","hentry"],"acf":[],"_links":{"self":[{"href":"https:\/\/www.ufsm.br\/unidades-universitarias\/ctism\/wp-json\/wp\/v2\/pages\/6450","targetHints":{"allow":["GET"]}}],"collection":[{"href":"https:\/\/www.ufsm.br\/unidades-universitarias\/ctism\/wp-json\/wp\/v2\/pages"}],"about":[{"href":"https:\/\/www.ufsm.br\/unidades-universitarias\/ctism\/wp-json\/wp\/v2\/types\/page"}],"author":[{"embeddable":true,"href":"https:\/\/www.ufsm.br\/unidades-universitarias\/ctism\/wp-json\/wp\/v2\/users\/1656"}],"replies":[{"embeddable":true,"href":"https:\/\/www.ufsm.br\/unidades-universitarias\/ctism\/wp-json\/wp\/v2\/comments?post=6450"}],"version-history":[{"count":0,"href":"https:\/\/www.ufsm.br\/unidades-universitarias\/ctism\/wp-json\/wp\/v2\/pages\/6450\/revisions"}],"wp:attachment":[{"href":"https:\/\/www.ufsm.br\/unidades-universitarias\/ctism\/wp-json\/wp\/v2\/media?parent=6450"}],"wp:term":[{"taxonomy":"category","embeddable":true,"href":"https:\/\/www.ufsm.br\/unidades-universitarias\/ctism\/wp-json\/wp\/v2\/categories?post=6450"},{"taxonomy":"post_tag","embeddable":true,"href":"https:\/\/www.ufsm.br\/unidades-universitarias\/ctism\/wp-json\/wp\/v2\/tags?post=6450"}],"curies":[{"name":"wp","href":"https:\/\/api.w.org\/{rel}","templated":true}]}}