{"id":6657,"date":"2022-02-22T09:57:38","date_gmt":"2022-02-22T12:57:38","guid":{"rendered":"https:\/\/www.ufsm.br\/unidades-universitarias\/ctism\/?page_id=6657"},"modified":"2022-08-18T17:39:15","modified_gmt":"2022-08-18T20:39:15","slug":"horarios-1-2022","status":"publish","type":"page","link":"https:\/\/www.ufsm.br\/unidades-universitarias\/ctism\/horarios-1-2022","title":{"rendered":"Hor\u00e1rios 1\/2022"},"content":{"rendered":"\t\t<div data-elementor-type=\"wp-page\" data-elementor-id=\"6657\" class=\"elementor elementor-6657\">\n\t\t\t\t\t\t<section class=\"elementor-section elementor-top-section elementor-element elementor-element-f480b8d elementor-section-boxed elementor-section-height-default elementor-section-height-default\" data-id=\"f480b8d\" data-element_type=\"section\">\n\t\t\t\t\t\t<div class=\"elementor-container elementor-column-gap-default\">\n\t\t\t\t\t<div class=\"elementor-column elementor-col-100 elementor-top-column elementor-element elementor-element-d480935\" data-id=\"d480935\" data-element_type=\"column\">\n\t\t\t<div class=\"elementor-widget-wrap elementor-element-populated\">\n\t\t\t\t\t\t<div class=\"elementor-element elementor-element-17b68c3 elementor-widget elementor-widget-text-editor\" data-id=\"17b68c3\" data-element_type=\"widget\" data-widget_type=\"text-editor.default\">\n\t\t\t\t<div class=\"elementor-widget-container\">\n\t\t\t\t\t\t\t<h3 style=\"text-align: center\"><span style=\"font-family: verdana, geneva, sans-serif;color: #000000\">1\u00ba Semestre de 2022<\/span><\/h3>\n<p style=\"text-align: center\"><strong><span style=\"font-family: verdana, geneva, sans-serif;color: #ff0000\">Hor\u00e1rios atualizados em 25\/04\/2022, \u00e0s 09h45min\n<\/span><\/strong><\/p>\t\t\t\t\t\t<\/div>\n\t\t\t\t<\/div>\n\t\t\t\t\t<\/div>\n\t\t<\/div>\n\t\t\t\t\t<\/div>\n\t\t<\/section>\n\t\t\t\t<section class=\"elementor-section elementor-top-section elementor-element elementor-element-b9febc0 elementor-section-boxed elementor-section-height-default elementor-section-height-default\" data-id=\"b9febc0\" data-element_type=\"section\">\n\t\t\t\t\t\t<div class=\"elementor-container elementor-column-gap-default\">\n\t\t\t\t\t<div class=\"elementor-column elementor-col-50 elementor-top-column elementor-element elementor-element-5209f8a\" data-id=\"5209f8a\" data-element_type=\"column\">\n\t\t\t<div class=\"elementor-widget-wrap elementor-element-populated\">\n\t\t\t\t\t\t<div class=\"elementor-element elementor-element-9ecf702 elementor-widget elementor-widget-heading\" data-id=\"9ecf702\" data-element_type=\"widget\" data-widget_type=\"heading.default\">\n\t\t\t\t<div class=\"elementor-widget-container\">\n\t\t\t<h5 class=\"elementor-heading-title elementor-size-default\">Cursos T\u00e9cnicos Subsequentes<\/h5>\t\t<\/div>\n\t\t\t\t<\/div>\n\t\t\t\t<div class=\"elementor-element elementor-element-f741ae8 elementor-widget elementor-widget-text-editor\" data-id=\"f741ae8\" data-element_type=\"widget\" data-widget_type=\"text-editor.default\">\n\t\t\t\t<div class=\"elementor-widget-container\">\n\t\t\t\t\t\t\t<p><span style=\"font-family: verdana, geneva, sans-serif;color: #000000;font-size: 10pt\"><strong>T\u00e9cnico em Automa\u00e7\u00e3o Industrial<\/strong><\/span><\/p><p style=\"padding-left: 30px\"><span style=\"font-family: verdana, geneva, sans-serif;font-size: 10pt\"><a href=\"https:\/\/www.ufsm.br\/app\/uploads\/sites\/360\/2022\/03\/316.pdf\">Turma 316<\/a> &#8211; 2<span style=\"color: #000000\">\u00ba semestre <\/span><\/span><\/p><p style=\"padding-left: 30px\"><span style=\"font-family: verdana, geneva, sans-serif;font-size: 10pt\"><a href=\"https:\/\/www.ufsm.br\/app\/uploads\/sites\/360\/2022\/03\/336.pdf\">Turma 336<\/a> &#8211; 4<span style=\"color: #000000\">\u00ba semestre <\/span><\/span><\/p><p><span style=\"color: #000000;font-family: verdana, geneva, sans-serif;font-size: 10pt\"><strong>T\u00e9cnico em Eletromec\u00e2nica<\/strong><\/span><\/p><p style=\"padding-left: 30px\"><span style=\"font-family: verdana, geneva, sans-serif;font-size: 10pt\"><a href=\"https:\/\/www.ufsm.br\/app\/uploads\/sites\/360\/2022\/03\/317.pdf\">Turma 317<\/a> &#8211; 2<span style=\"color: #000000\">\u00ba semestre <\/span><\/span><\/p><p style=\"padding-left: 30px\"><span style=\"font-family: verdana, geneva, sans-serif;font-size: 10pt\"><a href=\"https:\/\/www.ufsm.br\/app\/uploads\/sites\/360\/2022\/03\/337.pdf\">Turma 337<\/a> &#8211; 4<span style=\"color: #000000\">\u00ba semestre <\/span><\/span><\/p><p><span style=\"color: #000000;font-size: 10pt\"><strong><span style=\"font-family: verdana, geneva, sans-serif\">T\u00e9cnico em Eletr\u00f4nica<\/span><\/strong><\/span><\/p><p style=\"padding-left: 30px\"><span style=\"font-family: verdana, geneva, sans-serif;font-size: 10pt\"><a href=\"https:\/\/www.ufsm.br\/app\/uploads\/sites\/360\/2022\/03\/319.pdf\">Turma-319<\/a> &#8211; 2<span style=\"color: #000000\">\u00ba semestre <\/span><\/span><\/p><p style=\"padding-left: 30px\"><span style=\"font-family: verdana, geneva, sans-serif;font-size: 10pt\"><a href=\"https:\/\/www.ufsm.br\/app\/uploads\/sites\/360\/2022\/03\/339.pdf\">Turma 339<\/a> &#8211; 4<span style=\"color: #000000\">\u00ba semestre <\/span><\/span><\/p><p><span style=\"font-family: verdana, geneva, sans-serif;color: #000000;font-size: 10pt\"><strong>T\u00e9cnico em Eletrot\u00e9cnica<\/strong><\/span><\/p><p style=\"padding-left: 30px\"><span style=\"font-family: verdana, geneva, sans-serif;font-size: 10pt\"><a href=\"https:\/\/www.ufsm.br\/app\/uploads\/sites\/360\/2022\/03\/311.pdf\">Turma-311<\/a> &#8211; 2<span style=\"color: #000000\">\u00ba semestre<\/span><\/span><\/p><p style=\"padding-left: 30px\"><span style=\"font-family: verdana, geneva, sans-serif;font-size: 10pt\"><a href=\"https:\/\/www.ufsm.br\/app\/uploads\/sites\/360\/2022\/03\/331.pdf\">Turma 331<\/a> &#8211; 4<span style=\"color: #000000\">\u00ba semestre <\/span><\/span><\/p><p><span style=\"font-family: verdana, geneva, sans-serif;color: #000000;font-size: 10pt\"><strong>T\u00e9cnico em Mec\u00e2nica<\/strong><\/span><\/p><p style=\"padding-left: 30px\"><span style=\"font-family: verdana, geneva, sans-serif;font-size: 10pt\"><a href=\"https:\/\/www.ufsm.br\/app\/uploads\/sites\/360\/2022\/03\/312.pdf\">Turma 312<\/a> &#8211; 2\u00ba semestre<\/span><\/p><p style=\"padding-left: 30px\"><span style=\"font-family: verdana, geneva, sans-serif;font-size: 10pt\"><a href=\"https:\/\/www.ufsm.br\/app\/uploads\/sites\/360\/2022\/03\/332.pdf\">Turma 332<\/a> &#8211; 4\u00ba semestre<\/span><\/p><p><span style=\"font-family: verdana, geneva, sans-serif;color: #000000;font-size: 10pt\"><strong>T\u00e9cnico em Seguran\u00e7a do Trabalho<\/strong><\/span><\/p><p style=\"padding-left: 30px\"><span style=\"font-size: 10pt;font-family: verdana, geneva, sans-serif\"><a href=\"https:\/\/www.ufsm.br\/app\/uploads\/sites\/360\/2022\/03\/315.pdf\">Turma 315<\/a> &#8211; 2\u00ba semestre<\/span><\/p><p style=\"padding-left: 30px\"><span style=\"font-size: 10pt;font-family: verdana, geneva, sans-serif\"><a href=\"https:\/\/www.ufsm.br\/app\/uploads\/sites\/360\/2022\/03\/335.pdf\">Turma 335<\/a> &#8211; 4\u00ba semestre<\/span><\/p><p><span style=\"font-family: verdana, geneva, sans-serif;color: #000000;font-size: 10pt\"><strong>T\u00e9cnico em Soldagem<\/strong><\/span><\/p><p style=\"padding-left: 30px\"><span style=\"font-family: verdana, geneva, sans-serif;font-size: 10pt\"><a href=\"https:\/\/www.ufsm.br\/app\/uploads\/sites\/360\/2022\/03\/314.pdf\">Turma 314<\/a> &#8211; 2\u00ba semestre<\/span><\/p><p style=\"padding-left: 30px\"><span style=\"font-family: verdana, geneva, sans-serif;font-size: 10pt\"><a href=\"https:\/\/www.ufsm.br\/app\/uploads\/sites\/360\/2022\/03\/334.pdf\">Turma 334<\/a> &#8211; 4\u00ba semestre <\/span><\/p>\t\t\t\t\t\t<\/div>\n\t\t\t\t<\/div>\n\t\t\t\t\t<\/div>\n\t\t<\/div>\n\t\t\t\t<div class=\"elementor-column elementor-col-50 elementor-top-column elementor-element elementor-element-68e4467\" data-id=\"68e4467\" data-element_type=\"column\">\n\t\t\t<div class=\"elementor-widget-wrap elementor-element-populated\">\n\t\t\t\t\t\t<div class=\"elementor-element elementor-element-3f3aa85 elementor-widget elementor-widget-heading\" data-id=\"3f3aa85\" data-element_type=\"widget\" data-widget_type=\"heading.default\">\n\t\t\t\t<div class=\"elementor-widget-container\">\n\t\t\t<h5 class=\"elementor-heading-title elementor-size-default\">Cursos T\u00e9cnicos Integrados <\/h5>\t\t<\/div>\n\t\t\t\t<\/div>\n\t\t\t\t<div class=\"elementor-element elementor-element-0d7b2f0 elementor-widget elementor-widget-text-editor\" data-id=\"0d7b2f0\" data-element_type=\"widget\" data-widget_type=\"text-editor.default\">\n\t\t\t\t<div class=\"elementor-widget-container\">\n\t\t\t\t\t\t\t<p><span style=\"font-family: verdana, geneva, sans-serif;color: #000000;font-size: 10pt\"><strong>T\u00e9cnico em Eletrot\u00e9cnica<\/strong><\/span><\/p><p style=\"padding-left: 30px\"><span style=\"font-family: verdana, geneva, sans-serif;font-size: 10pt\"><a href=\"https:\/\/www.ufsm.br\/app\/uploads\/sites\/360\/2022\/05\/411.pdf\">Turma 411<\/a> &#8211; 1\u00ba ano<\/span><\/p><p style=\"padding-left: 30px\"><span style=\"font-family: verdana, geneva, sans-serif;font-size: 10pt\"><a href=\"https:\/\/www.ufsm.br\/app\/uploads\/sites\/360\/2022\/05\/421-5.pdf\">Turma 421<\/a> &#8211; 2\u00ba ano<\/span><\/p><p style=\"padding-left: 30px\"><span style=\"font-family: verdana, geneva, sans-serif;font-size: 10pt\"><a href=\"https:\/\/www.ufsm.br\/app\/uploads\/sites\/360\/2022\/03\/431.pdf\">Turma 431<\/a> &#8211; 3\u00ba ano <\/span><\/p><p><span style=\"font-family: verdana, geneva, sans-serif;color: #000000;font-size: 10pt\"><strong>T\u00e9cnico em Inform\u00e1tica para Internet<\/strong><\/span><\/p><p style=\"padding-left: 30px\"><span style=\"font-family: verdana, geneva, sans-serif;color: #000000;font-size: 10pt\"><a href=\"https:\/\/www.ufsm.br\/app\/uploads\/sites\/360\/2022\/03\/413.pdf\">Turma 413<\/a> &#8211; 1\u00ba ano<\/span><\/p><p style=\"padding-left: 30px\"><span style=\"font-family: verdana, geneva, sans-serif;color: #000000;font-size: 10pt\"><a href=\"https:\/\/www.ufsm.br\/app\/uploads\/sites\/360\/2022\/03\/423.pdf\">Turma 423<\/a> &#8211; 2\u00ba ano<\/span><\/p><p style=\"padding-left: 30px\"><span style=\"font-size: 10pt\"><span style=\"font-family: verdana, geneva, sans-serif;color: #000000\"><a href=\"https:\/\/www.ufsm.br\/app\/uploads\/sites\/360\/2022\/03\/433.pdf\">Turma 433<\/a> &#8211; 3\u00ba ano<\/span> <\/span><\/p><p><span style=\"font-family: verdana, geneva, sans-serif;color: #000000;font-size: 10pt\"><strong>T\u00e9cnico em Mec\u00e2nica<\/strong><\/span><\/p><p style=\"padding-left: 30px\"><span style=\"font-family: verdana, geneva, sans-serif;color: #000000;font-size: 10pt\"><a href=\"https:\/\/www.ufsm.br\/app\/uploads\/sites\/360\/2022\/03\/412.pdf\">Turma 412<\/a> &#8211; 1\u00ba ano<\/span><\/p><p style=\"padding-left: 30px\"><span style=\"font-family: verdana, geneva, sans-serif;color: #000000;font-size: 10pt\"><a href=\"https:\/\/www.ufsm.br\/app\/uploads\/sites\/360\/2022\/03\/422.pdf\">Turma 422<\/a> &#8211; 2\u00ba ano<\/span><\/p><p style=\"padding-left: 30px\"><span style=\"font-family: verdana, geneva, sans-serif;color: #000000;font-size: 10pt\"><a href=\"https:\/\/www.ufsm.br\/app\/uploads\/sites\/360\/2022\/04\/432-novo2.pdf\">Turma 432<\/a> &#8211; 3\u00ba ano<\/span><\/p><p><span style=\"font-family: verdana, geneva, sans-serif;color: #000000;font-size: 10pt\"><strong>T\u00e9cnico em Eletromec\u00e2nica (PROEJA)<\/strong><\/span><\/p><p style=\"padding-left: 30px\"><span style=\"font-family: verdana, geneva, sans-serif;color: #000000;font-size: 10pt\"><a href=\"https:\/\/www.ufsm.br\/app\/uploads\/sites\/360\/2022\/03\/318.pdf\">Turma 318<\/a> &#8211; 2\u00ba semestre<br \/><\/span><\/p><p style=\"padding-left: 30px\"><span style=\"font-family: verdana, geneva, sans-serif;color: #000000;font-size: 10pt\"><a href=\"https:\/\/www.ufsm.br\/app\/uploads\/sites\/360\/2022\/03\/338.pdf\">Turma 338<\/a> &#8211; 4\u00ba semestre<\/span><\/p><p style=\"padding-left: 30px\"><span style=\"font-family: verdana, geneva, sans-serif;color: #000000;font-size: 10pt\"><a href=\"https:\/\/www.ufsm.br\/app\/uploads\/sites\/360\/2022\/03\/358.pdf\">Turma 358<\/a> &#8211; 6\u00ba semestre<br \/><\/span><\/p>\t\t\t\t\t\t<\/div>\n\t\t\t\t<\/div>\n\t\t\t\t<div class=\"elementor-element elementor-element-b9791e2 elementor-widget elementor-widget-heading\" data-id=\"b9791e2\" data-element_type=\"widget\" data-widget_type=\"heading.default\">\n\t\t\t\t<div class=\"elementor-widget-container\">\n\t\t\t<h5 class=\"elementor-heading-title elementor-size-default\">Cursos Superiores de Tecnologia <\/h5>\t\t<\/div>\n\t\t\t\t<\/div>\n\t\t\t\t<section class=\"elementor-section elementor-inner-section elementor-element elementor-element-3af2532 elementor-section-boxed elementor-section-height-default elementor-section-height-default\" data-id=\"3af2532\" data-element_type=\"section\">\n\t\t\t\t\t\t<div class=\"elementor-container elementor-column-gap-default\">\n\t\t\t\t\t<div class=\"elementor-column elementor-col-50 elementor-inner-column elementor-element elementor-element-dceb655\" data-id=\"dceb655\" data-element_type=\"column\">\n\t\t\t<div class=\"elementor-widget-wrap elementor-element-populated\">\n\t\t\t\t\t\t<div class=\"elementor-element elementor-element-3b249b6 elementor-widget elementor-widget-text-editor\" data-id=\"3b249b6\" data-element_type=\"widget\" data-widget_type=\"text-editor.default\">\n\t\t\t\t<div class=\"elementor-widget-container\">\n\t\t\t\t\t\t\t<p style=\"padding-left: 30px\"><span style=\"font-family: verdana, geneva, sans-serif;font-size: 10pt\"><a href=\"https:\/\/www.ufsm.br\/app\/uploads\/sites\/360\/2022\/04\/eletronica-novo.pdf\"><span style=\"font-family: verdana, geneva, sans-serif;font-size: 10pt\"><strong>Eletr\u00f4nica Industrial<\/strong><\/span><\/a><\/span><\/p>\n<p style=\"padding-left: 30px\"><span style=\"font-family: verdana, geneva, sans-serif;font-size: 10pt\"><a href=\"https:\/\/www.ufsm.br\/app\/uploads\/sites\/360\/2022\/04\/fab_mec-novo-1.pdf\"><span style=\"font-family: verdana, geneva, sans-serif;font-size: 10pt\"><strong>Fabrica\u00e7\u00e3o Mec\u00e2nica<\/strong><\/span><\/a><\/span><\/p>\n<p style=\"padding-left: 30px\"><span style=\"font-family: verdana, geneva, sans-serif;font-size: 10pt\"><a href=\"https:\/\/www.ufsm.br\/app\/uploads\/sites\/360\/2022\/04\/redes-novo.pdf\"><span style=\"font-family: verdana, geneva, sans-serif;font-size: 10pt\"><strong>Redes de Computadores<\/strong><\/span><\/a><\/span><\/p>\n<p style=\"padding-left: 30px\"><\/p>\t\t\t\t\t\t<\/div>\n\t\t\t\t<\/div>\n\t\t\t\t\t<\/div>\n\t\t<\/div>\n\t\t\t\t<div class=\"elementor-column elementor-col-50 elementor-inner-column elementor-element elementor-element-0de7fbc\" data-id=\"0de7fbc\" data-element_type=\"column\">\n\t\t\t<div class=\"elementor-widget-wrap\">\n\t\t\t\t\t\t\t<\/div>\n\t\t<\/div>\n\t\t\t\t\t<\/div>\n\t\t<\/section>\n\t\t\t\t\t<\/div>\n\t\t<\/div>\n\t\t\t\t\t<\/div>\n\t\t<\/section>\n\t\t\t\t<\/div>\n\t\t","protected":false},"excerpt":{"rendered":"<p>1\u00ba Semestre de 2022 Hor\u00e1rios atualizados em 25\/04\/2022, \u00e0s 09h45min Cursos T\u00e9cnicos Subsequentes T\u00e9cnico em Automa\u00e7\u00e3o Industrial Turma 316 &#8211; 2\u00ba semestre Turma 336 &#8211; 4\u00ba semestre T\u00e9cnico em Eletromec\u00e2nica Turma 317 &#8211; 2\u00ba semestre Turma 337 &#8211; 4\u00ba semestre T\u00e9cnico em Eletr\u00f4nica Turma-319 &#8211; 2\u00ba semestre Turma 339 &#8211; 4\u00ba semestre T\u00e9cnico em Eletrot\u00e9cnica [&hellip;]<\/p>\n","protected":false},"author":1954,"featured_media":0,"parent":0,"menu_order":0,"comment_status":"closed","ping_status":"closed","template":"","meta":{"footnotes":""},"categories":[],"tags":[],"class_list":["post-6657","page","type-page","status-publish","hentry"],"acf":[],"_links":{"self":[{"href":"https:\/\/www.ufsm.br\/unidades-universitarias\/ctism\/wp-json\/wp\/v2\/pages\/6657","targetHints":{"allow":["GET"]}}],"collection":[{"href":"https:\/\/www.ufsm.br\/unidades-universitarias\/ctism\/wp-json\/wp\/v2\/pages"}],"about":[{"href":"https:\/\/www.ufsm.br\/unidades-universitarias\/ctism\/wp-json\/wp\/v2\/types\/page"}],"author":[{"embeddable":true,"href":"https:\/\/www.ufsm.br\/unidades-universitarias\/ctism\/wp-json\/wp\/v2\/users\/1954"}],"replies":[{"embeddable":true,"href":"https:\/\/www.ufsm.br\/unidades-universitarias\/ctism\/wp-json\/wp\/v2\/comments?post=6657"}],"version-history":[{"count":0,"href":"https:\/\/www.ufsm.br\/unidades-universitarias\/ctism\/wp-json\/wp\/v2\/pages\/6657\/revisions"}],"wp:attachment":[{"href":"https:\/\/www.ufsm.br\/unidades-universitarias\/ctism\/wp-json\/wp\/v2\/media?parent=6657"}],"wp:term":[{"taxonomy":"category","embeddable":true,"href":"https:\/\/www.ufsm.br\/unidades-universitarias\/ctism\/wp-json\/wp\/v2\/categories?post=6657"},{"taxonomy":"post_tag","embeddable":true,"href":"https:\/\/www.ufsm.br\/unidades-universitarias\/ctism\/wp-json\/wp\/v2\/tags?post=6657"}],"curies":[{"name":"wp","href":"https:\/\/api.w.org\/{rel}","templated":true}]}}