{"id":945,"date":"2018-09-24T18:12:55","date_gmt":"2018-09-24T21:12:55","guid":{"rendered":"https:\/\/www.ufsm.br\/unidades-universitarias\/ctism\/?page_id=945"},"modified":"2021-02-18T09:45:08","modified_gmt":"2021-02-18T12:45:08","slug":"projeto-talian","status":"publish","type":"page","link":"https:\/\/www.ufsm.br\/unidades-universitarias\/ctism\/projeto-talian","title":{"rendered":"Projeto Talian"},"content":{"rendered":"\t\t<div data-elementor-type=\"wp-page\" data-elementor-id=\"945\" class=\"elementor elementor-945\">\n\t\t\t\t\t\t<section class=\"elementor-section elementor-top-section elementor-element elementor-element-58cf255c elementor-section-boxed elementor-section-height-default elementor-section-height-default\" data-id=\"58cf255c\" data-element_type=\"section\">\n\t\t\t\t\t\t<div class=\"elementor-container elementor-column-gap-default\">\n\t\t\t\t\t<div class=\"elementor-column elementor-col-100 elementor-top-column elementor-element elementor-element-173aa352\" data-id=\"173aa352\" data-element_type=\"column\">\n\t\t\t<div class=\"elementor-widget-wrap elementor-element-populated\">\n\t\t\t\t\t\t<div class=\"elementor-element elementor-element-ded0251 elementor-widget elementor-widget-text-editor\" data-id=\"ded0251\" data-element_type=\"widget\" data-widget_type=\"text-editor.default\">\n\t\t\t\t<div class=\"elementor-widget-container\">\n\t\t\t\t\t\t\t<span style=\"font-family: verdana, geneva, sans-serif\">O projeto teve in\u00edcio em setembro de 2017 e conta com uma equipe multidisciplinar composta por professores, t\u00e9cnico-administrativos e alunos de diferentes \u00e1reas da UFSM e CTISM, al\u00e9m de membros externos \u00e0 UFSM, inseridos no contexto hist\u00f3rico-lingu\u00edstico-cultural da Quarta Col\u00f4nia.<\/span><br \/><br \/>\n\n\n\n<a href=\"https:\/\/www.ufsm.br\/unidades-universitarias\/ctism\/talian\/\"><span style=\"font-family: verdana, geneva, sans-serif\">P\u00e1gina Projeto Talian<\/span><\/a>\t\t\t\t\t\t<\/div>\n\t\t\t\t<\/div>\n\t\t\t\t\t<\/div>\n\t\t<\/div>\n\t\t\t\t\t<\/div>\n\t\t<\/section>\n\t\t\t\t<\/div>\n\t\t","protected":false},"excerpt":{"rendered":"<p>O projeto teve in\u00edcio em setembro de 2017 e conta com uma equipe multidisciplinar composta por professores, t\u00e9cnico-administrativos e alunos de diferentes \u00e1reas da UFSM e CTISM, al\u00e9m de membros externos \u00e0 UFSM, inseridos no contexto hist\u00f3rico-lingu\u00edstico-cultural da Quarta Col\u00f4nia. P\u00e1gina Projeto Talian<\/p>\n","protected":false},"author":115,"featured_media":0,"parent":0,"menu_order":0,"comment_status":"closed","ping_status":"closed","template":"","meta":{"footnotes":""},"categories":[],"tags":[],"class_list":["post-945","page","type-page","status-publish","hentry"],"acf":[],"_links":{"self":[{"href":"https:\/\/www.ufsm.br\/unidades-universitarias\/ctism\/wp-json\/wp\/v2\/pages\/945","targetHints":{"allow":["GET"]}}],"collection":[{"href":"https:\/\/www.ufsm.br\/unidades-universitarias\/ctism\/wp-json\/wp\/v2\/pages"}],"about":[{"href":"https:\/\/www.ufsm.br\/unidades-universitarias\/ctism\/wp-json\/wp\/v2\/types\/page"}],"author":[{"embeddable":true,"href":"https:\/\/www.ufsm.br\/unidades-universitarias\/ctism\/wp-json\/wp\/v2\/users\/115"}],"replies":[{"embeddable":true,"href":"https:\/\/www.ufsm.br\/unidades-universitarias\/ctism\/wp-json\/wp\/v2\/comments?post=945"}],"version-history":[{"count":0,"href":"https:\/\/www.ufsm.br\/unidades-universitarias\/ctism\/wp-json\/wp\/v2\/pages\/945\/revisions"}],"wp:attachment":[{"href":"https:\/\/www.ufsm.br\/unidades-universitarias\/ctism\/wp-json\/wp\/v2\/media?parent=945"}],"wp:term":[{"taxonomy":"category","embeddable":true,"href":"https:\/\/www.ufsm.br\/unidades-universitarias\/ctism\/wp-json\/wp\/v2\/categories?post=945"},{"taxonomy":"post_tag","embeddable":true,"href":"https:\/\/www.ufsm.br\/unidades-universitarias\/ctism\/wp-json\/wp\/v2\/tags?post=945"}],"curies":[{"name":"wp","href":"https:\/\/api.w.org\/{rel}","templated":true}]}}