{"id":9981,"date":"2024-10-25T10:59:37","date_gmt":"2024-10-25T13:59:37","guid":{"rendered":"https:\/\/www.ufsm.br\/unidades-universitarias\/ctism\/?page_id=9981"},"modified":"2025-04-17T20:03:36","modified_gmt":"2025-04-17T23:03:36","slug":"ctism-news","status":"publish","type":"page","link":"https:\/\/www.ufsm.br\/unidades-universitarias\/ctism\/ctism-news","title":{"rendered":"CTISM NEWS"},"content":{"rendered":"\t\t<div data-elementor-type=\"wp-page\" data-elementor-id=\"9981\" class=\"elementor elementor-9981\">\n\t\t\t\t\t\t<section class=\"elementor-section elementor-top-section elementor-element elementor-element-6f67e46 elementor-section-boxed elementor-section-height-default elementor-section-height-default\" data-id=\"6f67e46\" data-element_type=\"section\">\n\t\t\t\t\t\t<div class=\"elementor-container elementor-column-gap-default\">\n\t\t\t\t\t<div class=\"elementor-column elementor-col-100 elementor-top-column elementor-element elementor-element-ad7fd9d\" data-id=\"ad7fd9d\" data-element_type=\"column\">\n\t\t\t<div class=\"elementor-widget-wrap elementor-element-populated\">\n\t\t\t\t\t\t<div class=\"elementor-element elementor-element-86fecd5 elementor-widget elementor-widget-heading\" data-id=\"86fecd5\" data-element_type=\"widget\" data-widget_type=\"heading.default\">\n\t\t\t\t<div class=\"elementor-widget-container\">\n\t\t\t<h2 class=\"elementor-heading-title elementor-size-default\">EDI\u00c7\u00c3O 11 - ABRIL 2025<\/h2>\t\t<\/div>\n\t\t\t\t<\/div>\n\t\t\t\t<div class=\"elementor-element elementor-element-c5218da elementor-widget-divider--view-line elementor-widget elementor-widget-divider\" data-id=\"c5218da\" data-element_type=\"widget\" data-widget_type=\"divider.default\">\n\t\t\t\t<div class=\"elementor-widget-container\">\n\t\t\t\t\t<div class=\"elementor-divider\">\n\t\t\t<span class=\"elementor-divider-separator\">\n\t\t\t\t\t\t<\/span>\n\t\t<\/div>\n\t\t\t\t<\/div>\n\t\t\t\t<\/div>\n\t\t\t\t<div class=\"elementor-element elementor-element-a5f122a elementor-arrows-position-outside elementor-pagination-position-outside elementor-widget elementor-widget-image-carousel\" data-id=\"a5f122a\" data-element_type=\"widget\" data-settings=\"{&quot;slides_to_show&quot;:&quot;1&quot;,&quot;navigation&quot;:&quot;both&quot;,&quot;infinite&quot;:&quot;yes&quot;,&quot;effect&quot;:&quot;slide&quot;,&quot;speed&quot;:500}\" data-widget_type=\"image-carousel.default\">\n\t\t\t\t<div class=\"elementor-widget-container\">\n\t\t\t\t\t<div class=\"elementor-image-carousel-wrapper swiper\" dir=\"ltr\">\n\t\t\t<div class=\"elementor-image-carousel swiper-wrapper swiper-image-stretch\" aria-live=\"polite\">\n\t\t\t\t\t\t\t\t<div class=\"swiper-slide\" role=\"group\" aria-roledescription=\"slide\" aria-label=\"1 of 2\"><a data-elementor-open-lightbox=\"yes\" data-elementor-lightbox-slideshow=\"a5f122a\" data-elementor-lightbox-title=\"1\" data-e-action-hash=\"#elementor-action%3Aaction%3Dlightbox%26settings%3DeyJpZCI6IjEwNTI5IiwidXJsIjoiaHR0cHM6XC9cL3d3dy51ZnNtLmJyXC9hcHBcL3VwbG9hZHNcL3NpdGVzXC8zNjBcLzIwMjVcLzA0XC8xLTEuanBnIiwic2xpZGVzaG93IjoiYTVmMTIyYSJ9\" href=\"https:\/\/www.ufsm.br\/app\/uploads\/sites\/360\/2025\/04\/CTISM-NEWS-ed.-11.pdf\" target=\"_blank\"><figure class=\"swiper-slide-inner\"><img decoding=\"async\" class=\"swiper-slide-image\" src=\"https:\/\/www.ufsm.br\/app\/uploads\/sites\/360\/2025\/04\/1-1.jpg\" alt=\"1\" \/><\/figure><\/a><\/div><div class=\"swiper-slide\" role=\"group\" aria-roledescription=\"slide\" aria-label=\"2 of 2\"><a data-elementor-open-lightbox=\"yes\" data-elementor-lightbox-slideshow=\"a5f122a\" data-elementor-lightbox-title=\"2\" data-e-action-hash=\"#elementor-action%3Aaction%3Dlightbox%26settings%3DeyJpZCI6IjEwNTI4IiwidXJsIjoiaHR0cHM6XC9cL3d3dy51ZnNtLmJyXC9hcHBcL3VwbG9hZHNcL3NpdGVzXC8zNjBcLzIwMjVcLzA0XC8yLTEuanBnIiwic2xpZGVzaG93IjoiYTVmMTIyYSJ9\" href=\"https:\/\/www.ufsm.br\/app\/uploads\/sites\/360\/2025\/04\/CTISM-NEWS-ed.-11.pdf\" target=\"_blank\"><figure class=\"swiper-slide-inner\"><img decoding=\"async\" class=\"swiper-slide-image\" src=\"https:\/\/www.ufsm.br\/app\/uploads\/sites\/360\/2025\/04\/2-1.jpg\" alt=\"2\" \/><\/figure><\/a><\/div>\t\t\t<\/div>\n\t\t\t\t\t\t\t\t\t\t\t\t<div class=\"elementor-swiper-button elementor-swiper-button-prev\" role=\"button\" tabindex=\"0\">\n\t\t\t\t\t\t<i aria-hidden=\"true\" class=\"eicon-chevron-left\"><\/i>\t\t\t\t\t<\/div>\n\t\t\t\t\t<div class=\"elementor-swiper-button elementor-swiper-button-next\" role=\"button\" tabindex=\"0\">\n\t\t\t\t\t\t<i aria-hidden=\"true\" class=\"eicon-chevron-right\"><\/i>\t\t\t\t\t<\/div>\n\t\t\t\t\n\t\t\t\t\t\t\t\t\t<div class=\"swiper-pagination\"><\/div>\n\t\t\t\t\t\t\t\t\t<\/div>\n\t\t\t\t<\/div>\n\t\t\t\t<\/div>\n\t\t\t\t<div class=\"elementor-element elementor-element-8763d99 elementor-widget-divider--view-line elementor-widget elementor-widget-divider\" data-id=\"8763d99\" data-element_type=\"widget\" data-widget_type=\"divider.default\">\n\t\t\t\t<div class=\"elementor-widget-container\">\n\t\t\t\t\t<div class=\"elementor-divider\">\n\t\t\t<span class=\"elementor-divider-separator\">\n\t\t\t\t\t\t<\/span>\n\t\t<\/div>\n\t\t\t\t<\/div>\n\t\t\t\t<\/div>\n\t\t\t\t<section class=\"elementor-section elementor-inner-section elementor-element elementor-element-922327c elementor-section-boxed elementor-section-height-default elementor-section-height-default\" data-id=\"922327c\" data-element_type=\"section\">\n\t\t\t\t\t\t<div class=\"elementor-container elementor-column-gap-default\">\n\t\t\t\t\t<div class=\"elementor-column elementor-col-50 elementor-inner-column elementor-element elementor-element-4ecf6f9\" data-id=\"4ecf6f9\" data-element_type=\"column\">\n\t\t\t<div class=\"elementor-widget-wrap elementor-element-populated\">\n\t\t\t\t\t\t<div class=\"elementor-element elementor-element-9e4ce16 elementor-widget elementor-widget-text-editor\" data-id=\"9e4ce16\" data-element_type=\"widget\" data-widget_type=\"text-editor.default\">\n\t\t\t\t<div class=\"elementor-widget-container\">\n\t\t\t\t\t\t\t<ul><li><a href=\"https:\/\/www.ufsm.br\/app\/uploads\/sites\/360\/2025\/03\/CTISM-NEWS-ed.-09.pdf\" target=\"_blank\" rel=\"noopener\"><strong>EDI\u00c7\u00c3O 09 &#8211; MAR\u00c7O 2025<\/strong><\/a><\/li><li><strong><a href=\"https:\/\/www.ufsm.br\/app\/uploads\/sites\/360\/2025\/04\/CTISM-NEWS-ed.-10.pdf\">EDI\u00c7\u00c3O 10 &#8211; MAR\u00c7O 2025<\/a><\/strong><\/li><li><strong><a href=\"https:\/\/www.ufsm.br\/app\/uploads\/sites\/360\/2025\/04\/CTISM-NEWS-ed.-11.pdf\">EDI\u00c7\u00c3O 11 &#8211; ABRIL 2025<\/a><\/strong><\/li><\/ul>\t\t\t\t\t\t<\/div>\n\t\t\t\t<\/div>\n\t\t\t\t\t<\/div>\n\t\t<\/div>\n\t\t\t\t<div class=\"elementor-column elementor-col-50 elementor-inner-column elementor-element elementor-element-8042a19\" data-id=\"8042a19\" data-element_type=\"column\">\n\t\t\t<div class=\"elementor-widget-wrap elementor-element-populated\">\n\t\t\t\t\t\t<div class=\"elementor-element elementor-element-34dc8e8 elementor-widget elementor-widget-text-editor\" data-id=\"34dc8e8\" data-element_type=\"widget\" data-widget_type=\"text-editor.default\">\n\t\t\t\t<div class=\"elementor-widget-container\">\n\t\t\t\t\t\t\t<ul><li><a href=\"https:\/\/www.ufsm.br\/app\/uploads\/sites\/360\/2024\/10\/CTISM-NEWS-ed.-01.pdf\" target=\"_blank\" rel=\"noopener\"><strong>EDI\u00c7\u00c3O 01 &#8211; SETEMBRO 2024<\/strong><\/a><\/li><li><a href=\"https:\/\/www.ufsm.br\/app\/uploads\/sites\/360\/2024\/10\/CTISM-NEWS-ed.-02.pdf\" target=\"_blank\" rel=\"noopener\"><strong>EDI\u00c7\u00c3O 02 &#8211; SETEMBRO 2024<\/strong><\/a><\/li><li><a href=\"https:\/\/www.ufsm.br\/app\/uploads\/sites\/360\/2024\/10\/CTISM-NEWS-ed.-03.pdf\" target=\"_blank\" rel=\"noopener\"><strong>EDI\u00c7\u00c3O 03 &#8211; OUTUBRO 2024<\/strong><\/a><\/li><li><a href=\"https:\/\/www.ufsm.br\/app\/uploads\/sites\/360\/2024\/11\/CTISM-NEWS-ed.-04.pdf\" target=\"_blank\" rel=\"noopener\"><strong>EDI\u00c7\u00c3O 04 &#8211; OUTUBRO 2024<\/strong><\/a><\/li><li><a href=\"https:\/\/www.ufsm.br\/app\/uploads\/sites\/360\/2024\/11\/CTISM-NEWS-ed.-05.pdf\" target=\"_blank\" rel=\"noopener\"><strong>EDI\u00c7\u00c3O 05 &#8211; NOVEMBRO 2024<\/strong><\/a><\/li><li><a href=\"https:\/\/www.ufsm.br\/app\/uploads\/sites\/360\/2024\/11\/CTISM-NEWS-ed.-06.pdf\" target=\"_blank\" rel=\"noopener\"><strong>EDI\u00c7\u00c3O 06 &#8211; NOVEMBRO 2024<\/strong><\/a><\/li><li><a href=\"https:\/\/www.ufsm.br\/app\/uploads\/sites\/360\/2024\/12\/CTISM-NEWS-ed.-07.pdf\" target=\"_blank\" rel=\"noopener\"><strong>EDI\u00c7\u00c3O 07 &#8211; DEZEMBRO 2024<\/strong><\/a><\/li><li><a href=\"https:\/\/www.ufsm.br\/app\/uploads\/sites\/360\/2024\/12\/CTISM-NEWS-ed.-08.pdf\" target=\"_blank\" rel=\"noopener\" data-wplink-edit=\"true\"><strong>EDI\u00c7\u00c3O 08 &#8211; DEZEMBRO 2024<\/strong><\/a><\/li><\/ul>\t\t\t\t\t\t<\/div>\n\t\t\t\t<\/div>\n\t\t\t\t\t<\/div>\n\t\t<\/div>\n\t\t\t\t\t<\/div>\n\t\t<\/section>\n\t\t\t\t\t<\/div>\n\t\t<\/div>\n\t\t\t\t\t<\/div>\n\t\t<\/section>\n\t\t\t\t<\/div>\n\t\t","protected":false},"excerpt":{"rendered":"<p>EDI\u00c7\u00c3O 11 &#8211; ABRIL 2025 EDI\u00c7\u00c3O 09 &#8211; MAR\u00c7O 2025 EDI\u00c7\u00c3O 10 &#8211; MAR\u00c7O 2025 EDI\u00c7\u00c3O 11 &#8211; ABRIL 2025 EDI\u00c7\u00c3O 01 &#8211; SETEMBRO 2024 EDI\u00c7\u00c3O 02 &#8211; SETEMBRO 2024 EDI\u00c7\u00c3O 03 &#8211; OUTUBRO 2024 EDI\u00c7\u00c3O 04 &#8211; OUTUBRO 2024 EDI\u00c7\u00c3O 05 &#8211; NOVEMBRO 2024 EDI\u00c7\u00c3O 06 &#8211; NOVEMBRO 2024 EDI\u00c7\u00c3O 07 &#8211; DEZEMBRO 2024 [&hellip;]<\/p>\n","protected":false},"author":3078,"featured_media":0,"parent":0,"menu_order":0,"comment_status":"closed","ping_status":"closed","template":"","meta":{"footnotes":""},"categories":[],"tags":[],"class_list":["post-9981","page","type-page","status-publish","hentry"],"acf":[],"_links":{"self":[{"href":"https:\/\/www.ufsm.br\/unidades-universitarias\/ctism\/wp-json\/wp\/v2\/pages\/9981","targetHints":{"allow":["GET"]}}],"collection":[{"href":"https:\/\/www.ufsm.br\/unidades-universitarias\/ctism\/wp-json\/wp\/v2\/pages"}],"about":[{"href":"https:\/\/www.ufsm.br\/unidades-universitarias\/ctism\/wp-json\/wp\/v2\/types\/page"}],"author":[{"embeddable":true,"href":"https:\/\/www.ufsm.br\/unidades-universitarias\/ctism\/wp-json\/wp\/v2\/users\/3078"}],"replies":[{"embeddable":true,"href":"https:\/\/www.ufsm.br\/unidades-universitarias\/ctism\/wp-json\/wp\/v2\/comments?post=9981"}],"version-history":[{"count":0,"href":"https:\/\/www.ufsm.br\/unidades-universitarias\/ctism\/wp-json\/wp\/v2\/pages\/9981\/revisions"}],"wp:attachment":[{"href":"https:\/\/www.ufsm.br\/unidades-universitarias\/ctism\/wp-json\/wp\/v2\/media?parent=9981"}],"wp:term":[{"taxonomy":"category","embeddable":true,"href":"https:\/\/www.ufsm.br\/unidades-universitarias\/ctism\/wp-json\/wp\/v2\/categories?post=9981"},{"taxonomy":"post_tag","embeddable":true,"href":"https:\/\/www.ufsm.br\/unidades-universitarias\/ctism\/wp-json\/wp\/v2\/tags?post=9981"}],"curies":[{"name":"wp","href":"https:\/\/api.w.org\/{rel}","templated":true}]}}