{"id":1177,"date":"2018-10-02T18:31:57","date_gmt":"2018-10-02T21:31:57","guid":{"rendered":"https:\/\/www.ufsm.br\/unidades-universitarias\/frederico-westphalen\/?page_id=1177"},"modified":"2026-03-26T14:57:09","modified_gmt":"2026-03-26T17:57:09","slug":"contatos","status":"publish","type":"page","link":"https:\/\/www.ufsm.br\/unidades-universitarias\/frederico-westphalen\/contatos","title":{"rendered":"Contatos"},"content":{"rendered":"\t\t<div data-elementor-type=\"wp-post\" data-elementor-id=\"1177\" class=\"elementor elementor-1177\">\n\t\t\t\t\t\t<section class=\"elementor-section elementor-top-section elementor-element elementor-element-4062f48 elementor-section-boxed elementor-section-height-default elementor-section-height-default\" data-id=\"4062f48\" data-element_type=\"section\">\n\t\t\t\t\t\t<div class=\"elementor-container elementor-column-gap-default\">\n\t\t\t\t\t<div class=\"elementor-column elementor-col-100 elementor-top-column elementor-element elementor-element-567317a\" data-id=\"567317a\" data-element_type=\"column\">\n\t\t\t<div class=\"elementor-widget-wrap elementor-element-populated\">\n\t\t\t\t\t\t<div class=\"elementor-element elementor-element-a4759f8 elementor-widget elementor-widget-text-editor\" data-id=\"a4759f8\" data-element_type=\"widget\" data-widget_type=\"text-editor.default\">\n\t\t\t\t<div class=\"elementor-widget-container\">\n\t\t\t\t\t\t\t<p><span style=\"color: #000000\">A Secretaria Unificada de Cursos de Gradua\u00e7\u00e3o (SUGRAD) \u00e9 o c<\/span>ontato direto para todas as quest\u00f5es acad\u00eamicas e que envolvam processos de Ingresso na UFSM.<\/p><p><strong><span style=\"font-size: 14pt\">Contatos via WhatsApp:<\/span><\/strong><\/p><ul><li><span style=\"color: #000000\"><strong>Secretaria Unificada de Cursos de Gradua\u00e7\u00e3o (SUGRAD): <\/strong>(55) 991880506<\/span><\/li><li><span style=\"color: #000000\"><strong>Divis\u00e3o de Apoio Pedag\u00f3gico (DAP): <\/strong>(55) 3744 0626<\/span><\/li><li><span style=\"color: #000000\"><strong>N\u00facleo de Assist\u00eancia Estudantil (NAE): <\/strong>(55) 3744 0606<\/span><\/li><li><span style=\"color: #000000\"><strong>Assessoria de Comunica\u00e7\u00e3o: <\/strong>(55) 991961020<\/span><\/li><\/ul><p><strong><span style=\"font-size: 14pt\">Contatos via e-mail e telefone:<\/span><\/strong><\/p>\t\t\t\t\t\t<\/div>\n\t\t\t\t<\/div>\n\t\t\t\t\t<\/div>\n\t\t<\/div>\n\t\t\t\t\t<\/div>\n\t\t<\/section>\n\t\t\t\t<section class=\"elementor-section elementor-top-section elementor-element elementor-element-246e390 elementor-section-boxed elementor-section-height-default elementor-section-height-default\" data-id=\"246e390\" data-element_type=\"section\">\n\t\t\t\t\t\t<div class=\"elementor-container elementor-column-gap-default\">\n\t\t\t\t\t<div class=\"elementor-column elementor-col-100 elementor-top-column elementor-element elementor-element-ad6513f\" data-id=\"ad6513f\" data-element_type=\"column\">\n\t\t\t<div class=\"elementor-widget-wrap elementor-element-populated\">\n\t\t\t\t\t\t<div class=\"elementor-element elementor-element-f0e05af elementor-widget elementor-widget-text-editor\" data-id=\"f0e05af\" data-element_type=\"widget\" data-widget_type=\"text-editor.default\">\n\t\t\t\t<div class=\"elementor-widget-container\">\n\t\t\t\t\t\t\t<table style=\"border-collapse: collapse;width: 100.081%;height: 746px\" border=\"1\"><tbody><tr style=\"height: 24px\"><td style=\"width: 47.2805%;text-align: center;height: 24px\"><span style=\"color: #000000\"><strong>Setor\u00a0<\/strong><\/span><\/td><td style=\"width: 1.65837%;text-align: center;height: 24px\"><span style=\"color: #000000\"><strong><i>E-mail<\/i><\/strong><\/span><\/td><td style=\"width: 15.5034%;text-align: center\"><span style=\"color: #000000\"><strong><i>Telefone (55)<\/i><\/strong><\/span><\/td><td style=\"width: 27.3655%;text-align: center;height: 24px\"><span style=\"color: #000000\"><strong>Localiza\u00e7\u00e3o<\/strong><\/span><\/td><\/tr><tr style=\"height: 48px\"><td style=\"width: 47.2805%;text-align: center;height: 48px\"><span style=\"color: #000000\"><strong>\u00a0Recep\u00e7\u00e3o<\/strong><\/span><\/td><td style=\"width: 1.65837%;text-align: center;height: 48px\"><span style=\"color: #000000\">\u00a0&#8211;<\/span><\/td><td style=\"width: 15.5034%;text-align: center\">3744-0600<\/td><td style=\"width: 27.3655%;text-align: center;height: 48px\"><span style=\"color: #000000\">Hall do Bloco 01 UFSM\/FW<br \/><\/span><\/td><\/tr><tr style=\"height: 24px\"><td style=\"width: 47.2805%;text-align: center;height: 24px\"><span style=\"color: #000000\"><strong>Dire\u00e7\u00e3o: <\/strong><\/span><br \/><span style=\"color: #000000\">Prof. Dr. Braulio Otomar Caron<\/span><\/td><td style=\"width: 1.65837%;text-align: center;height: 24px\"><span style=\"color: #000000\">direcaofw@ufsm.br<\/span><\/td><td style=\"width: 15.5034%;text-align: center\"><span style=\"color: #000000\">3744-0608<\/span><\/td><td style=\"width: 27.3655%;text-align: center;height: 24px\"><span style=\"color: #000000\">Sala 03 &#8211; Bloco 02\u00a0 \u00a0<\/span>UFSM\/FW<\/td><\/tr><tr style=\"height: 24px\"><td style=\"width: 47.2805%;text-align: center;height: 24px\"><span style=\"color: #000000\"><strong>Vice-Dire\u00e7\u00e3o\/ Coordenadoria Acad\u00eamica: <\/strong><\/span><br \/><span style=\"color: #000000\">Prof.\u00aa Dr.\u00aa Eliane Pereira dos Santos<\/span><\/td><td style=\"width: 1.65837%;text-align: center;height: 24px\">coordacademicafw@ufsm.br<\/td><td style=\"width: 15.5034%;text-align: center\">&#8211;<\/td><td style=\"width: 27.3655%;text-align: center;height: 24px\">Sala 07 &#8211; Bloco 02\u00a0 \u00a0UFSM\/FW<\/td><\/tr><tr style=\"height: 24px\"><td style=\"width: 47.2805%;text-align: center;height: 24px\"><span style=\"color: #000000\"><strong>Secretaria Administrativa (Sec)<\/strong><\/span><\/td><td style=\"width: 1.65837%;text-align: center;height: 24px\"><span style=\"color: #000000\">ufsmfw@ufsm.br<\/span><\/td><td style=\"width: 15.5034%;text-align: center\"><span style=\"color: #000000\">3744-0602<\/span><\/td><td style=\"width: 27.3655%;text-align: center;height: 24px\"><span style=\"color: #000000\">Sala 03 &#8211;\u00a0<\/span>Bloco 02\u00a0 \u00a0<span style=\"color: #000000;font-size: 16px\">UFSM\/FW<\/span><\/td><\/tr><tr style=\"height: 24px\"><td style=\"width: 47.2805%;text-align: center;height: 24px\"><span style=\"color: #000000\"><strong>Coordenadoria Administrativa (CADM)<\/strong><\/span><\/td><td style=\"width: 1.65837%;text-align: center;height: 24px\"><span style=\"color: #000000\">administrativofw@ufsm.br<\/span><\/td><td style=\"width: 15.5034%;text-align: center\"><span style=\"color: #000000\">3744-0619<\/span><\/td><td style=\"width: 27.3655%;text-align: center;height: 24px\"><span style=\"color: #000000\">Sala 03 &#8211;\u00a0<\/span>Bloco 02\u00a0 \u00a0<span style=\"color: #000000;font-size: 16px\">UFSM\/FW<\/span><\/td><\/tr><tr style=\"height: 24px\"><td style=\"width: 47.2805%;text-align: center;height: 24px\"><b>N\u00facleo de Controle Or\u00e7ament\u00e1rio (NOr)<\/b><\/td><td style=\"width: 1.65837%;text-align: center;height: 24px\"><span style=\"color: #000000\">financeirofw@ufsm.br<\/span><\/td><td style=\"width: 15.5034%;text-align: center\"><span style=\"color: #000000\">&#8211;<\/span><\/td><td style=\"width: 27.3655%;text-align: center;height: 24px\"><span style=\"color: #000000\">Sala 03 &#8211;\u00a0<\/span>Bloco 02\u00a0 \u00a0<span style=\"color: #000000;font-size: 16px\">UFSM\/FW<\/span><\/td><\/tr><tr style=\"height: 24px\"><td style=\"width: 47.2805%;text-align: center;height: 24px\"><span style=\"color: #000000\"><strong>Divis\u00e3o de Projetos (DIVPROJ)<\/strong><\/span><\/td><td style=\"width: 1.65837%;text-align: center;height: 24px\"><span style=\"color: #000000\">projetos.fw@ufsm.br<\/span><\/td><td style=\"width: 15.5034%;text-align: center\"><span style=\"color: #000000\">3744-0605<\/span><\/td><td style=\"width: 27.3655%;text-align: center;height: 24px\"><span style=\"color: #000000\">Sala 02 &#8211;\u00a0<\/span>Bloco 02\u00a0 \u00a0<span style=\"color: #000000;font-size: 16px\">UFSM\/FW<\/span><\/td><\/tr><tr style=\"height: 24px\"><td style=\"width: 47.2805%;text-align: center;height: 24px\"><span style=\"color: #000000\"><strong>Setor de Tecnologia da Informa\u00e7\u00e3o (STI)<\/strong><\/span><\/td><td style=\"width: 1.65837%;text-align: center;height: 24px\"><span style=\"color: #000000\">nti.fw@ufsm.br<\/span><\/td><td style=\"width: 15.5034%;text-align: center\"><span style=\"color: #000000\">3744-0607<\/span><\/td><td style=\"width: 27.3655%;text-align: center;height: 24px\"><span style=\"color: #000000\">Sala 13 &#8211;\u00a0<\/span>Bloco 02\u00a0 \u00a0<span style=\"color: #000000;font-size: 16px\">UFSM\/FW<\/span><\/td><\/tr><tr style=\"height: 96px\"><td style=\"width: 47.2805%;text-align: center;height: 96px\"><span style=\"color: #000000\"><strong>\u00a0Divis\u00e3o de Apoio Pedag\u00f3gico (DAP)<\/strong><\/span><\/td><td style=\"width: 1.65837%;text-align: center;height: 96px\"><span style=\"color: #000000\">\u00a0<\/span><span style=\"color: #1c1c1c;font-size: 16px;text-align: left\">apoiopedagogico.fw@ufsm.br<\/span><span style=\"background-color: var(--bs-body-bg)\">\u00a0<\/span><\/td><td style=\"width: 15.5034%;text-align: center\"><span style=\"color: #000000\">3744-0626<\/span><\/td><td style=\"width: 27.3655%;text-align: center;height: 96px\"><span style=\"color: #000000\">Sala 11 &#8211; Bloco 02\u00a0 \u00a0UFSM\/FW\u00a0<\/span><\/td><\/tr><tr style=\"height: 24px\"><td style=\"width: 47.2805%;text-align: center;height: 24px\"><span style=\"color: #000000\"><strong>N\u00facleo de Assist\u00eancia Estudantil (NAE)<\/strong><\/span><\/td><td style=\"width: 1.65837%;text-align: center;height: 24px\">naefw@ufsm.br<\/td><td style=\"width: 15.5034%;text-align: center\"><span style=\"color: #000000\">3744-0606<\/span><\/td><td style=\"width: 27.3655%;text-align: center;height: 24px\"><span style=\"color: #000000\">Sala 09 &#8211;\u00a0<\/span>Bloco 02\u00a0 \u00a0<span style=\"color: #000000;font-size: 16px\">UFSM\/FW<\/span><\/td><\/tr><tr style=\"height: 24px\"><td style=\"width: 47.2805%;text-align: center;height: 24px\"><span style=\"color: #000000\"><strong>Subdivis\u00e3o de Assist\u00eancia \u00e0 Sa\u00fade (SAS)<\/strong><\/span><\/td><td style=\"width: 1.65837%;text-align: center;height: 24px\"><span style=\"color: #000000\">nasfw@ufsm.br<\/span><\/td><td style=\"width: 15.5034%;text-align: center\"><span style=\"color: #000000\">&#8211;<\/span><\/td><td style=\"width: 27.3655%;text-align: center;height: 24px\"><span style=\"color: #000000\">Sala 106 &#8211;\u00a0<\/span>Bloco 05\u00a0 \u00a0<span style=\"color: #000000;font-size: 16px\">UFSM\/FW<\/span><\/td><\/tr><tr style=\"height: 24px\"><td style=\"width: 47.2805%;text-align: center;height: 24px\"><span style=\"color: #000000\"><strong>Secretaria Unificada de Cursos de Gradua\u00e7\u00e3o (SUGRAD)<\/strong><\/span><\/td><td style=\"width: 1.65837%;text-align: center;height: 24px\"><span style=\"color: #000000\">sugrad.fw@ufsm.br<\/span><\/td><td style=\"width: 15.5034%;text-align: center\"><span style=\"color: #000000\">3744-0620<\/span><\/td><td style=\"width: 27.3655%;text-align: center;height: 24px\"><span style=\"color: #000000\">Sala 103 &#8211;\u00a0<\/span>Bloco 01\u00a0 \u00a0<span style=\"color: #000000;font-size: 16px\">UFSM\/FW<\/span><\/td><\/tr><tr style=\"height: 24px\"><td style=\"width: 47.2805%;text-align: center;height: 32px\"><span style=\"color: #000000\"><strong>Secretaria Unificada de Departamentos (SUDEP)\u00a0<\/strong><\/span><\/td><td style=\"width: 1.65837%;text-align: center;height: 32px\"><span style=\"color: #000000\">sudep.fw@ufsm.br<\/span><\/td><td style=\"width: 15.5034%;text-align: center\"><span style=\"color: #000000\">3744-0610<\/span><\/td><td style=\"width: 27.3655%;text-align: center;height: 32px\"><span style=\"color: #000000\">Sala 107A &#8211;\u00a0<\/span>Bloco 01\u00a0 \u00a0<span style=\"color: #000000;font-size: 16px\">UFSM\/FW<\/span><\/td><\/tr><tr style=\"height: 24px\"><td style=\"width: 47.2805%;text-align: center;height: 24px\"><span style=\"color: #000000\"><strong>Assessoria de Comunica\u00e7\u00e3o\u00a0<\/strong><\/span><\/td><td style=\"width: 1.65837%;text-align: center;height: 24px\"><span style=\"color: #000000;font-size: 16px\">assessoriafw@ufsm.br<\/span><\/td><td style=\"width: 15.5034%;text-align: center\"><span style=\"color: #000000;font-size: 16px\">&#8211;<\/span><\/td><td style=\"width: 27.3655%;text-align: center;height: 24px\"><span style=\"color: #000000\">Sala 06 &#8211; Bloco 02 UFSM\/FW<\/span><\/td><\/tr><tr style=\"height: 24px\"><td style=\"width: 47.2805%;text-align: center;height: 24px\"><span style=\"color: #000000\"><strong>N\u00facleo de Infraestrutura e<\/strong><\/span><strong style=\"color: #000000;background-color: var(--bs-body-bg)\">\u00a0Patrim\u00f4nio (NIP)<\/strong><\/td><td style=\"width: 1.65837%;text-align: center;height: 24px\"><span style=\"color: #000000\">infraestrutura.fw@ufsm.br<br \/><\/span>almoxarifadofw@ufsm.br<span style=\"color: #000000\"><br \/><\/span><\/td><td style=\"width: 15.5034%;text-align: center\"><span style=\"color: #000000\">3744-0603<\/span><\/td><td style=\"width: 27.3655%;text-align: center;height: 24px\"><span style=\"color: #000000\">Pr\u00e9dio do Almoxarifado <\/span>\u00a0<span style=\"color: #000000;font-size: 16px\">UFSM\/FW<\/span><\/td><\/tr><tr style=\"height: 24px\"><td style=\"width: 47.2805%;text-align: center;height: 24px\"><b>Divis\u00e3o de Divulga\u00e7\u00e3o Institucional (DDI)<\/b><\/td><td style=\"width: 1.65837%;text-align: center;height: 24px\"><p><span style=\"font-size: 11pt;background-color: var(--bs-body-bg)\">ddi@ufsm.br<\/span><\/p><p><span style=\"color: #000000;font-size: 16px\">programadorvisual@ufsm.br<\/span><span style=\"background-color: var(--bs-body-bg)\"><br \/><\/span><\/p><p><span style=\"font-size: 11pt;vertical-align: baseline\">labradiofw@ufsm.br<\/span><\/p><\/td><td style=\"width: 15.5034%;text-align: center\"><p><span style=\"font-size: 11pt;background-color: var(--bs-body-bg)\"><span style=\"color: #000000\">3744-0613<\/span><\/span><\/p><\/td><td style=\"width: 27.3655%;text-align: center;height: 24px\"><p><span style=\"color: #000000\">Sala 210 &#8211; Bloco 01 (DDI)<br \/>Sala 10 &#8211; Bloco 02 (Lab. R\u00e1dio) &#8211;<\/span>\u00a0<span style=\"color: #000000;font-size: 16px\">UFSM\/FW<\/span><\/p><\/td><\/tr><tr style=\"height: 24px\"><td style=\"width: 47.2805%;text-align: center;height: 24px\"><span style=\"color: #000000\"><strong>Setor de Arquivo e Protocolo (SAP)<\/strong><\/span><\/td><td style=\"width: 1.65837%;text-align: center;height: 24px\">\u00a0&#8211;<\/td><td style=\"width: 15.5034%;text-align: center\">&#8211;<\/td><td style=\"width: 27.3655%;text-align: center;height: 24px\"><span style=\"color: #000000\">Sala 05 &#8211;\u00a0<\/span>Bloco 02\u00a0 \u00a0<span style=\"background-color: var(--bs-body-bg)\">\u00a0<\/span><span style=\"color: #000000;font-size: 16px;background-color: var(--bs-body-bg)\">UFSM\/FW<\/span><span style=\"color: #000000\"><br \/><\/span><\/td><\/tr><tr style=\"height: 24px\"><td style=\"width: 47.2805%;text-align: center;height: 24px\"><span style=\"color: #000000\"><strong>Secretaria Integrada de Cursos de P\u00f3s-Gradua\u00e7\u00e3o (SIPG)<\/strong><\/span><\/td><td style=\"width: 1.65837%;text-align: center;height: 24px\">sipgfw@ufsm.br<\/td><td style=\"width: 15.5034%;text-align: center\"><span style=\"font-size: 11pt;background-color: var(--bs-body-bg)\"><span style=\"color: #000000\">3744-0609<\/span><\/span><\/td><td style=\"width: 27.3655%;text-align: center;height: 24px\"><span style=\"color: #000000\">Sala 109 &#8211;\u00a0<\/span>Bloco 01\u00a0 \u00a0<span style=\"color: #000000;font-size: 16px;background-color: var(--bs-body-bg)\">\u00a0<\/span><span style=\"color: #000000;font-size: 16px;background-color: var(--bs-body-bg)\">UFSM\/FW<\/span><\/td><\/tr><tr style=\"height: 24px\"><td style=\"width: 47.2805%;text-align: center;height: 18px\"><span style=\"color: #000000\"><strong>Biblioteca Fora de Sede (BS)<\/strong><\/span><\/td><td style=\"width: 1.65837%;text-align: center;height: 18px\">bibliofw@ufsm.br<\/td><td style=\"width: 15.5034%;text-align: center\"><span style=\"font-size: 11pt;background-color: var(--bs-body-bg)\"><span style=\"color: #000000\">3744-0604<\/span><\/span><\/td><td style=\"width: 27.3655%;text-align: center;height: 18px\"><span style=\"color: #000000\">Sala da Biblioteca &#8211; Bloco 04\u00a0<\/span>UFSM\/FW<\/td><\/tr><tr style=\"height: 48px\"><td style=\"width: 47.2805%;text-align: center;height: 48px\"><span style=\"color: #000000\"><strong>Subdivis\u00e3o de Gest\u00e3o de Laborat\u00f3rios (SGL)<\/strong><\/span><\/td><td style=\"width: 1.65837%;text-align: center;height: 48px\">laboratoriosfw@ufsm.br<\/td><td style=\"width: 15.5034%;text-align: center\"><span style=\"font-size: 11pt;background-color: var(--bs-body-bg)\"><span style=\"color: #000000\">3744-0615<\/span><\/span><\/td><td style=\"width: 27.3655%;text-align: center;height: 48px\"><span style=\"color: #000000\">Sala 23 \u2013 Bloco 02 UFSM\/FW<\/span><\/td><\/tr><tr style=\"height: 48px\"><td style=\"width: 47.2805%;text-align: center;height: 48px\"><span style=\"color: #000000\"><strong>Qualidade de Vida no Trabalho<\/strong><\/span><\/td><td style=\"width: 1.65837%;text-align: center;height: 48px\">qvtfw@ufsm.br<\/td><td style=\"width: 15.5034%;text-align: center\">&#8211;<\/td><td style=\"width: 27.3655%;text-align: center;height: 48px\"><span style=\"color: #000000;font-size: 16px\">Sala 06 &#8211;\u00a0<\/span><span style=\"color: #000000;font-size: 16px\">Bloco 02\u00a0 \u00a0<\/span><span style=\"color: #000000;font-size: 16px\">UFSM\/FW<\/span><\/td><\/tr><\/tbody><\/table>\t\t\t\t\t\t<\/div>\n\t\t\t\t<\/div>\n\t\t\t\t\t<\/div>\n\t\t<\/div>\n\t\t\t\t\t<\/div>\n\t\t<\/section>\n\t\t\t\t<section class=\"elementor-section elementor-top-section elementor-element elementor-element-a712f0e elementor-section-boxed elementor-section-height-default elementor-section-height-default\" data-id=\"a712f0e\" data-element_type=\"section\">\n\t\t\t\t\t\t<div class=\"elementor-container elementor-column-gap-default\">\n\t\t\t\t\t<div class=\"elementor-column elementor-col-100 elementor-top-column elementor-element elementor-element-94a9b69\" data-id=\"94a9b69\" data-element_type=\"column\">\n\t\t\t<div class=\"elementor-widget-wrap elementor-element-populated\">\n\t\t\t\t\t\t<div class=\"elementor-element elementor-element-c7e0068 elementor-widget elementor-widget-text-editor\" data-id=\"c7e0068\" data-element_type=\"widget\" data-widget_type=\"text-editor.default\">\n\t\t\t\t<div class=\"elementor-widget-container\">\n\t\t\t\t\t\t\t<p><strong>Comunidade Interna:<\/strong> Clique <b><a href=\"https:\/\/docs.google.com\/spreadsheets\/d\/1Bj9PZjRpXJFH80tOmfF9ve9qSMTjAKDXj7UNNJeRmUU\/edit?usp=sharing\" target=\"_blank\" rel=\"noopener\">aqui<\/a><\/b> para acessar a lista completa de contatos e ramais internos.<\/p>\t\t\t\t\t\t<\/div>\n\t\t\t\t<\/div>\n\t\t\t\t\t<\/div>\n\t\t<\/div>\n\t\t\t\t\t<\/div>\n\t\t<\/section>\n\t\t\t\t<\/div>\n\t\t","protected":false},"excerpt":{"rendered":"<p>A Secretaria Unificada de Cursos de Gradua\u00e7\u00e3o (SUGRAD) \u00e9 o contato direto para todas as quest\u00f5es acad\u00eamicas e que envolvam processos de Ingresso na UFSM. Contatos via WhatsApp: Secretaria Unificada de Cursos de Gradua\u00e7\u00e3o (SUGRAD): (55) 991880506 Divis\u00e3o de Apoio Pedag\u00f3gico (DAP): (55) 3744 0626 N\u00facleo de Assist\u00eancia Estudantil (NAE): (55) 3744 0606 Assessoria de [&hellip;]<\/p>\n","protected":false},"author":118,"featured_media":0,"parent":0,"menu_order":0,"comment_status":"closed","ping_status":"closed","template":"","meta":{"footnotes":""},"categories":[],"tags":[],"class_list":["post-1177","page","type-page","status-publish","hentry"],"acf":[],"_links":{"self":[{"href":"https:\/\/www.ufsm.br\/unidades-universitarias\/frederico-westphalen\/wp-json\/wp\/v2\/pages\/1177","targetHints":{"allow":["GET"]}}],"collection":[{"href":"https:\/\/www.ufsm.br\/unidades-universitarias\/frederico-westphalen\/wp-json\/wp\/v2\/pages"}],"about":[{"href":"https:\/\/www.ufsm.br\/unidades-universitarias\/frederico-westphalen\/wp-json\/wp\/v2\/types\/page"}],"author":[{"embeddable":true,"href":"https:\/\/www.ufsm.br\/unidades-universitarias\/frederico-westphalen\/wp-json\/wp\/v2\/users\/118"}],"replies":[{"embeddable":true,"href":"https:\/\/www.ufsm.br\/unidades-universitarias\/frederico-westphalen\/wp-json\/wp\/v2\/comments?post=1177"}],"version-history":[{"count":0,"href":"https:\/\/www.ufsm.br\/unidades-universitarias\/frederico-westphalen\/wp-json\/wp\/v2\/pages\/1177\/revisions"}],"wp:attachment":[{"href":"https:\/\/www.ufsm.br\/unidades-universitarias\/frederico-westphalen\/wp-json\/wp\/v2\/media?parent=1177"}],"wp:term":[{"taxonomy":"category","embeddable":true,"href":"https:\/\/www.ufsm.br\/unidades-universitarias\/frederico-westphalen\/wp-json\/wp\/v2\/categories?post=1177"},{"taxonomy":"post_tag","embeddable":true,"href":"https:\/\/www.ufsm.br\/unidades-universitarias\/frederico-westphalen\/wp-json\/wp\/v2\/tags?post=1177"}],"curies":[{"name":"wp","href":"https:\/\/api.w.org\/{rel}","templated":true}]}}