{"id":250,"date":"2018-09-18T16:22:31","date_gmt":"2018-09-18T19:22:31","guid":{"rendered":"https:\/\/www.ufsm.br\/unidades-universitarias\/frederico-westphalen\/?page_id=250"},"modified":"2018-09-18T16:26:32","modified_gmt":"2018-09-18T19:26:32","slug":"transporte-intercampi","status":"publish","type":"page","link":"https:\/\/www.ufsm.br\/unidades-universitarias\/frederico-westphalen\/transporte-intercampi","title":{"rendered":"Transporte Intercampi"},"content":{"rendered":"<p>Com o intuito de organizar e padronizar, segue informa\u00e7\u00f5es sobre o transporte intercampi:<\/p>\n<p>O transporte ir\u00e1 acontecer nas ter\u00e7as e sextas-feiras*, com sa\u00edda \u00e0s 3:30 horas do lado da Rodovi\u00e1ria de Frederico Westphalen, passando na UFSM Campus Frederico Westphalen, \u00e0s 3:45 horas, sendo que os passageiros devem estar nos locais com 15 min de anteced\u00eancia.<\/p>\n<p>Para utilizar o transporte \u00e9 preciso realizar agendamento. Para agendar, \u00e9 necess\u00e1rio apresentar atestado de matr\u00edcula da UFSM, informar nome completo, SIAPE ou Matr\u00edcula, RG e telefone, na recep\u00e7\u00e3o da UFSM-FW, ou pelo telefone 55 37440600.<\/p>\n<p>O agendamento para viagens nas ter\u00e7as-feiras inicia na ter\u00e7a-feira anterior, \u00e0s 10h.\u00a0O agendamento para viagens nas sexta-feiras inicia na sexta-feira anterior, \u00e0s 10h.\u00a0<strong>O n\u00famero de passageiros \u00e9 limitado.<\/strong><\/p>\n<p>&nbsp;<\/p>\n<p><strong>IMPORTANTE: Se ap\u00f3s agendar o intercampi, n\u00e3o precisar mais utiliz\u00e1-lo, \u00e9 necess\u00e1rio desmarcar seu agendamento.<\/strong><\/p>\n<ul>\n<li>\u00a0\u00a0\u00a0 Transporte de ter\u00e7a-feira: Agendar (ou desagendar) at\u00e9 segunda-feira, \u00e0s 12 horas;<\/li>\n<li>\u00a0\u00a0\u00a0 Transporte de sexta-feira: Agendar\u00a0(ou desagendar)\u00a0at\u00e9 quinta-feira, \u00e0s 12 horas.<\/li>\n<li>\u00a0\u00a0\u00a0 Agendar\u00a0(ou desagendar)\u00a0a viagem na recep\u00e7\u00e3o da UFSM-FW ou pelo telefone 55 37440600<\/li>\n<\/ul>\n<p>No dia da viagem \u00e9 necess\u00e1rio portar em m\u00e3os comprovante de matr\u00edcula como a carteirinha de estudante ou de biblioteca, ou crach\u00e1 e identidade.<\/p>\n<p>&nbsp;<\/p>\n<p>OBS: O agendamento fica sujeito a confirma\u00e7\u00e3o e mais informa\u00e7\u00f5es no telefone 55 3744 0600.<\/p>\n<p>* O transporte n\u00e3o ocorrer\u00e1 nas f\u00e9rias e em dias n\u00e3o letivos<\/p>\n","protected":false},"excerpt":{"rendered":"<p>Com o intuito de organizar e padronizar, segue informa\u00e7\u00f5es sobre o transporte intercampi: O transporte ir\u00e1 acontecer nas ter\u00e7as e sextas-feiras*, com sa\u00edda \u00e0s 3:30 horas do lado da Rodovi\u00e1ria de Frederico Westphalen, passando na UFSM Campus Frederico Westphalen, \u00e0s 3:45 horas, sendo que os passageiros devem estar nos locais com 15 min de anteced\u00eancia. [&hellip;]<\/p>\n","protected":false},"author":118,"featured_media":0,"parent":0,"menu_order":0,"comment_status":"closed","ping_status":"closed","template":"","meta":{"footnotes":""},"categories":[],"tags":[],"class_list":["post-250","page","type-page","status-publish","hentry"],"acf":[],"_links":{"self":[{"href":"https:\/\/www.ufsm.br\/unidades-universitarias\/frederico-westphalen\/wp-json\/wp\/v2\/pages\/250","targetHints":{"allow":["GET"]}}],"collection":[{"href":"https:\/\/www.ufsm.br\/unidades-universitarias\/frederico-westphalen\/wp-json\/wp\/v2\/pages"}],"about":[{"href":"https:\/\/www.ufsm.br\/unidades-universitarias\/frederico-westphalen\/wp-json\/wp\/v2\/types\/page"}],"author":[{"embeddable":true,"href":"https:\/\/www.ufsm.br\/unidades-universitarias\/frederico-westphalen\/wp-json\/wp\/v2\/users\/118"}],"replies":[{"embeddable":true,"href":"https:\/\/www.ufsm.br\/unidades-universitarias\/frederico-westphalen\/wp-json\/wp\/v2\/comments?post=250"}],"version-history":[{"count":0,"href":"https:\/\/www.ufsm.br\/unidades-universitarias\/frederico-westphalen\/wp-json\/wp\/v2\/pages\/250\/revisions"}],"wp:attachment":[{"href":"https:\/\/www.ufsm.br\/unidades-universitarias\/frederico-westphalen\/wp-json\/wp\/v2\/media?parent=250"}],"wp:term":[{"taxonomy":"category","embeddable":true,"href":"https:\/\/www.ufsm.br\/unidades-universitarias\/frederico-westphalen\/wp-json\/wp\/v2\/categories?post=250"},{"taxonomy":"post_tag","embeddable":true,"href":"https:\/\/www.ufsm.br\/unidades-universitarias\/frederico-westphalen\/wp-json\/wp\/v2\/tags?post=250"}],"curies":[{"name":"wp","href":"https:\/\/api.w.org\/{rel}","templated":true}]}}