{"id":49,"date":"2018-09-17T10:23:37","date_gmt":"2018-09-17T13:23:37","guid":{"rendered":"https:\/\/www.ufsm.br\/unidades-universitarias\/frederico-westphalen\/?page_id=49"},"modified":"2021-06-15T16:47:45","modified_gmt":"2021-06-15T19:47:45","slug":"historico","status":"publish","type":"page","link":"https:\/\/www.ufsm.br\/unidades-universitarias\/frederico-westphalen\/historico","title":{"rendered":"Hist\u00f3rico"},"content":{"rendered":"\t\t<div data-elementor-type=\"wp-post\" data-elementor-id=\"49\" class=\"elementor elementor-49\">\n\t\t\t\t\t\t<section class=\"elementor-section elementor-top-section elementor-element elementor-element-de24f61 elementor-section-boxed elementor-section-height-default elementor-section-height-default\" data-id=\"de24f61\" data-element_type=\"section\">\n\t\t\t\t\t\t<div class=\"elementor-container elementor-column-gap-default\">\n\t\t\t\t\t<div class=\"elementor-column elementor-col-100 elementor-top-column elementor-element elementor-element-5e727e8\" data-id=\"5e727e8\" data-element_type=\"column\">\n\t\t\t<div class=\"elementor-widget-wrap elementor-element-populated\">\n\t\t\t\t\t\t<div class=\"elementor-element elementor-element-b42e151 elementor-widget elementor-widget-text-editor\" data-id=\"b42e151\" data-element_type=\"widget\" data-widget_type=\"text-editor.default\">\n\t\t\t\t<div class=\"elementor-widget-container\">\n\t\t\t\t\t\t\t<div class=\"elementor-element-overlay\"><p><span style=\"font-family: verdana, geneva, sans-serif\">A Universidade Federal de Santa Maria, com 60 anos de hist\u00f3ria, \u00e9 uma institui\u00e7\u00e3o de ensino superior p\u00fablica, gratuita e de qualidade que construiu credibilidade e tradi\u00e7\u00e3o\u00a0ao longo de sua trajet\u00f3ria. Atualmente, conta com dez unidades universit\u00e1rias espalhadas pelo Rio Grande do Sul, al\u00e9m de quatro estabelecimentos de educa\u00e7\u00e3o b\u00e1sica, t\u00e9cnica e tecnol\u00f3gica. Essas unidades contribuem para o desenvolvimento local nas regi\u00f5es onde s\u00e3o estrategicamente implantadas e recebem alunos de todos os estados do Brasil em busca de aprendizado e qualifica\u00e7\u00e3o profissional.<\/span><\/p><p><span style=\"font-family: verdana, geneva, sans-serif\">Assim, com o objetivo de contribuir para o desenvolvimento da regi\u00e3o Norte do Rio Grande do Sul, em 13 de janeiro de 2005, foi realizada uma Audi\u00eancia P\u00fablica para tornar poss\u00edvel a instala\u00e7\u00e3o de uma extens\u00e3o da UFSM em Frederico Westphalen. Com a confirma\u00e7\u00e3o da vinda de uma universidade p\u00fablica para a regi\u00e3o, foi dado in\u00edcio ao projeto de instala\u00e7\u00e3o do <em>Campus<\/em>.\u00a0<\/span><\/p><\/div>\t\t\t\t\t\t<\/div>\n\t\t\t\t<\/div>\n\t\t\t\t\t<\/div>\n\t\t<\/div>\n\t\t\t\t\t<\/div>\n\t\t<\/section>\n\t\t\t\t<section class=\"elementor-section elementor-top-section elementor-element elementor-element-7ebd487 elementor-section-boxed elementor-section-height-default elementor-section-height-default\" data-id=\"7ebd487\" data-element_type=\"section\">\n\t\t\t\t\t\t<div class=\"elementor-container elementor-column-gap-default\">\n\t\t\t\t\t<div class=\"elementor-column elementor-col-50 elementor-top-column elementor-element elementor-element-c56eb9c\" data-id=\"c56eb9c\" data-element_type=\"column\">\n\t\t\t<div class=\"elementor-widget-wrap elementor-element-populated\">\n\t\t\t\t\t\t<div class=\"elementor-element elementor-element-95070a5 elementor-widget elementor-widget-text-editor\" data-id=\"95070a5\" data-element_type=\"widget\" data-widget_type=\"text-editor.default\">\n\t\t\t\t<div class=\"elementor-widget-container\">\n\t\t\t\t\t\t\t<p><span style=\"font-family: verdana, geneva, sans-serif\">Em dezembro de 2005, o ent\u00e3o presidente da Rep\u00fablica Luiz In\u00e1cio Lula da Silva assinava um contrato que estabelecia um conv\u00eanio entre o Governo Federal e a UFSM, que permitia o repasse de recursos da Uni\u00e3o para o in\u00edcio das obras. Posteriormente, em mar\u00e7o de 2006, estavam abertas as inscri\u00e7\u00f5es para o primeiro vestibular do <em>C<\/em><i>ampus\u00a0<\/i>em Frederico Westphalen e, tamb\u00e9m, do <em>C<\/em><i>ampus\u00a0<\/i>em Palmeira das Miss\u00f5es. J\u00e1 em julho de 2007, ocorria a inaugura\u00e7\u00e3o oficial dos primeiros pr\u00e9dios da UFSM na regi\u00e3o Norte do Rio Grande do Sul.<\/span><\/p>\t\t\t\t\t\t<\/div>\n\t\t\t\t<\/div>\n\t\t\t\t\t<\/div>\n\t\t<\/div>\n\t\t\t\t<div class=\"elementor-column elementor-col-50 elementor-top-column elementor-element elementor-element-89978d5\" data-id=\"89978d5\" data-element_type=\"column\">\n\t\t\t<div class=\"elementor-widget-wrap elementor-element-populated\">\n\t\t\t\t\t\t<div class=\"elementor-element elementor-element-a39fcd1 elementor-widget elementor-widget-image\" data-id=\"a39fcd1\" data-element_type=\"widget\" data-widget_type=\"image.default\">\n\t\t\t\t<div class=\"elementor-widget-container\">\n\t\t\t\t\t\t\t\t\t\t\t\t\t<img fetchpriority=\"high\" decoding=\"async\" width=\"1024\" height=\"576\" src=\"https:\/\/www.ufsm.br\/app\/uploads\/sites\/377\/2019\/10\/fotos-a\u00e9reas-Jo\u00e3o-Conrad-3-1024x576.jpg\" class=\"attachment-large size-large wp-image-6729\" alt=\"\" srcset=\"https:\/\/www.ufsm.br\/app\/uploads\/sites\/377\/2019\/10\/fotos-a\u00e9reas-Jo\u00e3o-Conrad-3-1024x576.jpg 1024w, https:\/\/www.ufsm.br\/app\/uploads\/sites\/377\/2019\/10\/fotos-a\u00e9reas-Jo\u00e3o-Conrad-3-300x169.jpg 300w, https:\/\/www.ufsm.br\/app\/uploads\/sites\/377\/2019\/10\/fotos-a\u00e9reas-Jo\u00e3o-Conrad-3-768x432.jpg 768w, https:\/\/www.ufsm.br\/app\/uploads\/sites\/377\/2019\/10\/fotos-a\u00e9reas-Jo\u00e3o-Conrad-3.jpg 1920w\" sizes=\"(max-width: 1024px) 100vw, 1024px\" \/>\t\t\t\t\t\t\t\t\t\t\t\t\t<\/div>\n\t\t\t\t<\/div>\n\t\t\t\t\t<\/div>\n\t\t<\/div>\n\t\t\t\t\t<\/div>\n\t\t<\/section>\n\t\t\t\t<section class=\"elementor-section elementor-top-section elementor-element elementor-element-4bffeb2 elementor-section-boxed elementor-section-height-default elementor-section-height-default\" data-id=\"4bffeb2\" data-element_type=\"section\">\n\t\t\t\t\t\t<div class=\"elementor-container elementor-column-gap-default\">\n\t\t\t\t\t<div class=\"elementor-column elementor-col-100 elementor-top-column elementor-element elementor-element-708fd91\" data-id=\"708fd91\" data-element_type=\"column\">\n\t\t\t<div class=\"elementor-widget-wrap elementor-element-populated\">\n\t\t\t\t\t\t<div class=\"elementor-element elementor-element-f80faec elementor-widget elementor-widget-text-editor\" data-id=\"f80faec\" data-element_type=\"widget\" data-widget_type=\"text-editor.default\">\n\t\t\t\t<div class=\"elementor-widget-container\">\n\t\t\t\t\t\t\t<p><span style=\"font-family: verdana, geneva, sans-serif\">Pr\u00f3ximo de completar\u00a0 10 anos de hist\u00f3ria, ocorreu a separa\u00e7\u00e3o estrutural da unidade CESNORS\/UFSM no in\u00edcio de 2016. O <i>Campus<\/i> da Universidade Federal de Santa Maria em Frederico Westphalen, ao longo de sua trajet\u00f3ria, trouxe mudan\u00e7as e vem contribuindo para o desenvolvimento econ\u00f4mico, cultural, social e cient\u00edfico da regi\u00e3o. Al\u00e9m disso, tamb\u00e9m \u00e9 respons\u00e1vel por gerar empregos para centenas de pessoas e qualificar muitas outras, j\u00e1 que contribui profissionalmente para as empresas do estado e do pa\u00eds. Isso ocorre em raz\u00e3o de seus servidores e acad\u00eamicos, que, desde o princ\u00edpio, unem for\u00e7as para tornar o <em>Campus<\/em> um dos melhores em qualidade de ensino, pesquisa e extens\u00e3o.\u00a0<\/span><\/p>\t\t\t\t\t\t<\/div>\n\t\t\t\t<\/div>\n\t\t\t\t\t<\/div>\n\t\t<\/div>\n\t\t\t\t\t<\/div>\n\t\t<\/section>\n\t\t\t\t<section class=\"elementor-section elementor-top-section elementor-element elementor-element-6e6e2a1 elementor-section-boxed elementor-section-height-default elementor-section-height-default\" data-id=\"6e6e2a1\" data-element_type=\"section\">\n\t\t\t\t\t\t<div class=\"elementor-container elementor-column-gap-default\">\n\t\t\t\t\t<div class=\"elementor-column elementor-col-50 elementor-top-column elementor-element elementor-element-6428fda\" data-id=\"6428fda\" data-element_type=\"column\">\n\t\t\t<div class=\"elementor-widget-wrap elementor-element-populated\">\n\t\t\t\t\t\t<div class=\"elementor-element elementor-element-fe7fe81 elementor-widget elementor-widget-image\" data-id=\"fe7fe81\" data-element_type=\"widget\" data-widget_type=\"image.default\">\n\t\t\t\t<div class=\"elementor-widget-container\">\n\t\t\t\t\t\t\t\t\t\t\t\t\t<img decoding=\"async\" width=\"1024\" height=\"681\" src=\"https:\/\/www.ufsm.br\/app\/uploads\/sites\/377\/2020\/11\/Foto-Isadora-Pazuch-49-1024x681.jpg\" class=\"attachment-large size-large wp-image-7204\" alt=\"\" srcset=\"https:\/\/www.ufsm.br\/app\/uploads\/sites\/377\/2020\/11\/Foto-Isadora-Pazuch-49-1024x681.jpg 1024w, https:\/\/www.ufsm.br\/app\/uploads\/sites\/377\/2020\/11\/Foto-Isadora-Pazuch-49-300x200.jpg 300w, https:\/\/www.ufsm.br\/app\/uploads\/sites\/377\/2020\/11\/Foto-Isadora-Pazuch-49-768x511.jpg 768w, https:\/\/www.ufsm.br\/app\/uploads\/sites\/377\/2020\/11\/Foto-Isadora-Pazuch-49-1536x1022.jpg 1536w, https:\/\/www.ufsm.br\/app\/uploads\/sites\/377\/2020\/11\/Foto-Isadora-Pazuch-49-272x182.jpg 272w, https:\/\/www.ufsm.br\/app\/uploads\/sites\/377\/2020\/11\/Foto-Isadora-Pazuch-49.jpg 1920w\" sizes=\"(max-width: 1024px) 100vw, 1024px\" \/>\t\t\t\t\t\t\t\t\t\t\t\t\t<\/div>\n\t\t\t\t<\/div>\n\t\t\t\t\t<\/div>\n\t\t<\/div>\n\t\t\t\t<div class=\"elementor-column elementor-col-50 elementor-top-column elementor-element elementor-element-dcb7c2f\" data-id=\"dcb7c2f\" data-element_type=\"column\">\n\t\t\t<div class=\"elementor-widget-wrap elementor-element-populated\">\n\t\t\t\t\t\t<div class=\"elementor-element elementor-element-2e4bdb4 elementor-widget elementor-widget-text-editor\" data-id=\"2e4bdb4\" data-element_type=\"widget\" data-widget_type=\"text-editor.default\">\n\t\t\t\t<div class=\"elementor-widget-container\">\n\t\t\t\t\t\t\t<p><span style=\"font-family: verdana, geneva, sans-serif\">Atualmente, o <em>C<\/em><i>ampus<\/i> conta com seis cursos de gradua\u00e7\u00e3o e dois de p\u00f3s-gradua\u00e7\u00e3o. A unidade da UFSM, em Frederico Westphalen, tem orgulho em ver o reconhecimento desse esfor\u00e7o com o resultado das pesquisas do Minist\u00e9rio da Educa\u00e7\u00e3o (MEC), em que os cursos do <em>C<\/em><i>ampus\u00a0<\/i>receberam conceito m\u00e1ximo, e das avalia\u00e7\u00f5es do Instituto Nacional de Estudos e Pesquisas Educacionais An\u00edsio Teixeira (Inep), em que a UFSM est\u00e1 entre as\u00a0<a href=\"http:\/\/w3.ufsm.br\/frederico\/index.php\/listar-noticias\/1707-ufsm-e-a-16-melhor-universidade-do-brasil-segundo-ranking-do-inep\">16 melhores do Brasil<\/a>.<\/span><\/p>\t\t\t\t\t\t<\/div>\n\t\t\t\t<\/div>\n\t\t\t\t\t<\/div>\n\t\t<\/div>\n\t\t\t\t\t<\/div>\n\t\t<\/section>\n\t\t\t\t<section class=\"elementor-section elementor-top-section elementor-element elementor-element-397748c elementor-section-boxed elementor-section-height-default elementor-section-height-default\" data-id=\"397748c\" data-element_type=\"section\">\n\t\t\t\t\t\t<div class=\"elementor-container elementor-column-gap-default\">\n\t\t\t\t\t<div class=\"elementor-column elementor-col-100 elementor-top-column elementor-element elementor-element-c7dea59\" data-id=\"c7dea59\" data-element_type=\"column\">\n\t\t\t<div class=\"elementor-widget-wrap elementor-element-populated\">\n\t\t\t\t\t\t<div class=\"elementor-element elementor-element-554cc1b elementor-widget elementor-widget-text-editor\" data-id=\"554cc1b\" data-element_type=\"widget\" data-widget_type=\"text-editor.default\">\n\t\t\t\t<div class=\"elementor-widget-container\">\n\t\t\t\t\t\t\t<p><span style=\"font-family: verdana, geneva, sans-serif\">Al\u00e9m disso, de 2006 at\u00e9 final de 2015, os <em>Campi<\/em> em Frederico Westphalen e em Palmeira das Miss\u00f5es contavam com o diretor Gen\u00e9sio Mario da Rosa e o vice-diretor Rafael Lazzari na dire\u00e7\u00e3o. A partir de 2016, a UFSM de Frederico Westphalen passou a ter uma nova dire\u00e7\u00e3o <em>pro tempore<\/em>, com o diretor Braulio Otomar Caron e com a vice-diretora Lana D\u2019\u00c1vila Campanella. A partir de 12 de julho de 2016, uma nova dire\u00e7\u00e3o foi eleita e esteve na gest\u00e3o por um per\u00edodo de 4 anos, composta pelo Diretor Prof. Dr. Arci Dirceu Wastowski e pelo Vice-Diretor Prof. Dr. Igor Senger.<\/span><\/p><p><span style=\"font-family: verdana, geneva, sans-serif\">Em setembro de 2020, a consulta \u00e0 comunidade acad\u00eamica elegeu o Prof. Dr. Braulio Otomar Caron e a Prof. Dra. Eliane Pereira dos Santos para os cargos de Diretor e Vice-Diretora, respectivamente, para o per\u00edodo de 2020 a 2024.<\/span><\/p>\t\t\t\t\t\t<\/div>\n\t\t\t\t<\/div>\n\t\t\t\t\t<\/div>\n\t\t<\/div>\n\t\t\t\t\t<\/div>\n\t\t<\/section>\n\t\t\t\t<\/div>\n\t\t","protected":false},"excerpt":{"rendered":"<p>A Universidade Federal de Santa Maria, com 60 anos de hist\u00f3ria, \u00e9 uma institui\u00e7\u00e3o de ensino superior p\u00fablica, gratuita e de qualidade que construiu credibilidade e tradi\u00e7\u00e3o\u00a0ao longo de sua trajet\u00f3ria. Atualmente, conta com dez unidades universit\u00e1rias espalhadas pelo Rio Grande do Sul, al\u00e9m de quatro estabelecimentos de educa\u00e7\u00e3o b\u00e1sica, t\u00e9cnica e tecnol\u00f3gica. Essas unidades [&hellip;]<\/p>\n","protected":false},"author":118,"featured_media":0,"parent":0,"menu_order":0,"comment_status":"closed","ping_status":"closed","template":"","meta":{"footnotes":""},"categories":[],"tags":[],"class_list":["post-49","page","type-page","status-publish","hentry"],"acf":[],"_links":{"self":[{"href":"https:\/\/www.ufsm.br\/unidades-universitarias\/frederico-westphalen\/wp-json\/wp\/v2\/pages\/49","targetHints":{"allow":["GET"]}}],"collection":[{"href":"https:\/\/www.ufsm.br\/unidades-universitarias\/frederico-westphalen\/wp-json\/wp\/v2\/pages"}],"about":[{"href":"https:\/\/www.ufsm.br\/unidades-universitarias\/frederico-westphalen\/wp-json\/wp\/v2\/types\/page"}],"author":[{"embeddable":true,"href":"https:\/\/www.ufsm.br\/unidades-universitarias\/frederico-westphalen\/wp-json\/wp\/v2\/users\/118"}],"replies":[{"embeddable":true,"href":"https:\/\/www.ufsm.br\/unidades-universitarias\/frederico-westphalen\/wp-json\/wp\/v2\/comments?post=49"}],"version-history":[{"count":0,"href":"https:\/\/www.ufsm.br\/unidades-universitarias\/frederico-westphalen\/wp-json\/wp\/v2\/pages\/49\/revisions"}],"wp:attachment":[{"href":"https:\/\/www.ufsm.br\/unidades-universitarias\/frederico-westphalen\/wp-json\/wp\/v2\/media?parent=49"}],"wp:term":[{"taxonomy":"category","embeddable":true,"href":"https:\/\/www.ufsm.br\/unidades-universitarias\/frederico-westphalen\/wp-json\/wp\/v2\/categories?post=49"},{"taxonomy":"post_tag","embeddable":true,"href":"https:\/\/www.ufsm.br\/unidades-universitarias\/frederico-westphalen\/wp-json\/wp\/v2\/tags?post=49"}],"curies":[{"name":"wp","href":"https:\/\/api.w.org\/{rel}","templated":true}]}}