{"id":58,"date":"2018-09-17T10:58:47","date_gmt":"2018-09-17T13:58:47","guid":{"rendered":"https:\/\/www.ufsm.br\/unidades-universitarias\/frederico-westphalen\/?page_id=58"},"modified":"2022-05-24T15:38:41","modified_gmt":"2022-05-24T18:38:41","slug":"galeria-de-diretores-e-vice-diretores","status":"publish","type":"page","link":"https:\/\/www.ufsm.br\/unidades-universitarias\/frederico-westphalen\/galeria-de-diretores-e-vice-diretores","title":{"rendered":"Galeria de Diretores e Vice-Diretores(as)"},"content":{"rendered":"<p style=\"text-align: center\"><strong><em>Campus<\/em> da Universidade Federal de Santa Maria em Frederico Westphalen (UFSM\/FW)<br \/>\n<\/strong><\/p>\n<p>\u00a027\/10\/2020 &#8211; Dire\u00e7\u00e3o Atual<\/p>\n<table border=\"1\">\n<tbody>\n<tr>\n<td style=\"text-align: center\"><a href=\"https:\/\/www.ufsm.br\/app\/uploads\/sites\/377\/2021\/09\/BC80A7A7-E593-4BF4-85E4-438FA30ABDD3.jpeg\"><img decoding=\"async\" src=\"https:\/\/www.ufsm.br\/app\/uploads\/sites\/377\/2021\/09\/BC80A7A7-E593-4BF4-85E4-438FA30ABDD3-200x300.jpeg\" alt=\"Professor Braulio Otomar Caron\" width=\"114\" height=\"171\" \/> <\/a><\/p>\n<p><strong>Diretor eleito<\/strong><br \/>\nProf. Dr. Braulio Otomar Caron<\/p>\n<p>Portaria de Nomea\u00e7\u00e3o N\u00ba 98.784 de 26\/10\/2020<\/td>\n<td style=\"text-align: center\"><a href=\"https:\/\/www.ufsm.br\/app\/uploads\/sites\/377\/2021\/09\/4E25F8FA-A3D5-4971-A554-97EC1347B57B.jpeg\"><img decoding=\"async\" src=\"https:\/\/www.ufsm.br\/app\/uploads\/sites\/377\/2021\/09\/4E25F8FA-A3D5-4971-A554-97EC1347B57B-200x300.jpeg\" alt=\"\" width=\"114\" height=\"171\" \/><\/a><br \/>\n<strong>Vice-Diretora eleita<\/strong><br \/>\nProfa. Dra. Eliane Pereira dos Santos<\/p>\n<p>Portaria de Nomea\u00e7\u00e3o N\u00ba 98.786 de 26\/10\/2020<\/td>\n<\/tr>\n<\/tbody>\n<\/table>\n<p><strong>\u00a0<\/strong>14\/07\/2020 &#8211; 26\/10\/2020<\/p>\n<table style=\"color: #000000;width: 784px;font-size: 16px;height: 305px\" border=\"1\">\n<tbody>\n<tr style=\"height: 283px\">\n<td style=\"width: 398px;height: 283px;text-align: center\"><strong><img decoding=\"async\" src=\"https:\/\/www.ufsm.br\/unidades-universitarias\/frederico-westphalen\/wp-content\/uploads\/sites\/377\/2018\/10\/arci.jpg\" width=\"111\" height=\"158\" \/> <\/strong><\/p>\n<p><strong>Diretor <em>Pro Tempore<\/em><br \/>\n<\/strong>Prof. Dr. Arci Dirceu Wastowski<\/p>\n<p>Portaria de nomea\u00e7\u00e3o N\u00ba 98.264 de 10\/06\/2020<\/p>\n<p>Portaria de exonera\u00e7\u00e3o N\u00ba 98.785 de 26\/10\/2020<\/td>\n<td style=\"width: 370px;height: 283px;text-align: center\"><strong><img decoding=\"async\" src=\"https:\/\/www.ufsm.br\/unidades-universitarias\/frederico-westphalen\/wp-content\/uploads\/sites\/377\/2018\/10\/igor.jpg\" \/><br \/>\nVice-Diretor <em>Pro Tempore<\/em><br \/>\n<\/strong>Prof. Dr. Igor Senger<\/p>\n<p>Portaria de nomea\u00e7\u00e3o N\u00ba 98.267 de 13\/06\/2020<\/p>\n<p>Portaria de exonera\u00e7\u00e3o N\u00ba 98.783 de 26\/10\/2020<\/td>\n<\/tr>\n<\/tbody>\n<\/table>\n<p>12\/07\/2016 &#8211; 13\/07\/2020<\/p>\n<table style=\"width: 784px;height: 305px\" border=\"1\">\n<tbody>\n<tr style=\"height: 283px\">\n<td style=\"width: 398px;height: 283px;text-align: center\"><strong><img loading=\"lazy\" decoding=\"async\" class=\"aligncenter\" src=\"https:\/\/www.ufsm.br\/unidades-universitarias\/frederico-westphalen\/wp-content\/uploads\/sites\/377\/2018\/10\/arci.jpg\" width=\"111\" height=\"158\" \/><\/strong><strong>Diretor Eleito<br \/>\n<\/strong>Prof. Dr. Arci Dirceu Wastowski<\/p>\n<p>Portaria\u00a0de nomea\u00e7\u00e3o N\u00ba 80.183 de 12\/07\/2016<\/td>\n<td style=\"width: 370px;height: 283px;text-align: center\"><strong><img decoding=\"async\" class=\"aligncenter\" src=\"https:\/\/www.ufsm.br\/unidades-universitarias\/frederico-westphalen\/wp-content\/uploads\/sites\/377\/2018\/10\/igor.jpg\" \/><br \/>\nVice-Diretor Eleito<br \/>\n<\/strong>Prof. Dr. Igor Senger<\/p>\n<p>Portaria\u00a0de nomea\u00e7\u00e3o N\u00ba 80.185 de 12\/07\/2016<\/td>\n<\/tr>\n<\/tbody>\n<\/table>\n<p>17\/03\/2016 &#8211; 11\/07\/2016<\/p>\n<table style=\"width: 785px;height: 334px\" border=\"1\">\n<tbody>\n<tr>\n<td style=\"width: 394px;text-align: center\"><strong><img loading=\"lazy\" decoding=\"async\" src=\"https:\/\/www.ufsm.br\/unidades-universitarias\/frederico-westphalen\/wp-content\/uploads\/sites\/377\/2018\/10\/braulio.jpg\" width=\"150\" height=\"145\" \/> <\/strong><\/p>\n<p><strong>Diretor\u00a0<em>Pro Tempore<br \/>\n<\/em><\/strong>Prof. Dr. Braulio Otomar Caron<\/p>\n<p>Portaria de nomea\u00e7\u00e3o\u00a0N\u00ba 78.769 de 17\/03\/2016<br \/>\nPortaria\u00a0de exonera\u00e7\u00e3o N\u00ba 80.184 de 12\/07\/2016<\/td>\n<td style=\"width: 375px;text-align: center\"><strong><img loading=\"lazy\" decoding=\"async\" src=\"https:\/\/www.ufsm.br\/unidades-universitarias\/frederico-westphalen\/wp-content\/uploads\/sites\/377\/2018\/10\/FB_IMG_1532543959024-1.jpg\" width=\"93\" height=\"154\" \/> <\/strong><\/p>\n<p><strong>Vice-Diretora\u00a0<em>Pro Tempore<br \/>\n<\/em><\/strong>Profa. Dra. Lana D\u2019\u00c1vila Campanella<\/p>\n<p>Portaria de nomea\u00e7\u00e3o\u00a0N\u00ba 78.770 de 17\/03\/2016<br \/>\nPortaria\u00a0de exonera\u00e7\u00e3o N\u00ba 80.186 de 12\/07\/2016<\/td>\n<\/tr>\n<\/tbody>\n<\/table>\n<p style=\"text-align: center\"><strong style=\"text-align: center\">Centro de Educa\u00e7\u00e3o Superior Norte \u2013 RS (CESNORS)\u00a0<\/strong><\/p>\n<p>22\/01\/2016 a 17\/03\/2016<\/p>\n<table style=\"width: 788px;height: 378px\" border=\"1\">\n<tbody>\n<tr>\n<td style=\"width: 378px\">\n<p align=\"center\"><strong><img loading=\"lazy\" decoding=\"async\" src=\"https:\/\/www.ufsm.br\/unidades-universitarias\/frederico-westphalen\/wp-content\/uploads\/sites\/377\/2018\/10\/braulio.jpg\" width=\"166\" height=\"161\" \/><\/strong><\/p>\n<p align=\"center\"><strong>Diretor\u00a0<em>Pro Tempore<br \/>\n<\/em><\/strong>Prof. Dr. Braulio Otomar Caron<\/p>\n<p align=\"center\">Portaria de nomea\u00e7\u00e3o\u00a0N\u00ba 78.139 de 22\/01\/2016<br \/>\nPortaria\u00a0de exonera\u00e7\u00e3o N\u00ba78.769 de 17\/03\/2016<\/p>\n<\/td>\n<td style=\"width: 394px\">\n<p align=\"center\"><strong><img loading=\"lazy\" decoding=\"async\" src=\"https:\/\/www.ufsm.br\/unidades-universitarias\/frederico-westphalen\/wp-content\/uploads\/sites\/377\/2018\/10\/FB_IMG_1532543959024-1.jpg\" width=\"115\" height=\"191\" \/><br \/>\nVice-Diretora\u00a0<em>Pro Tempore<br \/>\n<\/em><\/strong>Profa. Dra. Lana D\u2019\u00c1vila Campanella<\/p>\n<p align=\"center\">Portaria de nomea\u00e7\u00e3o\u00a0N\u00ba 78.140 de 22\/01\/2016<br \/>\nPortaria\u00a0de exonera\u00e7\u00e3o N\u00ba 78.770 de 17\/03\/2016<\/p>\n<\/td>\n<\/tr>\n<\/tbody>\n<\/table>\n<p>24\/11\/2015 a 21\/01\/2016<\/p>\n<table style=\"width: 781px;height: 330px\" border=\"1\">\n<tbody>\n<tr>\n<td style=\"width: 382px\">\n<p align=\"center\"><strong><img loading=\"lazy\" decoding=\"async\" src=\"https:\/\/www.ufsm.br\/unidades-universitarias\/frederico-westphalen\/wp-content\/uploads\/sites\/377\/2018\/10\/gen-820x1024.jpg\" width=\"140\" height=\"175\" \/><\/strong><\/p>\n<p align=\"center\"><strong>Diretor Eleito<br \/>\n<\/strong>Prof. Dr. Genesio Mario da Rosa<\/p>\n<p align=\"center\">Portaria de nomea\u00e7\u00e3o\u00a0N\u00ba 61.429 de 20\/01\/2012<br \/>\nPortaria\u00a0de exonera\u00e7\u00e3o N\u00ba 78.084 de 19\/01\/2016<\/p>\n<\/td>\n<td style=\"width: 383px\">\n<p align=\"center\"><strong><img loading=\"lazy\" decoding=\"async\" src=\"https:\/\/www.ufsm.br\/unidades-universitarias\/frederico-westphalen\/wp-content\/uploads\/sites\/377\/2018\/10\/braulio.jpg\" width=\"159\" height=\"154\" \/><\/strong><\/p>\n<p align=\"center\"><strong>Vice-Diretor\u00a0<em>Pro Tempore<br \/>\n<\/em><\/strong>Prof. Dr. Braulio Otomar Caron<\/p>\n<p align=\"center\">Portaria de nomea\u00e7\u00e3o\u00a0N\u00ba 77.621 de 01\/12\/2015<br \/>\nPortaria\u00a0de exonera\u00e7\u00e3o N\u00ba 78.138 de 22\/01\/2016<\/p>\n<\/td>\n<\/tr>\n<\/tbody>\n<\/table>\n<p>21\/01\/2012 &#8211; 23\/11\/2015<\/p>\n<table style=\"width: 788px;height: 320px\" border=\"1\">\n<tbody>\n<tr>\n<td style=\"width: 393px\">\n<p align=\"center\"><strong><img loading=\"lazy\" decoding=\"async\" src=\"https:\/\/www.ufsm.br\/unidades-universitarias\/frederico-westphalen\/wp-content\/uploads\/sites\/377\/2018\/10\/gen-820x1024.jpg\" width=\"131\" height=\"164\" \/><\/strong><\/p>\n<p align=\"center\"><strong>Diretor Eleito<br \/>\n<\/strong>Prof. Dr. Genesio Mario da Rosa<\/p>\n<p align=\"center\">Portaria de nomea\u00e7\u00e3o\u00a0N\u00ba 61.429 de 20\/01\/2012<br \/>\nPortaria\u00a0de exonera\u00e7\u00e3o N\u00ba 78.084 de 19\/01\/2016<\/p>\n<\/td>\n<td style=\"width: 379px\">\n<p align=\"center\"><strong><img loading=\"lazy\" decoding=\"async\" src=\"https:\/\/www.ufsm.br\/unidades-universitarias\/frederico-westphalen\/wp-content\/uploads\/sites\/377\/2018\/10\/rafael.jpg\" width=\"84\" height=\"147\" \/><\/strong><\/p>\n<p align=\"center\"><strong>Vice-Diretor Eleito<br \/>\n<\/strong>Prof. Dr. Rafael Lazzari<\/p>\n<p align=\"center\">Portaria de nomea\u00e7\u00e3o\u00a0N\u00ba 61.430 de 20\/01\/2012<br \/>\nPortaria\u00a0de exonera\u00e7\u00e3o N\u00ba 77.560 de 24\/11\/2015<\/p>\n<\/td>\n<\/tr>\n<\/tbody>\n<\/table>\n<p>22\/01\/2008 &#8211; 20\/01\/2012<\/p>\n<table style=\"width: 785px;height: 336px\" border=\"1\">\n<tbody>\n<tr>\n<td style=\"width: 386px\">\n<p align=\"center\"><strong><img loading=\"lazy\" decoding=\"async\" src=\"https:\/\/www.ufsm.br\/unidades-universitarias\/frederico-westphalen\/wp-content\/uploads\/sites\/377\/2018\/10\/gen-820x1024.jpg\" width=\"137\" height=\"171\" \/><\/strong><\/p>\n<p align=\"center\"><strong>Diretor Eleito<br \/>\n<\/strong>Prof. Dr. Genesio Mario da Rosa<\/p>\n<p align=\"center\">Portaria de nomea\u00e7\u00e3o\u00a0N\u00ba 52.231 de 22\/01\/2008<br \/>\nSem portaria de exonera\u00e7\u00e3o<\/p>\n<\/td>\n<td style=\"width: 383px\">\n<p align=\"center\"><strong><img loading=\"lazy\" decoding=\"async\" src=\"https:\/\/www.ufsm.br\/unidades-universitarias\/frederico-westphalen\/wp-content\/uploads\/sites\/377\/2018\/10\/rogerio.jpg\" width=\"154\" height=\"154\" \/><\/strong><\/p>\n<p align=\"center\"><strong>Vice-Diretor Eleito<br \/>\n<\/strong>Prof. Dr. Rog\u00e9rio F\u00f4lha Bermudes<\/p>\n<p align=\"center\">Portaria de nomea\u00e7\u00e3o\u00a0N\u00ba 52.231 de 22\/01\/2008<br \/>\nSem portaria de exonera\u00e7\u00e3o<\/p>\n<\/td>\n<\/tr>\n<\/tbody>\n<\/table>\n<p>16\/10\/2006 &#8211; 21\/01\/2008<\/p>\n<table style=\"width: 786px;height: 324px\" border=\"1\">\n<tbody>\n<tr>\n<td style=\"width: 386px\">\n<p align=\"center\"><strong><img loading=\"lazy\" decoding=\"async\" src=\"https:\/\/www.ufsm.br\/unidades-universitarias\/frederico-westphalen\/wp-content\/uploads\/sites\/377\/2018\/10\/gen-820x1024.jpg\" width=\"132\" height=\"165\" \/><br \/>\nDiretor\u00a0<em>Pro Tempore<br \/>\n<\/em><\/strong>Prof. Dr. Genesio Mario da Rosa<\/p>\n<p align=\"center\">Portaria de nomea\u00e7\u00e3o\u00a0N\u00ba 50.047 de 16\/10\/2006<br \/>\nPortaria\u00a0de exonera\u00e7\u00e3o N\u00ba 52.229 de 22\/01\/2008<\/p>\n<\/td>\n<td style=\"width: 384px\">\n<p align=\"center\"><strong><img loading=\"lazy\" decoding=\"async\" src=\"https:\/\/www.ufsm.br\/unidades-universitarias\/frederico-westphalen\/wp-content\/uploads\/sites\/377\/2018\/10\/marelise2-683x1024.jpg\" width=\"109\" height=\"163\" \/><\/strong><\/p>\n<p align=\"center\"><strong>Vice-Diretora\u00a0<em>Pro Tempore<br \/>\n<\/em><\/strong>Profa. Dra. Marilise Mendon\u00e7a Krugel<\/p>\n<p align=\"center\">Portaria de nomea\u00e7\u00e3o\u00a0N\u00ba 50.048 de 16\/10\/2006<br \/>\nPortaria\u00a0de exonera\u00e7\u00e3o N\u00ba 52.230 de 22\/01\/2008<\/p>\n<\/td>\n<\/tr>\n<\/tbody>\n<\/table>\n<p>26\/01\/2006 &#8211; 15\/10\/2006<\/p>\n<table style=\"height: 282px\" border=\"1\" width=\"784\">\n<tbody>\n<tr>\n<td style=\"width: 774px\">\n<p align=\"center\"><strong><em><img loading=\"lazy\" decoding=\"async\" src=\"https:\/\/www.ufsm.br\/unidades-universitarias\/frederico-westphalen\/wp-content\/uploads\/sites\/377\/2018\/10\/felipe.jpg\" width=\"113\" height=\"152\" \/>\u00a0<\/em><\/strong><\/p>\n<p align=\"center\"><strong><em>Coordenador do Conv\u00eanio MEC\/SESu 151\/2005 para Implanta\u00e7\u00e3o do Centro de Educa\u00e7\u00e3o Norte \u2013RS (CESNORS)<\/em><br \/>\n<\/strong><\/p>\n<p align=\"center\">Prof. Dr. Felipe Martins M\u00fcller<\/p>\n<\/td>\n<\/tr>\n<\/tbody>\n<\/table>\n<p style=\"text-align: left\">23\/12\/2005 &#8211; 25\/01\/2006<\/p>\n<table style=\"width: 783px;height: 272px\" border=\"1\">\n<tbody>\n<tr>\n<td style=\"width: 773px;text-align: center\">\n<p align=\"center\"><strong><img loading=\"lazy\" decoding=\"async\" src=\"https:\/\/www.ufsm.br\/unidades-universitarias\/frederico-westphalen\/wp-content\/uploads\/sites\/377\/2018\/10\/lauro.jpg\" width=\"100\" height=\"140\" \/><\/strong><\/p>\n<p align=\"center\"><strong>Diretor\u00a0<em>Pro Tempore<br \/>\n<\/em><\/strong>Prof. Lauro Luiz Chielle<\/p>\n<p align=\"center\">Portaria de nomea\u00e7\u00e3o\u00a0N\u00ba 48.387 de 23\/12\/2005<br \/>\nPortaria\u00a0de exonera\u00e7\u00e3o N\u00ba 48.641 de 26\/01\/2006<\/p>\n<\/td>\n<\/tr>\n<\/tbody>\n<\/table>\n","protected":false},"excerpt":{"rendered":"<p>Campus da Universidade Federal de Santa Maria em Frederico Westphalen (UFSM\/FW) \u00a027\/10\/2020 &#8211; Dire\u00e7\u00e3o Atual Diretor eleito Prof. Dr. Braulio Otomar Caron Portaria de Nomea\u00e7\u00e3o N\u00ba 98.784 de 26\/10\/2020 Vice-Diretora eleita Profa. Dra. Eliane Pereira dos Santos Portaria de Nomea\u00e7\u00e3o N\u00ba 98.786 de 26\/10\/2020 \u00a014\/07\/2020 &#8211; 26\/10\/2020 Diretor Pro Tempore Prof. Dr. Arci Dirceu Wastowski [&hellip;]<\/p>\n","protected":false},"author":118,"featured_media":0,"parent":0,"menu_order":0,"comment_status":"closed","ping_status":"closed","template":"","meta":{"footnotes":""},"categories":[],"tags":[],"class_list":["post-58","page","type-page","status-publish","hentry"],"acf":[],"_links":{"self":[{"href":"https:\/\/www.ufsm.br\/unidades-universitarias\/frederico-westphalen\/wp-json\/wp\/v2\/pages\/58","targetHints":{"allow":["GET"]}}],"collection":[{"href":"https:\/\/www.ufsm.br\/unidades-universitarias\/frederico-westphalen\/wp-json\/wp\/v2\/pages"}],"about":[{"href":"https:\/\/www.ufsm.br\/unidades-universitarias\/frederico-westphalen\/wp-json\/wp\/v2\/types\/page"}],"author":[{"embeddable":true,"href":"https:\/\/www.ufsm.br\/unidades-universitarias\/frederico-westphalen\/wp-json\/wp\/v2\/users\/118"}],"replies":[{"embeddable":true,"href":"https:\/\/www.ufsm.br\/unidades-universitarias\/frederico-westphalen\/wp-json\/wp\/v2\/comments?post=58"}],"version-history":[{"count":0,"href":"https:\/\/www.ufsm.br\/unidades-universitarias\/frederico-westphalen\/wp-json\/wp\/v2\/pages\/58\/revisions"}],"wp:attachment":[{"href":"https:\/\/www.ufsm.br\/unidades-universitarias\/frederico-westphalen\/wp-json\/wp\/v2\/media?parent=58"}],"wp:term":[{"taxonomy":"category","embeddable":true,"href":"https:\/\/www.ufsm.br\/unidades-universitarias\/frederico-westphalen\/wp-json\/wp\/v2\/categories?post=58"},{"taxonomy":"post_tag","embeddable":true,"href":"https:\/\/www.ufsm.br\/unidades-universitarias\/frederico-westphalen\/wp-json\/wp\/v2\/tags?post=58"}],"curies":[{"name":"wp","href":"https:\/\/api.w.org\/{rel}","templated":true}]}}