{"id":7848,"date":"2021-09-23T10:20:43","date_gmt":"2021-09-23T13:20:43","guid":{"rendered":"https:\/\/www.ufsm.br\/unidades-universitarias\/frederico-westphalen\/?page_id=7848"},"modified":"2022-06-01T09:27:26","modified_gmt":"2022-06-01T12:27:26","slug":"educacao-e-arte-patrimonio-cultural-de-frederico-westphalen-seu-olhar-na-nossa-historia","status":"publish","type":"page","link":"https:\/\/www.ufsm.br\/unidades-universitarias\/frederico-westphalen\/educacao-e-arte-patrimonio-cultural-de-frederico-westphalen-seu-olhar-na-nossa-historia","title":{"rendered":"Educa\u00e7\u00e3o e Arte &#8211; Patrim\u00f4nio Cultural de Frederico Westphalen: Seu Olhar na Nossa Hist\u00f3ria"},"content":{"rendered":"\n<p style=\"text-align: justify\">O projeto de extens\u00e3o <strong>Educa\u00e7\u00e3o e Arte \u2013 Patrim\u00f4nio Cultural de Frederico Westphalen: Seu Olhar na Nossa Hist\u00f3ria<\/strong>, tem como objetivo o aux\u00edlio no desenvolvimento de a\u00e7\u00f5es de promo\u00e7\u00e3o da cultura e da arte no ambiente escolar.<\/p>\n<p style=\"text-align: justify\">A a\u00e7\u00e3o est\u00e1 alinhada ao ODS 04 &#8211; Educa\u00e7\u00e3o de Qualidade da Agenda 2030, considerada como priorit\u00e1ria no F\u00f3rum Regional de Extens\u00e3o de Frederico Westphalen, na \u00e1rea 2: Cultura e arte, que visa uma educa\u00e7\u00e3o inclusiva, equitativa e de qualidade.&nbsp;<\/p>\n<p style=\"text-align: justify\">Escolas municipais participantes: EMEF Irm\u00e3 Odila Lehnen, EMEF Maria Falcon, EMEF Marechal Floriano, EMEF Giusto Damo, EMEF Vinte e Um de Abril, EMEF Rui Barbosa, EMEF Duque de Caxias, EMEF Joaquim Nabuco e EMEF Alberto Pasqualini.<\/p>\n\n\n\n<h2>Atividades<\/h2>\n<ul>\n<li><a href=\"https:\/\/drive.google.com\/file\/d\/1UFksl_locUyMEKJ47yJpXBNZ4skBfYru\/view?usp=sharing\" target=\"_blank\" rel=\"noopener\">Cartilha sobre o patrim\u00f4nio<\/a><\/li>\n<li><a href=\"https:\/\/drive.google.com\/file\/d\/1I55rWKYv458ThQt8Ng2mMTiDDXW3XlYV\/view?usp=sharing\" target=\"_blank\" rel=\"noopener\">V\u00eddeo sobre patrim\u00f4nio<\/a><\/li>\n<li><a href=\"https:\/\/www.ufsm.br\/unidades-universitarias\/frederico-westphalen\/ufsm-fw-15-anos\/calendario-institucional\/\" target=\"_blank\" rel=\"noopener\">Concurso de Desenho<\/a><\/li>\n<li><a href=\"https:\/\/drive.google.com\/drive\/folders\/1DVWu9WCH1DlxQMX8Kk4mhj2zOlCGK1Aa?usp=sharing\" target=\"_blank\" rel=\"noopener\">Document\u00e1rio<\/a><\/li>\n<\/ul>\n\n\n\n<h2>Equipe<\/h2>\n<p>COORDENADORA DO PROJETO<br \/>Silvane Brand Fabrizio<\/p>\n<p>DIAGRAMA\u00c7\u00c3O E ILUSTRA\u00c7\u00d5ES<br \/>Sara Spolti Pazuch<\/p>\n<p>FOTOGRAFIAS<br \/>Paulo C\u00e9sar Vialle Munhoz<\/p>\n<p>PARTICIPANTES<br \/>Elo\u00edsa Sampaio<br \/>Fernanda Buriol<br \/>Marileia Bressan Copetti<br \/>Natalie Pereira Soares<\/p>\n<p>COLABORADORES<br \/>Eliane Pereira dos Santos<br \/>Joel Felipe Guindani<br \/>Wilson Aleixo Ferigollo<\/p>\n\n\n\n<div class=\"wp-block-columns is-layout-flex wp-container-core-columns-is-layout-9d6595d7 wp-block-columns-is-layout-flex\">\n<div class=\"wp-block-column is-layout-flow wp-block-column-is-layout-flow\" style=\"flex-basis:50%\">\n<p><strong>Realiza\u00e7\u00e3o:<\/strong><\/p>\n<p><img fetchpriority=\"high\" decoding=\"async\" class=\"alignnone size-medium wp-image-6428\" src=\"https:\/\/www.ufsm.br\/app\/uploads\/sites\/377\/2019\/06\/MARCA_UFSMFW_COLORIDA_PRETA-300x225.png\" alt=\"\" width=\"300\" height=\"225\" srcset=\"https:\/\/www.ufsm.br\/app\/uploads\/sites\/377\/2019\/06\/MARCA_UFSMFW_COLORIDA_PRETA-300x225.png 300w, https:\/\/www.ufsm.br\/app\/uploads\/sites\/377\/2019\/06\/MARCA_UFSMFW_COLORIDA_PRETA-768x576.png 768w, https:\/\/www.ufsm.br\/app\/uploads\/sites\/377\/2019\/06\/MARCA_UFSMFW_COLORIDA_PRETA.png 800w\" sizes=\"(max-width: 300px) 100vw, 300px\" \/><\/p>\n<\/div>\n\n\n\n<div class=\"wp-block-column is-layout-flow wp-block-column-is-layout-flow\" style=\"flex-basis:50%\">\n<p><strong>Apoiadores:<\/strong><\/p>\n<p><img decoding=\"async\" class=\"alignnone wp-image-7855 size-full\" src=\"https:\/\/www.ufsm.br\/app\/uploads\/sites\/377\/2021\/09\/PRE.jpg\" alt=\"\" width=\"239\" height=\"174\"><img decoding=\"async\" class=\"alignnone wp-image-7854 size-full\" src=\"https:\/\/www.ufsm.br\/app\/uploads\/sites\/377\/2021\/09\/CMC.jpg\" alt=\"\" width=\"200\" height=\"149\"><img loading=\"lazy\" decoding=\"async\" class=\"alignnone  wp-image-7858\" src=\"https:\/\/www.ufsm.br\/app\/uploads\/sites\/377\/2021\/09\/SMEC-300x92.jpeg\" alt=\"\" width=\"238\" height=\"73\" srcset=\"https:\/\/www.ufsm.br\/app\/uploads\/sites\/377\/2021\/09\/SMEC-300x92.jpeg 300w, https:\/\/www.ufsm.br\/app\/uploads\/sites\/377\/2021\/09\/SMEC.jpeg 517w\" sizes=\"(max-width: 238px) 100vw, 238px\" \/><\/p>\n<\/div>\n<\/div>\n\n\n","protected":false},"excerpt":{"rendered":"<p>O projeto de extens\u00e3o Educa\u00e7\u00e3o e Arte \u2013 Patrim\u00f4nio Cultural de Frederico Westphalen: Seu Olhar na Nossa Hist\u00f3ria, tem como objetivo o aux\u00edlio no desenvolvimento de a\u00e7\u00f5es de promo\u00e7\u00e3o da cultura e da arte no ambiente escolar. A a\u00e7\u00e3o est\u00e1 alinhada ao ODS 04 &#8211; Educa\u00e7\u00e3o de Qualidade da Agenda 2030, considerada como priorit\u00e1ria no [&hellip;]<\/p>\n","protected":false},"author":3901,"featured_media":0,"parent":0,"menu_order":0,"comment_status":"closed","ping_status":"closed","template":"","meta":{"footnotes":""},"categories":[123],"tags":[],"class_list":["post-7848","page","type-page","status-publish","hentry","category-projetos"],"acf":[],"_links":{"self":[{"href":"https:\/\/www.ufsm.br\/unidades-universitarias\/frederico-westphalen\/wp-json\/wp\/v2\/pages\/7848","targetHints":{"allow":["GET"]}}],"collection":[{"href":"https:\/\/www.ufsm.br\/unidades-universitarias\/frederico-westphalen\/wp-json\/wp\/v2\/pages"}],"about":[{"href":"https:\/\/www.ufsm.br\/unidades-universitarias\/frederico-westphalen\/wp-json\/wp\/v2\/types\/page"}],"author":[{"embeddable":true,"href":"https:\/\/www.ufsm.br\/unidades-universitarias\/frederico-westphalen\/wp-json\/wp\/v2\/users\/3901"}],"replies":[{"embeddable":true,"href":"https:\/\/www.ufsm.br\/unidades-universitarias\/frederico-westphalen\/wp-json\/wp\/v2\/comments?post=7848"}],"version-history":[{"count":0,"href":"https:\/\/www.ufsm.br\/unidades-universitarias\/frederico-westphalen\/wp-json\/wp\/v2\/pages\/7848\/revisions"}],"wp:attachment":[{"href":"https:\/\/www.ufsm.br\/unidades-universitarias\/frederico-westphalen\/wp-json\/wp\/v2\/media?parent=7848"}],"wp:term":[{"taxonomy":"category","embeddable":true,"href":"https:\/\/www.ufsm.br\/unidades-universitarias\/frederico-westphalen\/wp-json\/wp\/v2\/categories?post=7848"},{"taxonomy":"post_tag","embeddable":true,"href":"https:\/\/www.ufsm.br\/unidades-universitarias\/frederico-westphalen\/wp-json\/wp\/v2\/tags?post=7848"}],"curies":[{"name":"wp","href":"https:\/\/api.w.org\/{rel}","templated":true}]}}