{"id":1599,"date":"2018-06-05T09:38:30","date_gmt":"2018-06-05T12:38:30","guid":{"rendered":"https:\/\/www.ufsm.br\/unidades-universitarias\/ipeamarelo\/?page_id=1599"},"modified":"2025-05-14T16:23:44","modified_gmt":"2025-05-14T19:23:44","slug":"conselho-diretor","status":"publish","type":"page","link":"https:\/\/www.ufsm.br\/unidades-universitarias\/ipeamarelo\/conselho-diretor","title":{"rendered":"Conselho Diretor"},"content":{"rendered":"\t\t<div data-elementor-type=\"wp-page\" data-elementor-id=\"1599\" class=\"elementor elementor-1599\">\n\t\t\t\t\t\t<section class=\"elementor-section elementor-top-section elementor-element elementor-element-cbb76b7 elementor-section-boxed elementor-section-height-default elementor-section-height-default\" data-id=\"cbb76b7\" data-element_type=\"section\">\n\t\t\t\t\t\t<div class=\"elementor-container elementor-column-gap-default\">\n\t\t\t\t\t<div class=\"elementor-column elementor-col-100 elementor-top-column elementor-element elementor-element-d86b93a\" data-id=\"d86b93a\" data-element_type=\"column\">\n\t\t\t<div class=\"elementor-widget-wrap elementor-element-populated\">\n\t\t\t\t\t\t<div class=\"elementor-element elementor-element-9d732fb elementor-widget elementor-widget-text-editor\" data-id=\"9d732fb\" data-element_type=\"widget\" data-widget_type=\"text-editor.default\">\n\t\t\t\t<div class=\"elementor-widget-container\">\n\t\t\t\t\t\t\t<p>Em constru\u00e7\u00e3o. <em>Links em breve.<\/em><\/p>\t\t\t\t\t\t<\/div>\n\t\t\t\t<\/div>\n\t\t\t\t<div class=\"elementor-element elementor-element-273a546 elementor-widget elementor-widget-spacer\" data-id=\"273a546\" data-element_type=\"widget\" data-widget_type=\"spacer.default\">\n\t\t\t\t<div class=\"elementor-widget-container\">\n\t\t\t\t\t<div class=\"elementor-spacer\">\n\t\t\t<div class=\"elementor-spacer-inner\"><\/div>\n\t\t<\/div>\n\t\t\t\t<\/div>\n\t\t\t\t<\/div>\n\t\t\t\t\t<\/div>\n\t\t<\/div>\n\t\t\t\t\t<\/div>\n\t\t<\/section>\n\t\t\t\t<section class=\"elementor-section elementor-top-section elementor-element elementor-element-bc8ef17 elementor-section-boxed elementor-section-height-default elementor-section-height-default\" data-id=\"bc8ef17\" data-element_type=\"section\">\n\t\t\t\t\t\t<div class=\"elementor-container elementor-column-gap-default\">\n\t\t\t\t\t<div class=\"elementor-column elementor-col-25 elementor-top-column elementor-element elementor-element-25d963a\" data-id=\"25d963a\" data-element_type=\"column\">\n\t\t\t<div class=\"elementor-widget-wrap elementor-element-populated\">\n\t\t\t\t\t\t<div class=\"elementor-element elementor-element-4ecc59e elementor-view-default elementor-position-top elementor-mobile-position-top elementor-widget elementor-widget-icon-box\" data-id=\"4ecc59e\" data-element_type=\"widget\" data-widget_type=\"icon-box.default\">\n\t\t\t\t<div class=\"elementor-widget-container\">\n\t\t\t\t\t<div class=\"elementor-icon-box-wrapper\">\n\n\t\t\t\t\t\t<div class=\"elementor-icon-box-icon\">\n\t\t\t\t<span  class=\"elementor-icon elementor-animation-\">\n\t\t\t\t<i aria-hidden=\"true\" class=\"far fa-file-alt\"><\/i>\t\t\t\t<\/span>\n\t\t\t<\/div>\n\t\t\t\n\t\t\t\t\t\t<div class=\"elementor-icon-box-content\">\n\n\t\t\t\t\t\t\t\t\t<h3 class=\"elementor-icon-box-title\">\n\t\t\t\t\t\t<span  >\n\t\t\t\t\t\t\tAtas\t\t\t\t\t\t<\/span>\n\t\t\t\t\t<\/h3>\n\t\t\t\t\n\t\t\t\t\n\t\t\t<\/div>\n\t\t\t\n\t\t<\/div>\n\t\t\t\t<\/div>\n\t\t\t\t<\/div>\n\t\t\t\t\t<\/div>\n\t\t<\/div>\n\t\t\t\t<div class=\"elementor-column elementor-col-25 elementor-top-column elementor-element elementor-element-2614a8f\" data-id=\"2614a8f\" data-element_type=\"column\">\n\t\t\t<div class=\"elementor-widget-wrap elementor-element-populated\">\n\t\t\t\t\t\t<div class=\"elementor-element elementor-element-ce43bc9 elementor-view-default elementor-position-top elementor-mobile-position-top elementor-widget elementor-widget-icon-box\" data-id=\"ce43bc9\" data-element_type=\"widget\" data-widget_type=\"icon-box.default\">\n\t\t\t\t<div class=\"elementor-widget-container\">\n\t\t\t\t\t<div class=\"elementor-icon-box-wrapper\">\n\n\t\t\t\t\t\t<div class=\"elementor-icon-box-icon\">\n\t\t\t\t<span  class=\"elementor-icon elementor-animation-\">\n\t\t\t\t<i aria-hidden=\"true\" class=\"far fa-list-alt\"><\/i>\t\t\t\t<\/span>\n\t\t\t<\/div>\n\t\t\t\n\t\t\t\t\t\t<div class=\"elementor-icon-box-content\">\n\n\t\t\t\t\t\t\t\t\t<h3 class=\"elementor-icon-box-title\">\n\t\t\t\t\t\t<span  >\n\t\t\t\t\t\t\tPauta de reuni\u00e3o\t\t\t\t\t\t<\/span>\n\t\t\t\t\t<\/h3>\n\t\t\t\t\n\t\t\t\t\n\t\t\t<\/div>\n\t\t\t\n\t\t<\/div>\n\t\t\t\t<\/div>\n\t\t\t\t<\/div>\n\t\t\t\t\t<\/div>\n\t\t<\/div>\n\t\t\t\t<div class=\"elementor-column elementor-col-25 elementor-top-column elementor-element elementor-element-a03ad52\" data-id=\"a03ad52\" data-element_type=\"column\">\n\t\t\t<div class=\"elementor-widget-wrap elementor-element-populated\">\n\t\t\t\t\t\t<div class=\"elementor-element elementor-element-3ea5fd2 elementor-view-default elementor-position-top elementor-mobile-position-top elementor-widget elementor-widget-icon-box\" data-id=\"3ea5fd2\" data-element_type=\"widget\" data-widget_type=\"icon-box.default\">\n\t\t\t\t<div class=\"elementor-widget-container\">\n\t\t\t\t\t<div class=\"elementor-icon-box-wrapper\">\n\n\t\t\t\t\t\t<div class=\"elementor-icon-box-icon\">\n\t\t\t\t<span  class=\"elementor-icon elementor-animation-\">\n\t\t\t\t<i aria-hidden=\"true\" class=\"far fa-calendar-alt\"><\/i>\t\t\t\t<\/span>\n\t\t\t<\/div>\n\t\t\t\n\t\t\t\t\t\t<div class=\"elementor-icon-box-content\">\n\n\t\t\t\t\t\t\t\t\t<h3 class=\"elementor-icon-box-title\">\n\t\t\t\t\t\t<span  >\n\t\t\t\t\t\t\tDatas de reuni\u00f5es\t\t\t\t\t\t<\/span>\n\t\t\t\t\t<\/h3>\n\t\t\t\t\n\t\t\t\t\n\t\t\t<\/div>\n\t\t\t\n\t\t<\/div>\n\t\t\t\t<\/div>\n\t\t\t\t<\/div>\n\t\t\t\t\t<\/div>\n\t\t<\/div>\n\t\t\t\t<div class=\"elementor-column elementor-col-25 elementor-top-column elementor-element elementor-element-7096337\" data-id=\"7096337\" data-element_type=\"column\">\n\t\t\t<div class=\"elementor-widget-wrap elementor-element-populated\">\n\t\t\t\t\t\t<div class=\"elementor-element elementor-element-992076e elementor-view-default elementor-position-top elementor-mobile-position-top elementor-widget elementor-widget-icon-box\" data-id=\"992076e\" data-element_type=\"widget\" data-widget_type=\"icon-box.default\">\n\t\t\t\t<div class=\"elementor-widget-container\">\n\t\t\t\t\t<div class=\"elementor-icon-box-wrapper\">\n\n\t\t\t\t\t\t<div class=\"elementor-icon-box-icon\">\n\t\t\t\t<a href=\"https:\/\/www.ufsm.br\/app\/uploads\/sites\/359\/2025\/05\/Portaria-43-Conselho-Diretor.docx-2.pdf\" target=\"_blank\" class=\"elementor-icon elementor-animation-\" tabindex=\"-1\">\n\t\t\t\t<i aria-hidden=\"true\" class=\"fas fa-users\"><\/i>\t\t\t\t<\/a>\n\t\t\t<\/div>\n\t\t\t\n\t\t\t\t\t\t<div class=\"elementor-icon-box-content\">\n\n\t\t\t\t\t\t\t\t\t<h3 class=\"elementor-icon-box-title\">\n\t\t\t\t\t\t<a href=\"https:\/\/www.ufsm.br\/app\/uploads\/sites\/359\/2025\/05\/Portaria-43-Conselho-Diretor.docx-2.pdf\" target=\"_blank\" >\n\t\t\t\t\t\t\tComposi\u00e7\u00e3o\t\t\t\t\t\t<\/a>\n\t\t\t\t\t<\/h3>\n\t\t\t\t\n\t\t\t\t\n\t\t\t<\/div>\n\t\t\t\n\t\t<\/div>\n\t\t\t\t<\/div>\n\t\t\t\t<\/div>\n\t\t\t\t\t<\/div>\n\t\t<\/div>\n\t\t\t\t\t<\/div>\n\t\t<\/section>\n\t\t\t\t<section class=\"elementor-section elementor-top-section elementor-element elementor-element-831391e elementor-section-boxed elementor-section-height-default elementor-section-height-default\" data-id=\"831391e\" data-element_type=\"section\">\n\t\t\t\t\t\t<div class=\"elementor-container elementor-column-gap-default\">\n\t\t\t\t\t<div class=\"elementor-column elementor-col-100 elementor-top-column elementor-element elementor-element-6125756\" data-id=\"6125756\" data-element_type=\"column\">\n\t\t\t<div class=\"elementor-widget-wrap elementor-element-populated\">\n\t\t\t\t\t\t<div class=\"elementor-element elementor-element-05a280b elementor-widget elementor-widget-spacer\" data-id=\"05a280b\" data-element_type=\"widget\" data-widget_type=\"spacer.default\">\n\t\t\t\t<div class=\"elementor-widget-container\">\n\t\t\t\t\t<div class=\"elementor-spacer\">\n\t\t\t<div class=\"elementor-spacer-inner\"><\/div>\n\t\t<\/div>\n\t\t\t\t<\/div>\n\t\t\t\t<\/div>\n\t\t\t\t\t<\/div>\n\t\t<\/div>\n\t\t\t\t\t<\/div>\n\t\t<\/section>\n\t\t\t\t<section class=\"elementor-section elementor-top-section elementor-element elementor-element-77aa1cd5 elementor-section-boxed elementor-section-height-default elementor-section-height-default\" data-id=\"77aa1cd5\" data-element_type=\"section\">\n\t\t\t\t\t\t<div class=\"elementor-container elementor-column-gap-default\">\n\t\t\t\t\t<div class=\"elementor-column elementor-col-100 elementor-top-column elementor-element elementor-element-5ae96048\" data-id=\"5ae96048\" data-element_type=\"column\">\n\t\t\t<div class=\"elementor-widget-wrap elementor-element-populated\">\n\t\t\t\t\t\t<div class=\"elementor-element elementor-element-184dd3cc elementor-widget elementor-widget-text-editor\" data-id=\"184dd3cc\" data-element_type=\"widget\" data-widget_type=\"text-editor.default\">\n\t\t\t\t<div class=\"elementor-widget-container\">\n\t\t\t\t\t\t\t<div class=\"page-header\">\n<div align=\"center\"><span style=\"font-weight: var( --e-global-typography-text-font-weight );text-align: var(--bs-body-text-align)\">Do Regimento Interno da Unidade de Educa\u00e7\u00e3o Infantil Ip\u00ea Amarelo:<\/span><\/div>\n<\/div>\n<div class=\"page-header\">\n<div align=\"center\">&nbsp;<span style=\"font-weight: var( --e-global-typography-text-font-weight );text-align: var(--bs-body-text-align)\">&nbsp;<\/span><\/div>\n<div align=\"center\">&nbsp;<\/div>\n<div align=\"center\"><b>Se\u00e7\u00e3o I<\/b><\/div>\n<div align=\"center\">&nbsp;<\/div>\n<div align=\"center\"><b>D<\/b><b>o Conselho Diretor Da Unidade<\/b><\/div>\n<div align=\"center\">&nbsp;<\/div>\n<div align=\"center\">&nbsp;<\/div>\n<div style=\"text-align: left\" align=\"center\">A<span style=\"font-size: inherit\">rt. 11 O Conselho Diretor, \u00f3rg\u00e3o deliberativo e consultivo de unidade de ensino b\u00e1sico, t\u00e9cnico e tecnol\u00f3gico, comp\u00f5e-se de:<\/span><\/div>\n<p>I &#8211; diretor de unidade;<\/p>\n<p>II &#8211; diretor de departamento;<\/p>\n<p>III &#8211; coordenador de cada um dos cursos existentes na unidade;<\/p>\n<p>IV &#8211; representa\u00e7\u00e3o do corpo docente;<\/p>\n<p>V &#8211; representa\u00e7\u00e3o dos servidores t\u00e9cnico-administrativos em educa\u00e7\u00e3o; e<\/p>\n<p>VI &#8211; representa\u00e7\u00e3o do corpo discente.<\/p>\n<p>\u00a7 1\u00ba As representa\u00e7\u00f5es dos docentes, dos servidores t\u00e9cnico-administrativos em educa\u00e7\u00e3o e do corpo discente, definidas nos incisos IV, V e VI, ter\u00e3o quantitativo definido no regulamento interno da referida unidade de ensino m\u00e9dio, t\u00e9cnico e tecnol\u00f3gico, obedecido o disposto no par\u00e1grafo \u00fanico, do art. 56, da Lei n. 9.394, de 1996.<\/p>\n<p>\u00a7 2\u00ba A representa\u00e7\u00e3o dos docentes, dos servidores t\u00e9cnico-administrativos em educa\u00e7\u00e3o e do corpo discente, e seus respectivos suplentes ter\u00e3o mandato de um ano, permitida uma \u00fanica recondu\u00e7\u00e3o.&nbsp;<a href=\"https:\/\/www.ufsm.br\/pro-reitorias\/proplan\/resolucao-n-037-2016\/\" target=\"_blank\" rel=\"noopener noreferrer\"><span style=\"color: blue\"><u>Reda\u00e7\u00e3o dada dada Resolu\u00e7\u00e3o N. 037\/2016<\/u><\/span><\/a><\/p>\n<p>Art. 12 O Conselho Diretor da Unidade ser\u00e1 presidido pelo (a)Diretor(a) do Ip\u00ea Amarelo (UEIIA).<\/p>\n<p>Par\u00e1grafo \u00fanico. Na aus\u00eancia do(a) Diretor(a), o Conselho da Unidade ser\u00e1 presidido pelo(a) Vice-Diretor(a).<\/p>\n<p>Art. 13 Compete ao Conselho Diretor da Unidade:<\/p>\n<p>I &#8211; exercer, como \u00f3rg\u00e3o consultivo, normativo e deliberativo, a jurisdi\u00e7\u00e3o superior da UEIIA em mat\u00e9ria que n\u00e3o seja da atribui\u00e7\u00e3o do(a) Diretor(a);<\/p>\n<p>II &#8211; opinar e decidir sobre os objetivos, os assuntos administrativos, disciplinares e did\u00e1ticos, sempre que escapem da al\u00e7ada da Dire\u00e7\u00e3o;<\/p>\n<p>III &#8211; aprovar o projeto pedag\u00f3gico da UEIIA, acompanhar o seu desenvolvimento e verificar as necessidades de ajustamento no decorrer do ano letivo;<\/p>\n<p>IV &#8211; deliberar sobre a filosofia, os objetivos, e atividade de ensino, pesquisa e extens\u00e3o da UEIIA;<\/p>\n<p>V &#8211; analisar e deliberar sobre proposi\u00e7\u00f5es relativas ao ensino, pesquisa e extens\u00e3o;<\/p>\n<p>VI &#8211; analisar a proposta de execu\u00e7\u00e3o or\u00e7ament\u00e1ria da UEIIA a ser remetida \u00e0 Coordenadoria de Educa\u00e7\u00e3o B\u00e1sica, T\u00e9cnica e Tecnol\u00f3gica;<\/p>\n<p>VII &#8211; eleger a lista tr\u00edplice para Diretor(a) e Vice-Diretor(a) da UEIIA destinada \u00e0 escolha e nomea\u00e7\u00e3o pelo(a) Reitor(a);<\/p>\n<p>VIII &#8211; analisar e aprovar o regimento do Conselho Diretor e o Regimento Geral da UEIIA;<\/p>\n<p>IX &#8211; aprovar o Calend\u00e1rio Escolar da UEIIA;<\/p>\n<p>X &#8211; analisar e aprovar resultados de concursos e\/ou sele\u00e7\u00e3o p\u00fablica de pessoal docente;<\/p>\n<p>XI &#8211; emitir parecer, quando solicitado, sobre contrata\u00e7\u00f5es de servidor docente;<\/p>\n<p>XII &#8211; analisar e aprovar pedidos de transfer\u00eancias de docentes e servidores t\u00e9cnico\u2013administrativos em educa\u00e7\u00e3o para a UEIIA;<\/p>\n<p>XIII &#8211; aprovar as normas e crit\u00e9rios para os est\u00e1gios curriculares;<\/p>\n<p>XIV &#8211; analisar e deliberar sobre recursos encaminhados por docentes, servidores t\u00e9cnico-administrativos em educa\u00e7\u00e3o e demais segmentos;<\/p>\n<p>XV &#8211; deliberar e resolver, em grau de recurso, sobre assuntos de natureza administrativa da UEIIA;<\/p>\n<p>XVI &#8211; fixar o n\u00famero de vagas a oferecer para o ingresso de crian\u00e7as na UEIIA, atendendo a legisla\u00e7\u00e3o e os indicadores de qualidade;<\/p>\n<p>XVII &#8211; aprovar altera\u00e7\u00e3o na sistem\u00e1tica de metodologia e avalia\u00e7\u00e3o da UEIIA; e<\/p>\n<p>XVIII &#8211; deliberar sobre outras mat\u00e9rias na esfera de sua compet\u00eancia.<\/p>\n<p>Art. 14 O Conselho Diretor da Unidade ser\u00e1 convocado pelo seu Presidente e reuniar-se-\u00e1, com pelo menos a maioria qualificada de setenta e cinco por cento, ou seja, dez de seus membros, ordinariamente, uma vez por bimestre e, extraordinariamente, sempre que convocado por seu Presidente ou por solicita\u00e7\u00e3o de pelo menos dois ter\u00e7os de seus membros.<\/p>\n<p>\u00a7 1\u00ba Todos os membros do Conselho Diretor da Unidade ser\u00e3o convocados com anteced\u00eancia m\u00ednima de quarenta e oito horas da realiza\u00e7\u00e3o da sess\u00e3o e o seu comparecimento \u00e9 obrigat\u00f3rio e preferencial a qualquer outra atividade no \u00e2mbito da UFSM, exceto as representa\u00e7\u00f5es colegiadas em inst\u00e2ncias superiores.<\/p>\n<p>\u00a7 2\u00ba As sess\u00f5es ter\u00e3o dura\u00e7\u00e3o m\u00e1xima de tr\u00eas horas.<\/p>\n<p>\u00a7 3\u00ba A convoca\u00e7\u00e3o por dois ter\u00e7os dos membros do Conselho Diretor da Unidade ser\u00e1 requerida por escrito ao presidente, que convocar\u00e1 no prazo m\u00e1ximo de quarenta e oito horas, nos termos deste artigo. No caso de recusa do Presidente, a convoca\u00e7\u00e3o poder\u00e1 ser subscrita pelos membros do Conselho Diretor, que a promoverem.<\/p>\n<p>Art. 15 As decis\u00f5es do Conselho Diretor da UEIIA ser\u00e3o tomadas por maioria simples de votos dos presentes.<\/p>\n<p>Par\u00e1grafo \u00fanico. O Presidente do Conselho Diretor da Unidade tem, nos casos de empate, o voto de qualidade.<\/p>\n<p>Art. 16 As sess\u00f5es do Conselho Diretor da Unidade ser\u00e3o secretariadas por um dos conselheiros indicados pelo presidente.<\/p>\n<p>Art. 17 A cada reuni\u00e3o do Conselho Diretor da Unidade ser\u00e1 lavrada uma ata, a qual deve ser discutida e aprovada na reuni\u00e3o seguinte.<\/p>\n<p>\u00a7 1\u00ba Qualquer membro poder\u00e1 pedir corre\u00e7\u00f5es da ata quando de sua discuss\u00e3o. Ap\u00f3s aprovada, a ata ser\u00e1 assinada pelo Presidente e demais presentes \u00e0 sess\u00e3o.<\/p>\n<p>\u00a7 2\u00ba A ordem da discuss\u00e3o dos processos e\/ou assuntos constantes da pauta do dia ser\u00e1 a mesma constante da convoca\u00e7\u00e3o, podendo ser modificada, desde que a maioria seja favor\u00e1vel.<\/p>\n<p>\u00a7 3\u00ba Durante a discuss\u00e3o de cada processo e\/ou assunto, cada membro do Conselho Diretor da Unidade poder\u00e1 usar da palavra pelo tempo de cinco minutos, por ordem de inscri\u00e7\u00e3o.<\/p>\n<p>\u00a7 4\u00ba Quaisquer dos membros do Conselho Diretor da Unidade t\u00eam direito a pedir vista de processo e\/ou assunto, mediante justificativa, que lhe ser\u00e1 concedido, desde que aprovado por um ter\u00e7o dos membros, at\u00e9 a sess\u00e3o seguinte, devolvendo-o com parecer por escrito.<\/p>\n<p>\u00a7 5\u00ba Encerrada a discuss\u00e3o, poder\u00e3o ser feitos apenas dois encaminhamentos de vota\u00e7\u00e3o, um contra e outro a favor, concedendo-se um tempo m\u00e1ximo de tr\u00eas minutos a cada um.<\/p>\n<p>Art. 18 Nas vota\u00e7\u00f5es do Conselho Diretor da Unidade ser\u00e3o observados os seguintes preceitos:<\/p>\n<p>I &#8211; a vota\u00e7\u00e3o ser\u00e1 secreta nos casos expressos em lei ou quando solicitada com justificativa e aprovada pelo Conselho Diretor da Unidade;<\/p>\n<p>II &#8211; nos demais casos ser\u00e1 simb\u00f3lica, devendo constar em ata o n\u00famero de votos contra e a favor;<\/p>\n<p>III &#8211; qualquer membro poder\u00e1 fazer constar em ata o seu voto, com declara\u00e7\u00e3o de voto; e<\/p>\n<p>IV &#8211; a vota\u00e7\u00e3o poder\u00e1 ser nominal, se qualquer membro requerer e o Conselho Diretor da Unidade aprovar;<\/p>\n<p>Art. 19 Esgotada a ordem do dia, qualquer membro do Conselho Diretor da Unidade poder\u00e1 obter a palavra, para tratar de assuntos gerais.<\/p>\n<p>Art. 20 Das delibera\u00e7\u00f5es do conselho de unidade de educa\u00e7\u00e3o b\u00e1sica, t\u00e9cnica e tecnol\u00f3gica, caber\u00e1 recurso ao Conselho de \u00c1rea da Coordenadoria de Educa\u00e7\u00e3o B\u00e1sica, T\u00e9cnica e Tecnol\u00f3gica e, posteriormente, ao Conselho Universit\u00e1rio, se administrativo, e ao Conselho de Ensino, Pesquisa e Extens\u00e3o, quando atinente ao Ensino, num prazo de dez dias.&nbsp;<a href=\"https:\/\/www.ufsm.br\/pro-reitorias\/proplan\/resolucao-n-037-2016\/\" target=\"_blank\" rel=\"noopener noreferrer\"><span style=\"color: blue\"><u>Reda\u00e7\u00e3o dada pela Resolu\u00e7\u00e3o N. 037\/2016<\/u><\/span><\/a><\/p>\n<h2>&nbsp;<\/h2>\n<p><\/p>\n<\/div>\n<p><!-- wp:tadv\/classic-paragraph \/--><\/p>\t\t\t\t\t\t<\/div>\n\t\t\t\t<\/div>\n\t\t\t\t\t<\/div>\n\t\t<\/div>\n\t\t\t\t\t<\/div>\n\t\t<\/section>\n\t\t\t\t<\/div>\n\t\t","protected":false},"excerpt":{"rendered":"<p>Em constru\u00e7\u00e3o. Links em breve. Atas Pauta de reuni\u00e3o Datas de reuni\u00f5es Composi\u00e7\u00e3o Do Regimento Interno da Unidade de Educa\u00e7\u00e3o Infantil Ip\u00ea Amarelo: &nbsp;&nbsp; &nbsp; Se\u00e7\u00e3o I &nbsp; Do Conselho Diretor Da Unidade &nbsp; &nbsp; Art. 11 O Conselho Diretor, \u00f3rg\u00e3o deliberativo e consultivo de unidade de ensino b\u00e1sico, t\u00e9cnico e tecnol\u00f3gico, comp\u00f5e-se de: I [&hellip;]<\/p>\n","protected":false},"author":47,"featured_media":0,"parent":0,"menu_order":0,"comment_status":"closed","ping_status":"closed","template":"","meta":{"footnotes":""},"categories":[],"tags":[],"class_list":["post-1599","page","type-page","status-publish","hentry"],"acf":[],"_links":{"self":[{"href":"https:\/\/www.ufsm.br\/unidades-universitarias\/ipeamarelo\/wp-json\/wp\/v2\/pages\/1599","targetHints":{"allow":["GET"]}}],"collection":[{"href":"https:\/\/www.ufsm.br\/unidades-universitarias\/ipeamarelo\/wp-json\/wp\/v2\/pages"}],"about":[{"href":"https:\/\/www.ufsm.br\/unidades-universitarias\/ipeamarelo\/wp-json\/wp\/v2\/types\/page"}],"author":[{"embeddable":true,"href":"https:\/\/www.ufsm.br\/unidades-universitarias\/ipeamarelo\/wp-json\/wp\/v2\/users\/47"}],"replies":[{"embeddable":true,"href":"https:\/\/www.ufsm.br\/unidades-universitarias\/ipeamarelo\/wp-json\/wp\/v2\/comments?post=1599"}],"version-history":[{"count":0,"href":"https:\/\/www.ufsm.br\/unidades-universitarias\/ipeamarelo\/wp-json\/wp\/v2\/pages\/1599\/revisions"}],"wp:attachment":[{"href":"https:\/\/www.ufsm.br\/unidades-universitarias\/ipeamarelo\/wp-json\/wp\/v2\/media?parent=1599"}],"wp:term":[{"taxonomy":"category","embeddable":true,"href":"https:\/\/www.ufsm.br\/unidades-universitarias\/ipeamarelo\/wp-json\/wp\/v2\/categories?post=1599"},{"taxonomy":"post_tag","embeddable":true,"href":"https:\/\/www.ufsm.br\/unidades-universitarias\/ipeamarelo\/wp-json\/wp\/v2\/tags?post=1599"}],"curies":[{"name":"wp","href":"https:\/\/api.w.org\/{rel}","templated":true}]}}