{"id":2118,"date":"2019-03-12T15:18:12","date_gmt":"2019-03-12T18:18:12","guid":{"rendered":"https:\/\/www.ufsm.br\/unidades-universitarias\/ipeamarelo\/?page_id=2118"},"modified":"2025-11-10T10:31:34","modified_gmt":"2025-11-10T13:31:34","slug":"ingresso","status":"publish","type":"page","link":"https:\/\/www.ufsm.br\/unidades-universitarias\/ipeamarelo\/ingresso","title":{"rendered":"Ingresso"},"content":{"rendered":"\n<p><span style=\"font-weight: 400\">Conforme o<\/span><a href=\"https:\/\/www.ufsm.br\/unidades-universitarias\/ipeamarelo\/wp-content\/uploads\/sites\/359\/2018\/06\/RESOLU%C3%87%C3%83O_001-2016_IP%C3%8A_AMARELO_UEIIA_DOCX__Salvo_Automaticamente__05_02_13hs40.pdf\"> <span style=\"font-weight: 400\">Regimento Interno<\/span><\/a><span style=\"font-weight: 400\"> da Unidade de Educa\u00e7\u00e3o Infantil Ip\u00ea Amarelo,\u00a0 o Processo Seletivo para o preenchimento de vagas na UEIIA se d\u00e1 atrav\u00e9s de processo seletivo regido por <\/span><b>edital<\/b><span style=\"font-weight: 400\">.<\/span><\/p>\n<ul>\n<li style=\"font-weight: 400\"><b>Per\u00edodo de inscri\u00e7\u00f5es:<\/b><span style=\"font-weight: 400\"> estar\u00e3o abertas de acordo com as datas contidas em edital;<\/span><\/li>\n<li style=\"font-weight: 400\"><strong>As <\/strong><b>inscri\u00e7\u00f5es: <\/b><span style=\"font-weight: 400\">poder\u00e3o ser feitas atrav\u00e9s do site da <a href=\"https:\/\/www.ufsm.br\/pro-reitorias\/prograd\/editais\/096-2025\">Prograd &#8211; Editais<\/a><\/span><span style=\"font-weight: 400\">, devendo o candidato seguir as instru\u00e7\u00f5es nele contidas;<\/span><\/li>\n<li style=\"font-weight: 400\"><b>Taxa de inscri\u00e7\u00e3o:<\/b><span style=\"font-weight: 400\"> isenta para todos;<\/span><\/li>\n<li style=\"font-weight: 400\"><b>Quem pode se inscrever:<\/b><span style=\"font-weight: 400\"> p\u00fablico universal.<\/span><\/li>\n<\/ul>\n<p><span style=\"font-weight: 400\">Havendo mais inscritos que vagas disponibilizadas, \u00e9 feito sorteio para ingresso na unidade sem distin\u00e7\u00e3o ou cotas.<\/span><\/p>\n<p><span style=\"font-weight: 400\">Para esclarecer d\u00favidas referentes \u00e0 inscri\u00e7\u00e3o neste processo, deve-se contatar a Coordena\u00e7\u00e3o do processo atrav\u00e9s do e-mail <strong>falecom@nisa.ufsm.br<\/strong><br \/><\/span><\/p>\n<p>\u00a0<\/p>\n<p><strong>FLUXO PROCESSUAL:<\/strong><\/p>\n<p>\u00a0<\/p>\n<p>\u00a0<\/p>\n\n\n\n<figure class=\"wp-block-image size-large is-resized\"><img fetchpriority=\"high\" decoding=\"async\" width=\"1024\" height=\"725\" src=\"https:\/\/www.ufsm.br\/app\/uploads\/sites\/359\/2025\/11\/image-2-1024x725.png\" alt=\"\" class=\"wp-image-4292\" style=\"width:1700px;height:auto\" srcset=\"https:\/\/www.ufsm.br\/app\/uploads\/sites\/359\/2025\/11\/image-2-1024x725.png 1024w, https:\/\/www.ufsm.br\/app\/uploads\/sites\/359\/2025\/11\/image-2-300x212.png 300w, https:\/\/www.ufsm.br\/app\/uploads\/sites\/359\/2025\/11\/image-2-768x544.png 768w, https:\/\/www.ufsm.br\/app\/uploads\/sites\/359\/2025\/11\/image-2.png 1120w\" sizes=\"(max-width: 1024px) 100vw, 1024px\" \/><\/figure>\n\n\n\n<figure class=\"wp-block-image size-large is-resized\"><img decoding=\"async\" width=\"1024\" height=\"708\" src=\"https:\/\/www.ufsm.br\/app\/uploads\/sites\/359\/2025\/11\/image-3-1024x708.png\" alt=\"\" class=\"wp-image-4293\" style=\"width:1700px;height:auto\" srcset=\"https:\/\/www.ufsm.br\/app\/uploads\/sites\/359\/2025\/11\/image-3-1024x708.png 1024w, https:\/\/www.ufsm.br\/app\/uploads\/sites\/359\/2025\/11\/image-3-300x207.png 300w, https:\/\/www.ufsm.br\/app\/uploads\/sites\/359\/2025\/11\/image-3-768x531.png 768w, https:\/\/www.ufsm.br\/app\/uploads\/sites\/359\/2025\/11\/image-3.png 1110w\" sizes=\"(max-width: 1024px) 100vw, 1024px\" \/><\/figure>\n\n\n","protected":false},"excerpt":{"rendered":"<p>Conforme o Regimento Interno da Unidade de Educa\u00e7\u00e3o Infantil Ip\u00ea Amarelo,\u00a0 o Processo Seletivo para o preenchimento de vagas na UEIIA se d\u00e1 atrav\u00e9s de processo seletivo regido por edital. Per\u00edodo de inscri\u00e7\u00f5es: estar\u00e3o abertas de acordo com as datas contidas em edital; As inscri\u00e7\u00f5es: poder\u00e3o ser feitas atrav\u00e9s do site da Prograd &#8211; Editais, [&hellip;]<\/p>\n","protected":false},"author":512,"featured_media":0,"parent":0,"menu_order":0,"comment_status":"closed","ping_status":"closed","template":"","meta":{"footnotes":""},"categories":[],"tags":[],"class_list":["post-2118","page","type-page","status-publish","hentry"],"acf":[],"_links":{"self":[{"href":"https:\/\/www.ufsm.br\/unidades-universitarias\/ipeamarelo\/wp-json\/wp\/v2\/pages\/2118","targetHints":{"allow":["GET"]}}],"collection":[{"href":"https:\/\/www.ufsm.br\/unidades-universitarias\/ipeamarelo\/wp-json\/wp\/v2\/pages"}],"about":[{"href":"https:\/\/www.ufsm.br\/unidades-universitarias\/ipeamarelo\/wp-json\/wp\/v2\/types\/page"}],"author":[{"embeddable":true,"href":"https:\/\/www.ufsm.br\/unidades-universitarias\/ipeamarelo\/wp-json\/wp\/v2\/users\/512"}],"replies":[{"embeddable":true,"href":"https:\/\/www.ufsm.br\/unidades-universitarias\/ipeamarelo\/wp-json\/wp\/v2\/comments?post=2118"}],"version-history":[{"count":0,"href":"https:\/\/www.ufsm.br\/unidades-universitarias\/ipeamarelo\/wp-json\/wp\/v2\/pages\/2118\/revisions"}],"wp:attachment":[{"href":"https:\/\/www.ufsm.br\/unidades-universitarias\/ipeamarelo\/wp-json\/wp\/v2\/media?parent=2118"}],"wp:term":[{"taxonomy":"category","embeddable":true,"href":"https:\/\/www.ufsm.br\/unidades-universitarias\/ipeamarelo\/wp-json\/wp\/v2\/categories?post=2118"},{"taxonomy":"post_tag","embeddable":true,"href":"https:\/\/www.ufsm.br\/unidades-universitarias\/ipeamarelo\/wp-json\/wp\/v2\/tags?post=2118"}],"curies":[{"name":"wp","href":"https:\/\/api.w.org\/{rel}","templated":true}]}}