{"id":2149,"date":"2019-03-28T11:48:14","date_gmt":"2019-03-28T14:48:14","guid":{"rendered":"https:\/\/www.ufsm.br\/unidades-universitarias\/ipeamarelo\/?page_id=2149"},"modified":"2020-11-11T14:07:26","modified_gmt":"2020-11-11T17:07:26","slug":"pesquisa-na-ueiia","status":"publish","type":"page","link":"https:\/\/www.ufsm.br\/unidades-universitarias\/ipeamarelo\/pesquisa-na-ueiia","title":{"rendered":"Pesquisa na UEIIA"},"content":{"rendered":"\n<p>Nesta p\u00e1gina, est\u00e3o as pesquisas acad\u00eamicas realizadas na Unidade de Educa\u00e7\u00e3o Infantil Ip\u00ea Amarelo e publicadas como Trabalhos de Conclus\u00e3o de Curso (TCC), Disserta\u00e7\u00f5es e Teses.<\/p>\n<h4>&#8211;&nbsp;Os movimentos de participa\u00e7\u00e3o constru\u00eddos por e entre beb\u00eas e crian\u00e7as maiores em uma turma de ber\u00e7\u00e1rio (DALIANA LOFFLER).<\/h4>\n<p>Dispon\u00edvel em em:&nbsp;<a href=\"https:\/\/sucupira.capes.gov.br\/sucupira\/public\/consultas\/coleta\/trabalhoConclusao\/viewTrabalhoConclusao.jsf?popup=true&amp;id_trabalho=7929229\" target=\"_blank\" rel=\"noopener noreferrer\" data-saferedirecturl=\"https:\/\/www.google.com\/url?q=https:\/\/sucupira.capes.gov.br\/sucupira\/public\/consultas\/coleta\/trabalhoConclusao\/viewTrabalhoConclusao.jsf?popup%3Dtrue%26id_trabalho%3D7929229&amp;source=gmail&amp;ust=1605185338446000&amp;usg=AFQjCNFBA8J3HSm5s2qxffz31H4NYTm6oQ\">https:\/\/sucupira.capes.gov.br\/sucupira\/public\/consultas\/coleta\/trabalhoConclusao\/viewTrabalhoConclusao.jsf?popup=true&amp;id_trabalho=7929229<\/a><\/p>\n<p>&nbsp;<\/p>\n<h4>&#8211; O di\u00e1logo e a afetividade no contexto da educa\u00e7\u00e3o infantil:as pessoas grandes dizendo a sua palavra (JULIANA GOELZER).<\/h4>\n<div>&nbsp;<\/div>\n<div>Dispon\u00edvel em : <a href=\"https:\/\/repositorio.ufsm.br\/handle\/1\/7137\" target=\"_blank\" rel=\"noopener noreferrer\" data-saferedirecturl=\"https:\/\/www.google.com\/url?q=https:\/\/repositorio.ufsm.br\/handle\/1\/7137&amp;source=gmail&amp;ust=1605185338446000&amp;usg=AFQjCNGfu8kMRt9gZXnRveXaSUi-RiHB1g\">https:\/\/repositorio.ufsm.br\/handle\/1\/7137<\/a><\/div>\n<div>&nbsp;<\/div>\n<div>&nbsp;<\/div>\n<div>&nbsp;<\/div>\n<div>&nbsp;<\/div>\n<h4>&#8211; Inf\u00e2ncia, m\u00fasica e experi\u00eancia: fragmentos do brincar e do musicar (KELLY WERLE).<\/h4>\n<div>Dispon\u00edvel em&nbsp;<a href=\"https:\/\/repositorio.ufsm.br\/handle\/1\/3486\" target=\"_blank\" rel=\"noopener noreferrer\" data-saferedirecturl=\"https:\/\/www.google.com\/url?q=https:\/\/repositorio.ufsm.br\/handle\/1\/3486&amp;source=gmail&amp;ust=1605185338446000&amp;usg=AFQjCNHfsh4LNQNeMjgE6LJqoa2WAPN2Ew\">https:\/\/repositorio.ufsm.br\/handle\/1\/3486<\/a><\/div>\n<div>&nbsp;<\/div>\n<div>&nbsp;<\/div>\n<div>&nbsp;<\/div>\n<h4>-Cotidiano e trabalho pedag\u00f3gico na educa\u00e7\u00e3o de crian\u00e7as pequenas : produzindo cen\u00e1rios para a forma\u00e7\u00e3o de pedagogos (GRAZIELA ESCANDIEL DE LIMA).<\/h4>\n<div>Dispon\u00edvel em&nbsp;<a href=\"https:\/\/tede2.pucrs.br\/tede2\/handle\/tede\/3660\" target=\"_blank\" rel=\"noopener noreferrer\" data-saferedirecturl=\"https:\/\/www.google.com\/url?q=https:\/\/tede2.pucrs.br\/tede2\/handle\/tede\/3660&amp;source=gmail&amp;ust=1605185338446000&amp;usg=AFQjCNHScQ8fpjZLJAnkClaX4f7YoeZeXw\">https:\/\/tede2.pucrs.br\/tede2\/handle\/tede\/3660<\/a><\/div>\n<p>&nbsp;<\/p>\n<h4><a href=\"https:\/\/www.ufsm.br\/unidades-universitarias\/ipeamarelo\/wp-content\/uploads\/sites\/359\/2019\/03\/Os-agrupamentos-multiet%C3%A1rios-e-a-proposta-pedag%C3%B3gica-das-Turmas-Integra%C3%A7%C3%A3o-na-Unidade-de-Educa%C3%A7%C3%A3o-Infantil-Ip%C3%AA-Amarelo.pdf\">Os agrupamentos multiet\u00e1rios e a proposta pedag\u00f3gica das Turmas Integra\u00e7\u00e3o na Unidade de Educa\u00e7\u00e3o Infantil Ip\u00ea Amarelo<\/a><\/h4>\n","protected":false},"excerpt":{"rendered":"<p>Nesta p\u00e1gina, est\u00e3o as pesquisas acad\u00eamicas realizadas na Unidade de Educa\u00e7\u00e3o Infantil Ip\u00ea Amarelo e publicadas como Trabalhos de Conclus\u00e3o de Curso (TCC), Disserta\u00e7\u00f5es e Teses. &#8211;&nbsp;Os movimentos de participa\u00e7\u00e3o constru\u00eddos por e entre beb\u00eas e crian\u00e7as maiores em uma turma de ber\u00e7\u00e1rio (DALIANA LOFFLER). Dispon\u00edvel em em:&nbsp;https:\/\/sucupira.capes.gov.br\/sucupira\/public\/consultas\/coleta\/trabalhoConclusao\/viewTrabalhoConclusao.jsf?popup=true&amp;id_trabalho=7929229 &nbsp; &#8211; O di\u00e1logo e a afetividade [&hellip;]<\/p>\n","protected":false},"author":2380,"featured_media":0,"parent":0,"menu_order":0,"comment_status":"closed","ping_status":"closed","template":"","meta":{"footnotes":""},"categories":[],"tags":[],"class_list":["post-2149","page","type-page","status-publish","hentry"],"acf":[],"_links":{"self":[{"href":"https:\/\/www.ufsm.br\/unidades-universitarias\/ipeamarelo\/wp-json\/wp\/v2\/pages\/2149","targetHints":{"allow":["GET"]}}],"collection":[{"href":"https:\/\/www.ufsm.br\/unidades-universitarias\/ipeamarelo\/wp-json\/wp\/v2\/pages"}],"about":[{"href":"https:\/\/www.ufsm.br\/unidades-universitarias\/ipeamarelo\/wp-json\/wp\/v2\/types\/page"}],"author":[{"embeddable":true,"href":"https:\/\/www.ufsm.br\/unidades-universitarias\/ipeamarelo\/wp-json\/wp\/v2\/users\/2380"}],"replies":[{"embeddable":true,"href":"https:\/\/www.ufsm.br\/unidades-universitarias\/ipeamarelo\/wp-json\/wp\/v2\/comments?post=2149"}],"version-history":[{"count":0,"href":"https:\/\/www.ufsm.br\/unidades-universitarias\/ipeamarelo\/wp-json\/wp\/v2\/pages\/2149\/revisions"}],"wp:attachment":[{"href":"https:\/\/www.ufsm.br\/unidades-universitarias\/ipeamarelo\/wp-json\/wp\/v2\/media?parent=2149"}],"wp:term":[{"taxonomy":"category","embeddable":true,"href":"https:\/\/www.ufsm.br\/unidades-universitarias\/ipeamarelo\/wp-json\/wp\/v2\/categories?post=2149"},{"taxonomy":"post_tag","embeddable":true,"href":"https:\/\/www.ufsm.br\/unidades-universitarias\/ipeamarelo\/wp-json\/wp\/v2\/tags?post=2149"}],"curies":[{"name":"wp","href":"https:\/\/api.w.org\/{rel}","templated":true}]}}