{"id":3905,"date":"2024-11-26T15:29:07","date_gmt":"2024-11-26T18:29:07","guid":{"rendered":"https:\/\/www.ufsm.br\/unidades-universitarias\/ipeamarelo\/?page_id=3905"},"modified":"2026-01-07T11:25:10","modified_gmt":"2026-01-07T14:25:10","slug":"carteira-de-identificacao","status":"publish","type":"page","link":"https:\/\/www.ufsm.br\/unidades-universitarias\/ipeamarelo\/carteira-de-identificacao","title":{"rendered":"Carteira de identifica\u00e7\u00e3o"},"content":{"rendered":"\n<p>A carteira de identifica\u00e7\u00e3o para acesso das crian\u00e7as matriculadas na Unidade de Educa\u00e7\u00e3o Infantil Ip\u00ea Amarelo segue a mesma orienta\u00e7\u00e3o da carteira utilizada pelos acad\u00eamicos e servidores para acesso aos Restaurantes Universit\u00e1rios (RUs) da UFSM, seja na vers\u00e3o f\u00edsica ou digital. A vers\u00e3o digital \u00e9 gerada no aplicativo&nbsp;<a href=\"https:\/\/www.ufsm.br\/orgaos-suplementares\/cpd\/servicos\/aplicativo-ufsm-digital\"><strong>UFSM Digital<\/strong><\/a>&nbsp;(e-Carteira) e necessita ter uma foto no cadastro na UFSM. A foto no cadastro \u00e9 aquela inserida pelo respons\u00e1vel da crian\u00e7a no momento da confirma\u00e7\u00e3o da matr\u00edcula. Caso a crian\u00e7a n\u00e3o tenha foto no cadastro, poder\u00e1 ser enviada no pr\u00f3prio aplicativo (<strong>Menu &gt; Restaurante Universit\u00e1rio &gt; Altera\u00e7\u00e3o da Foto<\/strong>). A carteira digital somente \u00e9 gerada ap\u00f3s an\u00e1lise e aprova\u00e7\u00e3o da foto pelo RU, e poder\u00e1 ser aprovada em at\u00e9 1 (um) dia \u00fatil, dependendo da quantidade de solicita\u00e7\u00f5es. Caso a foto n\u00e3o esteja dentro dos requisitos (formato 3\u00d74, foto de frente, enquadramento do rosto e fundo branco) \u00e9 recusada e devolvida ao usu\u00e1rio para inserir uma outra foto v\u00e1lida. O respons\u00e1vel pela crian\u00e7a receber\u00e1 um e-mail (o mesmo que foi informado na matr\u00edcula) quando a foto da carteira \u00e9 rejeitada. Para ter acesso ao e-Carteira e demais funcionalidades do RU no aplicativo, o respons\u00e1vel pela crian\u00e7a precisa dispor de internet no celular.&nbsp;<\/p>\n\n\n\n<p>Desde mar\u00e7o de 2023, o RU n\u00e3o confecciona mais carteiras f\u00edsicas. Para obter a carteira f\u00edsica, \u00e9 necess\u00e1rio realizar a impress\u00e3o diretamente no\u00a0<strong><a href=\"https:\/\/portal.ufsm.br\/ru\/usuario\/carteira.html?action=list\">Portal RU\u00a0<\/a><\/strong>(menu Carteira &gt; Minhas carteiras).\u00a0<\/p>\n\n\n\n<p>Recomendamos os respons\u00e1veis da crian\u00e7a fa\u00e7am um print da carteira digital ou baixem o arquivo da carteira (em pdf) no Portal RU para ser utilizado em caso de indisponibilidade do sistema.<\/p>\n\n\n\n<p><strong>1) Passo a passo para gerar a carteira de identifica\u00e7\u00e3o para impress\u00e3o (dentro do Portal do RU com foto no cadastro na UFSM):<\/strong><\/p>\n\n\n\n<ul class=\"wp-block-list\">\n<li>Fa\u00e7a login no <a href=\"https:\/\/portal.ufsm.br\/ru\/\">Portal do RU<\/a> utilizando a matr\u00edcula da crian\u00e7a e senha (a mesma do <a href=\"https:\/\/portal.ufsm.br\/estudantil\/\">Portal do Aluno<\/a>);&nbsp;<\/li>\n\n\n\n<li>Em seguida acesse o menu &gt; Carteira &gt; Minhas carteiras;<\/li>\n\n\n\n<li>Clicar em solicita\u00e7\u00e3o de carteira;<\/li>\n\n\n\n<li>Selecionar a foto do aluno ou incluir nova foto;<\/li>\n\n\n\n<li>Selecionar o item modelo &#8220;carteira digital&#8221;;<\/li>\n\n\n\n<li>Clicar em &#8220;salvar&#8221;&nbsp;<\/li>\n<\/ul>\n\n\n\n<p><strong>2) Passo a passo para gerar a carteira digital de identifica\u00e7\u00e3o (dentro do Portal do RU com foto no cadastro na UFSM):<\/strong><\/p>\n\n\n\n<ul class=\"wp-block-list\">\n<li>Baixe o aplicativo UFSM Digital no Play Store (Android) ou App Store (iPhone);<\/li>\n\n\n\n<li>Fa\u00e7a login utilizando a matr\u00edcula da crian\u00e7a e senha (a mesma do Portal do Aluno);&nbsp;<\/li>\n\n\n\n<li>Em seguida acesse o menu e clique em e-Carteira.&nbsp;<\/li>\n<\/ul>\n\n\n\n<p><strong>3) Passo a passo para gerar o PDF e imprimir a carteira<\/strong><\/p>\n\n\n\n<ul class=\"wp-block-list\">\n<li>Fa\u00e7a login no <a href=\"https:\/\/portal.ufsm.br\/ru\/\">Portal do RU<\/a> utilizando a matr\u00edcula da crian\u00e7a e senha (a mesma do <a href=\"https:\/\/portal.ufsm.br\/estudantil\/\">Portal do Aluno<\/a>);&nbsp;<\/li>\n\n\n\n<li>Em seguida acesse o menu &gt; Carteira &gt; Minhas carteiras;<\/li>\n\n\n\n<li>Clicar na imagem de visualizar (em formato de olho) ao lado do n\u00famero da matr\u00edcula;<\/li>\n\n\n\n<li>Salvar o PDF que foi gerado e imprimir.<\/li>\n<\/ul>\n","protected":false},"excerpt":{"rendered":"<p>A carteira de identifica\u00e7\u00e3o para acesso das crian\u00e7as matriculadas na Unidade de Educa\u00e7\u00e3o Infantil Ip\u00ea Amarelo segue a mesma orienta\u00e7\u00e3o da carteira utilizada pelos acad\u00eamicos e servidores para acesso aos Restaurantes Universit\u00e1rios (RUs) da UFSM, seja na vers\u00e3o f\u00edsica ou digital. A vers\u00e3o digital \u00e9 gerada no aplicativo&nbsp;UFSM Digital&nbsp;(e-Carteira) e necessita ter uma foto no [&hellip;]<\/p>\n","protected":false},"author":935,"featured_media":0,"parent":0,"menu_order":0,"comment_status":"closed","ping_status":"closed","template":"","meta":{"footnotes":""},"categories":[],"tags":[],"class_list":["post-3905","page","type-page","status-publish","hentry"],"acf":[],"_links":{"self":[{"href":"https:\/\/www.ufsm.br\/unidades-universitarias\/ipeamarelo\/wp-json\/wp\/v2\/pages\/3905","targetHints":{"allow":["GET"]}}],"collection":[{"href":"https:\/\/www.ufsm.br\/unidades-universitarias\/ipeamarelo\/wp-json\/wp\/v2\/pages"}],"about":[{"href":"https:\/\/www.ufsm.br\/unidades-universitarias\/ipeamarelo\/wp-json\/wp\/v2\/types\/page"}],"author":[{"embeddable":true,"href":"https:\/\/www.ufsm.br\/unidades-universitarias\/ipeamarelo\/wp-json\/wp\/v2\/users\/935"}],"replies":[{"embeddable":true,"href":"https:\/\/www.ufsm.br\/unidades-universitarias\/ipeamarelo\/wp-json\/wp\/v2\/comments?post=3905"}],"version-history":[{"count":0,"href":"https:\/\/www.ufsm.br\/unidades-universitarias\/ipeamarelo\/wp-json\/wp\/v2\/pages\/3905\/revisions"}],"wp:attachment":[{"href":"https:\/\/www.ufsm.br\/unidades-universitarias\/ipeamarelo\/wp-json\/wp\/v2\/media?parent=3905"}],"wp:term":[{"taxonomy":"category","embeddable":true,"href":"https:\/\/www.ufsm.br\/unidades-universitarias\/ipeamarelo\/wp-json\/wp\/v2\/categories?post=3905"},{"taxonomy":"post_tag","embeddable":true,"href":"https:\/\/www.ufsm.br\/unidades-universitarias\/ipeamarelo\/wp-json\/wp\/v2\/tags?post=3905"}],"curies":[{"name":"wp","href":"https:\/\/api.w.org\/{rel}","templated":true}]}}