{"id":124,"date":"2018-10-01T14:49:00","date_gmt":"2018-10-01T17:49:00","guid":{"rendered":"https:\/\/www.ufsm.br\/unidades-universitarias\/palmeira-das-missoes\/?page_id=124"},"modified":"2024-07-18T15:42:53","modified_gmt":"2024-07-18T18:42:53","slug":"restaurante-universitario-ufsm-pm","status":"publish","type":"page","link":"https:\/\/www.ufsm.br\/unidades-universitarias\/palmeira-das-missoes\/restaurante-universitario-ufsm-pm","title":{"rendered":"Restaurante Universit\u00e1rio UFSM &#8211; PM"},"content":{"rendered":"<div class=\"wp-block-image\">\n<figure class=\"aligncenter size-full\"><img fetchpriority=\"high\" decoding=\"async\" width=\"1024\" height=\"683\" src=\"https:\/\/www.ufsm.br\/app\/uploads\/sites\/378\/2023\/03\/30531290_1841937635899127_8250162177344798720_o-1024x683-1.jpg\" alt=\"\" class=\"wp-image-7330\" srcset=\"https:\/\/www.ufsm.br\/app\/uploads\/sites\/378\/2023\/03\/30531290_1841937635899127_8250162177344798720_o-1024x683-1.jpg 1024w, https:\/\/www.ufsm.br\/app\/uploads\/sites\/378\/2023\/03\/30531290_1841937635899127_8250162177344798720_o-1024x683-1-300x200.jpg 300w, https:\/\/www.ufsm.br\/app\/uploads\/sites\/378\/2023\/03\/30531290_1841937635899127_8250162177344798720_o-1024x683-1-768x512.jpg 768w, https:\/\/www.ufsm.br\/app\/uploads\/sites\/378\/2023\/03\/30531290_1841937635899127_8250162177344798720_o-1024x683-1-272x182.jpg 272w\" sizes=\"(max-width: 1024px) 100vw, 1024px\" \/><\/figure>\n<\/div>\n\n\n<p><\/p>\n\n\n\n<p>O<strong> Restaurante Universit\u00e1rio<\/strong> da UFSM <em>campus <\/em>Palmeira das Miss\u00f5es (RU-PM) disponibiliza <strong>caf\u00e9 da manh\u00e3<\/strong>, <strong>almo\u00e7o <\/strong>e <strong>jantar <\/strong>\u00e0 comunidade acad\u00eamica (alunos e servidores) de <strong>segunda-feira \u00e0 sexta-feira<\/strong>, bem como <strong>distribui Kits de g\u00eaneros aliment\u00edcios<\/strong> para os finais de semana aos alunos moradores na Casa do Estudante Universit\u00e1rio (CEU).<\/p>\n\n\n\n<p>Todas as refei\u00e7\u00f5es s\u00e3o feitas mediante <strong>agendamento <\/strong>no <strong>Portal do Aluno<\/strong>, no <strong>Portal do Servidor<\/strong> ou pelo <strong>Aplicativo UFSM Digital<\/strong>.<\/p>\n\n\n\n<p>O uso da <strong>Carteira Universit\u00e1ria<\/strong> (f\u00edsica ou digital) \u00e9 indispens\u00e1vel para a <strong>compra de cr\u00e9ditos<\/strong> e o <strong>acesso <\/strong>ao RU-PM.<\/p>\n\n\n\n<p><\/p>\n\n\n\n<p>\u2192 <strong>VALORES DAS REFEI\u00c7\u00d5ES<\/strong>:<\/p>\n\n\n\n<figure class=\"wp-block-table\"><table><tbody><tr><td><strong>Categoria<\/strong><\/td><td><strong>Caf\u00e9 da manh\u00e3<\/strong><\/td><td><strong>Almo\u00e7o<\/strong><\/td><td><strong>Jantar<\/strong><\/td><\/tr><tr><td>Estudantes sem BSE (Benef\u00edcio Socioecon\u00f4mico)<\/td><td>R$ 1,00<\/td><td>R$ 2,50<\/td><td>R$ 2,50<\/td><\/tr><tr><td>Estudantes com BSE (Benef\u00edcio Socioecon\u00f4mico)<\/td><td>Gratuito<\/td><td>Gratuito<\/td><td>Gratuito<\/td><\/tr><tr><td>Servidores<\/td><td>R$ 9,92<\/td><td>R$ 16,72<\/td><td>R$ 15,67<\/td><\/tr><\/tbody><\/table><\/figure>\n\n\n\n<p><\/p>\n\n\n\n<p>\u2192 <strong>HOR\u00c1RIO DA VENDA DE CR\u00c9DITOS<\/strong><\/p>\n\n\n\n<p>Segunda, Quarta e Sexta-feira: das 8h \u00e0s 14h<\/p>\n\n\n\n<p>Ter\u00e7a e Quinta-feira: 10h \u00e0s 14h e das 18h \u00e0s 20h<\/p>\n\n\n\n<p><\/p>\n\n\n\n<p>\u2192 <strong>HOR\u00c1RIO DE AGENDAMENTO E CANCELAMENTO DAS REFEI\u00c7\u00d5ES<\/strong><\/p>\n\n\n\n<figure class=\"wp-block-table\"><table><tbody><tr><td><strong>Refei\u00e7\u00e3o<\/strong><\/td><td><strong>Agendamento<\/strong><\/td><td><strong>Cancelamento<\/strong><\/td><\/tr><tr><td><strong>Caf\u00e9 da manh\u00e3<\/strong><\/td><td>At\u00e9 \u00e0s 18h do dia anterior da refei\u00e7\u00e3o<\/td><td>At\u00e9 \u00e0s 23h do dia anterior<\/td><\/tr><tr><td><strong>Almo\u00e7o<\/strong><\/td><td>At\u00e9 \u00e0s 18h do dia anterior<\/td><td>At\u00e9 \u00e0s 8h<\/td><\/tr><tr><td><strong>Jantar<\/strong><\/td><td>At\u00e9 \u00e0s 14h do mesmo dia da refei\u00e7\u00e3o<\/td><td>At\u00e9 \u00e0s 16h<\/td><\/tr><tr><td><strong>Kit de g\u00eaneros aliment\u00edcios<\/strong><\/td><td>At\u00e9 \u00e0s 14h do dia anterior \u00e0 distribui\u00e7\u00e3o<\/td><td><br><\/td><\/tr><\/tbody><\/table><\/figure>\n\n\n\n<p><\/p>\n\n\n\n<p>\u2192 <strong>HOR\u00c1RIO DA DISTRIBUI\u00c7\u00c3O DAS REFEI\u00c7\u00d5ES<\/strong><\/p>\n\n\n\n<figure class=\"wp-block-table\"><table><tbody><tr><td><strong>Caf\u00e9 da manh\u00e3<\/strong><\/td><td><strong>Almo\u00e7o<\/strong><\/td><td><strong>Jantar<\/strong><\/td><td><strong>Kit de g\u00eaneros aliment\u00edcios<\/strong><\/td><\/tr><tr><td>7h10min \u00e0s 8h20min<\/td><td>11h30min \u00e0s 13h30min<\/td><td>18h15min \u00e0s 19h45min<\/td><td>Sextas-feiras ou v\u00e9spera de feriado no hor\u00e1rio do almo\u00e7o<\/td><\/tr><\/tbody><\/table><\/figure>\n\n\n\n<p><\/p>\n\n\n\n<p>\u2192 <strong>Carteira Digital<\/strong><\/p>\n\n\n\n<p><strong>1) Passo a passo para gerar a carteira digital do RU (com foto no cadastro na UFSM):<\/strong><\/p>\n\n\n\n<ul class=\"wp-block-list\">\n<li>Baixe o aplicativo UFSM Digital no Play Store (Android) ou App Store (iPhone);<\/li>\n\n\n\n<li>Fa\u00e7a login utilizando a matr\u00edcula e senha (a mesma do Portal do Aluno ou Portal do Servidor);<\/li>\n\n\n\n<li>Em seguida, acesse o menu e clique em e-Carteira.<\/li>\n<\/ul>\n\n\n\n<p><strong>2) Passo a passo para gerar a carteira digital do RU (sem foto no cadastro na UFSM):<\/strong><\/p>\n\n\n\n<ul class=\"wp-block-list\">\n<li>Baixe o aplicativo UFSM Digital no Play Store (Android) ou App Store (iPhone);<\/li>\n\n\n\n<li>Fa\u00e7a login utilizando a matr\u00edcula e senha (a mesma do Portal do Aluno ou Portal do Servidor);<\/li>\n\n\n\n<li>Em seguida acesse o menu e clique em Servi\u00e7os &gt; Foto e-Carteira;<\/li>\n\n\n\n<li>Tire uma foto estilo selfie (formato 3\u00d74, foto de frente, enquadramento do rosto e fundo branco) e envie a solicita\u00e7\u00e3o;<\/li>\n\n\n\n<li>Aguarde an\u00e1lise e aprova\u00e7\u00e3o da foto pelo RU (a foto poder\u00e1 ser aprovada em at\u00e9 3 (tr\u00eas) dias \u00fateis);<\/li>\n\n\n\n<li>Depois de aprovado, acesse o menu e clique em e-Carteira.<\/li>\n<\/ul>\n\n\n\n<p>Estar com o celular descarregado \u00e9 considerado como n\u00e3o portar o documento v\u00e1lido obrigat\u00f3rio para acesso ao RU. O RU tamb\u00e9m recomenda que os usu\u00e1rios fa\u00e7am um <em>print <\/em>da carteira digital ou baixem o arquivo da carteira (pdf) no Portal RU pelo celular.<\/p>\n\n\n\n<p>O usu\u00e1rio que tiver interesse na carteira f\u00edsica poder\u00e1 realizar a impress\u00e3o diretamente no Portal RU (menu Carteira &gt; Minhas carteiras). Pois o RU n\u00e3o emite mais a carteira f\u00edsica.<\/p>\n\n\n\n<p>Importante destacar que a carteira f\u00edsica ou digital do RU \u00e9 de uso pessoal e intransfer\u00edvel. O usu\u00e1rio que emprestar ou solicitar empr\u00e9stimo da carteira de identifica\u00e7\u00e3o a outro usu\u00e1rio, sendo este identificado, estar\u00e1 sujeito \u00e0s san\u00e7\u00f5es disciplinares previstas no C\u00f3digo de \u00c9tica e Conviv\u00eancia Discente, aprovado pela Resolu\u00e7\u00e3o UFSM N. 017\/2018.<\/p>\n\n\n\n<p>Acompanhe as informa\u00e7\u00f5es do RU-PM no Instagram <strong>@ru.ufsm.pm<\/strong><\/p>\n\n\n\n<p>D\u00favidas podem ser enviadas ao e-mail <a href=\"mailto:rupm@ufsm.br\">rupm@ufsm.<\/a>br; d\u00favidas sobre carteira universit\u00e1ria podem ser enviadas para <a href=\"mailto:secretaria.ru@ufsm.br\">secretaria.ru@ufsm.br<\/a>.<\/p>\n\n\n\n<p dir=\"ltr\"><strong>Funcionamento do RU PM no per\u00edodo de f\u00e9rias acad\u00eamicas 1\u00b0 semestre 2024<\/strong><\/p>\n<ul>\n<li dir=\"ltr\">\n<p dir=\"ltr\" role=\"presentation\">Funcionamento normal do RU at\u00e9 o dia <strong>31\/07\/2024<\/strong> (quarta-feira), por\u00e9m partir do dia 15\/07\/24 o hor\u00e1rio das refei\u00e7\u00f5es ficar\u00e1 reduzido (<strong>Caf\u00e9 da manh\u00e3 das<\/strong> <strong>07h10 \u00e0s 08h20; Almo\u00e7o das 12h \u00e0s 13h30; Jantar das 18h15 \u00e0s 19h15<\/strong>).<\/p>\n<\/li>\n<li dir=\"ltr\">\n<p dir=\"ltr\" role=\"presentation\">A partir do dia <strong>01\/08\/2024<\/strong> ser\u00e1 servido somente o <strong>almo\u00e7o<\/strong> no RU (<strong>Almo\u00e7o das 12h \u00e0s 13h30<\/strong>), e para os moradores da Casa do Estudante Universit\u00e1rio (CEU), distribui\u00e7\u00e3o de kit de g\u00eaneros aliment\u00edcios de caf\u00e9 da manh\u00e3 e jantar para os dias da semana e kit de caf\u00e9, almo\u00e7o e jantar para os finais de semana.<\/p>\n<\/li>\n<li dir=\"ltr\">\n<p dir=\"ltr\" role=\"presentation\">O hor\u00e1rio de distribui\u00e7\u00e3o dos kits ser\u00e1 realizado normalmente, nas sextas-feiras, no hor\u00e1rio do almo\u00e7o, excepcionalmente dia 31\/07\/24 que ser\u00e1 na quarta-feira.<\/p>\n<\/li>\n<li dir=\"ltr\">\n<p dir=\"ltr\" role=\"presentation\">O hor\u00e1rio de venda de cr\u00e9ditos durante o per\u00edodo de<strong> 01\/08 a 06\/09\/24<\/strong> ocorrer\u00e1 das <strong>10h \u00e0s 13h30min<\/strong>.\u00a0<\/p>\n<\/li>\n<li dir=\"ltr\">\n<p dir=\"ltr\" role=\"presentation\">Retorno do funcionamento normal do RU PM com os hor\u00e1rios e refei\u00e7\u00f5es no dia <strong>09\/09\/2024<\/strong>.<\/p>\n<\/li>\n<\/ul>\n","protected":false},"excerpt":{"rendered":"<p>O Restaurante Universit\u00e1rio da UFSM campus Palmeira das Miss\u00f5es (RU-PM) disponibiliza caf\u00e9 da manh\u00e3, almo\u00e7o e jantar \u00e0 comunidade acad\u00eamica (alunos e servidores) de segunda-feira \u00e0 sexta-feira, bem como distribui Kits de g\u00eaneros aliment\u00edcios para os finais de semana aos alunos moradores na Casa do Estudante Universit\u00e1rio (CEU). Todas as refei\u00e7\u00f5es s\u00e3o feitas mediante agendamento [&hellip;]<\/p>\n","protected":false},"author":117,"featured_media":0,"parent":0,"menu_order":0,"comment_status":"closed","ping_status":"closed","template":"","meta":{"footnotes":""},"categories":[],"tags":[],"class_list":["post-124","page","type-page","status-publish","hentry"],"acf":[],"_links":{"self":[{"href":"https:\/\/www.ufsm.br\/unidades-universitarias\/palmeira-das-missoes\/wp-json\/wp\/v2\/pages\/124","targetHints":{"allow":["GET"]}}],"collection":[{"href":"https:\/\/www.ufsm.br\/unidades-universitarias\/palmeira-das-missoes\/wp-json\/wp\/v2\/pages"}],"about":[{"href":"https:\/\/www.ufsm.br\/unidades-universitarias\/palmeira-das-missoes\/wp-json\/wp\/v2\/types\/page"}],"author":[{"embeddable":true,"href":"https:\/\/www.ufsm.br\/unidades-universitarias\/palmeira-das-missoes\/wp-json\/wp\/v2\/users\/117"}],"replies":[{"embeddable":true,"href":"https:\/\/www.ufsm.br\/unidades-universitarias\/palmeira-das-missoes\/wp-json\/wp\/v2\/comments?post=124"}],"version-history":[{"count":0,"href":"https:\/\/www.ufsm.br\/unidades-universitarias\/palmeira-das-missoes\/wp-json\/wp\/v2\/pages\/124\/revisions"}],"wp:attachment":[{"href":"https:\/\/www.ufsm.br\/unidades-universitarias\/palmeira-das-missoes\/wp-json\/wp\/v2\/media?parent=124"}],"wp:term":[{"taxonomy":"category","embeddable":true,"href":"https:\/\/www.ufsm.br\/unidades-universitarias\/palmeira-das-missoes\/wp-json\/wp\/v2\/categories?post=124"},{"taxonomy":"post_tag","embeddable":true,"href":"https:\/\/www.ufsm.br\/unidades-universitarias\/palmeira-das-missoes\/wp-json\/wp\/v2\/tags?post=124"}],"curies":[{"name":"wp","href":"https:\/\/api.w.org\/{rel}","templated":true}]}}