{"id":125,"date":"2018-10-01T14:50:40","date_gmt":"2018-10-01T17:50:40","guid":{"rendered":"https:\/\/www.ufsm.br\/unidades-universitarias\/palmeira-das-missoes\/?page_id=125"},"modified":"2026-03-24T16:11:16","modified_gmt":"2026-03-24T19:11:16","slug":"telefones-uteis","status":"publish","type":"page","link":"https:\/\/www.ufsm.br\/unidades-universitarias\/palmeira-das-missoes\/telefones-uteis","title":{"rendered":"Telefones \u00dateis"},"content":{"rendered":"<p><strong>UFSM (55)\u00a0<\/strong><\/p>\n<table class=\"vertical listing\">\n<tbody>\n<tr>\n<td>Campus Santa Maria<\/td>\n<td>3220-8000<\/td>\n<\/tr>\n<tr>\n<td>Campus Frederico Westphalen<\/td>\n<td>3744-8964<\/td>\n<\/tr>\n<tr>\n<td>Campus Palmeira das Miss\u00f5es<\/td>\n<td>3742-8800<\/td>\n<\/tr>\n<\/tbody>\n<\/table>\n<p><strong>Palmeira das Miss\u00f5es (55)<br \/>\n<\/strong><\/p>\n<table class=\"vertical listing\">\n<tbody>\n<tr>\n<td>Prefeitura Municipal<\/td>\n<td>3742-3233<\/td>\n<\/tr>\n<tr>\n<td>Brigada Militar<\/td>\n<td>3742-9100<\/td>\n<\/tr>\n<tr>\n<td>Pol\u00edcia Civil<\/td>\n<td>3742-1047<br \/>\n3742-1080<br \/>\n3742-2772<\/td>\n<\/tr>\n<tr>\n<td>Bombeiros<\/td>\n<td>3742-1212<\/td>\n<\/tr>\n<tr>\n<td>Hospital<\/td>\n<td>3742-9000 ou 3742-1003<\/td>\n<\/tr>\n<tr>\n<td>Rodovi\u00e1ria<\/td>\n<td>3742-1284<br \/>\n3742-1308<\/td>\n<\/tr>\n<\/tbody>\n<\/table>\n<p><strong><br \/>\nServi\u00e7os P\u00fablicos de Emerg\u00eancia<\/strong><\/p>\n<table class=\"vertical listing\">\n<tbody>\n<tr>\n<td>Brigada Militar<\/td>\n<td align=\"center\">190<\/td>\n<\/tr>\n<tr>\n<td>Bombeiros<\/td>\n<td align=\"center\">193<\/td>\n<\/tr>\n<tr>\n<td>Disque-Den\u00fancia<\/td>\n<td align=\"center\">181<\/td>\n<\/tr>\n<tr>\n<td>Pol\u00edcia Civil<\/td>\n<td align=\"center\">197<\/td>\n<\/tr>\n<tr>\n<td>Pol\u00edcia Federal<\/td>\n<td align=\"center\">194<\/td>\n<\/tr>\n<tr>\n<td>Pol\u00edcia Rodovi\u00e1ria<br \/>\nFederal<\/td>\n<td align=\"center\">191<\/td>\n<\/tr>\n<tr>\n<td>Servi\u00e7o P\u00fablico de Remo\u00e7\u00e3o<br \/>\nde Doentes (Ambul\u00e2ncia)<\/td>\n<td align=\"center\">192<\/td>\n<\/tr>\n<tr>\n<td>Defesa Civil<\/td>\n<td align=\"center\">0800 641 0199<\/td>\n<\/tr>\n<\/tbody>\n<\/table>\n","protected":false},"excerpt":{"rendered":"<p>UFSM (55)\u00a0 Campus Santa Maria 3220-8000 Campus Frederico Westphalen 3744-8964 Campus Palmeira das Miss\u00f5es 3742-8800 Palmeira das Miss\u00f5es (55) Prefeitura Municipal 3742-3233 Brigada Militar 3742-9100 Pol\u00edcia Civil 3742-1047 3742-1080 3742-2772 Bombeiros 3742-1212 Hospital 3742-9000 ou 3742-1003 Rodovi\u00e1ria 3742-1284 3742-1308 Servi\u00e7os P\u00fablicos de Emerg\u00eancia Brigada Militar 190 Bombeiros 193 Disque-Den\u00fancia 181 Pol\u00edcia Civil 197 Pol\u00edcia Federal [&hellip;]<\/p>\n","protected":false},"author":117,"featured_media":0,"parent":0,"menu_order":0,"comment_status":"closed","ping_status":"closed","template":"","meta":{"footnotes":""},"categories":[],"tags":[],"class_list":["post-125","page","type-page","status-publish","hentry"],"acf":[],"_links":{"self":[{"href":"https:\/\/www.ufsm.br\/unidades-universitarias\/palmeira-das-missoes\/wp-json\/wp\/v2\/pages\/125","targetHints":{"allow":["GET"]}}],"collection":[{"href":"https:\/\/www.ufsm.br\/unidades-universitarias\/palmeira-das-missoes\/wp-json\/wp\/v2\/pages"}],"about":[{"href":"https:\/\/www.ufsm.br\/unidades-universitarias\/palmeira-das-missoes\/wp-json\/wp\/v2\/types\/page"}],"author":[{"embeddable":true,"href":"https:\/\/www.ufsm.br\/unidades-universitarias\/palmeira-das-missoes\/wp-json\/wp\/v2\/users\/117"}],"replies":[{"embeddable":true,"href":"https:\/\/www.ufsm.br\/unidades-universitarias\/palmeira-das-missoes\/wp-json\/wp\/v2\/comments?post=125"}],"version-history":[{"count":0,"href":"https:\/\/www.ufsm.br\/unidades-universitarias\/palmeira-das-missoes\/wp-json\/wp\/v2\/pages\/125\/revisions"}],"wp:attachment":[{"href":"https:\/\/www.ufsm.br\/unidades-universitarias\/palmeira-das-missoes\/wp-json\/wp\/v2\/media?parent=125"}],"wp:term":[{"taxonomy":"category","embeddable":true,"href":"https:\/\/www.ufsm.br\/unidades-universitarias\/palmeira-das-missoes\/wp-json\/wp\/v2\/categories?post=125"},{"taxonomy":"post_tag","embeddable":true,"href":"https:\/\/www.ufsm.br\/unidades-universitarias\/palmeira-das-missoes\/wp-json\/wp\/v2\/tags?post=125"}],"curies":[{"name":"wp","href":"https:\/\/api.w.org\/{rel}","templated":true}]}}