{"id":126,"date":"2018-10-01T14:53:08","date_gmt":"2018-10-01T17:53:08","guid":{"rendered":"https:\/\/www.ufsm.br\/unidades-universitarias\/palmeira-das-missoes\/?page_id=126"},"modified":"2026-03-24T16:17:14","modified_gmt":"2026-03-24T19:17:14","slug":"transporte-a-ufsm-pm","status":"publish","type":"page","link":"https:\/\/www.ufsm.br\/unidades-universitarias\/palmeira-das-missoes\/transporte-a-ufsm-pm","title":{"rendered":"Transporte \u00e0 UFSM &#8211; PM"},"content":{"rendered":"<p><strong>Hor\u00e1rios de \u00d4nibus Transpal &#8211; Palmeira das Miss\u00f5es &#8211; 2026<\/strong><\/p>\n<p><img decoding=\"async\" src=\"https:\/\/scontent.fpoa10-1.fna.fbcdn.net\/v\/t39.30808-6\/651251463_973114275218213_4008497033848551750_n.jpg?_nc_cat=105&amp;ccb=1-7&amp;_nc_sid=13d280&amp;_nc_ohc=kabWISExBrwQ7kNvwH7MJRD&amp;_nc_oc=Adqn2mfSQHJOhVhoS2ausSwJdYSOjIipvIUtU-kRz_if5AJ4sf0VgPRQ9rWo7Ug0RWg&amp;_nc_zt=23&amp;_nc_ht=scontent.fpoa10-1.fna&amp;_nc_gid=6b88UogJrpn_7vstWibbrA&amp;_nc_ss=7a30f&amp;oh=00_AfyOQ0OfjUV9ZhZtAwQ0yn5WTKRc5oHXD39wyOuZM7chgw&amp;oe=69C8C241\" alt=\"Pode ser uma imagem de texto\" \/><\/p>\n","protected":false},"excerpt":{"rendered":"<p>Hor\u00e1rios de \u00d4nibus Transpal &#8211; Palmeira das Miss\u00f5es &#8211; 2026<\/p>\n","protected":false},"author":117,"featured_media":0,"parent":0,"menu_order":0,"comment_status":"closed","ping_status":"closed","template":"","meta":{"footnotes":""},"categories":[],"tags":[],"class_list":["post-126","page","type-page","status-publish","hentry"],"acf":[],"_links":{"self":[{"href":"https:\/\/www.ufsm.br\/unidades-universitarias\/palmeira-das-missoes\/wp-json\/wp\/v2\/pages\/126","targetHints":{"allow":["GET"]}}],"collection":[{"href":"https:\/\/www.ufsm.br\/unidades-universitarias\/palmeira-das-missoes\/wp-json\/wp\/v2\/pages"}],"about":[{"href":"https:\/\/www.ufsm.br\/unidades-universitarias\/palmeira-das-missoes\/wp-json\/wp\/v2\/types\/page"}],"author":[{"embeddable":true,"href":"https:\/\/www.ufsm.br\/unidades-universitarias\/palmeira-das-missoes\/wp-json\/wp\/v2\/users\/117"}],"replies":[{"embeddable":true,"href":"https:\/\/www.ufsm.br\/unidades-universitarias\/palmeira-das-missoes\/wp-json\/wp\/v2\/comments?post=126"}],"version-history":[{"count":0,"href":"https:\/\/www.ufsm.br\/unidades-universitarias\/palmeira-das-missoes\/wp-json\/wp\/v2\/pages\/126\/revisions"}],"wp:attachment":[{"href":"https:\/\/www.ufsm.br\/unidades-universitarias\/palmeira-das-missoes\/wp-json\/wp\/v2\/media?parent=126"}],"wp:term":[{"taxonomy":"category","embeddable":true,"href":"https:\/\/www.ufsm.br\/unidades-universitarias\/palmeira-das-missoes\/wp-json\/wp\/v2\/categories?post=126"},{"taxonomy":"post_tag","embeddable":true,"href":"https:\/\/www.ufsm.br\/unidades-universitarias\/palmeira-das-missoes\/wp-json\/wp\/v2\/tags?post=126"}],"curies":[{"name":"wp","href":"https:\/\/api.w.org\/{rel}","templated":true}]}}