{"id":158,"date":"2018-10-01T15:35:06","date_gmt":"2018-10-01T18:35:06","guid":{"rendered":"https:\/\/www.ufsm.br\/unidades-universitarias\/palmeira-das-missoes\/?page_id=158"},"modified":"2025-09-18T15:05:56","modified_gmt":"2025-09-18T18:05:56","slug":"secretarias","status":"publish","type":"page","link":"https:\/\/www.ufsm.br\/unidades-universitarias\/palmeira-das-missoes\/secretarias","title":{"rendered":"Secretarias e Subdivis\u00f5es"},"content":{"rendered":"<p><strong>Secretaria Unificada dos Cursos de Gradua\u00e7\u00e3o<\/strong>\u00a0(Sala 106)<\/p>\n<p>Felipe Magalh\u00e3es Malheiros: Assistente em Administra\u00e7\u00e3o<\/p>\n<p>Karina Lanzarin: Assistente em Administra\u00e7\u00e3o<\/p>\n<p>T\u00e9rcio In\u00e1cio Jung: T\u00e9cnico em Assuntos Educacionais<\/p>\n<p><strong>E-mail:<\/strong>\u00a0secpm@ufsm.br<\/p>\n<p><strong>Ramal:<\/strong>\u00a08820<\/p>\n<p>________________________________________________________<\/p>\n<p><strong>Secretaria Integrada dos Cursos de P\u00f3s-gradua\u00e7\u00e3o<\/strong> (Sala 306)<\/p>\n<p>Adriana Martins da Silva: T\u00e9cnica em Assuntos Educacionais<\/p>\n<p>Katiane Fr\u00e9u: Assistente em Administra\u00e7\u00e3o<\/p>\n<p><strong>E-mail:<\/strong> secpospm@ufsm.br<\/p>\n<p><strong>WhatsApp:<\/strong> (55) 3742-8867<\/p>\n<p>________________________________________________________<\/p>\n<p><strong>Secre<\/strong><strong>taria Unificada dos Departamentos<\/strong>\u00a0(Sala 109)<\/p>\n<p>Lairton Martins da Silva: Assistente em Administra\u00e7\u00e3o<\/p>\n<p>Tha\u00eds Camponogara: Assistente em Administra\u00e7\u00e3o<\/p>\n<p><strong>E-mail:\u00a0<\/strong>secdptospm@ufsm.br<\/p>\n<p><strong>Ramal:<\/strong>\u00a08810<\/p>\n<p>________________________________________________________<\/p>\n<p><strong>Subdivis\u00e3o de Assist\u00eancia \u00e0 Sa\u00fade\/Restaurante Universit\u00e1rio:<\/strong><\/p>\n<p>Josiane Bizzi Schlemmer Braun<\/p>\n<p>Jamile Ceolin<\/p>\n<p>Andreza Zancan<\/p>\n<p>Marta Grassi Gadea<\/p>\n<p>Roberta Corr\u00eaa Stangherlin<\/p>\n<p>Roselaine Catarina Meurer Gosenheirmer<\/p>\n<p><strong>Ramal<\/strong>: 8826<\/p>\n<p><strong>E-mail:<\/strong> sas.pm@ufsm.br e rupm@ufsm.br<\/p>\n<p>________________________________________________________<\/p>\n<p><strong>Subdivis\u00e3o de Gest\u00e3o de Laborat\u00f3rios<\/strong><\/p>\n<p>Andrielle Wouters Kuhn<\/p>\n<p>Danilo Freitas da Silva<\/p>\n<p>Franciele Cabral Pinheiro<\/p>\n<p>Joviana Ceolin Etges<\/p>\n<p>Juliano Uczay<\/p>\n<p>Luciana Londero Schneider Barbosa<\/p>\n<p>Marina Zadra<\/p>\n<p>Scheila Salapata Breancini<\/p>\n<p><strong>E-mail: <\/strong>laboratorioscampuspm@ufsm.br<\/p>\n","protected":false},"excerpt":{"rendered":"<p>Secretaria Unificada dos Cursos de Gradua\u00e7\u00e3o\u00a0(Sala 106) Felipe Magalh\u00e3es Malheiros: Assistente em Administra\u00e7\u00e3o Karina Lanzarin: Assistente em Administra\u00e7\u00e3o T\u00e9rcio In\u00e1cio Jung: T\u00e9cnico em Assuntos Educacionais E-mail:\u00a0secpm@ufsm.br Ramal:\u00a08820 ________________________________________________________ Secretaria Integrada dos Cursos de P\u00f3s-gradua\u00e7\u00e3o (Sala 306) Adriana Martins da Silva: T\u00e9cnica em Assuntos Educacionais Katiane Fr\u00e9u: Assistente em Administra\u00e7\u00e3o E-mail: secpospm@ufsm.br WhatsApp: (55) 3742-8867 ________________________________________________________ [&hellip;]<\/p>\n","protected":false},"author":117,"featured_media":0,"parent":0,"menu_order":0,"comment_status":"closed","ping_status":"closed","template":"","meta":{"footnotes":""},"categories":[],"tags":[],"class_list":["post-158","page","type-page","status-publish","hentry"],"acf":[],"_links":{"self":[{"href":"https:\/\/www.ufsm.br\/unidades-universitarias\/palmeira-das-missoes\/wp-json\/wp\/v2\/pages\/158","targetHints":{"allow":["GET"]}}],"collection":[{"href":"https:\/\/www.ufsm.br\/unidades-universitarias\/palmeira-das-missoes\/wp-json\/wp\/v2\/pages"}],"about":[{"href":"https:\/\/www.ufsm.br\/unidades-universitarias\/palmeira-das-missoes\/wp-json\/wp\/v2\/types\/page"}],"author":[{"embeddable":true,"href":"https:\/\/www.ufsm.br\/unidades-universitarias\/palmeira-das-missoes\/wp-json\/wp\/v2\/users\/117"}],"replies":[{"embeddable":true,"href":"https:\/\/www.ufsm.br\/unidades-universitarias\/palmeira-das-missoes\/wp-json\/wp\/v2\/comments?post=158"}],"version-history":[{"count":0,"href":"https:\/\/www.ufsm.br\/unidades-universitarias\/palmeira-das-missoes\/wp-json\/wp\/v2\/pages\/158\/revisions"}],"wp:attachment":[{"href":"https:\/\/www.ufsm.br\/unidades-universitarias\/palmeira-das-missoes\/wp-json\/wp\/v2\/media?parent=158"}],"wp:term":[{"taxonomy":"category","embeddable":true,"href":"https:\/\/www.ufsm.br\/unidades-universitarias\/palmeira-das-missoes\/wp-json\/wp\/v2\/categories?post=158"},{"taxonomy":"post_tag","embeddable":true,"href":"https:\/\/www.ufsm.br\/unidades-universitarias\/palmeira-das-missoes\/wp-json\/wp\/v2\/tags?post=158"}],"curies":[{"name":"wp","href":"https:\/\/api.w.org\/{rel}","templated":true}]}}