{"id":33,"date":"2018-07-05T11:52:38","date_gmt":"2018-07-05T14:52:38","guid":{"rendered":"https:\/\/www.ufsm.br\/unidades-universitarias\/palmeira-das-missoes\/?page_id=33"},"modified":"2025-10-03T11:49:11","modified_gmt":"2025-10-03T14:49:11","slug":"graduacao","status":"publish","type":"page","link":"https:\/\/www.ufsm.br\/unidades-universitarias\/palmeira-das-missoes\/graduacao","title":{"rendered":"Gradua\u00e7\u00e3o"},"content":{"rendered":"\t\t<div data-elementor-type=\"wp-post\" data-elementor-id=\"33\" class=\"elementor elementor-33\">\n\t\t\t\t\t\t<section class=\"elementor-section elementor-top-section elementor-element elementor-element-784282f elementor-section-boxed elementor-section-height-default elementor-section-height-default\" data-id=\"784282f\" data-element_type=\"section\">\n\t\t\t\t\t\t<div class=\"elementor-container elementor-column-gap-default\">\n\t\t\t\t\t<div class=\"elementor-column elementor-col-100 elementor-top-column elementor-element elementor-element-8dda0d8\" data-id=\"8dda0d8\" data-element_type=\"column\">\n\t\t\t<div class=\"elementor-widget-wrap elementor-element-populated\">\n\t\t\t\t\t\t<div class=\"elementor-element elementor-element-976b6f9 elementor-widget elementor-widget-wp-widget-ufsm_cursos_widget\" data-id=\"976b6f9\" data-element_type=\"widget\" data-widget_type=\"wp-widget-ufsm_cursos_widget.default\">\n\t\t\t\t<div class=\"elementor-widget-container\">\n\t\t\t\t\t<!-- Areas de Conhecimento -->\n\t\t<div class=\"areas_de_conhecimento\">\n\t\t\t\t\t\t\t<fieldset class=\"filtros\">\n\t\t\t\t\t<legend>\u00c1reas do Conhecimento<\/legend>\n\t\t\t\t\t<div class=\"lista_filtros\">\n\t\t\t\t\t\t<div class=\"row mb-3 mt-2\" id=\"lista_areas\">\n\t\t\t\t\t\t\t\t\t\t\t\t\t\t\t<div class=\"col-md-6 col-lg-4\">\n\t\t\t\t\t\t\t\t\t<button type=\"button\" onclick=\"ufsm.widgets.cursos.area(event, {idArea: 235});\" class=\"btn btn-sm btn_area\">\n\t\t\t\t\t\t\t\t\t\tCI\u00caNCIAS AGR\u00c1RIAS\t\t\t\t\t\t\t\t\t<\/button>\n\t\t\t\t\t\t\t\t<\/div>\n\t\t\t\t\t\t\t\t\t\t\t\t\t\t\t<div class=\"col-md-6 col-lg-4\">\n\t\t\t\t\t\t\t\t\t<button type=\"button\" onclick=\"ufsm.widgets.cursos.area(event, {idArea: 52});\" class=\"btn btn-sm btn_area\">\n\t\t\t\t\t\t\t\t\t\tCI\u00caNCIAS BIOL\u00d3GICAS\t\t\t\t\t\t\t\t\t<\/button>\n\t\t\t\t\t\t\t\t<\/div>\n\t\t\t\t\t\t\t\t\t\t\t\t\t\t\t<div class=\"col-md-6 col-lg-4\">\n\t\t\t\t\t\t\t\t\t<button type=\"button\" onclick=\"ufsm.widgets.cursos.area(event, {idArea: 191});\" class=\"btn btn-sm btn_area\">\n\t\t\t\t\t\t\t\t\t\tCI\u00caNCIAS DA SA\u00daDE\t\t\t\t\t\t\t\t\t<\/button>\n\t\t\t\t\t\t\t\t<\/div>\n\t\t\t\t\t\t\t\t\t\t\t\t\t\t\t<div class=\"col-md-6 col-lg-4\">\n\t\t\t\t\t\t\t\t\t<button type=\"button\" onclick=\"ufsm.widgets.cursos.area(event, {idArea: 2});\" class=\"btn btn-sm btn_area\">\n\t\t\t\t\t\t\t\t\t\tCI\u00caNCIAS EXATAS E DA TERRA\t\t\t\t\t\t\t\t\t<\/button>\n\t\t\t\t\t\t\t\t<\/div>\n\t\t\t\t\t\t\t\t\t\t\t\t\t\t\t<div class=\"col-md-6 col-lg-4\">\n\t\t\t\t\t\t\t\t\t<button type=\"button\" onclick=\"ufsm.widgets.cursos.area(event, {idArea: 334});\" class=\"btn btn-sm btn_area\">\n\t\t\t\t\t\t\t\t\t\tCI\u00caNCIAS HUMANAS\t\t\t\t\t\t\t\t\t<\/button>\n\t\t\t\t\t\t\t\t<\/div>\n\t\t\t\t\t\t\t\t\t\t\t\t\t\t\t<div class=\"col-md-6 col-lg-4\">\n\t\t\t\t\t\t\t\t\t<button type=\"button\" onclick=\"ufsm.widgets.cursos.area(event, {idArea: 277});\" class=\"btn btn-sm btn_area\">\n\t\t\t\t\t\t\t\t\t\tCI\u00caNCIAS SOCIAIS APLICADAS\t\t\t\t\t\t\t\t\t<\/button>\n\t\t\t\t\t\t\t\t<\/div>\n\t\t\t\t\t\t\t\t\t\t\t\t\t\t\t<div class=\"col-md-6 col-lg-4\">\n\t\t\t\t\t\t\t\t\t<button type=\"button\" onclick=\"ufsm.widgets.cursos.area(event, {idArea: 122});\" class=\"btn btn-sm btn_area\">\n\t\t\t\t\t\t\t\t\t\tENGENHARIAS\t\t\t\t\t\t\t\t\t<\/button>\n\t\t\t\t\t\t\t\t<\/div>\n\t\t\t\t\t\t\t\t\t\t\t\t\t\t\t<div class=\"col-md-6 col-lg-4\">\n\t\t\t\t\t\t\t\t\t<button type=\"button\" onclick=\"ufsm.widgets.cursos.area(event, {idArea: 400});\" class=\"btn btn-sm btn_area\">\n\t\t\t\t\t\t\t\t\t\tLINGU\u00cdSTICA, LETRAS E ARTES\t\t\t\t\t\t\t\t\t<\/button>\n\t\t\t\t\t\t\t\t<\/div>\n\t\t\t\t\t\t\t\t\t\t\t\t\t\t\t<div class=\"col-md-6 col-lg-4\">\n\t\t\t\t\t\t\t\t\t<button type=\"button\" onclick=\"ufsm.widgets.cursos.area(event, {idArea: 430});\" class=\"btn btn-sm btn_area\">\n\t\t\t\t\t\t\t\t\t\tOUTROS\t\t\t\t\t\t\t\t\t<\/button>\n\t\t\t\t\t\t\t\t<\/div>\n\t\t\t\t\t\t\t\t\t\t\t\t\t<\/div>\n\t\t\t\t\t<\/div>\n\t\t\t\t<\/fieldset>\n\t\t\t\t\t\t<!-- Listagem de Cursos -->\n\t\t\t<ul class=\"row\" id=\"lista_cursos\">\n\t\t\t\t\t\t\t\t\t<li class=\"col-lg-6 area_277\">\n\t\t\t\t\t\t<a class='d-block text-wrap' href=\/cursos\/graduacao\/palmeira-das-missoes\/administracao\/informacoes-do-curriculo?language= title='Administra\u00e7\u00e3o - Palmeira Das Miss\u00f5es'>Administra\u00e7\u00e3o - Palmeira Das Miss\u00f5es<\/a>\t\t\t\t\t<\/li>\n\t\t\t\t\t\t\t\t\t<li class=\"col-lg-6 area_52\">\n\t\t\t\t\t\t<a class='d-block text-wrap' href=\/cursos\/graduacao\/palmeira-das-missoes\/ciencias-biologicas\/informacoes-do-curriculo?language= title='Ci\u00eancias Biol\u00f3gicas - Palmeira Das Miss\u00f5es'>Ci\u00eancias Biol\u00f3gicas - Palmeira Das Miss\u00f5es<\/a>\t\t\t\t\t<\/li>\n\t\t\t\t\t\t\t\t\t<li class=\"col-lg-6 area_277\">\n\t\t\t\t\t\t<a class='d-block text-wrap' href=\/cursos\/graduacao\/palmeira-das-missoes\/ciencias-economicas\/informacoes-do-curriculo?language= title='Ci\u00eancias Econ\u00f4micas - Palmeira Das Miss\u00f5es'>Ci\u00eancias Econ\u00f4micas - Palmeira Das Miss\u00f5es<\/a>\t\t\t\t\t<\/li>\n\t\t\t\t\t\t\t\t\t<li class=\"col-lg-6 area_430\">\n\t\t\t\t\t\t<a class='d-block text-wrap' href=\/cursos\/graduacao\/educacao-a-distancia\/computacao\/informacoes-do-curriculo?language= title='Computa\u00e7\u00e3o - EaD'>Computa\u00e7\u00e3o - EaD<\/a>\t\t\t\t\t<\/li>\n\t\t\t\t\t\t\t\t\t<li class=\"col-lg-6 area_430\">\n\t\t\t\t\t\t<a class='d-block text-wrap' href=\/cursos\/graduacao\/educacao-a-distancia\/educacao-indigena\/informacoes-do-curriculo?language= title='Educa\u00e7\u00e3o Ind\u00edgena - EaD'>Educa\u00e7\u00e3o Ind\u00edgena - EaD<\/a>\t\t\t\t\t<\/li>\n\t\t\t\t\t\t\t\t\t<li class=\"col-lg-6 area_191\">\n\t\t\t\t\t\t<a class='d-block text-wrap' href=\/cursos\/graduacao\/palmeira-das-missoes\/enfermagem\/informacoes-do-curriculo?language= title='Enfermagem - Palmeira Das Miss\u00f5es'>Enfermagem - Palmeira Das Miss\u00f5es<\/a>\t\t\t\t\t<\/li>\n\t\t\t\t\t\t\t\t\t<li class=\"col-lg-6 area_191\">\n\t\t\t\t\t\t<a class='d-block text-wrap' href=\/cursos\/graduacao\/palmeira-das-missoes\/nutricao\/informacoes-do-curriculo?language= title='Nutri\u00e7\u00e3o - Palmeira Das Miss\u00f5es'>Nutri\u00e7\u00e3o - Palmeira Das Miss\u00f5es<\/a>\t\t\t\t\t<\/li>\n\t\t\t\t\t\t\t\t\t<li class=\"col-lg-6 area_430\">\n\t\t\t\t\t\t<a class='d-block text-wrap' href=\/cursos\/graduacao\/educacao-a-distancia\/pedagogia\/informacoes-do-curriculo?language= title='Pedagogia - EaD'>Pedagogia - EaD<\/a>\t\t\t\t\t<\/li>\n\t\t\t\t\t\t\t\t\t<li class=\"col-lg-6 area_235\">\n\t\t\t\t\t\t<a class='d-block text-wrap' href=\/cursos\/graduacao\/palmeira-das-missoes\/zootecnia\/informacoes-do-curriculo?language= title='Zootecnia - Palmeira Das Miss\u00f5es'>Zootecnia - Palmeira Das Miss\u00f5es<\/a>\t\t\t\t\t<\/li>\n\t\t\t\t\t\t\t<\/ul>\n\t\t\t<!-- !Listagem de Cursos -->\n\t\t<\/div>\n\t\t\t\t<\/div>\n\t\t\t\t<\/div>\n\t\t\t\t\t<\/div>\n\t\t<\/div>\n\t\t\t\t\t<\/div>\n\t\t<\/section>\n\t\t\t\t<\/div>\n\t\t","protected":false},"excerpt":{"rendered":"","protected":false},"author":117,"featured_media":0,"parent":0,"menu_order":0,"comment_status":"closed","ping_status":"closed","template":"","meta":{"footnotes":""},"categories":[],"tags":[],"class_list":["post-33","page","type-page","status-publish","hentry"],"acf":[],"_links":{"self":[{"href":"https:\/\/www.ufsm.br\/unidades-universitarias\/palmeira-das-missoes\/wp-json\/wp\/v2\/pages\/33","targetHints":{"allow":["GET"]}}],"collection":[{"href":"https:\/\/www.ufsm.br\/unidades-universitarias\/palmeira-das-missoes\/wp-json\/wp\/v2\/pages"}],"about":[{"href":"https:\/\/www.ufsm.br\/unidades-universitarias\/palmeira-das-missoes\/wp-json\/wp\/v2\/types\/page"}],"author":[{"embeddable":true,"href":"https:\/\/www.ufsm.br\/unidades-universitarias\/palmeira-das-missoes\/wp-json\/wp\/v2\/users\/117"}],"replies":[{"embeddable":true,"href":"https:\/\/www.ufsm.br\/unidades-universitarias\/palmeira-das-missoes\/wp-json\/wp\/v2\/comments?post=33"}],"version-history":[{"count":0,"href":"https:\/\/www.ufsm.br\/unidades-universitarias\/palmeira-das-missoes\/wp-json\/wp\/v2\/pages\/33\/revisions"}],"wp:attachment":[{"href":"https:\/\/www.ufsm.br\/unidades-universitarias\/palmeira-das-missoes\/wp-json\/wp\/v2\/media?parent=33"}],"wp:term":[{"taxonomy":"category","embeddable":true,"href":"https:\/\/www.ufsm.br\/unidades-universitarias\/palmeira-das-missoes\/wp-json\/wp\/v2\/categories?post=33"},{"taxonomy":"post_tag","embeddable":true,"href":"https:\/\/www.ufsm.br\/unidades-universitarias\/palmeira-das-missoes\/wp-json\/wp\/v2\/tags?post=33"}],"curies":[{"name":"wp","href":"https:\/\/api.w.org\/{rel}","templated":true}]}}