{"id":82,"date":"2018-10-01T13:43:19","date_gmt":"2018-10-01T16:43:19","guid":{"rendered":"https:\/\/www.ufsm.br\/unidades-universitarias\/palmeira-das-missoes\/?page_id=82"},"modified":"2018-10-01T13:43:19","modified_gmt":"2018-10-01T16:43:19","slug":"cepex-comissao-de-ensino-pesquisa-e-extensao","status":"publish","type":"page","link":"https:\/\/www.ufsm.br\/unidades-universitarias\/palmeira-das-missoes\/cepex-comissao-de-ensino-pesquisa-e-extensao","title":{"rendered":"CEPEX &#8211; Comiss\u00e3o de Ensino, Pesquisa e Extens\u00e3o"},"content":{"rendered":"<p style=\"text-align: left\"><strong>Gest\u00e3o 2017<\/strong><\/p>\n<p>&nbsp;<\/p>\n<table class=\" aligncenter\" cellspacing=\"0\" cellpadding=\"4\">\n<colgroup>\n<col width=\"267\" \/>\n<col width=\"358\" \/><\/colgroup>\n<tbody>\n<tr valign=\"top\">\n<td style=\"width: 264.574px\">\n<p align=\"center\"><span><strong>TITULARES<\/strong><\/span><\/p>\n<\/td>\n<td style=\"width: 358.21px\">\n<p align=\"center\"><span><strong>DEPARTAMENTO<\/strong><\/span><\/p>\n<\/td>\n<\/tr>\n<tr valign=\"top\">\n<td style=\"width: 264.574px\">\n<p align=\"justify\"><span>\u00a0Andressa da Silveira<\/span><\/p>\n<\/td>\n<td style=\"width: 358.21px\">\n<p align=\"center\"><span>Departamento de Ci\u00eancias da Sa\u00fade &#8211; DCS<\/span><\/p>\n<\/td>\n<\/tr>\n<tr valign=\"top\">\n<td style=\"width: 264.574px\">\n<p align=\"justify\"><span>\u00a0Andressa de Andrade<\/span><\/p>\n<\/td>\n<td style=\"width: 358.21px\">\n<p align=\"center\"><span>Departamento de Ci\u00eancias da Sa\u00fade &#8211; DCS<\/span><\/p>\n<\/td>\n<\/tr>\n<tr valign=\"top\">\n<td style=\"width: 264.574px\">\n<p align=\"justify\"><span>\u00a0Ant\u00f4nio Joreci Flores<\/span><\/p>\n<\/td>\n<td style=\"width: 358.21px\"><span>Departamento de Administra\u00e7\u00e3o &#8211; DADM<\/span><\/td>\n<\/tr>\n<tr valign=\"top\">\n<td style=\"width: 264.574px\">\n<p align=\"justify\"><span>\u00a0Carla Cristina Bauermann Brasil<\/span><\/p>\n<\/td>\n<td style=\"width: 358.21px\"><span>Departamento de\u00a0Alimentos e Nutri\u00e7\u00e3o &#8211; DANUT<\/span><\/td>\n<\/tr>\n<tr valign=\"top\">\n<td style=\"width: 264.574px\">\n<p align=\"justify\"><span>\u00a0Cl\u00e1udio Jos\u00e9 Silva Le\u00e3o<\/span><\/p>\n<\/td>\n<td style=\"width: 358.21px\">\n<p align=\"center\"><span>Departamento de Ci\u00eancias Econ\u00f4micas &#8211; DCEC<\/span><\/p>\n<\/td>\n<\/tr>\n<tr valign=\"top\">\n<td style=\"width: 264.574px\">\n<p align=\"justify\"><span>\u00a0Daniel \u00c2ngelo Sganzerla Graichen<\/span><\/p>\n<\/td>\n<td style=\"width: 358.21px\">\n<p align=\"center\"><span>Departamento\u00a0de Zootecnia e Ci\u00eancias Biol\u00f3gicas &#8211; DZCB<\/span><\/p>\n<\/td>\n<\/tr>\n<tr valign=\"top\">\n<td style=\"width: 264.574px\">\n<p align=\"justify\"><span>\u00a0Gabriel Nunes de Oliveira<\/span><\/p>\n<\/td>\n<td style=\"width: 358.21px\">\n<p align=\"center\"><span>Departamento de\u00a0Ci\u00eancias Econ\u00f4micas &#8211; DCEC<\/span><\/p>\n<\/td>\n<\/tr>\n<tr valign=\"top\">\n<td style=\"width: 264.574px\">\n<p align=\"justify\"><span>\u00a0Giovana Cristina Ceni<\/span><\/p>\n<\/td>\n<td style=\"width: 358.21px\">\n<p align=\"center\">Departamento de\u00a0Alimentos e Nutri\u00e7\u00e3o &#8211; DANUT<\/p>\n<\/td>\n<\/tr>\n<tr valign=\"top\">\n<td style=\"width: 264.574px\">\n<p align=\"justify\"><span>\u00a0Luiz \u00c2ngelo Damian Pizutti\u00a0<\/span><\/p>\n<\/td>\n<td style=\"width: 358.21px\">\n<p align=\"center\"><span>Departamento de Zootecnia e Ci\u00eancias Biol\u00f3gicas &#8211; DZCB<\/span><\/p>\n<\/td>\n<\/tr>\n<tr valign=\"top\">\n<td style=\"width: 264.574px\">\n<p align=\"justify\"><span>\u00a0S\u00edlvia Patr\u00edcia Cavalheiro de Andrade<\/span><\/p>\n<\/td>\n<td style=\"width: 358.21px\">\n<p align=\"center\"><span>Departamento de Administra\u00e7\u00e3o \u2013 DADM<\/span><\/p>\n<\/td>\n<\/tr>\n<\/tbody>\n<\/table>\n<p style=\"text-align: center\">\n<table class=\" aligncenter\" cellspacing=\"0\" cellpadding=\"4\">\n<colgroup>\n<col width=\"267\" \/>\n<col width=\"358\" \/><\/colgroup>\n<tbody>\n<tr valign=\"top\">\n<td>\n<p align=\"center\"><span><strong>SUPLENTES<\/strong><\/span><\/p>\n<\/td>\n<td>\n<p align=\"center\"><span><strong>DEPARTAMENTO<\/strong><\/span><\/p>\n<\/td>\n<\/tr>\n<tr valign=\"top\">\n<td>\n<p align=\"justify\"><span>\u00a0Ana Elizabeth Moiseichyk<\/span><\/p>\n<\/td>\n<td>\n<p align=\"center\"><span>Departamento de Administra\u00e7\u00e3o &#8211; DADM<\/span><\/p>\n<\/td>\n<\/tr>\n<tr valign=\"top\">\n<td>\n<p align=\"justify\">\u00a0Ethel Bastos da Silva<\/p>\n<\/td>\n<td>\n<p align=\"center\">Departamento Ci\u00eancias da Sa\u00fade &#8211; DCS<\/p>\n<\/td>\n<\/tr>\n<tr valign=\"top\">\n<td>\n<p align=\"justify\"><span>\u00a0Silvania Moraes Bottaro<\/span><\/p>\n<\/td>\n<td>\n<p align=\"center\"><span>Departamento\u00a0de Alimentos e Nutri\u00e7\u00e3o &#8211; DANUT<\/span><\/p>\n<\/td>\n<\/tr>\n<tr valign=\"top\">\n<td>\n<p align=\"justify\"><span>\u00a0Tanea Maria Bisognin Garlet<\/span><\/p>\n<\/td>\n<td>\n<p align=\"center\"><span>Departamento\u00a0de Zootecnia e Ci\u00eancias Biol\u00f3gicas &#8211; DZCB<\/span><\/p>\n<\/td>\n<\/tr>\n<tr valign=\"top\">\n<td>\n<p align=\"justify\"><span>\u00a0Vin\u00edcius Spirandelli de Carvalho<\/span><\/p>\n<\/td>\n<td>\n<p align=\"center\"><span>Departamento de\u00a0 Ci\u00eancias Econ\u00f4micas &#8211; DCEC<\/span><\/p>\n<\/td>\n<\/tr>\n<\/tbody>\n<\/table>\n<p>&nbsp;<\/p>\n","protected":false},"excerpt":{"rendered":"<p>Gest\u00e3o 2017 &nbsp; TITULARES DEPARTAMENTO \u00a0Andressa da Silveira Departamento de Ci\u00eancias da Sa\u00fade &#8211; DCS \u00a0Andressa de Andrade Departamento de Ci\u00eancias da Sa\u00fade &#8211; DCS \u00a0Ant\u00f4nio Joreci Flores Departamento de Administra\u00e7\u00e3o &#8211; DADM \u00a0Carla Cristina Bauermann Brasil Departamento de\u00a0Alimentos e Nutri\u00e7\u00e3o &#8211; DANUT \u00a0Cl\u00e1udio Jos\u00e9 Silva Le\u00e3o Departamento de Ci\u00eancias Econ\u00f4micas &#8211; DCEC \u00a0Daniel \u00c2ngelo [&hellip;]<\/p>\n","protected":false},"author":117,"featured_media":0,"parent":0,"menu_order":0,"comment_status":"closed","ping_status":"closed","template":"","meta":{"footnotes":""},"categories":[],"tags":[],"class_list":["post-82","page","type-page","status-publish","hentry"],"acf":[],"_links":{"self":[{"href":"https:\/\/www.ufsm.br\/unidades-universitarias\/palmeira-das-missoes\/wp-json\/wp\/v2\/pages\/82","targetHints":{"allow":["GET"]}}],"collection":[{"href":"https:\/\/www.ufsm.br\/unidades-universitarias\/palmeira-das-missoes\/wp-json\/wp\/v2\/pages"}],"about":[{"href":"https:\/\/www.ufsm.br\/unidades-universitarias\/palmeira-das-missoes\/wp-json\/wp\/v2\/types\/page"}],"author":[{"embeddable":true,"href":"https:\/\/www.ufsm.br\/unidades-universitarias\/palmeira-das-missoes\/wp-json\/wp\/v2\/users\/117"}],"replies":[{"embeddable":true,"href":"https:\/\/www.ufsm.br\/unidades-universitarias\/palmeira-das-missoes\/wp-json\/wp\/v2\/comments?post=82"}],"version-history":[{"count":0,"href":"https:\/\/www.ufsm.br\/unidades-universitarias\/palmeira-das-missoes\/wp-json\/wp\/v2\/pages\/82\/revisions"}],"wp:attachment":[{"href":"https:\/\/www.ufsm.br\/unidades-universitarias\/palmeira-das-missoes\/wp-json\/wp\/v2\/media?parent=82"}],"wp:term":[{"taxonomy":"category","embeddable":true,"href":"https:\/\/www.ufsm.br\/unidades-universitarias\/palmeira-das-missoes\/wp-json\/wp\/v2\/categories?post=82"},{"taxonomy":"post_tag","embeddable":true,"href":"https:\/\/www.ufsm.br\/unidades-universitarias\/palmeira-das-missoes\/wp-json\/wp\/v2\/tags?post=82"}],"curies":[{"name":"wp","href":"https:\/\/api.w.org\/{rel}","templated":true}]}}