{"id":8585,"date":"2024-10-30T14:00:48","date_gmt":"2024-10-30T17:00:48","guid":{"rendered":"https:\/\/www.ufsm.br\/unidades-universitarias\/palmeira-das-missoes\/?page_id=8585"},"modified":"2024-10-30T14:00:50","modified_gmt":"2024-10-30T17:00:50","slug":"planejamento-estrategico-ufsm-pm","status":"publish","type":"page","link":"https:\/\/www.ufsm.br\/unidades-universitarias\/palmeira-das-missoes\/planejamento-estrategico-ufsm-pm","title":{"rendered":"Planejamento Estrat\u00e9gico UFSM-PM"},"content":{"rendered":"\n<p>O Planejamento Estrat\u00e9gico do <em>Campus<\/em> da UFSM Palmeira das Miss\u00f5es foi desenvolvido com o objetivo de orientar os esfor\u00e7os da Gest\u00e3o, a partir de uma vis\u00e3o abrangente e compartilhada dos <em>stakeholders<\/em> (alunos, servidores e professores) do <em>campus<\/em>. Para o seu desenvolvimento, foi formada a comiss\u00e3o de Planejamento Estrat\u00e9gico, composta pelo Diretor e Vicediretor do Campus, por um representante dos t\u00e9cnicos administrativos e um representante docente de cada departamento do <em>Campus<\/em>.<\/p>\n<p>Confira: <strong><a href=\"https:\/\/www.ufsm.br\/app\/uploads\/sites\/378\/2024\/10\/Planejamento-Estrategico-UFSM-PM-2024-2034.pdf\">Planejamento Estrat\u00e9gico UFSM-PM 2024-2034<\/a><\/strong><\/p>\n","protected":false},"excerpt":{"rendered":"<p>O Planejamento Estrat\u00e9gico do Campus da UFSM Palmeira das Miss\u00f5es foi desenvolvido com o objetivo de orientar os esfor\u00e7os da Gest\u00e3o, a partir de uma vis\u00e3o abrangente e compartilhada dos stakeholders (alunos, servidores e professores) do campus. Para o seu desenvolvimento, foi formada a comiss\u00e3o de Planejamento Estrat\u00e9gico, composta pelo Diretor e Vicediretor do Campus, [&hellip;]<\/p>\n","protected":false},"author":307,"featured_media":0,"parent":0,"menu_order":0,"comment_status":"closed","ping_status":"closed","template":"","meta":{"footnotes":""},"categories":[],"tags":[],"class_list":["post-8585","page","type-page","status-publish","hentry"],"acf":[],"_links":{"self":[{"href":"https:\/\/www.ufsm.br\/unidades-universitarias\/palmeira-das-missoes\/wp-json\/wp\/v2\/pages\/8585","targetHints":{"allow":["GET"]}}],"collection":[{"href":"https:\/\/www.ufsm.br\/unidades-universitarias\/palmeira-das-missoes\/wp-json\/wp\/v2\/pages"}],"about":[{"href":"https:\/\/www.ufsm.br\/unidades-universitarias\/palmeira-das-missoes\/wp-json\/wp\/v2\/types\/page"}],"author":[{"embeddable":true,"href":"https:\/\/www.ufsm.br\/unidades-universitarias\/palmeira-das-missoes\/wp-json\/wp\/v2\/users\/307"}],"replies":[{"embeddable":true,"href":"https:\/\/www.ufsm.br\/unidades-universitarias\/palmeira-das-missoes\/wp-json\/wp\/v2\/comments?post=8585"}],"version-history":[{"count":0,"href":"https:\/\/www.ufsm.br\/unidades-universitarias\/palmeira-das-missoes\/wp-json\/wp\/v2\/pages\/8585\/revisions"}],"wp:attachment":[{"href":"https:\/\/www.ufsm.br\/unidades-universitarias\/palmeira-das-missoes\/wp-json\/wp\/v2\/media?parent=8585"}],"wp:term":[{"taxonomy":"category","embeddable":true,"href":"https:\/\/www.ufsm.br\/unidades-universitarias\/palmeira-das-missoes\/wp-json\/wp\/v2\/categories?post=8585"},{"taxonomy":"post_tag","embeddable":true,"href":"https:\/\/www.ufsm.br\/unidades-universitarias\/palmeira-das-missoes\/wp-json\/wp\/v2\/tags?post=8585"}],"curies":[{"name":"wp","href":"https:\/\/api.w.org\/{rel}","templated":true}]}}