{"id":9434,"date":"2025-09-18T09:50:45","date_gmt":"2025-09-18T12:50:45","guid":{"rendered":"https:\/\/www.ufsm.br\/unidades-universitarias\/palmeira-das-missoes\/?page_id=9434"},"modified":"2025-09-18T10:01:09","modified_gmt":"2025-09-18T13:01:09","slug":"nucleo-de-infraestrutura-e-patrimonio","status":"publish","type":"page","link":"https:\/\/www.ufsm.br\/unidades-universitarias\/palmeira-das-missoes\/nucleo-de-infraestrutura-e-patrimonio","title":{"rendered":"N\u00facleo de Infraestrutura e Patrim\u00f4nio\u00a0"},"content":{"rendered":"\n<div>\n<p data-start=\"82\" data-end=\"141\"><strong data-start=\"82\" data-end=\"139\">Infraestrutura e Patrim\u00f4nio \u2013 Solicita\u00e7\u00e3o de Servi\u00e7os<\/strong><\/p>\n<p data-start=\"143\" data-end=\"210\">Identificou algum problema em nossas instala\u00e7\u00f5es ou equipamentos?<\/p>\n<ul data-start=\"211\" data-end=\"289\">\n<li data-start=\"211\" data-end=\"233\">\n<p data-start=\"213\" data-end=\"233\">Torneira pingando?<\/p>\n<\/li>\n<li data-start=\"234\" data-end=\"257\">\n<p data-start=\"236\" data-end=\"257\">Luz que n\u00e3o acende?<\/p>\n<\/li>\n<li data-start=\"258\" data-end=\"289\">\n<p data-start=\"260\" data-end=\"289\">Data-show ou ar condicionado que n\u00e3o funcionam?<\/p>\n<\/li>\n<\/ul>\n<p data-start=\"291\" data-end=\"585\">Para registrar a necessidade de <strong>manuten\u00e7\u00e3o<\/strong> ou <strong>suporte de TI (Tecnologia da Informa\u00e7\u00e3o)<\/strong>, acesse o sistema pelo link:<br data-start=\"425\" data-end=\"428\" \/>\ud83d\udd17 <strong><a class=\"decorated-link\" href=\"https:\/\/servicos.cpd.ufsm.br\/otrs\/customer.pl?Action=CustomerTicketProcess\" target=\"_new\" rel=\"noopener\" data-start=\"431\" data-end=\"583\">https:\/\/servicos.cpd.ufsm.br\/otrs\/customer.pl?Action=CustomerTicketProcess<\/a><\/strong><\/p>\n<p data-start=\"587\" data-end=\"608\"><strong data-start=\"587\" data-end=\"606\">Como solicitar:<\/strong><\/p>\n<ol data-start=\"609\" data-end=\"908\">\n<li data-start=\"609\" data-end=\"648\">\n<p data-start=\"612\" data-end=\"648\">Fa\u00e7a login utilizando CPF e senha.<\/p>\n<\/li>\n<li data-start=\"649\" data-end=\"816\">\n<p data-start=\"652\" data-end=\"682\">Escolha o processo adequado:<\/p>\n<ul data-start=\"686\" data-end=\"816\">\n<li data-start=\"686\" data-end=\"749\">\n<p data-start=\"688\" data-end=\"749\"><em data-start=\"688\" data-end=\"747\">Palmeira das Miss\u00f5es &gt; Manuten\u00e7\u00e3o &gt; Servi\u00e7o de manuten\u00e7\u00e3o<\/em><\/p>\n<\/li>\n<li data-start=\"753\" data-end=\"816\">\n<p data-start=\"755\" data-end=\"816\"><em data-start=\"755\" data-end=\"814\">Palmeira das Miss\u00f5es &gt; TI &gt; Solicita\u00e7\u00e3o de servi\u00e7os de TI<\/em><\/p>\n<\/li>\n<\/ul>\n<\/li>\n<li data-start=\"817\" data-end=\"866\">\n<p data-start=\"820\" data-end=\"866\">Preencha os dados solicitados no formul\u00e1rio.<\/p>\n<\/li>\n<li data-start=\"867\" data-end=\"908\">\n<p data-start=\"870\" data-end=\"908\">Clique em <strong data-start=\"880\" data-end=\"890\">ENVIAR<\/strong> para finalizar.<\/p>\n<\/li>\n<\/ol>\n<p data-start=\"910\" data-end=\"1009\">A sua colabora\u00e7\u00e3o \u00e9 fundamental para garantir o bom funcionamento do Campus Palmeira das Miss\u00f5es.<\/p>\n<\/div>\n<div>\u00a0<\/div>\n<div><strong>Equipe<\/strong>:<\/div>\n<div>Michel Librelotto &#8211; Administrador<\/div>\n<div>Alex Pilger &#8211; T\u00e9cnico em Agropecu\u00e1ria<\/div>\n<div>\u00a0<\/div>\n<div><strong>Contatos: <\/strong><\/div>\n<div><strong>E-mail: <\/strong>michel.librelotto@ufsm.br e patrimoniopalmeira@ufsm.br<\/div>\n<div><strong style=\"font-size: revert;color: initial\">Telefone:<\/strong><span style=\"font-size: revert;color: initial\"> (55) 3742-8942<\/span><\/div>\n<div><strong>Sala: <\/strong>Pr\u00e9dio do Almoxarifado<\/div>\n\n\n","protected":false},"excerpt":{"rendered":"<p>Infraestrutura e Patrim\u00f4nio \u2013 Solicita\u00e7\u00e3o de Servi\u00e7os Identificou algum problema em nossas instala\u00e7\u00f5es ou equipamentos? Torneira pingando? Luz que n\u00e3o acende? Data-show ou ar condicionado que n\u00e3o funcionam? Para registrar a necessidade de manuten\u00e7\u00e3o ou suporte de TI (Tecnologia da Informa\u00e7\u00e3o), acesse o sistema pelo link:\ud83d\udd17 https:\/\/servicos.cpd.ufsm.br\/otrs\/customer.pl?Action=CustomerTicketProcess Como solicitar: Fa\u00e7a login utilizando CPF e senha. [&hellip;]<\/p>\n","protected":false},"author":307,"featured_media":0,"parent":0,"menu_order":0,"comment_status":"closed","ping_status":"closed","template":"","meta":{"footnotes":""},"categories":[],"tags":[],"class_list":["post-9434","page","type-page","status-publish","hentry"],"acf":[],"_links":{"self":[{"href":"https:\/\/www.ufsm.br\/unidades-universitarias\/palmeira-das-missoes\/wp-json\/wp\/v2\/pages\/9434","targetHints":{"allow":["GET"]}}],"collection":[{"href":"https:\/\/www.ufsm.br\/unidades-universitarias\/palmeira-das-missoes\/wp-json\/wp\/v2\/pages"}],"about":[{"href":"https:\/\/www.ufsm.br\/unidades-universitarias\/palmeira-das-missoes\/wp-json\/wp\/v2\/types\/page"}],"author":[{"embeddable":true,"href":"https:\/\/www.ufsm.br\/unidades-universitarias\/palmeira-das-missoes\/wp-json\/wp\/v2\/users\/307"}],"replies":[{"embeddable":true,"href":"https:\/\/www.ufsm.br\/unidades-universitarias\/palmeira-das-missoes\/wp-json\/wp\/v2\/comments?post=9434"}],"version-history":[{"count":0,"href":"https:\/\/www.ufsm.br\/unidades-universitarias\/palmeira-das-missoes\/wp-json\/wp\/v2\/pages\/9434\/revisions"}],"wp:attachment":[{"href":"https:\/\/www.ufsm.br\/unidades-universitarias\/palmeira-das-missoes\/wp-json\/wp\/v2\/media?parent=9434"}],"wp:term":[{"taxonomy":"category","embeddable":true,"href":"https:\/\/www.ufsm.br\/unidades-universitarias\/palmeira-das-missoes\/wp-json\/wp\/v2\/categories?post=9434"},{"taxonomy":"post_tag","embeddable":true,"href":"https:\/\/www.ufsm.br\/unidades-universitarias\/palmeira-das-missoes\/wp-json\/wp\/v2\/tags?post=9434"}],"curies":[{"name":"wp","href":"https:\/\/api.w.org\/{rel}","templated":true}]}}