{"id":20,"date":"2025-10-07T09:41:38","date_gmt":"2025-10-07T12:41:38","guid":{"rendered":"https:\/\/www.ufsm.br\/unidades-universitarias\/politecnico\/cespol\/?page_id=20"},"modified":"2025-10-07T14:05:16","modified_gmt":"2025-10-07T17:05:16","slug":"gestao-2025","status":"publish","type":"page","link":"https:\/\/www.ufsm.br\/unidades-universitarias\/politecnico\/cespol\/gestao-2025","title":{"rendered":"Gest\u00e3o 2025\/2026"},"content":{"rendered":"\n<h1 class=\"wp-block-heading\">Cespol \u2013 Diretoria<\/h1>\n\n\n\n<p><strong>Presidente:<\/strong>&nbsp;Viktor de Freitas Pimentel<br><strong>Vice-Presidente:&nbsp;<\/strong>Gabriel Sebastiano<br><strong>Secret\u00e1ria:&nbsp;<\/strong>Cassiane Wappler Michelon<br><strong>Conselheiro de Administra\u00e7\u00e3o:&nbsp;<\/strong>Bruno Rayan Lara da Silva<br><strong>Conselheiro de Administra\u00e7\u00e3o<\/strong>:&nbsp;Rosangela de Andrade da Rosa<\/p>\n\n\n\n<h2 class=\"wp-block-heading\"><strong>Conselho Fiscal<\/strong><\/h2>\n\n\n\n<h3 class=\"wp-block-heading\">Membros Efetivos:<\/h3>\n\n\n\n<ol start=\"1\" class=\"wp-block-list\">\n<li>Luma da Silva Peixoto<\/li>\n\n\n\n<li>Luciano Mangine Ientsn<\/li>\n\n\n\n<li>Bruno Dutra Della Pace<\/li>\n<\/ol>\n\n\n\n<h3 class=\"wp-block-heading\">Membros Suplentes:<\/h3>\n\n\n\n<ol start=\"1\" class=\"wp-block-list\">\n<li>Sergio Blanco Noal<\/li>\n<\/ol>\n\n\n\n<figure class=\"wp-block-image size-large\"><img fetchpriority=\"high\" decoding=\"async\" width=\"1024\" height=\"770\" src=\"https:\/\/www.ufsm.br\/app\/uploads\/sites\/968\/2025\/10\/WhatsApp-Image-2025-10-07-at-13.55.12-1024x770.jpeg\" alt=\"\" class=\"wp-image-27\" srcset=\"https:\/\/www.ufsm.br\/app\/uploads\/sites\/968\/2025\/10\/WhatsApp-Image-2025-10-07-at-13.55.12-1024x770.jpeg 1024w, https:\/\/www.ufsm.br\/app\/uploads\/sites\/968\/2025\/10\/WhatsApp-Image-2025-10-07-at-13.55.12-300x226.jpeg 300w, https:\/\/www.ufsm.br\/app\/uploads\/sites\/968\/2025\/10\/WhatsApp-Image-2025-10-07-at-13.55.12-768x578.jpeg 768w, https:\/\/www.ufsm.br\/app\/uploads\/sites\/968\/2025\/10\/WhatsApp-Image-2025-10-07-at-13.55.12.jpeg 1280w\" sizes=\"(max-width: 1024px) 100vw, 1024px\" \/><\/figure>\n\n\n\n<p><strong>Nova diretoria eleita para gest\u00e3o 2025\/2026: <\/strong>Da esquerda para a direita: Bruno Ryan Lara da Silva, Cassiane Michelon, Ros\u00e2ngela de Andrade da Rosa, Viktor de Freitas e Gabriel Sebastiani. Atr\u00e1s: S\u00e9rgio Blanco Noal, Luciano Mangine, Luma da Silva Peixoto e Bruno Dutra Della Pace.<\/p>\n","protected":false},"excerpt":{"rendered":"<p>Cespol \u2013 Diretoria Presidente:&nbsp;Viktor de Freitas PimentelVice-Presidente:&nbsp;Gabriel SebastianoSecret\u00e1ria:&nbsp;Cassiane Wappler MichelonConselheiro de Administra\u00e7\u00e3o:&nbsp;Bruno Rayan Lara da SilvaConselheiro de Administra\u00e7\u00e3o:&nbsp;Rosangela de Andrade da Rosa Conselho Fiscal Membros Efetivos: Membros Suplentes: Nova diretoria eleita para gest\u00e3o 2025\/2026: Da esquerda para a direita: Bruno Ryan Lara da Silva, Cassiane Michelon, Ros\u00e2ngela de Andrade da Rosa, Viktor de Freitas e [&hellip;]<\/p>\n","protected":false},"author":9176,"featured_media":0,"parent":0,"menu_order":0,"comment_status":"closed","ping_status":"closed","template":"","meta":{"footnotes":""},"categories":[],"tags":[],"class_list":["post-20","page","type-page","status-publish","hentry"],"acf":[],"_links":{"self":[{"href":"https:\/\/www.ufsm.br\/unidades-universitarias\/politecnico\/cespol\/wp-json\/wp\/v2\/pages\/20","targetHints":{"allow":["GET"]}}],"collection":[{"href":"https:\/\/www.ufsm.br\/unidades-universitarias\/politecnico\/cespol\/wp-json\/wp\/v2\/pages"}],"about":[{"href":"https:\/\/www.ufsm.br\/unidades-universitarias\/politecnico\/cespol\/wp-json\/wp\/v2\/types\/page"}],"author":[{"embeddable":true,"href":"https:\/\/www.ufsm.br\/unidades-universitarias\/politecnico\/cespol\/wp-json\/wp\/v2\/users\/9176"}],"replies":[{"embeddable":true,"href":"https:\/\/www.ufsm.br\/unidades-universitarias\/politecnico\/cespol\/wp-json\/wp\/v2\/comments?post=20"}],"version-history":[{"count":0,"href":"https:\/\/www.ufsm.br\/unidades-universitarias\/politecnico\/cespol\/wp-json\/wp\/v2\/pages\/20\/revisions"}],"wp:attachment":[{"href":"https:\/\/www.ufsm.br\/unidades-universitarias\/politecnico\/cespol\/wp-json\/wp\/v2\/media?parent=20"}],"wp:term":[{"taxonomy":"category","embeddable":true,"href":"https:\/\/www.ufsm.br\/unidades-universitarias\/politecnico\/cespol\/wp-json\/wp\/v2\/categories?post=20"},{"taxonomy":"post_tag","embeddable":true,"href":"https:\/\/www.ufsm.br\/unidades-universitarias\/politecnico\/cespol\/wp-json\/wp\/v2\/tags?post=20"}],"curies":[{"name":"wp","href":"https:\/\/api.w.org\/{rel}","templated":true}]}}