{"id":21,"date":"2025-10-07T09:46:35","date_gmt":"2025-10-07T12:46:35","guid":{"rendered":"https:\/\/www.ufsm.br\/unidades-universitarias\/politecnico\/cespol\/?page_id=21"},"modified":"2026-01-28T11:09:19","modified_gmt":"2026-01-28T14:09:19","slug":"nossos-contatos","status":"publish","type":"page","link":"https:\/\/www.ufsm.br\/unidades-universitarias\/politecnico\/cespol\/nossos-contatos","title":{"rendered":"Contatos"},"content":{"rendered":"\n<h3 class=\"wp-block-heading\">Contato:<\/h3>\n\n\n\n<p>Telefone:\u00a0<a href=\"tel:+555532209419,214\" target=\"_blank\" rel=\"noreferrer noopener\">3220-9419 (Ramal 214<\/a>) \/ WhatsApp (55) 99167-2799<br>E-mail:\u00a0<a href=\"mailto:cespol@ufsm.br\">cespol@ufsm.br<\/a><br>Facebook:\u00a0<a href=\"https:\/\/www.facebook.com\/cooperativacespol\" target=\"_blank\" rel=\"noreferrer noopener\">www.facebook.com\/cooperativacespol<\/a><br>Instagram:\u00a0<a href=\"https:\/\/www.instagram.com\/cooperativacespol\/\" target=\"_blank\" rel=\"noreferrer noopener\">www.instagram.com\/cooperativacespol\/<\/a><\/p>\n\n\n\n<h3 class=\"wp-block-heading\">Endere\u00e7o:<\/h3>\n\n\n\n<p>Av. Roraima, n\u00ba. 1.000, Campus da UFSM, Col\u00e9gio Polit\u00e9cnico &#8211; Pr\u00e9dio 70, Bloco A, Sala A118, Camobi, Santa Maria\/RS, CEP 97105-900<\/p>\n","protected":false},"excerpt":{"rendered":"<p>Contato: Telefone:\u00a03220-9419 (Ramal 214) \/ WhatsApp (55) 99167-2799E-mail:\u00a0cespol@ufsm.brFacebook:\u00a0www.facebook.com\/cooperativacespolInstagram:\u00a0www.instagram.com\/cooperativacespol\/ Endere\u00e7o: Av. Roraima, n\u00ba. 1.000, Campus da UFSM, Col\u00e9gio Polit\u00e9cnico &#8211; Pr\u00e9dio 70, Bloco A, Sala A118, Camobi, Santa Maria\/RS, CEP 97105-900<\/p>\n","protected":false},"author":9176,"featured_media":0,"parent":0,"menu_order":0,"comment_status":"closed","ping_status":"closed","template":"","meta":{"footnotes":""},"categories":[],"tags":[],"class_list":["post-21","page","type-page","status-publish","hentry"],"acf":[],"_links":{"self":[{"href":"https:\/\/www.ufsm.br\/unidades-universitarias\/politecnico\/cespol\/wp-json\/wp\/v2\/pages\/21","targetHints":{"allow":["GET"]}}],"collection":[{"href":"https:\/\/www.ufsm.br\/unidades-universitarias\/politecnico\/cespol\/wp-json\/wp\/v2\/pages"}],"about":[{"href":"https:\/\/www.ufsm.br\/unidades-universitarias\/politecnico\/cespol\/wp-json\/wp\/v2\/types\/page"}],"author":[{"embeddable":true,"href":"https:\/\/www.ufsm.br\/unidades-universitarias\/politecnico\/cespol\/wp-json\/wp\/v2\/users\/9176"}],"replies":[{"embeddable":true,"href":"https:\/\/www.ufsm.br\/unidades-universitarias\/politecnico\/cespol\/wp-json\/wp\/v2\/comments?post=21"}],"version-history":[{"count":0,"href":"https:\/\/www.ufsm.br\/unidades-universitarias\/politecnico\/cespol\/wp-json\/wp\/v2\/pages\/21\/revisions"}],"wp:attachment":[{"href":"https:\/\/www.ufsm.br\/unidades-universitarias\/politecnico\/cespol\/wp-json\/wp\/v2\/media?parent=21"}],"wp:term":[{"taxonomy":"category","embeddable":true,"href":"https:\/\/www.ufsm.br\/unidades-universitarias\/politecnico\/cespol\/wp-json\/wp\/v2\/categories?post=21"},{"taxonomy":"post_tag","embeddable":true,"href":"https:\/\/www.ufsm.br\/unidades-universitarias\/politecnico\/cespol\/wp-json\/wp\/v2\/tags?post=21"}],"curies":[{"name":"wp","href":"https:\/\/api.w.org\/{rel}","templated":true}]}}