{"id":10524,"date":"2025-10-01T15:12:04","date_gmt":"2025-10-01T18:12:04","guid":{"rendered":"https:\/\/www.ufsm.br\/unidades-universitarias\/politecnico\/?page_id=10524"},"modified":"2025-10-10T20:54:22","modified_gmt":"2025-10-10T23:54:22","slug":"coop","status":"publish","type":"page","link":"https:\/\/www.ufsm.br\/unidades-universitarias\/politecnico\/projetos\/coop","title":{"rendered":"Projeto +COOP \u2013 A\u00e7\u00f5es Extensionistas para o Desenvolvimento do Cooperativismo"},"content":{"rendered":"\n<p>O projeto +COOP \u2013 A\u00e7\u00f5es Extensionistas para o Desenvolvimento do Cooperativismo tem como objetivo geral \u201cpromover a\u00e7\u00f5es extensionistas de educa\u00e7\u00e3o, forma\u00e7\u00e3o e informa\u00e7\u00e3o para o cooperativismo\u201d. Vinculado do Col\u00e9gio Polit\u00e9cnico da UFSM, o projeto j\u00e1 ofereceu forma\u00e7\u00e3o para mais 2.500 cooperados em mais de 220 cidades do Brasil. Foram mais de 400 disciplinas ministradas que envolveram mais de 20 professores, totalizando aproximadamente 4.500 horas\/aula em forma\u00e7\u00f5es.<\/p>\n\n\n\n<p>Aqui, voc\u00ea tem acesso aos resultados das avalia\u00e7\u00f5es feitas pelos participantes dessas forma\u00e7\u00f5es para o cooperativismo.<\/p>\n\n\n\n<h3 class=\"wp-block-heading has-text-align-center\">Avalia\u00e7\u00f5es feitas pelos participantes<\/h3>\n\n\n\n<p style=\"text-align: center\">\n<iframe width=\"1200\" height=\"747\" src=\"https:\/\/app.powerbi.com\/view?r=eyJrIjoiYjA3ZTE3MzctNmVhNi00ZjMyLWFhMjAtZmFkNTVjZDFjZDQ0IiwidCI6Ijk3OTAyMGQ1LTQ5NTAtNGY0My1hOTk0LTg4ZDY4M2VhYjQ3MyJ9&amp;pageName=86868e24140534124605\" frameborder=\"0\" allowFullScreen=\"true\"><\/iframe>\n<\/p>\n\n<p style=\"font-family: arial, helvetica, sans-serif;font-size: 24pt;text-align: center\"><span><a href=\"https:\/\/app.powerbi.com\/view?r=eyJrIjoiYjA3ZTE3MzctNmVhNi00ZjMyLWFhMjAtZmFkNTVjZDFjZDQ0IiwidCI6Ijk3OTAyMGQ1LTQ5NTAtNGY0My1hOTk0LTg4ZDY4M2VhYjQ3MyJ9&amp;pageName=86868e24140534124605\">Abre outra janela no navegador &#8211; melhor para dispositivos m\u00f3veis<\/a><\/span><\/p>\n","protected":false},"excerpt":{"rendered":"<p>O projeto +COOP \u2013 A\u00e7\u00f5es Extensionistas para o Desenvolvimento do Cooperativismo tem como objetivo geral \u201cpromover a\u00e7\u00f5es extensionistas de educa\u00e7\u00e3o, forma\u00e7\u00e3o e informa\u00e7\u00e3o para o cooperativismo\u201d. Vinculado do Col\u00e9gio Polit\u00e9cnico da UFSM, o projeto j\u00e1 ofereceu forma\u00e7\u00e3o para mais 2.500 cooperados em mais de 220 cidades do Brasil. Foram mais de 400 disciplinas ministradas que [&hellip;]<\/p>\n","protected":false},"author":275,"featured_media":0,"parent":312,"menu_order":0,"comment_status":"closed","ping_status":"closed","template":"","meta":{"footnotes":""},"categories":[454],"tags":[],"class_list":["post-10524","page","type-page","status-publish","hentry","category-projetos"],"acf":[],"_links":{"self":[{"href":"https:\/\/www.ufsm.br\/unidades-universitarias\/politecnico\/wp-json\/wp\/v2\/pages\/10524","targetHints":{"allow":["GET"]}}],"collection":[{"href":"https:\/\/www.ufsm.br\/unidades-universitarias\/politecnico\/wp-json\/wp\/v2\/pages"}],"about":[{"href":"https:\/\/www.ufsm.br\/unidades-universitarias\/politecnico\/wp-json\/wp\/v2\/types\/page"}],"author":[{"embeddable":true,"href":"https:\/\/www.ufsm.br\/unidades-universitarias\/politecnico\/wp-json\/wp\/v2\/users\/275"}],"replies":[{"embeddable":true,"href":"https:\/\/www.ufsm.br\/unidades-universitarias\/politecnico\/wp-json\/wp\/v2\/comments?post=10524"}],"version-history":[{"count":0,"href":"https:\/\/www.ufsm.br\/unidades-universitarias\/politecnico\/wp-json\/wp\/v2\/pages\/10524\/revisions"}],"up":[{"embeddable":true,"href":"https:\/\/www.ufsm.br\/unidades-universitarias\/politecnico\/wp-json\/wp\/v2\/pages\/312"}],"wp:attachment":[{"href":"https:\/\/www.ufsm.br\/unidades-universitarias\/politecnico\/wp-json\/wp\/v2\/media?parent=10524"}],"wp:term":[{"taxonomy":"category","embeddable":true,"href":"https:\/\/www.ufsm.br\/unidades-universitarias\/politecnico\/wp-json\/wp\/v2\/categories?post=10524"},{"taxonomy":"post_tag","embeddable":true,"href":"https:\/\/www.ufsm.br\/unidades-universitarias\/politecnico\/wp-json\/wp\/v2\/tags?post=10524"}],"curies":[{"name":"wp","href":"https:\/\/api.w.org\/{rel}","templated":true}]}}