{"id":2052,"date":"2019-02-27T16:41:51","date_gmt":"2019-02-27T19:41:51","guid":{"rendered":"https:\/\/www.ufsm.br\/unidades-universitarias\/politecnico\/?page_id=2052"},"modified":"2019-02-27T16:52:37","modified_gmt":"2019-02-27T19:52:37","slug":"cursos-proeja","status":"publish","type":"page","link":"https:\/\/www.ufsm.br\/unidades-universitarias\/politecnico\/cursos-proeja","title":{"rendered":"Cursos PROEJA"},"content":{"rendered":"\t\t<div data-elementor-type=\"wp-post\" data-elementor-id=\"2052\" class=\"elementor elementor-2052 elementor-bc-flex-widget\">\n\t\t\t\t\t\t<section class=\"elementor-section elementor-top-section elementor-element elementor-element-aecc718 elementor-section-boxed elementor-section-height-default elementor-section-height-default\" data-id=\"aecc718\" data-element_type=\"section\">\n\t\t\t\t\t\t<div class=\"elementor-container elementor-column-gap-default\">\n\t\t\t\t\t<div class=\"elementor-column elementor-col-50 elementor-top-column elementor-element elementor-element-cf17db5\" data-id=\"cf17db5\" data-element_type=\"column\">\n\t\t\t<div class=\"elementor-widget-wrap elementor-element-populated\">\n\t\t\t\t\t\t<div class=\"elementor-element elementor-element-3fecc7a elementor-widget elementor-widget-heading\" data-id=\"3fecc7a\" data-element_type=\"widget\" data-widget_type=\"heading.default\">\n\t\t\t\t<div class=\"elementor-widget-container\">\n\t\t\t<h5 class=\"elementor-heading-title elementor-size-default\">Eixo Tecnol\u00f3gico: Gest\u00e3o e Neg\u00f3cios<\/h5>\t\t<\/div>\n\t\t\t\t<\/div>\n\t\t\t\t<div class=\"elementor-element elementor-element-4fc93f9 elementor-widget elementor-widget-html\" data-id=\"4fc93f9\" data-element_type=\"widget\" data-widget_type=\"html.default\">\n\t\t\t\t<div class=\"elementor-widget-container\">\n\t\t\t<div class=\"table-responsive\">\n  <table style=\"width: 100%;\" class=\"table table-striped table-condensed\">\n    <thead>\n      <tr>\n        <th>Curso<\/th>\n      <\/tr>\n    <\/thead>\n    <tbody>\n      <tr>\n        <td>Agente de Desenvolvimento Cooperativista<\/td>\n      <\/tr>\n      <tr>\n        <td>Assistente Administrativo<\/td>\n      <\/tr>\n    <\/tbody>\n  <\/table>\n<\/div>\n\t\t<\/div>\n\t\t\t\t<\/div>\n\t\t\t\t\t<\/div>\n\t\t<\/div>\n\t\t\t\t<div class=\"elementor-column elementor-col-50 elementor-top-column elementor-element elementor-element-62a817c\" data-id=\"62a817c\" data-element_type=\"column\">\n\t\t\t<div class=\"elementor-widget-wrap elementor-element-populated\">\n\t\t\t\t\t\t<div class=\"elementor-element elementor-element-315408e elementor-widget elementor-widget-html\" data-id=\"315408e\" data-element_type=\"widget\" data-widget_type=\"html.default\">\n\t\t\t\t<div class=\"elementor-widget-container\">\n\t\t\t<div class=\"list-group list-group-flush\">\n  <a class=\"list-group-item list-group-item-action rounded-0\" href=\"\/unidades-universitarias\/politecnico\/coordenacao-proeja\/\">Coordena\u00e7\u00e3o<\/a>\n  <span class=\"list-group-item list-group-item-action active rounded-0\">Cursos<\/span>\n<\/div>\t\t<\/div>\n\t\t\t\t<\/div>\n\t\t\t\t\t<\/div>\n\t\t<\/div>\n\t\t\t\t\t<\/div>\n\t\t<\/section>\n\t\t\t\t<\/div>\n\t\t","protected":false},"excerpt":{"rendered":"<p>Eixo Tecnol\u00f3gico: Gest\u00e3o e Neg\u00f3cios Curso Agente de Desenvolvimento Cooperativista Assistente Administrativo Coordena\u00e7\u00e3o Cursos<\/p>\n","protected":false},"author":275,"featured_media":0,"parent":0,"menu_order":0,"comment_status":"closed","ping_status":"closed","template":"","meta":{"footnotes":""},"categories":[],"tags":[],"class_list":["post-2052","page","type-page","status-publish","hentry"],"acf":[],"_links":{"self":[{"href":"https:\/\/www.ufsm.br\/unidades-universitarias\/politecnico\/wp-json\/wp\/v2\/pages\/2052","targetHints":{"allow":["GET"]}}],"collection":[{"href":"https:\/\/www.ufsm.br\/unidades-universitarias\/politecnico\/wp-json\/wp\/v2\/pages"}],"about":[{"href":"https:\/\/www.ufsm.br\/unidades-universitarias\/politecnico\/wp-json\/wp\/v2\/types\/page"}],"author":[{"embeddable":true,"href":"https:\/\/www.ufsm.br\/unidades-universitarias\/politecnico\/wp-json\/wp\/v2\/users\/275"}],"replies":[{"embeddable":true,"href":"https:\/\/www.ufsm.br\/unidades-universitarias\/politecnico\/wp-json\/wp\/v2\/comments?post=2052"}],"version-history":[{"count":0,"href":"https:\/\/www.ufsm.br\/unidades-universitarias\/politecnico\/wp-json\/wp\/v2\/pages\/2052\/revisions"}],"wp:attachment":[{"href":"https:\/\/www.ufsm.br\/unidades-universitarias\/politecnico\/wp-json\/wp\/v2\/media?parent=2052"}],"wp:term":[{"taxonomy":"category","embeddable":true,"href":"https:\/\/www.ufsm.br\/unidades-universitarias\/politecnico\/wp-json\/wp\/v2\/categories?post=2052"},{"taxonomy":"post_tag","embeddable":true,"href":"https:\/\/www.ufsm.br\/unidades-universitarias\/politecnico\/wp-json\/wp\/v2\/tags?post=2052"}],"curies":[{"name":"wp","href":"https:\/\/api.w.org\/{rel}","templated":true}]}}