{"id":2362,"date":"2019-04-10T11:48:22","date_gmt":"2019-04-10T14:48:22","guid":{"rendered":"https:\/\/www.ufsm.br\/unidades-universitarias\/politecnico\/?page_id=2362"},"modified":"2025-09-02T10:42:28","modified_gmt":"2025-09-02T13:42:28","slug":"biblioteca-setorial-bscp","status":"publish","type":"page","link":"https:\/\/www.ufsm.br\/unidades-universitarias\/politecnico\/biblioteca-setorial-bscp","title":{"rendered":"Biblioteca Setorial &#8211; BSCP"},"content":{"rendered":"\n<p>A Biblioteca Setorial do Col\u00e9gio Polit\u00e9cnico da UFSM iniciou as atividades de organiza\u00e7\u00e3o do acervo em outubro de 2014 e foi inaugurada no dia 12 de mar\u00e7o de 2015. O Acervo da Biblioteca \u00e9 composto por obras de diversas \u00e1reas do conhecimento, visando atender a demanda dos cursos oferecidos na unidade, em todos os n\u00edveis de ensino: Ensino M\u00e9dio, Cursos T\u00e9cnicos (P\u00f3s-M\u00e9dio), Gradua\u00e7\u00e3o e P\u00f3s-Gradua\u00e7\u00e3o, bem como material relevante para as pesquisas e projetos de extens\u00e3o desenvolvidos no Col\u00e9gio.&nbsp;<\/p>\n\n\n\n<h3 class=\"wp-block-heading\">Contato<\/h3>\n\n\n\n<p><strong>Telefone:<\/strong> (55) 3220-7949<br \/><strong>WhatsApp:<\/strong> <a href=\"https:\/\/wa.me\/5555991628249\">(55) 99162-8249<\/a><\/p>\n<p><strong>E-mail:<\/strong> <a href=\"mailto:biblioteca@politecnico.ufsm.br\">biblioteca@politecnico.ufsm.br<\/a><\/p>\n<p><strong>Facebook:<\/strong> <a href=\"https:\/\/m.me\/bibliotecapoliufsm?fbclid=IwAR2JHBxgtUB3Y8JMPZVWr2MHl1YyLXS8kvxuiM8RZ6quK2XDKip5_xy4mR4\">https:\/\/www.facebook.com\/bibliotecadopoli\/<\/a><br \/><strong>Instagram:<\/strong> <a href=\"https:\/\/m.me\/bibliotecapoliufsm?fbclid=IwAR2JHBxgtUB3Y8JMPZVWr2MHl1YyLXS8kvxuiM8RZ6quK2XDKip5_xy4mR4\">https:\/\/www.instagram.com\/bibliotecadopoli\/<\/a><\/p>\n","protected":false},"excerpt":{"rendered":"<p>A Biblioteca Setorial do Col\u00e9gio Polit\u00e9cnico da UFSM iniciou as atividades de organiza\u00e7\u00e3o do acervo em outubro de 2014 e foi inaugurada no dia 12 de mar\u00e7o de 2015. O Acervo da Biblioteca \u00e9 composto por obras de diversas \u00e1reas do conhecimento, visando atender a demanda dos cursos oferecidos na unidade, em todos os n\u00edveis [&hellip;]<\/p>\n","protected":false},"author":857,"featured_media":2365,"parent":0,"menu_order":0,"comment_status":"closed","ping_status":"closed","template":"","meta":{"footnotes":""},"categories":[],"tags":[],"class_list":["post-2362","page","type-page","status-publish","has-post-thumbnail","hentry"],"acf":[],"_links":{"self":[{"href":"https:\/\/www.ufsm.br\/unidades-universitarias\/politecnico\/wp-json\/wp\/v2\/pages\/2362","targetHints":{"allow":["GET"]}}],"collection":[{"href":"https:\/\/www.ufsm.br\/unidades-universitarias\/politecnico\/wp-json\/wp\/v2\/pages"}],"about":[{"href":"https:\/\/www.ufsm.br\/unidades-universitarias\/politecnico\/wp-json\/wp\/v2\/types\/page"}],"author":[{"embeddable":true,"href":"https:\/\/www.ufsm.br\/unidades-universitarias\/politecnico\/wp-json\/wp\/v2\/users\/857"}],"replies":[{"embeddable":true,"href":"https:\/\/www.ufsm.br\/unidades-universitarias\/politecnico\/wp-json\/wp\/v2\/comments?post=2362"}],"version-history":[{"count":0,"href":"https:\/\/www.ufsm.br\/unidades-universitarias\/politecnico\/wp-json\/wp\/v2\/pages\/2362\/revisions"}],"wp:featuredmedia":[{"embeddable":true,"href":"https:\/\/www.ufsm.br\/unidades-universitarias\/politecnico\/wp-json\/wp\/v2\/media\/2365"}],"wp:attachment":[{"href":"https:\/\/www.ufsm.br\/unidades-universitarias\/politecnico\/wp-json\/wp\/v2\/media?parent=2362"}],"wp:term":[{"taxonomy":"category","embeddable":true,"href":"https:\/\/www.ufsm.br\/unidades-universitarias\/politecnico\/wp-json\/wp\/v2\/categories?post=2362"},{"taxonomy":"post_tag","embeddable":true,"href":"https:\/\/www.ufsm.br\/unidades-universitarias\/politecnico\/wp-json\/wp\/v2\/tags?post=2362"}],"curies":[{"name":"wp","href":"https:\/\/api.w.org\/{rel}","templated":true}]}}