{"id":2381,"date":"2019-04-11T11:48:54","date_gmt":"2019-04-11T14:48:54","guid":{"rendered":"https:\/\/www.ufsm.br\/unidades-universitarias\/politecnico\/?page_id=2381"},"modified":"2025-07-02T12:58:31","modified_gmt":"2025-07-02T15:58:31","slug":"comissao-de-pesquisa","status":"publish","type":"page","link":"https:\/\/www.ufsm.br\/unidades-universitarias\/politecnico\/comissao-de-pesquisa","title":{"rendered":"Comiss\u00e3o de Pesquisa"},"content":{"rendered":"\t\t<div data-elementor-type=\"wp-post\" data-elementor-id=\"2381\" class=\"elementor elementor-2381\">\n\t\t\t\t\t\t<section class=\"elementor-section elementor-top-section elementor-element elementor-element-819c6fb elementor-section-boxed elementor-section-height-default elementor-section-height-default\" data-id=\"819c6fb\" data-element_type=\"section\">\n\t\t\t\t\t\t<div class=\"elementor-container elementor-column-gap-default\">\n\t\t\t\t\t<div class=\"elementor-column elementor-col-100 elementor-top-column elementor-element elementor-element-689114f\" data-id=\"689114f\" data-element_type=\"column\">\n\t\t\t<div class=\"elementor-widget-wrap elementor-element-populated\">\n\t\t\t\t\t\t<div class=\"elementor-element elementor-element-e2c2b81 elementor-widget elementor-widget-text-editor\" data-id=\"e2c2b81\" data-element_type=\"widget\" data-widget_type=\"text-editor.default\">\n\t\t\t\t<div class=\"elementor-widget-container\">\n\t\t\t\t\t\t\t<p>A <strong>Comiss\u00e3o Permanente de Pesquisa<\/strong> tem por miss\u00e3o estimular e propor estrat\u00e9gias e diretrizes para a realiza\u00e7\u00e3o de a\u00e7\u00f5es e projetos voltados ao desenvolvimento institucional do Col\u00e9gio Polit\u00e9cnico da UFSM, assegurando sua intera\u00e7\u00e3o com diferentes segmentos da sociedade e contribuindo no processo de constru\u00e7\u00e3o de novos conhecimentos.<\/p>\n<p>Atribui\u00e7\u00f5es da Comiss\u00e3o Permanente de Pesquisa:<\/p>\n<ul>\n<li>assessorar a Dire\u00e7\u00e3o do Col\u00e9gio Polit\u00e9cnico da UFSM em assuntos pertinentes \u00e0 pesquisa;<\/li>\n<li>analisar e emitir parecer sobre as propostas relativas aos projetos de pesquisa encaminhados para registro;<\/li>\n<li>estimular, orientar, avaliar e aprovar a execu\u00e7\u00e3o dos projetos de pesquisa;<\/li>\n<li>apoiar a Dire\u00e7\u00e3o no estabelecimento de crit\u00e9rios para a distribui\u00e7\u00e3o dos recursos financeiros destinados \u00e0 pesquisa;<\/li>\n<li>estimular conv\u00eanios com \u00f3rg\u00e3os financeiros e de fomento, visando ampliar os recursos para o desenvolvimento da pesquisa;<\/li>\n<li>promover e estimular a realiza\u00e7\u00e3o de atividades de qualifica\u00e7\u00e3o complementar pertinentes \u00e0 pesquisa;<\/li>\n<li>articular a atividade de pesquisa com os mecanismos de Est\u00e1gios Curriculares do Col\u00e9gio Polit\u00e9cnico da UFSM;<\/li>\n<li>estimular a interdisciplinaridade e a participa\u00e7\u00e3o interinstitucional.<\/li>\n<\/ul>\n<p><strong>Presidente da Comiss\u00e3o:<\/strong>&nbsp;Danize Aparecida Rizzetti<\/p>\n<p><\/p>\t\t\t\t\t\t<\/div>\n\t\t\t\t<\/div>\n\t\t\t\t\t<\/div>\n\t\t<\/div>\n\t\t\t\t\t<\/div>\n\t\t<\/section>\n\t\t\t\t<section class=\"elementor-section elementor-top-section elementor-element elementor-element-db099cb elementor-section-boxed elementor-section-height-default elementor-section-height-default\" data-id=\"db099cb\" data-element_type=\"section\">\n\t\t\t\t\t\t<div class=\"elementor-container elementor-column-gap-default\">\n\t\t\t\t\t<div class=\"elementor-column elementor-col-50 elementor-top-column elementor-element elementor-element-fe90ad3\" data-id=\"fe90ad3\" data-element_type=\"column\">\n\t\t\t<div class=\"elementor-widget-wrap elementor-element-populated\">\n\t\t\t\t\t\t<div class=\"elementor-element elementor-element-6be3179 elementor-view-default elementor-position-top elementor-mobile-position-top elementor-widget elementor-widget-icon-box\" data-id=\"6be3179\" data-element_type=\"widget\" data-widget_type=\"icon-box.default\">\n\t\t\t\t<div class=\"elementor-widget-container\">\n\t\t\t\t\t<div class=\"elementor-icon-box-wrapper\">\n\n\t\t\t\t\t\t<div class=\"elementor-icon-box-icon\">\n\t\t\t\t<a href=\"https:\/\/www.ufsm.br\/unidades-universitarias\/politecnico\/wp-content\/uploads\/sites\/405\/2018\/10\/regimento-interno-das-comisses-de-ensino-pesquisa-e-extenso.pdf\" class=\"elementor-icon elementor-animation-\" tabindex=\"-1\">\n\t\t\t\t<i class=\"fa fa-file-text\" aria-hidden=\"true\"><\/i>\t\t\t\t<\/a>\n\t\t\t<\/div>\n\t\t\t\n\t\t\t\t\t\t<div class=\"elementor-icon-box-content\">\n\n\t\t\t\t\t\t\t\t\t<h3 class=\"elementor-icon-box-title\">\n\t\t\t\t\t\t<a href=\"https:\/\/www.ufsm.br\/unidades-universitarias\/politecnico\/wp-content\/uploads\/sites\/405\/2018\/10\/regimento-interno-das-comisses-de-ensino-pesquisa-e-extenso.pdf\" >\n\t\t\t\t\t\t\tRegimento\t\t\t\t\t\t<\/a>\n\t\t\t\t\t<\/h3>\n\t\t\t\t\n\t\t\t\t\n\t\t\t<\/div>\n\t\t\t\n\t\t<\/div>\n\t\t\t\t<\/div>\n\t\t\t\t<\/div>\n\t\t\t\t\t<\/div>\n\t\t<\/div>\n\t\t\t\t<div class=\"elementor-column elementor-col-50 elementor-top-column elementor-element elementor-element-7e623cc\" data-id=\"7e623cc\" data-element_type=\"column\">\n\t\t\t<div class=\"elementor-widget-wrap elementor-element-populated\">\n\t\t\t\t\t\t<div class=\"elementor-element elementor-element-031f4a5 elementor-view-default elementor-position-top elementor-mobile-position-top elementor-widget elementor-widget-icon-box\" data-id=\"031f4a5\" data-element_type=\"widget\" data-widget_type=\"icon-box.default\">\n\t\t\t\t<div class=\"elementor-widget-container\">\n\t\t\t\t\t<div class=\"elementor-icon-box-wrapper\">\n\n\t\t\t\t\t\t<div class=\"elementor-icon-box-icon\">\n\t\t\t\t<a href=\"https:\/\/www.ufsm.br\/unidades-universitarias\/politecnico\/comissoes-internas\/\" class=\"elementor-icon elementor-animation-\" tabindex=\"-1\">\n\t\t\t\t<i class=\"fa fa-file-text-o\" aria-hidden=\"true\"><\/i>\t\t\t\t<\/a>\n\t\t\t<\/div>\n\t\t\t\n\t\t\t\t\t\t<div class=\"elementor-icon-box-content\">\n\n\t\t\t\t\t\t\t\t\t<h3 class=\"elementor-icon-box-title\">\n\t\t\t\t\t\t<a href=\"https:\/\/www.ufsm.br\/unidades-universitarias\/politecnico\/comissoes-internas\/\" >\n\t\t\t\t\t\t\tPortaria\t\t\t\t\t\t<\/a>\n\t\t\t\t\t<\/h3>\n\t\t\t\t\n\t\t\t\t\n\t\t\t<\/div>\n\t\t\t\n\t\t<\/div>\n\t\t\t\t<\/div>\n\t\t\t\t<\/div>\n\t\t\t\t\t<\/div>\n\t\t<\/div>\n\t\t\t\t\t<\/div>\n\t\t<\/section>\n\t\t\t\t<\/div>\n\t\t","protected":false},"excerpt":{"rendered":"<p>A Comiss\u00e3o Permanente de Pesquisa tem por miss\u00e3o estimular e propor estrat\u00e9gias e diretrizes para a realiza\u00e7\u00e3o de a\u00e7\u00f5es e projetos voltados ao desenvolvimento institucional do Col\u00e9gio Polit\u00e9cnico da UFSM, assegurando sua intera\u00e7\u00e3o com diferentes segmentos da sociedade e contribuindo no processo de constru\u00e7\u00e3o de novos conhecimentos. Atribui\u00e7\u00f5es da Comiss\u00e3o Permanente de Pesquisa: assessorar a [&hellip;]<\/p>\n","protected":false},"author":857,"featured_media":0,"parent":0,"menu_order":0,"comment_status":"closed","ping_status":"closed","template":"","meta":{"footnotes":""},"categories":[],"tags":[],"class_list":["post-2381","page","type-page","status-publish","hentry"],"acf":[],"_links":{"self":[{"href":"https:\/\/www.ufsm.br\/unidades-universitarias\/politecnico\/wp-json\/wp\/v2\/pages\/2381","targetHints":{"allow":["GET"]}}],"collection":[{"href":"https:\/\/www.ufsm.br\/unidades-universitarias\/politecnico\/wp-json\/wp\/v2\/pages"}],"about":[{"href":"https:\/\/www.ufsm.br\/unidades-universitarias\/politecnico\/wp-json\/wp\/v2\/types\/page"}],"author":[{"embeddable":true,"href":"https:\/\/www.ufsm.br\/unidades-universitarias\/politecnico\/wp-json\/wp\/v2\/users\/857"}],"replies":[{"embeddable":true,"href":"https:\/\/www.ufsm.br\/unidades-universitarias\/politecnico\/wp-json\/wp\/v2\/comments?post=2381"}],"version-history":[{"count":0,"href":"https:\/\/www.ufsm.br\/unidades-universitarias\/politecnico\/wp-json\/wp\/v2\/pages\/2381\/revisions"}],"wp:attachment":[{"href":"https:\/\/www.ufsm.br\/unidades-universitarias\/politecnico\/wp-json\/wp\/v2\/media?parent=2381"}],"wp:term":[{"taxonomy":"category","embeddable":true,"href":"https:\/\/www.ufsm.br\/unidades-universitarias\/politecnico\/wp-json\/wp\/v2\/categories?post=2381"},{"taxonomy":"post_tag","embeddable":true,"href":"https:\/\/www.ufsm.br\/unidades-universitarias\/politecnico\/wp-json\/wp\/v2\/tags?post=2381"}],"curies":[{"name":"wp","href":"https:\/\/api.w.org\/{rel}","templated":true}]}}