{"id":2382,"date":"2019-04-11T11:54:38","date_gmt":"2019-04-11T14:54:38","guid":{"rendered":"https:\/\/www.ufsm.br\/unidades-universitarias\/politecnico\/?page_id=2382"},"modified":"2025-07-02T12:57:53","modified_gmt":"2025-07-02T15:57:53","slug":"comissao-de-extensao","status":"publish","type":"page","link":"https:\/\/www.ufsm.br\/unidades-universitarias\/politecnico\/comissao-de-extensao","title":{"rendered":"Comiss\u00e3o de Extens\u00e3o"},"content":{"rendered":"\t\t<div data-elementor-type=\"wp-post\" data-elementor-id=\"2382\" class=\"elementor elementor-2382\">\n\t\t\t\t\t\t<section class=\"elementor-section elementor-top-section elementor-element elementor-element-9c5a561 elementor-section-boxed elementor-section-height-default elementor-section-height-default\" data-id=\"9c5a561\" data-element_type=\"section\">\n\t\t\t\t\t\t<div class=\"elementor-container elementor-column-gap-default\">\n\t\t\t\t\t<div class=\"elementor-column elementor-col-100 elementor-top-column elementor-element elementor-element-3248557\" data-id=\"3248557\" data-element_type=\"column\">\n\t\t\t<div class=\"elementor-widget-wrap elementor-element-populated\">\n\t\t\t\t\t\t<div class=\"elementor-element elementor-element-949c507 elementor-widget elementor-widget-text-editor\" data-id=\"949c507\" data-element_type=\"widget\" data-widget_type=\"text-editor.default\">\n\t\t\t\t<div class=\"elementor-widget-container\">\n\t\t\t\t\t\t\t<p>A <strong>Comiss\u00e3o Permanente de Extens\u00e3o<\/strong> tem por miss\u00e3o estimular e propor estrat\u00e9gias e diretrizes para a realiza\u00e7\u00e3o de a\u00e7\u00f5es e projetos voltados ao desenvolvimento institucional do Col\u00e9gio Polit\u00e9cnico da UFSM, assegurando sua intera\u00e7\u00e3o com diferentes segmentos da sociedade e contribuindo no processo de constru\u00e7\u00e3o de novos conhecimentos.<\/p><p>Atribui\u00e7\u00f5es da Comiss\u00e3o Permanente de Extens\u00e3o:<\/p><ul><li>assessorar a Dire\u00e7\u00e3o do Col\u00e9gio Polit\u00e9cnico da UFSM em assuntos pertinentes \u00e0 extens\u00e3o;<\/li><li>analisar e emitir parecer sobre as propostas relativas aos projetos de extens\u00e3o encaminhados para registro;<\/li><li>estimular, orientar, avaliar e aprovar a execu\u00e7\u00e3o dos projetos de extens\u00e3o;<\/li><li>apoiar a Dire\u00e7\u00e3o no estabelecimento de crit\u00e9rios para a distribui\u00e7\u00e3o dos recursos financeiros destinados \u00e0 extens\u00e3o;<\/li><li>promover e estimular a realiza\u00e7\u00e3o de atividades de qualifica\u00e7\u00e3o complementar pertinentes \u00e0 extens\u00e3o;<\/li><li>articular a atividade de extens\u00e3o com os mecanismos de Est\u00e1gios Curriculares do Col\u00e9gio Polit\u00e9cnico da UFSM;<\/li><li>estimular a interdisciplinaridade e a participa\u00e7\u00e3o interinstitucional.<\/li><\/ul><p><strong>Presidente da Comiss\u00e3o:<\/strong>\u00a0Gilmar Jorge Wakulicz<\/p>\t\t\t\t\t\t<\/div>\n\t\t\t\t<\/div>\n\t\t\t\t\t<\/div>\n\t\t<\/div>\n\t\t\t\t\t<\/div>\n\t\t<\/section>\n\t\t\t\t<section class=\"elementor-section elementor-top-section elementor-element elementor-element-1750f05 elementor-section-boxed elementor-section-height-default elementor-section-height-default\" data-id=\"1750f05\" data-element_type=\"section\">\n\t\t\t\t\t\t<div class=\"elementor-container elementor-column-gap-default\">\n\t\t\t\t\t<div class=\"elementor-column elementor-col-50 elementor-top-column elementor-element elementor-element-6408f4d\" data-id=\"6408f4d\" data-element_type=\"column\">\n\t\t\t<div class=\"elementor-widget-wrap elementor-element-populated\">\n\t\t\t\t\t\t<div class=\"elementor-element elementor-element-ae69b5c elementor-view-default elementor-position-top elementor-mobile-position-top elementor-widget elementor-widget-icon-box\" data-id=\"ae69b5c\" data-element_type=\"widget\" data-widget_type=\"icon-box.default\">\n\t\t\t\t<div class=\"elementor-widget-container\">\n\t\t\t\t\t<div class=\"elementor-icon-box-wrapper\">\n\n\t\t\t\t\t\t<div class=\"elementor-icon-box-icon\">\n\t\t\t\t<a href=\"https:\/\/www.ufsm.br\/unidades-universitarias\/politecnico\/wp-content\/uploads\/sites\/405\/2018\/10\/regimento-interno-das-comisses-de-ensino-pesquisa-e-extenso.pdf\" class=\"elementor-icon elementor-animation-\" tabindex=\"-1\">\n\t\t\t\t<i class=\"fa fa-file-text\" aria-hidden=\"true\"><\/i>\t\t\t\t<\/a>\n\t\t\t<\/div>\n\t\t\t\n\t\t\t\t\t\t<div class=\"elementor-icon-box-content\">\n\n\t\t\t\t\t\t\t\t\t<h3 class=\"elementor-icon-box-title\">\n\t\t\t\t\t\t<a href=\"https:\/\/www.ufsm.br\/unidades-universitarias\/politecnico\/wp-content\/uploads\/sites\/405\/2018\/10\/regimento-interno-das-comisses-de-ensino-pesquisa-e-extenso.pdf\" >\n\t\t\t\t\t\t\tRegimento\t\t\t\t\t\t<\/a>\n\t\t\t\t\t<\/h3>\n\t\t\t\t\n\t\t\t\t\n\t\t\t<\/div>\n\t\t\t\n\t\t<\/div>\n\t\t\t\t<\/div>\n\t\t\t\t<\/div>\n\t\t\t\t\t<\/div>\n\t\t<\/div>\n\t\t\t\t<div class=\"elementor-column elementor-col-50 elementor-top-column elementor-element elementor-element-5cfc4f5\" data-id=\"5cfc4f5\" data-element_type=\"column\">\n\t\t\t<div class=\"elementor-widget-wrap elementor-element-populated\">\n\t\t\t\t\t\t<div class=\"elementor-element elementor-element-581b0d3 elementor-view-default elementor-position-top elementor-mobile-position-top elementor-widget elementor-widget-icon-box\" data-id=\"581b0d3\" data-element_type=\"widget\" data-widget_type=\"icon-box.default\">\n\t\t\t\t<div class=\"elementor-widget-container\">\n\t\t\t\t\t<div class=\"elementor-icon-box-wrapper\">\n\n\t\t\t\t\t\t<div class=\"elementor-icon-box-icon\">\n\t\t\t\t<a href=\"https:\/\/www.ufsm.br\/unidades-universitarias\/politecnico\/comissoes-internas\/\" class=\"elementor-icon elementor-animation-\" tabindex=\"-1\">\n\t\t\t\t<i class=\"fa fa-file-text-o\" aria-hidden=\"true\"><\/i>\t\t\t\t<\/a>\n\t\t\t<\/div>\n\t\t\t\n\t\t\t\t\t\t<div class=\"elementor-icon-box-content\">\n\n\t\t\t\t\t\t\t\t\t<h3 class=\"elementor-icon-box-title\">\n\t\t\t\t\t\t<a href=\"https:\/\/www.ufsm.br\/unidades-universitarias\/politecnico\/comissoes-internas\/\" >\n\t\t\t\t\t\t\tPortaria\t\t\t\t\t\t<\/a>\n\t\t\t\t\t<\/h3>\n\t\t\t\t\n\t\t\t\t\n\t\t\t<\/div>\n\t\t\t\n\t\t<\/div>\n\t\t\t\t<\/div>\n\t\t\t\t<\/div>\n\t\t\t\t\t<\/div>\n\t\t<\/div>\n\t\t\t\t\t<\/div>\n\t\t<\/section>\n\t\t\t\t<\/div>\n\t\t","protected":false},"excerpt":{"rendered":"<p>A Comiss\u00e3o Permanente de Extens\u00e3o tem por miss\u00e3o estimular e propor estrat\u00e9gias e diretrizes para a realiza\u00e7\u00e3o de a\u00e7\u00f5es e projetos voltados ao desenvolvimento institucional do Col\u00e9gio Polit\u00e9cnico da UFSM, assegurando sua intera\u00e7\u00e3o com diferentes segmentos da sociedade e contribuindo no processo de constru\u00e7\u00e3o de novos conhecimentos. Atribui\u00e7\u00f5es da Comiss\u00e3o Permanente de Extens\u00e3o: assessorar a [&hellip;]<\/p>\n","protected":false},"author":857,"featured_media":0,"parent":0,"menu_order":0,"comment_status":"closed","ping_status":"closed","template":"","meta":{"footnotes":""},"categories":[],"tags":[],"class_list":["post-2382","page","type-page","status-publish","hentry"],"acf":[],"_links":{"self":[{"href":"https:\/\/www.ufsm.br\/unidades-universitarias\/politecnico\/wp-json\/wp\/v2\/pages\/2382","targetHints":{"allow":["GET"]}}],"collection":[{"href":"https:\/\/www.ufsm.br\/unidades-universitarias\/politecnico\/wp-json\/wp\/v2\/pages"}],"about":[{"href":"https:\/\/www.ufsm.br\/unidades-universitarias\/politecnico\/wp-json\/wp\/v2\/types\/page"}],"author":[{"embeddable":true,"href":"https:\/\/www.ufsm.br\/unidades-universitarias\/politecnico\/wp-json\/wp\/v2\/users\/857"}],"replies":[{"embeddable":true,"href":"https:\/\/www.ufsm.br\/unidades-universitarias\/politecnico\/wp-json\/wp\/v2\/comments?post=2382"}],"version-history":[{"count":0,"href":"https:\/\/www.ufsm.br\/unidades-universitarias\/politecnico\/wp-json\/wp\/v2\/pages\/2382\/revisions"}],"wp:attachment":[{"href":"https:\/\/www.ufsm.br\/unidades-universitarias\/politecnico\/wp-json\/wp\/v2\/media?parent=2382"}],"wp:term":[{"taxonomy":"category","embeddable":true,"href":"https:\/\/www.ufsm.br\/unidades-universitarias\/politecnico\/wp-json\/wp\/v2\/categories?post=2382"},{"taxonomy":"post_tag","embeddable":true,"href":"https:\/\/www.ufsm.br\/unidades-universitarias\/politecnico\/wp-json\/wp\/v2\/tags?post=2382"}],"curies":[{"name":"wp","href":"https:\/\/api.w.org\/{rel}","templated":true}]}}