{"id":317,"date":"2018-09-24T09:04:35","date_gmt":"2018-09-24T12:04:35","guid":{"rendered":"https:\/\/www.ufsm.br\/unidades-universitarias\/politecnico\/?page_id=317"},"modified":"2025-10-01T15:23:40","modified_gmt":"2025-10-01T18:23:40","slug":"projetos-com-fundacao","status":"publish","type":"page","link":"https:\/\/www.ufsm.br\/unidades-universitarias\/politecnico\/projetos-com-fundacao","title":{"rendered":"Projetos com Funda\u00e7\u00e3o"},"content":{"rendered":"\n<h4>FATEC &#8211; Funda\u00e7\u00e3o de Apoio \u00e0 Tecnologia e Ci\u00eancia<\/h4>\n<ul>\n<li><a href=\"https:\/\/any3.fatecsm.org.br\/portal\/Transparencia\/ProjetoVisualizar?q=WFKbWALNF4ahns2k4mklqEH1yqwIJPRnSGUO5VOSb4bUszcnGhZKb8F%2FY5dj35MAxiWWygBsJrYi9omg1O3B7WYZJhoQoOQajDlOoye7SM1WAMWrOGwamXw6uQSkBAwg4e%2FLWw4G3I2yhIia%2FCGm6%2Ft6v9DIXvV%2BOSD5BbSFop8%3D\">PROJETO 3.26.0004 (100816)<\/a><\/li>\n<li><a href=\"https:\/\/any3.fatecsm.org.br\/Portal\/Transparencia\/ProjetoVisualizar?q=bXsSi7UZo9eREe9y5MTLS64GyfLF2tyyXjSWzcPw%2Fp9IyMPRvs9z5S8bHIMlfxLMlXq%2BSmcGRwYtAage11YK%2BMs%2B5KmzNOwm3TSj2KKyBVoxLUv0BmJ3s9LSpY7UQ7IHsNUeO8C3%2FRiNnHF%2BnRtsgPls95Vcu%2BLIVUXfF%2Fzs2jU%3D\">PROJETO 6.26.0006 (100660) &#8211; Projeto\u00a0+Coop<\/a>\n<ul>\n<li><a href=\"\/unidades-universitarias\/politecnico\/projetos\/coop\">Resultados Projeto +Coop<\/a><\/li>\n<\/ul>\n<\/li>\n<\/ul>\n<h4>FAURGS &#8211; Funda\u00e7\u00e3o de Apoio a Universidade Federal do Rio Grande do Sul<\/h4>\n<ul>\n<li><a href=\"https:\/\/faurgs.any3.com.br\/Portal\/Transparencia\/ProjetoVisualizar?q=hg3KgPwzV9DmKQXT5PoasXhUO%2BzllkFPbxU6eojNMyXIedkLGM9YWoUMV%2Fl7P%2FXg7X9nIf7JDgze7l65HYs%2BTOZiPtb5J0Gq3C2QqBKKkYYXKxu3SHdqk7CLPIsNUaTY6R%2F5yLrugwH5JPogGQ8%2FlRMfFfkEp%2Bxbkw4cD1%2B1H5Y%3D\">PROJETO 2.8826 (8826)<\/a><\/li>\n<li><a href=\"https:\/\/faurgs.any3.com.br\/Portal\/Transparencia\/ProjetoVisualizar?q=0WKIErncMEnFGnKyXE5FSZop3Pg2aSwd6RB9uJxWXeMST5ZaSUn7uMY5oqfqdY9m3BfqyaNclRKss%2BYMMtxTSk1VYBfOIpmRaELuSdzCklfSnR%2FtrJo9ySCggSRePiU36Kqmn0MIxr4tLVnD%2FjZXM5KWj9JWz5eLrlTbsTv%2FTDo%3D\">PROJETO 1.8803 (8803)<\/a><\/li>\n<li><a href=\"https:\/\/faurgs.any3.com.br\/Portal\/Transparencia\/ProjetoVisualizar?q=ZRJANf7AgkXXlPHY%2B6WncAlTPUpJ0HuEXcJ4BVZKJroOgJjH7DKVu6WNmyV1%2BWVzciOGnsiUKLYoq%2BnQQIz5WD4C9XtislnKHzeDRWwhHOcBtPNY%2BZDOPb0XNs%2FUBQ%2BfWb3YjLESFcGVU0c181p0V38PtPCZ6NEv7QFib4l0NLs%3D\">PROJETO 1.8810 (8810)<\/a><\/li>\n<li><a href=\"https:\/\/faurgs.any3.com.br\/Portal\/Transparencia\/ProjetoVisualizar?q=8DeaNIO6PAFI86Erdse7AyKQr5g5m883YJk3pGgVcTiZdbO%2BhCIzebQ0Darxk80DdBlfIbCjJX4SuIvN1MRxbe2jwtKXtuahF0eG9p7%2BUFT88UJL79Ll9EVrZEexpJGRjxW5aWruvXCZfBmtcS4GC27p5FD63qaaGTiSXK8ZXXU%3D\">PROJETO 2.8697 (8797)<\/a><\/li>\n<\/ul>\n<h4>FUNDEP &#8211; Funda\u00e7\u00e3o de Desenvolvimento da Pesquisa<\/h4>\n<ul>\n<li><a href=\"https:\/\/transparencia.fundep.ufmg.br\/ExibeProjeto.aspx?projeto=30007\">Refer\u00eancia Funda\u00e7\u00e3o:\u00a030007<\/a><\/li>\n<\/ul>\n<p>\u00a0<\/p>\n\n\n\n\n","protected":false},"excerpt":{"rendered":"<p>FATEC &#8211; Funda\u00e7\u00e3o de Apoio \u00e0 Tecnologia e Ci\u00eancia PROJETO 3.26.0004 (100816) PROJETO 6.26.0006 (100660) &#8211; Projeto\u00a0+Coop Resultados Projeto +Coop FAURGS &#8211; Funda\u00e7\u00e3o de Apoio a Universidade Federal do Rio Grande do Sul PROJETO 2.8826 (8826) PROJETO 1.8803 (8803) PROJETO 1.8810 (8810) PROJETO 2.8697 (8797) FUNDEP &#8211; Funda\u00e7\u00e3o de Desenvolvimento da Pesquisa Refer\u00eancia Funda\u00e7\u00e3o:\u00a030007 \u00a0<\/p>\n","protected":false},"author":201,"featured_media":0,"parent":0,"menu_order":0,"comment_status":"closed","ping_status":"closed","template":"","meta":{"footnotes":""},"categories":[],"tags":[],"class_list":["post-317","page","type-page","status-publish","hentry"],"acf":[],"_links":{"self":[{"href":"https:\/\/www.ufsm.br\/unidades-universitarias\/politecnico\/wp-json\/wp\/v2\/pages\/317","targetHints":{"allow":["GET"]}}],"collection":[{"href":"https:\/\/www.ufsm.br\/unidades-universitarias\/politecnico\/wp-json\/wp\/v2\/pages"}],"about":[{"href":"https:\/\/www.ufsm.br\/unidades-universitarias\/politecnico\/wp-json\/wp\/v2\/types\/page"}],"author":[{"embeddable":true,"href":"https:\/\/www.ufsm.br\/unidades-universitarias\/politecnico\/wp-json\/wp\/v2\/users\/201"}],"replies":[{"embeddable":true,"href":"https:\/\/www.ufsm.br\/unidades-universitarias\/politecnico\/wp-json\/wp\/v2\/comments?post=317"}],"version-history":[{"count":0,"href":"https:\/\/www.ufsm.br\/unidades-universitarias\/politecnico\/wp-json\/wp\/v2\/pages\/317\/revisions"}],"wp:attachment":[{"href":"https:\/\/www.ufsm.br\/unidades-universitarias\/politecnico\/wp-json\/wp\/v2\/media?parent=317"}],"wp:term":[{"taxonomy":"category","embeddable":true,"href":"https:\/\/www.ufsm.br\/unidades-universitarias\/politecnico\/wp-json\/wp\/v2\/categories?post=317"},{"taxonomy":"post_tag","embeddable":true,"href":"https:\/\/www.ufsm.br\/unidades-universitarias\/politecnico\/wp-json\/wp\/v2\/tags?post=317"}],"curies":[{"name":"wp","href":"https:\/\/api.w.org\/{rel}","templated":true}]}}