{"id":345,"date":"2018-09-24T10:42:35","date_gmt":"2018-09-24T13:42:35","guid":{"rendered":"https:\/\/www.ufsm.br\/unidades-universitarias\/politecnico\/?page_id=345"},"modified":"2025-02-22T11:55:57","modified_gmt":"2025-02-22T14:55:57","slug":"contatos","status":"publish","type":"page","link":"https:\/\/www.ufsm.br\/unidades-universitarias\/politecnico\/contatos","title":{"rendered":"Contatos"},"content":{"rendered":"\t\t<div data-elementor-type=\"wp-post\" data-elementor-id=\"345\" class=\"elementor elementor-345\">\n\t\t\t\t\t\t<section class=\"elementor-section elementor-top-section elementor-element elementor-element-ea70bbf elementor-section-boxed elementor-section-height-default elementor-section-height-default\" data-id=\"ea70bbf\" data-element_type=\"section\">\n\t\t\t\t\t\t<div class=\"elementor-container elementor-column-gap-default\">\n\t\t\t\t\t<div class=\"elementor-column elementor-col-100 elementor-top-column elementor-element elementor-element-389a4c5\" data-id=\"389a4c5\" data-element_type=\"column\">\n\t\t\t<div class=\"elementor-widget-wrap elementor-element-populated\">\n\t\t\t\t\t\t<div class=\"elementor-element elementor-element-2557751 elementor-widget elementor-widget-text-editor\" data-id=\"2557751\" data-element_type=\"widget\" data-widget_type=\"text-editor.default\">\n\t\t\t\t<div class=\"elementor-widget-container\">\n\t\t\t\t\t\t\t<table style=\"width: 529px;height: 216px\"><tbody><tr style=\"height: 24px\"><td style=\"width: 246px;height: 24px\">Dire\u00e7\u00e3o<\/td><td style=\"width: 267px;height: 24px\">3220-8194<\/td><\/tr><tr style=\"height: 24px\"><td style=\"width: 246px;height: 24px\">Vice-Dire\u00e7\u00e3o<\/td><td style=\"width: 267px;height: 24px\">3220-8058<\/td><\/tr><tr style=\"height: 24px\"><td style=\"width: 246px;height: 24px\"><span style=\"color: #000000;font-size: 16px\">Secretaria Administrativa<\/span><\/td><td style=\"width: 267px;height: 24px\">3220-8273<\/td><\/tr><tr style=\"height: 24px\"><td style=\"width: 246px;height: 24px\"><span style=\"color: #000000;font-size: 16px\">Secretaria Escolar<\/span><\/td><td style=\"width: 267px;height: 24px\">3220-8059<\/td><\/tr><tr style=\"height: 24px\"><td style=\"width: 246px;height: 24px\"><span style=\"color: #000000;font-size: 16px\">Departamento de Ensino<\/span><\/td><td style=\"width: 267px;height: 24px\"><span style=\"color: #000000;font-size: 16px\">3220-8290<\/span><\/td><\/tr><tr style=\"height: 24px\"><td style=\"width: 246px;height: 24px\"><span style=\"color: #000000;font-size: 16px\">Departamento de Pesquisa e Extens\u00e3o<\/span><\/td><td style=\"width: 267px;height: 24px\"><span style=\"color: #000000;font-size: 16px\">3220-8062<\/span><\/td><\/tr><tr style=\"height: 24px\"><td style=\"width: 246px;height: 24px\">Biblioteca<\/td><td style=\"width: 267px;height: 24px\">3220-7949<\/td><\/tr><tr style=\"height: 48px\"><td style=\"width: 246px;height: 48px\">Laborat\u00f3rio de Carnes \/ Leite &#8211; Dejanir<\/td><td style=\"width: 267px;height: 48px\">3220-8796<\/td><\/tr><tr><td style=\"width: 246px\">\u00c1rea Nova<\/td><td style=\"width: 267px\">3220-8955<\/td><\/tr><tr><td style=\"width: 246px\">Floricultura (Floresce)<\/td><td style=\"width: 267px\">3220-9345<\/td><\/tr><\/tbody><\/table><table style=\"width: 509px\"><tbody><tr><td style=\"width: 499px\" colspan=\"3\"><strong>Para discar os ramais, usar os n\u00fameros 3220-9419 ou 3220-9420 antes<\/strong><\/td><\/tr><tr><td style=\"width: 187px\">Setor de Frutas<\/td><td style=\"width: 264px\">Marlene<\/td><td style=\"width: 36px\">239<\/td><\/tr><tr><td style=\"width: 187px\">Lab. An\u00e1lise Sensorial<\/td><td style=\"width: 264px\">Luciano \/ Tatiane<\/td><td style=\"width: 36px\">240<\/td><\/tr><tr><td style=\"width: 187px\">Mec\u00e2nica<\/td><td style=\"width: 264px\">Ad\u00e3o \/ Aquelino<\/td><td style=\"width: 36px\">241<\/td><\/tr><tr><td style=\"width: 187px\">Avicultura<\/td><td style=\"width: 264px\">&#8211;<\/td><td style=\"width: 36px\">242<\/td><\/tr><tr><td style=\"width: 187px\">Horta<\/td><td style=\"width: 264px\">Tatiana Fiorin<\/td><td style=\"width: 36px\">243<\/td><\/tr><tr><td style=\"width: 187px\">Fruticultura<\/td><td style=\"width: 264px\">Diniz Fronza<\/td><td style=\"width: 36px\">202<\/td><\/tr><tr><td style=\"width: 187px\">Setor de Tecnologia da Informa\u00e7\u00e3o<\/td><td style=\"width: 264px\">Anderson \/ Elton \/ Vinicios<\/td><td style=\"width: 36px\">246<\/td><\/tr><\/tbody><\/table><table style=\"width: 124.294%;height: 2549px\"><tbody><tr style=\"height: 24px\"><td style=\"height: 24px;width: 98.5246%\" colspan=\"3\"><strong>Bloco A<br \/><\/strong><\/td><\/tr><tr style=\"height: 24px\"><td style=\"width: 11.1475%;height: 24px\">A101<\/td><td style=\"width: 61.3115%;height: 24px\"><p>Dire\u00e7\u00e3o<br \/>Vice Dire\u00e7\u00e3o<br \/>Secretaria Administrativa<\/p><\/td><td style=\"width: 26.0656%;height: 24px\">8194<br \/>8058<br \/>8273 \/ 219<\/td><\/tr><tr style=\"height: 72px\"><td style=\"width: 11.1475%;height: 72px\">A105<\/td><td style=\"width: 61.3115%;text-align: left;height: 72px\"><p><strong>\u00a0\u00a0\u00a0\u00a0\u00a0\u00a0\u00a0\u00a0\u00a0\u00a0\u00a0\u00a0\u00a0\u00a0\u00a0\u00a0\u00a0\u00a0\u00a0 N\u00facleo de Administra\u00e7\u00e3o<\/strong><br \/>Raphael &#8211; Chefe Transporte<br \/>Cristiano \/ Shariane \/ Taritsa &#8211; Administrativo<br \/>Charles &#8211; Subdivis\u00e3o de Patrim\u00f4nio<\/p><\/td><td style=\"width: 26.0656%;height: 72px\">205 <br \/>206<br \/>245<\/td><\/tr><tr style=\"height: 24px\"><td style=\"width: 11.1475%;height: 24px\">A110<\/td><td style=\"width: 61.3115%;height: 24px\">Transporte &#8211; Motoristas<\/td><td style=\"width: 26.0656%;height: 24px\">204<\/td><\/tr><tr style=\"height: 24px\"><td style=\"width: 11.1475%;height: 24px\">A111<\/td><td style=\"width: 61.3115%;height: 24px\"><p><strong>\u00a0 \u00a0 \u00a0 \u00a0 \u00a0 \u00a0 \u00a0 \u00a0 \u00a0 \u00a0 N\u00facleo de Projetos, Inova\u00e7\u00e3o e Est\u00e1gios<\/strong><br \/>Diretora do N\u00facleo<br \/>R\u00e9gis \/ Doneide<\/p><\/td><td style=\"width: 26.0656%;height: 24px\"><p>8062<br \/>217<\/p><\/td><\/tr><tr style=\"height: 24px\"><td style=\"width: 11.1475%;height: 24px\">A113<\/td><td style=\"width: 61.3115%;height: 24px\">Divis\u00e3o de Comunica\u00e7\u00e3o &#8211; Patr\u00edcia \/ Christian<\/td><td style=\"width: 26.0656%;height: 24px\">293<\/td><\/tr><tr style=\"height: 24px\"><td style=\"width: 11.1475%;height: 24px\">A114<\/td><td style=\"width: 61.3115%;height: 24px\">N\u00facleo de Apoio Pedag\u00f3gico<\/td><td style=\"width: 26.0656%;height: 24px\">238<\/td><\/tr><tr style=\"height: 24px\"><td style=\"width: 11.1475%;height: 24px\">A116<\/td><td style=\"width: 61.3115%;height: 24px\">CESPOL &#8211; Coordena\u00e7\u00e3o &#8211; Vitor \/ Vin\u00edcius<\/td><td style=\"width: 26.0656%;height: 24px\">214<\/td><\/tr><tr style=\"height: 24px\"><td style=\"width: 11.1475%;height: 24px\">A117<\/td><td style=\"width: 61.3115%;height: 24px\"><strong>\u00a0\u00a0\u00a0\u00a0\u00a0\u00a0\u00a0\u00a0\u00a0\u00a0\u00a0\u00a0\u00a0\u00a0\u00a0\u00a0\u00a0\u00a0\u00a0 N\u00facleo de Infrestrutura<br \/><\/strong>Marcelo &#8211; Chefe<br \/>Sala &#8211; Daniel \/ Pedro \/ Milton<br \/>Olney<\/td><td style=\"width: 26.0656%;height: 24px\"><p>213<br \/>212<br \/>211<\/p><\/td><\/tr><tr style=\"height: 24px\"><td style=\"width: 11.1475%;height: 24px\">A118<\/td><td style=\"width: 61.3115%;height: 24px\">CESPOL<\/td><td style=\"width: 26.0656%;height: 24px\">\u00a0<\/td><\/tr><tr style=\"height: 96px\"><td style=\"width: 11.1475%;height: 96px\">A119<\/td><td style=\"width: 61.3115%;height: 96px\"><strong>\u00a0\u00a0\u00a0\u00a0\u00a0\u00a0\u00a0\u00a0\u00a0\u00a0\u00a0\u00a0\u00a0\u00a0\u00a0\u00a0\u00a0\u00a0\u00a0 Coordenadoria de Ensino<\/strong><br \/>Coordena\u00e7\u00e3o &#8211; Berenice<br \/>Substituto &#8211; Giani<br \/>Fabiane \/ Andreia<\/td><td style=\"width: 26.0656%;height: 96px\">8290<br \/>207<br \/>203<\/td><\/tr><tr style=\"height: 120px\"><td style=\"width: 11.1475%;height: 120px\">A120<\/td><td style=\"width: 61.3115%;height: 120px\"><strong>\u00a0\u00a0\u00a0\u00a0\u00a0\u00a0\u00a0\u00a0\u00a0\u00a0\u00a0\u00a0\u00a0\u00a0\u00a0\u00a0\u00a0\u00a0\u00a0 Coordenadoria de Ensino &#8211; Apoio<\/strong><br \/>Zelmielen<br \/>M\u00e1rcia Costa<\/td><td style=\"width: 26.0656%;height: 120px\"><p>209<br \/>210<\/p><\/td><\/tr><tr style=\"height: 24px\"><td style=\"width: 98.5246%;height: 24px\" colspan=\"3\"><strong>Bloco B<\/strong><\/td><\/tr><tr style=\"height: 24px\"><td style=\"width: 72.459%;height: 24px\" colspan=\"2\">Almoxarifado &#8211; Pedro<\/td><td style=\"width: 26.0656%;height: 24px\">237<\/td><\/tr><tr style=\"height: 24px\"><td style=\"width: 98.5246%;height: 24px\" colspan=\"3\"><strong>Bloco C<\/strong><\/td><\/tr><tr style=\"height: 24px\"><td style=\"width: 11.1475%;height: 24px\">C4<\/td><td style=\"width: 61.3115%;height: 24px\">Vinicios \/ Elton \/ Anderson<\/td><td style=\"width: 26.0656%;height: 24px\">246<\/td><\/tr><tr style=\"height: 24px\"><td style=\"width: 11.1475%;height: 24px\">C12<\/td><td style=\"width: 61.3115%;height: 24px\">Laborat\u00f3rio de Computa\u00e7\u00e3o Aplicada &#8211; Alencar \/ Vinicius Maran<\/td><td style=\"width: 26.0656%;height: 24px\">235<\/td><\/tr><tr style=\"height: 29px\"><td style=\"width: 11.1475%;height: 29px\">C9<\/td><td style=\"width: 61.3115%;height: 29px\">Fabiana<\/td><td style=\"width: 26.0656%;height: 29px\">220<\/td><\/tr><tr style=\"height: 24px\"><td style=\"width: 98.5246%;height: 24px\" colspan=\"3\"><strong>Bloco D<\/strong><\/td><\/tr><tr style=\"height: 24px\"><td style=\"width: 11.1475%;height: 24px\">D5<\/td><td style=\"width: 61.3115%;height: 24px\">Mara<\/td><td style=\"width: 26.0656%;height: 24px\">234<\/td><\/tr><tr style=\"height: 24px\"><td style=\"width: 98.5246%;height: 24px\" colspan=\"3\"><strong>Bloco E<\/strong><\/td><\/tr><tr style=\"height: 24px\"><td style=\"width: 11.1475%;height: 24px\">E7<\/td><td style=\"width: 61.3115%;height: 24px\">Lab. Geoprocessamento<\/td><td style=\"width: 26.0656%;height: 24px\">236<\/td><\/tr><tr style=\"height: 24px\"><td style=\"width: 11.1475%;height: 24px\">E9<\/td><td style=\"width: 61.3115%;height: 24px\">\u00a0<\/td><td style=\"width: 26.0656%;height: 24px\">233<\/td><\/tr><tr style=\"height: 24px\"><td style=\"width: 11.1475%;height: 24px\">E20<\/td><td style=\"width: 61.3115%;height: 24px\">\u00a0<\/td><td style=\"width: 26.0656%;height: 24px\">227<\/td><\/tr><tr style=\"height: 24px\"><td style=\"width: 11.1475%;height: 24px\">E21<\/td><td style=\"width: 61.3115%;height: 24px\">\u00a0<\/td><td style=\"width: 26.0656%;height: 24px\">225<\/td><\/tr><tr style=\"height: 24px\"><td style=\"width: 11.1475%;height: 24px\">E22<\/td><td style=\"width: 61.3115%;height: 24px\">\u00a0<\/td><td style=\"width: 26.0656%;height: 24px\">229<\/td><\/tr><tr style=\"height: 24px\"><td style=\"width: 11.1475%;height: 24px\">E23<\/td><td style=\"width: 61.3115%;height: 24px\">Antoninho \/ Diogo Lippert<\/td><td style=\"width: 26.0656%;height: 24px\">222<\/td><\/tr><tr style=\"height: 24px\"><td style=\"width: 11.1475%;height: 24px\">E24<\/td><td style=\"width: 61.3115%;height: 24px\">Cardoso \/ Luiz Felipe<\/td><td style=\"width: 26.0656%;height: 24px\">228<\/td><\/tr><tr style=\"height: 24px\"><td style=\"width: 11.1475%;height: 24px\">E25<\/td><td style=\"width: 61.3115%;height: 24px\">\u00a0<\/td><td style=\"width: 26.0656%;height: 24px\">224<\/td><\/tr><tr style=\"height: 24px\"><td style=\"width: 11.1475%;height: 24px\">E26<\/td><td style=\"width: 61.3115%;height: 24px\">Sonia \/ M\u00e1rcia Just \/ Cl\u00e1udia Amaral \/ Kelly<\/td><td style=\"width: 26.0656%;height: 24px\">230<\/td><\/tr><tr style=\"height: 24px\"><td style=\"width: 11.1475%;height: 24px\">E27<\/td><td style=\"width: 61.3115%;height: 24px\">Vitor \/ Carla Sccott<\/td><td style=\"width: 26.0656%;height: 24px\">223<\/td><\/tr><tr style=\"height: 24px\"><td style=\"width: 11.1475%;height: 24px\">E28<\/td><td style=\"width: 61.3115%;height: 24px\">M\u00e1rcia G.<\/td><td style=\"width: 26.0656%;height: 24px\">226<\/td><\/tr><tr style=\"height: 24px\"><td style=\"width: 11.1475%;height: 24px\">E29<\/td><td style=\"width: 61.3115%;height: 24px\">\u00a0<\/td><td style=\"width: 26.0656%;height: 24px\">221<\/td><\/tr><tr style=\"height: 24px\"><td style=\"width: 11.1475%;height: 24px\">E30<\/td><td style=\"width: 61.3115%;height: 24px\">Gilmar \/ Jo\u00e3o Telmo \/ Cl\u00e1udia Lamberty<\/td><td style=\"width: 26.0656%;height: 24px\">231<\/td><\/tr><tr style=\"height: 24px\"><td style=\"width: 98.5246%;height: 24px\" colspan=\"3\"><strong>Bloco F<\/strong><\/td><\/tr><tr style=\"height: 24px\"><td style=\"width: 72.459%;height: 24px\" colspan=\"2\">Portaria Bloco F<\/td><td style=\"width: 26.0656%;height: 24px\">271<\/td><\/tr><tr style=\"height: 24px\"><td style=\"width: 11.1475%;height: 24px\">F211 A<\/td><td style=\"width: 61.3115%;height: 24px\">Coordena\u00e7\u00e3o Mestrado Agricultura de Precis\u00e3o<\/td><td style=\"width: 26.0656%;height: 24px\">253<\/td><\/tr><tr style=\"height: 24px\"><td style=\"width: 11.1475%;height: 24px\">F211 B<\/td><td style=\"width: 61.3115%;height: 24px\">Valmir Vieira \/ Miola<\/td><td style=\"width: 26.0656%;height: 24px\">251<\/td><\/tr><tr style=\"height: 24px\"><td style=\"width: 11.1475%;height: 24px\">F211 C<\/td><td style=\"width: 61.3115%;height: 24px\">Franciele \/ Patric<\/td><td style=\"width: 26.0656%;height: 24px\">256<\/td><\/tr><tr style=\"height: 24px\"><td style=\"width: 11.1475%;height: 24px\">F212 A<\/td><td style=\"width: 61.3115%;height: 24px\">Marcio Viera \/ Tatiane<\/td><td style=\"width: 26.0656%;height: 24px\">257<\/td><\/tr><tr style=\"height: 24px\"><td style=\"width: 11.1475%;height: 24px\">F212 B<\/td><td style=\"width: 61.3115%;height: 24px\">Fernanda Maldaner \/ Magda Monego<\/td><td style=\"width: 26.0656%;height: 24px\">259<\/td><\/tr><tr style=\"height: 24px\"><td style=\"width: 11.1475%;height: 24px\">F212 C<\/td><td style=\"width: 61.3115%;height: 24px\">Claire \/ Ana Caroline<\/td><td style=\"width: 26.0656%;height: 24px\">261<\/td><\/tr><tr style=\"height: 24px\"><td style=\"width: 11.1475%;height: 24px\">F221 A<\/td><td style=\"width: 61.3115%;height: 24px\">Cl\u00e1udia Costa \/ Maur\u00edcio<\/td><td style=\"width: 26.0656%;height: 24px\">265<\/td><\/tr><tr style=\"height: 24px\"><td style=\"width: 11.1475%;height: 24px\">F221 B<\/td><td style=\"width: 61.3115%;height: 24px\">\u00cdsis \/ Renato<\/td><td style=\"width: 26.0656%;height: 24px\">264<\/td><\/tr><tr style=\"height: 24px\"><td style=\"width: 11.1475%;height: 24px\">F222 B<\/td><td style=\"width: 61.3115%;height: 24px\">Diana<\/td><td style=\"width: 26.0656%;height: 24px\">267<\/td><\/tr><tr style=\"height: 24px\"><td style=\"width: 11.1475%;height: 24px\">F222 A<\/td><td style=\"width: 61.3115%;height: 24px\">Diego<\/td><td style=\"width: 26.0656%;height: 24px\">268<\/td><\/tr><tr style=\"height: 24px\"><td style=\"width: 11.1475%;height: 24px\">F223<\/td><td style=\"width: 61.3115%;height: 24px\">Ana Paula \/ Vanessa R. \/ Andreia Cirolini<\/td><td style=\"width: 26.0656%;height: 24px\">266<\/td><\/tr><tr style=\"height: 24px\"><td style=\"width: 11.1475%;height: 24px\">F224 A<\/td><td style=\"width: 61.3115%;height: 24px\">Cl\u00e1udio<\/td><td style=\"width: 26.0656%;height: 24px\">270<\/td><\/tr><tr style=\"height: 24px\"><td style=\"width: 11.1475%;height: 24px\">F224 B<\/td><td style=\"width: 61.3115%;height: 24px\">Mauro Cielo<\/td><td style=\"width: 26.0656%;height: 24px\">269<\/td><\/tr><tr style=\"height: 24px\"><td style=\"width: 11.1475%;height: 24px\">F309<\/td><td style=\"width: 61.3115%;height: 24px\">Daniel \/ Ju\u00e7ara (R: 6119)<\/td><td style=\"width: 26.0656%;height: 24px\">263<\/td><\/tr><tr style=\"height: 24px\"><td style=\"width: 11.1475%;height: 24px\">F310 B<\/td><td style=\"width: 61.3115%;height: 24px\">Marcelo \/ Denise \/ Leopoldo \/ Mar\u00edlia<\/td><td style=\"width: 26.0656%;height: 24px\">262<\/td><\/tr><tr style=\"height: 24px\"><td style=\"width: 11.1475%;height: 24px\">F311 B<\/td><td style=\"width: 61.3115%;height: 24px\">Rosiclei \/ Edgardo<\/td><td style=\"width: 26.0656%;height: 24px\">275<\/td><\/tr><tr style=\"height: 24px\"><td style=\"width: 11.1475%;height: 24px\">F311<\/td><td style=\"width: 61.3115%;height: 24px\">Rosiclei \/ Edgardo \/ Bruno \/ Cassal \/ Giani<\/td><td style=\"width: 26.0656%;height: 24px\">413<\/td><\/tr><tr style=\"height: 24px\"><td style=\"width: 11.1475%;height: 24px\">F312<\/td><td style=\"width: 61.3115%;height: 24px\">Rafael \/ Leandro \/ Eduardo<\/td><td style=\"width: 26.0656%;height: 24px\">274<\/td><\/tr><tr style=\"height: 24px\"><td style=\"width: 11.1475%;height: 24px\">F321<\/td><td style=\"width: 61.3115%;height: 24px\">Bruno<\/td><td style=\"width: 26.0656%;height: 24px\">289<\/td><\/tr><tr style=\"height: 24px\"><td style=\"width: 11.1475%;height: 24px\">F321 A<\/td><td style=\"width: 61.3115%;height: 24px\">Gustavo Ross\u00e9s<\/td><td style=\"width: 26.0656%;height: 24px\">\u00a0<\/td><\/tr><tr style=\"height: 24px\"><td style=\"width: 11.1475%;height: 24px\">F321 B<\/td><td style=\"width: 61.3115%;height: 24px\">Mar\u00edndia<\/td><td style=\"width: 26.0656%;height: 24px\">287<\/td><\/tr><tr style=\"height: 24px\"><td style=\"width: 11.1475%;height: 24px\">F322 A<\/td><td style=\"width: 61.3115%;height: 24px\">Gabriel<\/td><td style=\"width: 26.0656%;height: 24px\">\u00a0<\/td><\/tr><tr style=\"height: 24px\"><td style=\"width: 11.1475%;height: 24px\">F322 B<\/td><td style=\"width: 61.3115%;height: 24px\">Jaime<\/td><td style=\"width: 26.0656%;height: 24px\">288<\/td><\/tr><tr style=\"height: 24px\"><td style=\"width: 11.1475%;height: 24px\">F322 B<\/td><td style=\"width: 61.3115%;height: 24px\">\u00a0<\/td><td style=\"width: 26.0656%;height: 24px\">283<\/td><\/tr><tr style=\"height: 24px\"><td style=\"width: 11.1475%;height: 24px\">F323<\/td><td style=\"width: 61.3115%;height: 24px\">Angelita \/ Marcia Bento \/ Wagner<\/td><td style=\"width: 26.0656%;height: 24px\">290<\/td><\/tr><tr style=\"height: 24px\"><td style=\"width: 11.1475%;height: 24px\">F324 A<\/td><td style=\"width: 61.3115%;height: 24px\">\u00a0<\/td><td style=\"width: 26.0656%;height: 24px\">\u00a0<\/td><\/tr><tr style=\"height: 24px\"><td style=\"width: 11.1475%;height: 24px\">F324 B<\/td><td style=\"width: 61.3115%;height: 24px\">Ricardo Hoher<\/td><td style=\"width: 26.0656%;height: 24px\">\u00a0<\/td><\/tr><tr style=\"height: 24px\"><td style=\"width: 98.5246%;height: 24px\" colspan=\"3\"><span style=\"font-weight: bolder;color: #000000;font-size: 16px\">Bloco G<\/span><\/td><\/tr><tr style=\"height: 48px\"><td style=\"width: 11.1475%;height: 48px\">G125<\/td><td style=\"width: 61.3115%;height: 48px\">Secretaria Escolar &#8211; Daniela \/ Ana Am\u00e9lia \/ Juliano<br \/>Secretaria Integrada dos Cursos de Educa\u00e7\u00e3o Superior &#8211; Filipe Bassan \/ Marina Dias<br \/>Arquivo &#8211; L\u00edvia \/ M\u00e1rcia<\/td><td style=\"width: 26.0656%;height: 48px\">8059 \/ 216<br \/>8059 \/ 216<br \/>247<\/td><\/tr><tr style=\"height: 24px\"><td style=\"width: 11.1475%;height: 24px\">G211 B<\/td><td style=\"width: 61.3115%;height: 24px\">Gustavo Pinto \/ Cristiano Doto<\/td><td style=\"width: 26.0656%;height: 24px\">303<\/td><\/tr><tr style=\"height: 24px\"><td style=\"width: 11.1475%;height: 24px\">G211 C<\/td><td style=\"width: 61.3115%;height: 24px\">Izabel<\/td><td style=\"width: 26.0656%;height: 24px\">300<\/td><\/tr><tr style=\"height: 24px\"><td style=\"width: 11.1475%;height: 24px\">G212 A<\/td><td style=\"width: 61.3115%;height: 24px\">Daniel<\/td><td style=\"width: 26.0656%;height: 24px\">305<\/td><\/tr><tr style=\"height: 24px\"><td style=\"width: 11.1475%;height: 24px\">G212 B<\/td><td style=\"width: 61.3115%;height: 24px\">Filipe Fagan \/ Suzane<\/td><td style=\"width: 26.0656%;height: 24px\">297<\/td><\/tr><tr style=\"height: 24px\"><td style=\"width: 11.1475%;height: 24px\">G212 C<\/td><td style=\"width: 61.3115%;height: 24px\">Silvia<\/td><td style=\"width: 26.0656%;height: 24px\">218<\/td><\/tr><tr style=\"height: 24px\"><td style=\"width: 11.1475%;height: 24px\">G221 A<\/td><td style=\"width: 61.3115%;height: 24px\">Roberson<\/td><td style=\"width: 26.0656%;height: 24px\">\u00a0<\/td><\/tr><tr style=\"height: 24px\"><td style=\"width: 11.1475%;height: 24px\">G221 B<\/td><td style=\"width: 61.3115%;height: 24px\">Pablo<\/td><td style=\"width: 26.0656%;height: 24px\">304<\/td><\/tr><tr style=\"height: 24px\"><td style=\"width: 11.1475%;height: 24px\">G222 A<\/td><td style=\"width: 61.3115%;height: 24px\">Ezequiel \/ Alexandre Tonin<\/td><td style=\"width: 26.0656%;height: 24px\">302<\/td><\/tr><tr style=\"height: 24px\"><td style=\"width: 11.1475%;height: 24px\">G222 B<\/td><td style=\"width: 61.3115%;height: 24px\">Roni<\/td><td style=\"width: 26.0656%;height: 24px\">232<\/td><\/tr><tr style=\"height: 24px\"><td style=\"width: 11.1475%;height: 24px\">G223<\/td><td style=\"width: 61.3115%;height: 24px\">Fabr\u00edcio \/ Rodrigo &#8211; Coord. Ensino M\u00e9dio<\/td><td style=\"width: 26.0656%;height: 24px\">306<\/td><\/tr><tr style=\"height: 24px\"><td style=\"width: 11.1475%;height: 24px\">G224 A<\/td><td style=\"width: 61.3115%;height: 24px\">C\u00e2ndida \/ Lizandro<\/td><td style=\"width: 26.0656%;height: 24px\">298<\/td><\/tr><tr style=\"height: 24px\"><td style=\"width: 11.1475%;height: 24px\">G224 B<\/td><td style=\"width: 61.3115%;height: 24px\">Alejandro<\/td><td style=\"width: 26.0656%;height: 24px\">299<\/td><\/tr><tr style=\"height: 24px\"><td style=\"width: 11.1475%;height: 24px\">G311<\/td><td style=\"width: 61.3115%;height: 24px\">Lab. de Simula\u00e7\u00f5es Pr\u00e1ticas em Sa\u00fade<\/td><td style=\"width: 26.0656%;height: 24px\">301<\/td><\/tr><tr style=\"height: 24px\"><td style=\"width: 11.1475%;height: 24px\">G321 A<\/td><td style=\"width: 61.3115%;height: 24px\">Guilherme \/ Cristiane<\/td><td style=\"width: 26.0656%;height: 24px\">295<\/td><\/tr><tr style=\"height: 24px\"><td style=\"width: 11.1475%;height: 24px\">G321 B<\/td><td style=\"width: 61.3115%;height: 24px\">Nadianna \/ Laura<\/td><td style=\"width: 26.0656%;height: 24px\">296<\/td><\/tr><tr style=\"height: 24px\"><td style=\"width: 11.1475%;height: 24px\">G322 A<\/td><td style=\"width: 61.3115%;height: 24px\">Ariele \/ Vanuzia<\/td><td style=\"width: 26.0656%;height: 24px\">293<\/td><\/tr><tr style=\"height: 24px\"><td style=\"width: 11.1475%;height: 24px\">G322 B<\/td><td style=\"width: 61.3115%;height: 24px\">Danize \/ Rosylaine<\/td><td style=\"width: 26.0656%;height: 24px\">235<\/td><\/tr><tr style=\"height: 24px\"><td style=\"width: 11.1475%;height: 24px\">G323<\/td><td style=\"width: 61.3115%;height: 24px\">Fabiane \/ Cintia \/ Greice<\/td><td style=\"width: 26.0656%;height: 24px\">294<\/td><\/tr><tr style=\"height: 24px\"><td style=\"width: 11.1475%;height: 24px\">G324 A<\/td><td style=\"width: 61.3115%;height: 24px\">Cindy \/ Andreisi<\/td><td style=\"width: 26.0656%;height: 24px\">292<\/td><\/tr><tr style=\"height: 24px\"><td style=\"width: 11.1475%;height: 24px\">G324 B<\/td><td style=\"width: 61.3115%;height: 24px\">Caren \/ Rhea<\/td><td style=\"width: 26.0656%;height: 24px\">291<\/td><\/tr><tr style=\"height: 264px\"><td style=\"width: 98.5246%;height: 264px\" colspan=\"3\"><p>&#8211; Para discar entre ramais internos (com 3 d\u00edgitos) &#8211; Apenas digite o ramal. <span style=\"text-decoration: underline\">Ex: 271<\/span><br \/>&#8211; Para discar do ramal interno (com 3 d\u00edgitos) para ramal da universidade (4 d\u00edgitos) &#8211; Disque o &#8220;zero&#8221; + o ramal. <span style=\"text-decoration: underline\">Ex: 0 + 7949<\/span><br \/>&#8211; Quem possui ramal da universidade (4 d\u00edgitos) e precisa ligar para ramal interno (3 d\u00edgitos) &#8211; Discar para 9419 ou 9420, aguardar a central solicitar o ramal desejado e logo digit\u00e1-lo. Caso aguardar, a chamada ser\u00e1 transferida para a portaria do bloco F. <span style=\"text-decoration: underline\">Ex: 9419, aguardar e logo digitar 271<br \/><\/span><\/p><p>&#8211; Receber liga\u00e7\u00e3o de fora da universidade &#8211; Ligar 3220-9419 ou 3220-9420, ouvir a mensagem da central e digitar o ramal desejado ou aguardar.<\/p><\/td><\/tr><\/tbody><\/table>\t\t\t\t\t\t<\/div>\n\t\t\t\t<\/div>\n\t\t\t\t\t<\/div>\n\t\t<\/div>\n\t\t\t\t\t<\/div>\n\t\t<\/section>\n\t\t\t\t<\/div>\n\t\t","protected":false},"excerpt":{"rendered":"<p>Dire\u00e7\u00e3o 3220-8194 Vice-Dire\u00e7\u00e3o 3220-8058 Secretaria Administrativa 3220-8273 Secretaria Escolar 3220-8059 Departamento de Ensino 3220-8290 Departamento de Pesquisa e Extens\u00e3o 3220-8062 Biblioteca 3220-7949 Laborat\u00f3rio de Carnes \/ Leite &#8211; Dejanir 3220-8796 \u00c1rea Nova 3220-8955 Floricultura (Floresce) 3220-9345 Para discar os ramais, usar os n\u00fameros 3220-9419 ou 3220-9420 antes Setor de Frutas Marlene 239 Lab. An\u00e1lise Sensorial [&hellip;]<\/p>\n","protected":false},"author":201,"featured_media":0,"parent":0,"menu_order":0,"comment_status":"closed","ping_status":"closed","template":"","meta":{"footnotes":""},"categories":[],"tags":[],"class_list":["post-345","page","type-page","status-publish","hentry"],"acf":[],"_links":{"self":[{"href":"https:\/\/www.ufsm.br\/unidades-universitarias\/politecnico\/wp-json\/wp\/v2\/pages\/345","targetHints":{"allow":["GET"]}}],"collection":[{"href":"https:\/\/www.ufsm.br\/unidades-universitarias\/politecnico\/wp-json\/wp\/v2\/pages"}],"about":[{"href":"https:\/\/www.ufsm.br\/unidades-universitarias\/politecnico\/wp-json\/wp\/v2\/types\/page"}],"author":[{"embeddable":true,"href":"https:\/\/www.ufsm.br\/unidades-universitarias\/politecnico\/wp-json\/wp\/v2\/users\/201"}],"replies":[{"embeddable":true,"href":"https:\/\/www.ufsm.br\/unidades-universitarias\/politecnico\/wp-json\/wp\/v2\/comments?post=345"}],"version-history":[{"count":0,"href":"https:\/\/www.ufsm.br\/unidades-universitarias\/politecnico\/wp-json\/wp\/v2\/pages\/345\/revisions"}],"wp:attachment":[{"href":"https:\/\/www.ufsm.br\/unidades-universitarias\/politecnico\/wp-json\/wp\/v2\/media?parent=345"}],"wp:term":[{"taxonomy":"category","embeddable":true,"href":"https:\/\/www.ufsm.br\/unidades-universitarias\/politecnico\/wp-json\/wp\/v2\/categories?post=345"},{"taxonomy":"post_tag","embeddable":true,"href":"https:\/\/www.ufsm.br\/unidades-universitarias\/politecnico\/wp-json\/wp\/v2\/tags?post=345"}],"curies":[{"name":"wp","href":"https:\/\/api.w.org\/{rel}","templated":true}]}}