{"id":4356,"date":"2021-04-13T11:25:41","date_gmt":"2021-04-13T14:25:41","guid":{"rendered":"https:\/\/www.ufsm.br\/unidades-universitarias\/politecnico\/?page_id=4356"},"modified":"2021-04-13T11:25:43","modified_gmt":"2021-04-13T14:25:43","slug":"cespol-quem-somos","status":"publish","type":"page","link":"https:\/\/www.ufsm.br\/unidades-universitarias\/politecnico\/cespol-quem-somos","title":{"rendered":"Cespol &#8211; Quem Somos"},"content":{"rendered":"\n<h3 class=\"wp-block-heading\">Apresenta\u00e7\u00e3o:<\/h3>\n\n\n\n<p>Sendo primeiramente chamada de Coopeasm, a Cespol &#8211; Cooperativa-Escola dos Estudantes do Col\u00e9gio Polit\u00e9cnico da UFSM foi fundada em 15 de abril de 1987 no ent\u00e3o Col\u00e9gio Agr\u00edcola de Santa Maria, com o objetivo de ser um laborat\u00f3rio de aprendizagem para o cooperativismo e contribuir na operacionaliza\u00e7\u00e3o dos setores did\u00e1ticos produtivos do Polit\u00e9cnico, onde atua atrav\u00e9s de conv\u00eanio institucional.<br>Presente em a\u00e7\u00f5es de ensino, pesquisa e extens\u00e3o, a Cespol desempenha sua fun\u00e7\u00e3o contribuindo para a forma\u00e7\u00e3o empreendedora e social dos educandos, permitindo aos acad\u00eamicos, principalmente os do Curso de Gest\u00e3o de Cooperativas e do T\u00e9cnico em Cooperativismo, a viv\u00eancia pr\u00e1tica dos saberes vivenciados em sala de aula. Desta forma, \u00e9 correto afirmar que a Cespol \u00e9 uma cooperativa feita de alunos para os alunos.<\/p>\n\n\n\n<h3 class=\"wp-block-heading\">Miss\u00e3o:<\/h3>\n\n\n\n<p>Fomentar o desenvolvimento do ensino de qualidade, contribuindo para a forma\u00e7\u00e3o de profissionais comprometidos com os princ\u00edpios cooperativos.<\/p>\n\n\n\n<h3 class=\"wp-block-heading\">Vis\u00e3o:<\/h3>\n\n\n\n<p>Ser refer\u00eancia no apoio \u00e0s a\u00e7\u00f5es educacionais e pedag\u00f3gicas, fundamentados nos princ\u00edpios e valores do cooperativismo.<\/p>\n\n\n\n<h3 class=\"wp-block-heading\">Valores:<\/h3>\n\n\n\n<p>Responsabilidade, compromisso, ajuda m\u00fatua, democracia e igualdade.<\/p>\n","protected":false},"excerpt":{"rendered":"<p>Apresenta\u00e7\u00e3o: Sendo primeiramente chamada de Coopeasm, a Cespol &#8211; Cooperativa-Escola dos Estudantes do Col\u00e9gio Polit\u00e9cnico da UFSM foi fundada em 15 de abril de 1987 no ent\u00e3o Col\u00e9gio Agr\u00edcola de Santa Maria, com o objetivo de ser um laborat\u00f3rio de aprendizagem para o cooperativismo e contribuir na operacionaliza\u00e7\u00e3o dos setores did\u00e1ticos produtivos do Polit\u00e9cnico, onde [&hellip;]<\/p>\n","protected":false},"author":275,"featured_media":0,"parent":0,"menu_order":0,"comment_status":"closed","ping_status":"closed","template":"","meta":{"footnotes":""},"categories":[],"tags":[],"class_list":["post-4356","page","type-page","status-publish","hentry"],"acf":[],"_links":{"self":[{"href":"https:\/\/www.ufsm.br\/unidades-universitarias\/politecnico\/wp-json\/wp\/v2\/pages\/4356","targetHints":{"allow":["GET"]}}],"collection":[{"href":"https:\/\/www.ufsm.br\/unidades-universitarias\/politecnico\/wp-json\/wp\/v2\/pages"}],"about":[{"href":"https:\/\/www.ufsm.br\/unidades-universitarias\/politecnico\/wp-json\/wp\/v2\/types\/page"}],"author":[{"embeddable":true,"href":"https:\/\/www.ufsm.br\/unidades-universitarias\/politecnico\/wp-json\/wp\/v2\/users\/275"}],"replies":[{"embeddable":true,"href":"https:\/\/www.ufsm.br\/unidades-universitarias\/politecnico\/wp-json\/wp\/v2\/comments?post=4356"}],"version-history":[{"count":0,"href":"https:\/\/www.ufsm.br\/unidades-universitarias\/politecnico\/wp-json\/wp\/v2\/pages\/4356\/revisions"}],"wp:attachment":[{"href":"https:\/\/www.ufsm.br\/unidades-universitarias\/politecnico\/wp-json\/wp\/v2\/media?parent=4356"}],"wp:term":[{"taxonomy":"category","embeddable":true,"href":"https:\/\/www.ufsm.br\/unidades-universitarias\/politecnico\/wp-json\/wp\/v2\/categories?post=4356"},{"taxonomy":"post_tag","embeddable":true,"href":"https:\/\/www.ufsm.br\/unidades-universitarias\/politecnico\/wp-json\/wp\/v2\/tags?post=4356"}],"curies":[{"name":"wp","href":"https:\/\/api.w.org\/{rel}","templated":true}]}}