{"id":65,"date":"2018-09-11T16:38:11","date_gmt":"2018-09-11T19:38:11","guid":{"rendered":"https:\/\/www.ufsm.br\/unidades-universitarias\/politecnico\/?page_id=65"},"modified":"2024-12-02T21:46:24","modified_gmt":"2024-12-03T00:46:24","slug":"pos-graduacao","status":"publish","type":"page","link":"https:\/\/www.ufsm.br\/unidades-universitarias\/politecnico\/pos-graduacao","title":{"rendered":"P\u00f3s-gradua\u00e7\u00e3o"},"content":{"rendered":"\t\t<div data-elementor-type=\"wp-page\" data-elementor-id=\"65\" class=\"elementor elementor-65\">\n\t\t\t\t\t\t<section class=\"elementor-section elementor-top-section elementor-element elementor-element-691fee7 elementor-section-boxed elementor-section-height-default elementor-section-height-default\" data-id=\"691fee7\" data-element_type=\"section\">\n\t\t\t\t\t\t<div class=\"elementor-container elementor-column-gap-default\">\n\t\t\t\t\t<div class=\"elementor-column elementor-col-100 elementor-top-column elementor-element elementor-element-d29dbc9\" data-id=\"d29dbc9\" data-element_type=\"column\">\n\t\t\t<div class=\"elementor-widget-wrap elementor-element-populated\">\n\t\t\t\t\t\t<div class=\"elementor-element elementor-element-de1dc2c elementor-widget elementor-widget-heading\" data-id=\"de1dc2c\" data-element_type=\"widget\" data-widget_type=\"heading.default\">\n\t\t\t\t<div class=\"elementor-widget-container\">\n\t\t\t<h2 class=\"elementor-heading-title elementor-size-default\">Especializa\u00e7\u00e3o<\/h2>\t\t<\/div>\n\t\t\t\t<\/div>\n\t\t\t\t<div class=\"elementor-element elementor-element-40621ca elementor-widget elementor-widget-wp-widget-ufsm_cursos_widget\" data-id=\"40621ca\" data-element_type=\"widget\" data-widget_type=\"wp-widget-ufsm_cursos_widget.default\">\n\t\t\t\t<div class=\"elementor-widget-container\">\n\t\t\t\t\t<!-- Areas de Conhecimento -->\n\t\t<div class=\"areas_de_conhecimento\">\n\t\t\t\t\t\t<!-- Listagem de Cursos -->\n\t\t\t<ul class=\"row\" id=\"lista_cursos\">\n\t\t\t\t\t\t\t\t\t<li class=\"col-lg-6 area_2\">\n\t\t\t\t\t\t<a class='d-block text-wrap' href=\/cursos\/pos-graduacao\/santa-maria\/posgeomatica\/informacoes-do-curriculo?language= title='P\u00f3s-Gradua\u00e7\u00e3o em Geom\u00e1tica - Santa Maria'>P\u00f3s-Gradua\u00e7\u00e3o em Geom\u00e1tica - Santa Maria<\/a>\t\t\t\t\t<\/li>\n\t\t\t\t\t\t\t<\/ul>\n\t\t\t<!-- !Listagem de Cursos -->\n\t\t<\/div>\n\t\t\t\t<\/div>\n\t\t\t\t<\/div>\n\t\t\t\t\t<\/div>\n\t\t<\/div>\n\t\t\t\t\t<\/div>\n\t\t<\/section>\n\t\t\t\t<section class=\"elementor-section elementor-top-section elementor-element elementor-element-8ac865a elementor-section-boxed elementor-section-height-default elementor-section-height-default\" data-id=\"8ac865a\" data-element_type=\"section\">\n\t\t\t\t\t\t<div class=\"elementor-container elementor-column-gap-default\">\n\t\t\t\t\t<div class=\"elementor-column elementor-col-100 elementor-top-column elementor-element elementor-element-a33a9a2\" data-id=\"a33a9a2\" data-element_type=\"column\">\n\t\t\t<div class=\"elementor-widget-wrap elementor-element-populated\">\n\t\t\t\t\t\t<div class=\"elementor-element elementor-element-0e927c1 elementor-widget elementor-widget-heading\" data-id=\"0e927c1\" data-element_type=\"widget\" data-widget_type=\"heading.default\">\n\t\t\t\t<div class=\"elementor-widget-container\">\n\t\t\t<h2 class=\"elementor-heading-title elementor-size-default\">Mestrado<\/h2>\t\t<\/div>\n\t\t\t\t<\/div>\n\t\t\t\t<div class=\"elementor-element elementor-element-3bfe261 elementor-widget elementor-widget-wp-widget-ufsm_cursos_widget\" data-id=\"3bfe261\" data-element_type=\"widget\" data-widget_type=\"wp-widget-ufsm_cursos_widget.default\">\n\t\t\t\t<div class=\"elementor-widget-container\">\n\t\t\t\t\t<!-- Areas de Conhecimento -->\n\t\t<div class=\"areas_de_conhecimento\">\n\t\t\t\t\t\t<!-- Listagem de Cursos -->\n\t\t\t<ul class=\"row\" id=\"lista_cursos\">\n\t\t\t\t\t\t\t\t\t<li class=\"col-lg-6 area_235\">\n\t\t\t\t\t\t<a class='d-block text-wrap' href=\/cursos\/pos-graduacao\/santa-maria\/ppgap\/informacoes-do-curriculo?language= title='P\u00f3s-Gradua\u00e7\u00e3o em Agricultura de Precis\u00e3o - Santa Maria'>P\u00f3s-Gradua\u00e7\u00e3o em Agricultura de Precis\u00e3o - Santa Maria<\/a>\t\t\t\t\t<\/li>\n\t\t\t\t\t\t\t<\/ul>\n\t\t\t<!-- !Listagem de Cursos -->\n\t\t<\/div>\n\t\t\t\t<\/div>\n\t\t\t\t<\/div>\n\t\t\t\t\t<\/div>\n\t\t<\/div>\n\t\t\t\t\t<\/div>\n\t\t<\/section>\n\t\t\t\t<\/div>\n\t\t","protected":false},"excerpt":{"rendered":"<p>Especializa\u00e7\u00e3o Mestrado<\/p>\n","protected":false},"author":201,"featured_media":0,"parent":0,"menu_order":0,"comment_status":"closed","ping_status":"closed","template":"","meta":{"footnotes":""},"categories":[],"tags":[],"class_list":["post-65","page","type-page","status-publish","hentry"],"acf":[],"_links":{"self":[{"href":"https:\/\/www.ufsm.br\/unidades-universitarias\/politecnico\/wp-json\/wp\/v2\/pages\/65","targetHints":{"allow":["GET"]}}],"collection":[{"href":"https:\/\/www.ufsm.br\/unidades-universitarias\/politecnico\/wp-json\/wp\/v2\/pages"}],"about":[{"href":"https:\/\/www.ufsm.br\/unidades-universitarias\/politecnico\/wp-json\/wp\/v2\/types\/page"}],"author":[{"embeddable":true,"href":"https:\/\/www.ufsm.br\/unidades-universitarias\/politecnico\/wp-json\/wp\/v2\/users\/201"}],"replies":[{"embeddable":true,"href":"https:\/\/www.ufsm.br\/unidades-universitarias\/politecnico\/wp-json\/wp\/v2\/comments?post=65"}],"version-history":[{"count":0,"href":"https:\/\/www.ufsm.br\/unidades-universitarias\/politecnico\/wp-json\/wp\/v2\/pages\/65\/revisions"}],"wp:attachment":[{"href":"https:\/\/www.ufsm.br\/unidades-universitarias\/politecnico\/wp-json\/wp\/v2\/media?parent=65"}],"wp:term":[{"taxonomy":"category","embeddable":true,"href":"https:\/\/www.ufsm.br\/unidades-universitarias\/politecnico\/wp-json\/wp\/v2\/categories?post=65"},{"taxonomy":"post_tag","embeddable":true,"href":"https:\/\/www.ufsm.br\/unidades-universitarias\/politecnico\/wp-json\/wp\/v2\/tags?post=65"}],"curies":[{"name":"wp","href":"https:\/\/api.w.org\/{rel}","templated":true}]}}