{"id":6637,"date":"2023-03-14T10:00:12","date_gmt":"2023-03-14T13:00:12","guid":{"rendered":"https:\/\/www.ufsm.br\/unidades-universitarias\/politecnico\/?page_id=6637"},"modified":"2023-03-14T10:10:55","modified_gmt":"2023-03-14T13:10:55","slug":"projeto-jornal-tematico","status":"publish","type":"page","link":"https:\/\/www.ufsm.br\/unidades-universitarias\/politecnico\/projeto-jornal-tematico","title":{"rendered":"Projeto Jornal Tem\u00e1tico"},"content":{"rendered":"\t\t<div data-elementor-type=\"wp-page\" data-elementor-id=\"6637\" class=\"elementor elementor-6637\">\n\t\t\t\t\t\t<section class=\"elementor-section elementor-top-section elementor-element elementor-element-9f7d9b9 elementor-section-boxed elementor-section-height-default elementor-section-height-default\" data-id=\"9f7d9b9\" data-element_type=\"section\">\n\t\t\t\t\t\t<div class=\"elementor-container elementor-column-gap-default\">\n\t\t\t\t\t<div class=\"elementor-column elementor-col-25 elementor-top-column elementor-element elementor-element-5799c51\" data-id=\"5799c51\" data-element_type=\"column\">\n\t\t\t<div class=\"elementor-widget-wrap elementor-element-populated\">\n\t\t\t\t\t\t<div class=\"elementor-element elementor-element-a990274 elementor-widget elementor-widget-image\" data-id=\"a990274\" data-element_type=\"widget\" data-widget_type=\"image.default\">\n\t\t\t\t<div class=\"elementor-widget-container\">\n\t\t\t\t\t\t\t\t\t\t\t\t\t\t<a href=\"https:\/\/www.ufsm.br\/app\/uploads\/sites\/405\/2023\/03\/Jornal-Tematico-50-anos-Politecnico.pdf\">\n\t\t\t\t\t\t\t<img fetchpriority=\"high\" decoding=\"async\" width=\"219\" height=\"300\" src=\"https:\/\/www.ufsm.br\/app\/uploads\/sites\/405\/2023\/03\/Jornal-50-anos-Politecnico-219x300.jpg\" class=\"attachment-medium size-medium wp-image-6639\" alt=\"Jornal Tem\u00e1tica dos 50 anos do Col\u00e9gio Polit\u00e9cnico da UFSM\" srcset=\"https:\/\/www.ufsm.br\/app\/uploads\/sites\/405\/2023\/03\/Jornal-50-anos-Politecnico-219x300.jpg 219w, https:\/\/www.ufsm.br\/app\/uploads\/sites\/405\/2023\/03\/Jornal-50-anos-Politecnico.jpg 611w\" sizes=\"(max-width: 219px) 100vw, 219px\" \/>\t\t\t\t\t\t\t\t<\/a>\n\t\t\t\t\t\t\t\t\t\t\t\t\t<\/div>\n\t\t\t\t<\/div>\n\t\t\t\t\t<\/div>\n\t\t<\/div>\n\t\t\t\t<div class=\"elementor-column elementor-col-25 elementor-top-column elementor-element elementor-element-6aea6e4\" data-id=\"6aea6e4\" data-element_type=\"column\">\n\t\t\t<div class=\"elementor-widget-wrap elementor-element-populated\">\n\t\t\t\t\t\t<div class=\"elementor-element elementor-element-ab91265 elementor-widget elementor-widget-image\" data-id=\"ab91265\" data-element_type=\"widget\" data-widget_type=\"image.default\">\n\t\t\t\t<div class=\"elementor-widget-container\">\n\t\t\t\t\t\t\t\t\t\t\t\t\t\t<a href=\"https:\/\/www.ufsm.br\/app\/uploads\/sites\/405\/2023\/03\/Jornal-Artes.pdf\">\n\t\t\t\t\t\t\t<img decoding=\"async\" width=\"218\" height=\"300\" src=\"https:\/\/www.ufsm.br\/app\/uploads\/sites\/405\/2023\/03\/Arte-218x300.jpg\" class=\"attachment-medium size-medium wp-image-6638\" alt=\"Arte. Arte? Arte!\" srcset=\"https:\/\/www.ufsm.br\/app\/uploads\/sites\/405\/2023\/03\/Arte-218x300.jpg 218w, https:\/\/www.ufsm.br\/app\/uploads\/sites\/405\/2023\/03\/Arte.jpg 611w\" sizes=\"(max-width: 218px) 100vw, 218px\" \/>\t\t\t\t\t\t\t\t<\/a>\n\t\t\t\t\t\t\t\t\t\t\t\t\t<\/div>\n\t\t\t\t<\/div>\n\t\t\t\t\t<\/div>\n\t\t<\/div>\n\t\t\t\t<div class=\"elementor-column elementor-col-25 elementor-top-column elementor-element elementor-element-64288b9\" data-id=\"64288b9\" data-element_type=\"column\">\n\t\t\t<div class=\"elementor-widget-wrap elementor-element-populated\">\n\t\t\t\t\t\t<div class=\"elementor-element elementor-element-dd859af elementor-widget elementor-widget-image\" data-id=\"dd859af\" data-element_type=\"widget\" data-widget_type=\"image.default\">\n\t\t\t\t<div class=\"elementor-widget-container\">\n\t\t\t\t\t\t\t\t\t\t\t\t\t\t<a href=\"https:\/\/www.ufsm.br\/app\/uploads\/sites\/405\/2023\/03\/Jornal-60-anos-Politecnico.pdf\">\n\t\t\t\t\t\t\t<img decoding=\"async\" width=\"223\" height=\"300\" src=\"https:\/\/www.ufsm.br\/app\/uploads\/sites\/405\/2023\/03\/Jornal-60-anos-Politecnico-223x300.jpg\" class=\"attachment-medium size-medium wp-image-6640\" alt=\"Jornal tem\u00e1tico dos 60 anos do Col\u00e9gio Polit\u00e9cnico da UFSM\" srcset=\"https:\/\/www.ufsm.br\/app\/uploads\/sites\/405\/2023\/03\/Jornal-60-anos-Politecnico-223x300.jpg 223w, https:\/\/www.ufsm.br\/app\/uploads\/sites\/405\/2023\/03\/Jornal-60-anos-Politecnico.jpg 629w\" sizes=\"(max-width: 223px) 100vw, 223px\" \/>\t\t\t\t\t\t\t\t<\/a>\n\t\t\t\t\t\t\t\t\t\t\t\t\t<\/div>\n\t\t\t\t<\/div>\n\t\t\t\t\t<\/div>\n\t\t<\/div>\n\t\t\t\t<div class=\"elementor-column elementor-col-25 elementor-top-column elementor-element elementor-element-402e054\" data-id=\"402e054\" data-element_type=\"column\">\n\t\t\t<div class=\"elementor-widget-wrap elementor-element-populated\">\n\t\t\t\t\t\t<div class=\"elementor-element elementor-element-141e078 elementor-widget elementor-widget-image\" data-id=\"141e078\" data-element_type=\"widget\" data-widget_type=\"image.default\">\n\t\t\t\t<div class=\"elementor-widget-container\">\n\t\t\t\t\t\t\t\t\t\t\t\t\t\t<a href=\"https:\/\/www.ufsm.br\/app\/uploads\/sites\/405\/2023\/03\/Cadernos-Especiais.pdf\">\n\t\t\t\t\t\t\t<img loading=\"lazy\" decoding=\"async\" width=\"223\" height=\"300\" src=\"https:\/\/www.ufsm.br\/app\/uploads\/sites\/405\/2023\/03\/Cadernos-Especiais-223x300.jpg\" class=\"attachment-medium size-medium wp-image-6641\" alt=\"Cadernos Especiais com resumos da JAI\" srcset=\"https:\/\/www.ufsm.br\/app\/uploads\/sites\/405\/2023\/03\/Cadernos-Especiais-223x300.jpg 223w, https:\/\/www.ufsm.br\/app\/uploads\/sites\/405\/2023\/03\/Cadernos-Especiais.jpg 629w\" sizes=\"(max-width: 223px) 100vw, 223px\" \/>\t\t\t\t\t\t\t\t<\/a>\n\t\t\t\t\t\t\t\t\t\t\t\t\t<\/div>\n\t\t\t\t<\/div>\n\t\t\t\t\t<\/div>\n\t\t<\/div>\n\t\t\t\t\t<\/div>\n\t\t<\/section>\n\t\t\t\t<\/div>\n\t\t","protected":false},"excerpt":{"rendered":"","protected":false},"author":857,"featured_media":0,"parent":0,"menu_order":0,"comment_status":"closed","ping_status":"closed","template":"","meta":{"footnotes":""},"categories":[1],"tags":[],"class_list":["post-6637","page","type-page","status-publish","hentry","category-sem-categoria"],"acf":[],"_links":{"self":[{"href":"https:\/\/www.ufsm.br\/unidades-universitarias\/politecnico\/wp-json\/wp\/v2\/pages\/6637","targetHints":{"allow":["GET"]}}],"collection":[{"href":"https:\/\/www.ufsm.br\/unidades-universitarias\/politecnico\/wp-json\/wp\/v2\/pages"}],"about":[{"href":"https:\/\/www.ufsm.br\/unidades-universitarias\/politecnico\/wp-json\/wp\/v2\/types\/page"}],"author":[{"embeddable":true,"href":"https:\/\/www.ufsm.br\/unidades-universitarias\/politecnico\/wp-json\/wp\/v2\/users\/857"}],"replies":[{"embeddable":true,"href":"https:\/\/www.ufsm.br\/unidades-universitarias\/politecnico\/wp-json\/wp\/v2\/comments?post=6637"}],"version-history":[{"count":0,"href":"https:\/\/www.ufsm.br\/unidades-universitarias\/politecnico\/wp-json\/wp\/v2\/pages\/6637\/revisions"}],"wp:attachment":[{"href":"https:\/\/www.ufsm.br\/unidades-universitarias\/politecnico\/wp-json\/wp\/v2\/media?parent=6637"}],"wp:term":[{"taxonomy":"category","embeddable":true,"href":"https:\/\/www.ufsm.br\/unidades-universitarias\/politecnico\/wp-json\/wp\/v2\/categories?post=6637"},{"taxonomy":"post_tag","embeddable":true,"href":"https:\/\/www.ufsm.br\/unidades-universitarias\/politecnico\/wp-json\/wp\/v2\/tags?post=6637"}],"curies":[{"name":"wp","href":"https:\/\/api.w.org\/{rel}","templated":true}]}}