{"id":7012,"date":"2023-05-10T09:39:41","date_gmt":"2023-05-10T12:39:41","guid":{"rendered":"https:\/\/www.ufsm.br\/unidades-universitarias\/politecnico\/?page_id=7012"},"modified":"2023-05-10T09:39:43","modified_gmt":"2023-05-10T12:39:43","slug":"ingresso","status":"publish","type":"page","link":"https:\/\/www.ufsm.br\/unidades-universitarias\/politecnico\/ingresso","title":{"rendered":"Estude no Poli: saiba como ingressar no Ensino M\u00e9dio, Cursos T\u00e9cnicos, Gradua\u00e7\u00f5es e cursos de P\u00f3s-gradua\u00e7\u00e3o da unidade"},"content":{"rendered":"\n<p>O Col\u00e9gio Polit\u00e9cnico \u00e9 uma unidade da Universidade Federal de Santa Maria que oferece forma\u00e7\u00e3o em diferentes n\u00edveis e com grande diversidade de cursos. O Ensino M\u00e9dio da institui\u00e7\u00e3o oferece forma\u00e7\u00e3o exclusiva para os anos finais da educa\u00e7\u00e3o b\u00e1sica, ou seja, da 1\u00aa at\u00e9 a 3\u00aa s\u00e9rie, sem v\u00ednculo com a educa\u00e7\u00e3o profissional. \u00c9 um curso presencial, ofertado em per\u00edodo anual, com aulas de segunda a sexta-feira, pela manh\u00e3, al\u00e9m de tr\u00eas tardes. S\u00e3o adotados s\u00e1bados com aulas pela manh\u00e3, em n\u00famero suficiente para o cumprimento de 200 dias letivos anuais. O curr\u00edculo est\u00e1 de acordo com BNCC (Base Nacional Comum Curricular) que al\u00e9m das disciplinas tradicionais na Forma\u00e7\u00e3o B\u00e1sica, oferta tamb\u00e9m um Itiner\u00e1rio Formativo Integrado (confira as disciplinas no s\u00edtio do curso). Est\u00e1 localizado no Campus Camobi e seu turno de funcionamento \u00e9 Matutino.<\/p>\n\n\n\n<p><a href=\"\/cursos\/medio\/santa-maria\/politecnico\">S\u00edtio do Ensino M\u00e9dio da Col\u00e9gio Polit\u00e9cnico<\/a><\/p>\n\n\n\n<p>Os Cursos T\u00e9cnicos do Col\u00e9gio Polit\u00e9cnico podem ocorrer de forma presencial, no Campus Camobi, ou de forma on-line e est\u00e3o divididos em sete eixos tecnol\u00f3gicos. S\u00e3o eles: Ambiente e Sa\u00fade, Gest\u00e3o e Neg\u00f3cios, Informa\u00e7\u00e3o e Comunica\u00e7\u00e3o, Infraestrutura, Recursos Naturais, Produ\u00e7\u00e3o Aliment\u00edcia e Produ\u00e7\u00e3o Cultural e Design. Os turnos das aulas variam de acordo com o curso, podendo ser Diurno-Manh\u00e3, Diurno-Tarde e Noturno.<\/p>\n\n\n\n<p><a href=\"\/unidades-universitarias\/politecnico\/cursos-tecnicos\">S\u00edtio dos Cursos T\u00e9cnicos do Col\u00e9gio Polit\u00e9cnico<\/a><\/p>\n\n\n\n<p>J\u00e1 os Cursos de Gradua\u00e7\u00e3o do Col\u00e9gio Polit\u00e9cnico ocorrem de forma presencial, no Campus Camobi, e seus turnos podem variar entre Integral, Matutino, Diurno e Noturno. Eles est\u00e3o divididos em 3 \u00e1reas de conhecimento: Ci\u00eancias Agr\u00e1rias, Ci\u00eancias Exatas e da Terra e Ci\u00eancias Sociais Aplicadas. Atualmente, os cursos oferecidos s\u00e3o Gest\u00e3o Ambiental, Geoprocessamento, Sistemas para Internet e Gest\u00e3o de Cooperativas, na modalidade tecnol\u00f3gico.<\/p>\n\n\n\n<p><a href=\"\/unidades-universitarias\/politecnico\/graduacao\">S\u00edtio das Gradua\u00e7\u00f5es Tecnol\u00f3gicas do Col\u00e9gio Polit\u00e9cnico<\/a><\/p>\n\n\n\n<h3 class=\"wp-block-heading\">Formas de ingresso<\/h3>\n\n\n\n<p>O ingresso no Ensino M\u00e9dio e nos Cursos T\u00e9cnicos \u00e9 realizado por meio de processo seletivo anual, no qual o(a) candidato(a) realiza uma prova de m\u00faltipla escolha englobando conte\u00fados relativos ao Ensino Fundamental (no caso do ingresso no Ensino M\u00e9dio) e relativos a Ensino M\u00e9dio (no caso dos Cursos T\u00e9cnicos). O per\u00edodo para inscri\u00e7\u00f5es acontece geralmente em setembro e s\u00e3o realizadas por meio da p\u00e1gina do processo seletivo do Col\u00e9gio Polit\u00e9cnico. O n\u00famero de vagas para cada curso \u00e9 levantado pela Secretaria Escolar e suas respectivas coordena\u00e7\u00f5es, comunicado atrav\u00e9s do Edital. Para saber quando o Edital de Ingresso \u00e9 lan\u00e7ado, acesse a <a href=\"\/unidades-universitarias\/politecnico\/ingresso\">p\u00e1gina dos processos seletivos do Col\u00e9gio<\/a>.<\/p>\n\n\n\n<p>No caso do ingresso nas gradua\u00e7\u00f5es tecnol\u00f3gicas, o(a) candidato(a) deve inscrever-se por meio do Sistema de Sele\u00e7\u00e3o Unificada &#8211; SISU, no qual o(a) candidato(a) precisa ter realizado o Exame Nacional do Ensino M\u00e9dio &#8211; ENEM, sem ter zerado a reda\u00e7\u00e3o e sem ter se inscrito como treineiro(a). O per\u00edodo de inscri\u00e7\u00f5es para o SISU acontece geralmente no in\u00edcio e meio do ano, por meio do <a href=\"https:\/\/sisu.mec.gov.br\/\">site do sistema<\/a>, no qual \u00e9 poss\u00edvel visualizar tamb\u00e9m o cronograma do programa. Ap\u00f3s a inscri\u00e7\u00e3o, o(a) candidato(a) acompanha diariamente sua classifica\u00e7\u00e3o a partir da nota de corte.<\/p>\n\n\n\n<h3 class=\"wp-block-heading\">P\u00f3s-Gradua\u00e7\u00e3o<\/h3>\n\n\n\n<p>O Col\u00e9gio Polit\u00e9cnico da UFSM disp\u00f5e de duas op\u00e7\u00f5es de p\u00f3s-gradua\u00e7\u00e3o, nas modalidades especializa\u00e7\u00e3o-presencial e mestrado-presencial, oferecidas no Campus Camobi. O curso de Mestrado em Agricultura de Precis\u00e3o funciona em turno integral e tem como \u00e1rea de conhecimento Tecnologia em Agricultura de Precis\u00e3o. O ingresso \u00e9 realizado por meio de processo seletivo anual. \u00c9 poss\u00edvel acompanhar mais informa\u00e7\u00f5es no <a href=\"\/cursos\/pos-graduacao\/santa-maria\/ppgap\">s\u00edtio do curso<\/a>. O curso de P\u00f3s-Gradua\u00e7\u00e3o em Geom\u00e1tica, na modalidade especializa\u00e7\u00e3o, funciona em turno diurno e tem como \u00e1rea de conhecimento Geometria e Topologia. O ingresso \u00e9 realizado tamb\u00e9m por meio de processo seletivo anual. \u00c9 poss\u00edvel acompanhar mais informa\u00e7\u00f5es no <a href=\"\/cursos\/pos-graduacao\/santa-maria\/posgeomatica\">s\u00edtio do curso<\/a>. Os editais para o ingresso em ambos os cursos, quando s\u00e3o lan\u00e7ados anualmente, ficam dispon\u00edveis no s\u00edtio da <a href=\"\/pro-reitorias\/prpgp\">Pr\u00f3-reitoria de P\u00f3s-Gradu\u00e7\u00e3o e Pesquisa<\/a>.<\/p>\n\n\n\n<h3 class=\"wp-block-heading\">Benef\u00edcios estudantis: para todos os(as) estudantes do Poli<\/h3>\n\n\n\n<p>Todos(as) os(as) estudantes do Col\u00e9gio (Ensino M\u00e9dio, Cursos T\u00e9cnicos e Cursos de Gradua\u00e7\u00e3o) contam com a possibilidade de requisitar os benef\u00edcios do Programa de Assist\u00eancia Estudantil da UFSM, que incluem moradia, transporte, alimenta\u00e7\u00e3o e aquisi\u00e7\u00e3o de material pedag\u00f3gico.<\/p>\n\n\n\n<p>Para saber mais sobre os cursos oferecidos pelo Col\u00e9gio, acesse o <a href=\"\/unidades-universitarias\/politecnico\">site do Polit\u00e9cnico<\/a> e a p\u00e1gina do <a href=\"\/pro-reitorias\/prograd\/descubra\/cursos-tecnicos\">Descubra UFSM<\/a>.<\/p>\n\n\n\n<div class=\"wp-block-buttons is-content-justification-center is-layout-flex wp-container-core-buttons-is-layout-16018d1d wp-block-buttons-is-layout-flex\">\n<div class=\"wp-block-button has-custom-font-size has-large-font-size\"><a class=\"wp-block-button__link has-background wp-element-button\" href=\"https:\/\/app.powerbi.com\/view?r=eyJrIjoiZmYwZjhiMTUtYTYwYi00MjI3LTgwYzItMzE4MWRkMWJjNjlkIiwidCI6Ijk3OTAyMGQ1LTQ5NTAtNGY0My1hOTk0LTg4ZDY4M2VhYjQ3MyJ9\" style=\"border-radius:0px;background-color:#005c99\" target=\"_blank\" rel=\"noreferrer noopener\">Simulador de Cotas<\/a><\/div>\n<\/div>\n\n\n\n<p>Abaixo est\u00e3o dispon\u00edveis as provas de processos seletivos de anos anteriores para ingresso em Cursos T\u00e9cnicos e no Ensino M\u00e9dio:<\/p>\n\n\n\n<figure class=\"wp-block-table\"><table><thead><tr><th>Provas de Sele\u00e7\u00e3o Cursos T\u00e9cnicos &#8211; Anteriores<\/th><th>Provas de Sele\u00e7\u00e3o Ensino M\u00e9dio &#8211; Anteriores<\/th><\/tr><\/thead><tbody><tr><td><a href=\"\/app\/uploads\/sites\/405\/2023\/04\/Prova_Cursos-Tecnicos_2023.pdf\">Prova de Sele\u00e7\u00e3o Cursos T\u00e9cnicos para ingresso em 2023<\/a><\/td><td><a href=\"\/app\/uploads\/sites\/405\/2023\/04\/Prova_Ensino-Medio_2023.pdf\">Prova de Sele\u00e7\u00e3o Ensino M\u00e9dio para ingresso em 2023<\/a><\/td><\/tr><tr><td><a href=\"\/app\/uploads\/sites\/405\/2021\/12\/Prova_Cursos-Tecnicos_2022.pdf\">Prova de Sele\u00e7\u00e3o Cursos T\u00e9cnicos para ingresso em 2022<\/a><\/td><td><a href=\"\/app\/uploads\/sites\/405\/2021\/12\/Prova-E.M_2022.pdf\">Prova de Sele\u00e7\u00e3o Ensino M\u00e9dio para ingresso em 2022<\/a><\/td><\/tr><tr><td><a href=\"\/app\/uploads\/sites\/405\/2020\/08\/Prova_Cursos-Tecnicos_2020.pdf\">Prova de Sele\u00e7\u00e3o Cursos T\u00e9cnicos para ingresso em 2020<\/a><\/td><td><a href=\"\/app\/uploads\/sites\/405\/2020\/08\/Prova_Ensino-Medio_2020.pdf\">Prova de Sele\u00e7\u00e3o Ensino M\u00e9dio para ingresso em 2020<\/a><\/td><\/tr><tr><td><a href=\"\/app\/uploads\/sites\/405\/2019\/04\/Prova_-Cursos-T\u00e9cnicos-2019.pdf\">Prova de Sele\u00e7\u00e3o Cursos T\u00e9cnicos para ingresso em 2019<\/a><\/td><td><a href=\"\/app\/uploads\/sites\/405\/2019\/04\/Prova_E.M_2019.pdf\">Prova de Sele\u00e7\u00e3o Ensino M\u00e9dio para ingresso em 2019<\/a><\/td><\/tr><tr><td><a href=\"\/unidades-universitarias\/politecnico\/wp-content\/uploads\/sites\/405\/2019\/02\/Prova_CT_2018.pdf\">Prova de Sele\u00e7\u00e3o Cursos T\u00e9cnicos para ingresso em 2018<\/a><\/td><td><a href=\"\/unidades-universitarias\/politecnico\/wp-content\/uploads\/sites\/405\/2019\/02\/Prova_EM_2018.pdf\">Prova de Sele\u00e7\u00e3o Ensino M\u00e9dio para ingresso em 2018<\/a><\/td><\/tr><tr><td><a href=\"\/unidades-universitarias\/politecnico\/wp-content\/uploads\/sites\/405\/2019\/02\/Prova_CT_2017.pdf\">Prova de Sele\u00e7\u00e3o Cursos T\u00e9cnicos para ingresso em 2017<\/a><\/td><td><a href=\"\/unidades-universitarias\/politecnico\/wp-content\/uploads\/sites\/405\/2019\/02\/Prova_EM_2017.pdf\">Prova de Sele\u00e7\u00e3o Ensino M\u00e9dio para ingresso em 2017<\/a><\/td><\/tr><tr><td><a href=\"\/unidades-universitarias\/politecnico\/wp-content\/uploads\/sites\/405\/2019\/02\/Prova_CT_2016.pdf\">Prova de Sele\u00e7\u00e3o Cursos T\u00e9cnicos para ingresso em 2016<\/a><\/td><td><a href=\"\/unidades-universitarias\/politecnico\/wp-content\/uploads\/sites\/405\/2019\/02\/Prova_EM_2016.pdf\">Prova de Sele\u00e7\u00e3o Ensino M\u00e9dio para ingresso em 2016<\/a><\/td><\/tr><tr><td><a href=\"\/unidades-universitarias\/politecnico\/wp-content\/uploads\/sites\/405\/2019\/02\/Prova_CT_2015.pdf\">Prova de Sele\u00e7\u00e3o Cursos T\u00e9cnicos para ingresso em 2015<\/a><\/td><td><a href=\"\/unidades-universitarias\/politecnico\/wp-content\/uploads\/sites\/405\/2019\/02\/Prova_EM_2015.pdf\">Prova de Sele\u00e7\u00e3o Ensino M\u00e9dio para ingresso em 2015<\/a><\/td><\/tr><tr><td><a href=\"\/unidades-universitarias\/politecnico\/wp-content\/uploads\/sites\/405\/2019\/02\/Prova_CT_2014.pdf\">Prova de Sele\u00e7\u00e3o Cursos T\u00e9cnicos para ingresso em 2014<\/a><\/td><td><a href=\"\/unidades-universitarias\/politecnico\/wp-content\/uploads\/sites\/405\/2019\/02\/Prova_EM_2014.pdf\">Prova de Sele\u00e7\u00e3o Ensino M\u00e9dio para ingresso em 2014<\/a><\/td><\/tr><tr><td><a href=\"\/unidades-universitarias\/politecnico\/wp-content\/uploads\/sites\/405\/2019\/02\/Prova_CT_2013.pdf\">Prova de Sele\u00e7\u00e3o Cursos T\u00e9cnicos para ingresso em 2013<\/a><\/td><td><a href=\"\/unidades-universitarias\/politecnico\/wp-content\/uploads\/sites\/405\/2019\/02\/Prova_EM_2013.pdf\">Prova de Sele\u00e7\u00e3o Ensino M\u00e9dio para ingresso em 2013<\/a><\/td><\/tr><\/tbody><\/table><figcaption class=\"wp-element-caption\">*O processo seletivo do ano de 2021, devido ao distanciamento social, consequ\u00eancia da pandemia da Covid-19 que no per\u00edodo colocou a cidade em sistema de bandeira vermelha, teve a prova substitu\u00edda pelo sistema de sorteio.<\/figcaption><\/figure>\n","protected":false},"excerpt":{"rendered":"<p>O Col\u00e9gio Polit\u00e9cnico \u00e9 uma unidade da Universidade Federal de Santa Maria que oferece forma\u00e7\u00e3o em diferentes n\u00edveis e com grande diversidade de cursos. O Ensino M\u00e9dio da institui\u00e7\u00e3o oferece forma\u00e7\u00e3o exclusiva para os anos finais da educa\u00e7\u00e3o b\u00e1sica, ou seja, da 1\u00aa at\u00e9 a 3\u00aa s\u00e9rie, sem v\u00ednculo com a educa\u00e7\u00e3o profissional. \u00c9 um [&hellip;]<\/p>\n","protected":false},"author":275,"featured_media":0,"parent":0,"menu_order":0,"comment_status":"closed","ping_status":"closed","template":"","meta":{"footnotes":""},"categories":[],"tags":[],"class_list":["post-7012","page","type-page","status-publish","hentry"],"acf":[],"_links":{"self":[{"href":"https:\/\/www.ufsm.br\/unidades-universitarias\/politecnico\/wp-json\/wp\/v2\/pages\/7012","targetHints":{"allow":["GET"]}}],"collection":[{"href":"https:\/\/www.ufsm.br\/unidades-universitarias\/politecnico\/wp-json\/wp\/v2\/pages"}],"about":[{"href":"https:\/\/www.ufsm.br\/unidades-universitarias\/politecnico\/wp-json\/wp\/v2\/types\/page"}],"author":[{"embeddable":true,"href":"https:\/\/www.ufsm.br\/unidades-universitarias\/politecnico\/wp-json\/wp\/v2\/users\/275"}],"replies":[{"embeddable":true,"href":"https:\/\/www.ufsm.br\/unidades-universitarias\/politecnico\/wp-json\/wp\/v2\/comments?post=7012"}],"version-history":[{"count":0,"href":"https:\/\/www.ufsm.br\/unidades-universitarias\/politecnico\/wp-json\/wp\/v2\/pages\/7012\/revisions"}],"wp:attachment":[{"href":"https:\/\/www.ufsm.br\/unidades-universitarias\/politecnico\/wp-json\/wp\/v2\/media?parent=7012"}],"wp:term":[{"taxonomy":"category","embeddable":true,"href":"https:\/\/www.ufsm.br\/unidades-universitarias\/politecnico\/wp-json\/wp\/v2\/categories?post=7012"},{"taxonomy":"post_tag","embeddable":true,"href":"https:\/\/www.ufsm.br\/unidades-universitarias\/politecnico\/wp-json\/wp\/v2\/tags?post=7012"}],"curies":[{"name":"wp","href":"https:\/\/api.w.org\/{rel}","templated":true}]}}