{"id":72,"date":"2018-09-11T11:00:30","date_gmt":"2018-09-11T14:00:30","guid":{"rendered":"https:\/\/www.ufsm.br\/unidades-universitarias\/politecnico\/?page_id=72"},"modified":"2021-06-18T14:30:52","modified_gmt":"2021-06-18T17:30:52","slug":"sobre-o-politecnico","status":"publish","type":"page","link":"https:\/\/www.ufsm.br\/unidades-universitarias\/politecnico\/sobre-o-politecnico","title":{"rendered":"Sobre o Polit\u00e9cnico"},"content":{"rendered":"\t\t<div data-elementor-type=\"wp-page\" data-elementor-id=\"72\" class=\"elementor elementor-72\">\n\t\t\t\t\t\t<section class=\"elementor-section elementor-top-section elementor-element elementor-element-6a317a93 elementor-section-boxed elementor-section-height-default elementor-section-height-default\" data-id=\"6a317a93\" data-element_type=\"section\">\n\t\t\t\t\t\t<div class=\"elementor-container elementor-column-gap-default\">\n\t\t\t\t\t<div class=\"elementor-column elementor-col-100 elementor-top-column elementor-element elementor-element-7e55792a\" data-id=\"7e55792a\" data-element_type=\"column\">\n\t\t\t<div class=\"elementor-widget-wrap elementor-element-populated\">\n\t\t\t\t\t\t<div class=\"elementor-element elementor-element-1f541b57 elementor-widget elementor-widget-text-editor\" data-id=\"1f541b57\" data-element_type=\"widget\" data-widget_type=\"text-editor.default\">\n\t\t\t\t<div class=\"elementor-widget-container\">\n\t\t\t\t\t\t\t<!-- wp:paragraph -->\n<p>O Col\u00e9gio Polit\u00e9cnico \u00e9 uma Unidade de Educa\u00e7\u00e3o B\u00e1sica, T\u00e9cnica e Tecnol\u00f3gica da Universidade Federal de Santa Maria (UFSM), prevista no Estatuto Geral da institui\u00e7\u00e3o, e vinculada \u00e0 Coordenadoria de Educa\u00e7\u00e3o B\u00e1sica, T\u00e9cnica e Tecnol\u00f3gica (CEBTT). Tem por finalidade promover e ministrar a Educa\u00e7\u00e3o B\u00e1sica, a Forma\u00e7\u00e3o Inicial e Continuada, a Educa\u00e7\u00e3o Profissional T\u00e9cnica de N\u00edvel M\u00e9dio e a Educa\u00e7\u00e3o Profissional Tecnol\u00f3gica.<\/p>\n<!-- \/wp:paragraph --><!-- wp:paragraph -->\n<p>Foi fundado atrav\u00e9s do Decreto Lei Federal n. 3864 &#8211; A, de 24 de janeiro de 1961, com a denomina\u00e7\u00e3o de Escola Agrot\u00e9cnica de Santa Maria. Em 25 de janeiro de 1968, com o Decreto Lei n. 62.178, foi transferido para a UFSM com a designa\u00e7\u00e3o de Col\u00e9gio Agr\u00edcola de Santa Maria. Em fun\u00e7\u00e3o da diversifica\u00e7\u00e3o e da amplia\u00e7\u00e3o dos cursos, em 22 de fevereiro de 2006, passou a se denominar Col\u00e9gio Polit\u00e9cnico da UFSM (Resolu\u00e7\u00e3o n. 01\/06).<\/p>\n<!-- \/wp:paragraph --><!-- wp:paragraph -->\n<p>A hist\u00f3ria do Col\u00e9gio foi sendo constru\u00edda no \u00e2mbito da forma\u00e7\u00e3o de profissionais para o setor prim\u00e1rio da economia. Nos \u00faltimos anos, diversificou seu campo de atua\u00e7\u00e3o, oferecendo alternativas variadas de Educa\u00e7\u00e3o Profissional no intuito de formar profissionais para atender \u00e0s expectativas da comunidade e \u00e0s necessidades do mundo do trabalho em constante transforma\u00e7\u00e3o. Atualmente, o Col\u00e9gio oferece cursos nos seguintes Eixos Tecnol\u00f3gicos: Gest\u00e3o e Neg\u00f3cios; Recursos Naturais; Produ\u00e7\u00e3o Aliment\u00edcia; Ambiente e Sa\u00fade; Infraestrutura; Informa\u00e7\u00e3o e Comunica\u00e7\u00e3o e Produ\u00e7\u00e3o Cultural e Design.<\/p>\n<!-- \/wp:paragraph --><!-- wp:heading {\"level\":3} -->\n<h3>Miss\u00e3o<\/h3>\n<!-- \/wp:heading --><!-- wp:paragraph -->\n<p>Promover educa\u00e7\u00e3o b\u00e1sica, t\u00e9cnica e tecnol\u00f3gica, visando a constru\u00e7\u00e3o do conhecimento e o desenvolvimento sustent\u00e1vel.<\/p>\n<!-- \/wp:paragraph --><!-- wp:heading {\"level\":3} -->\n<h3>Vis\u00e3o<\/h3>\n<!-- \/wp:heading --><!-- wp:paragraph -->\n<p>Ser uma institui\u00e7\u00e3o de excel\u00eancia na educa\u00e7\u00e3o b\u00e1sica, t\u00e9cnica e tecnol\u00f3gica, comprometida com o desenvolvimento da sociedade, de modo inovador e sustent\u00e1vel.<\/p>\n<!-- \/wp:paragraph --><!-- wp:heading {\"level\":3} -->\n<h3>Valores<\/h3>\n<!-- \/wp:heading --><!-- wp:list -->\n<ul>\n<li>\u00c9tica;<\/li>\n<li>Justi\u00e7a;<\/li>\n<li>Democracia;<\/li>\n<li>Comprometimento;<\/li>\n<li>Responsabilidade;<\/li>\n<li>Compromisso social e cidadania;<\/li>\n<li>Inova\u00e7\u00e3o;<\/li>\n<li>Sustentabilidade;<\/li>\n<li>Respeito \u00e0 identidade e \u00e0 diversidade.<\/li>\n<\/ul>\n<!-- \/wp:list --><!-- wp:heading {\"level\":3} -->\n<h3>Filosofia<\/h3>\n<!-- \/wp:heading --><!-- wp:paragraph -->\n<p>Ensinar produzindo, produzir ensinando e participar valorizando.<\/p>\n<p>\u00a0<\/p>\n<p><iframe src=\"https:\/\/farol.ufsm.br\/video\/embed\/video-institucional-colegio-politecnico-2019\/\" width=\"640\" height=\"360\" frameborder=\"0\" allowfullscreen=\"allowfullscreen\"><\/iframe> <!-- \/wp:paragraph --><!-- wp:html \/--><\/p>\t\t\t\t\t\t<\/div>\n\t\t\t\t<\/div>\n\t\t\t\t\t<\/div>\n\t\t<\/div>\n\t\t\t\t\t<\/div>\n\t\t<\/section>\n\t\t\t\t<\/div>\n\t\t","protected":false},"excerpt":{"rendered":"<p>O Col\u00e9gio Polit\u00e9cnico \u00e9 uma Unidade de Educa\u00e7\u00e3o B\u00e1sica, T\u00e9cnica e Tecnol\u00f3gica da Universidade Federal de Santa Maria (UFSM), prevista no Estatuto Geral da institui\u00e7\u00e3o, e vinculada \u00e0 Coordenadoria de Educa\u00e7\u00e3o B\u00e1sica, T\u00e9cnica e Tecnol\u00f3gica (CEBTT). Tem por finalidade promover e ministrar a Educa\u00e7\u00e3o B\u00e1sica, a Forma\u00e7\u00e3o Inicial e Continuada, a Educa\u00e7\u00e3o Profissional T\u00e9cnica de [&hellip;]<\/p>\n","protected":false},"author":201,"featured_media":0,"parent":0,"menu_order":0,"comment_status":"closed","ping_status":"closed","template":"","meta":{"footnotes":""},"categories":[],"tags":[],"class_list":["post-72","page","type-page","status-publish","hentry"],"acf":[],"_links":{"self":[{"href":"https:\/\/www.ufsm.br\/unidades-universitarias\/politecnico\/wp-json\/wp\/v2\/pages\/72","targetHints":{"allow":["GET"]}}],"collection":[{"href":"https:\/\/www.ufsm.br\/unidades-universitarias\/politecnico\/wp-json\/wp\/v2\/pages"}],"about":[{"href":"https:\/\/www.ufsm.br\/unidades-universitarias\/politecnico\/wp-json\/wp\/v2\/types\/page"}],"author":[{"embeddable":true,"href":"https:\/\/www.ufsm.br\/unidades-universitarias\/politecnico\/wp-json\/wp\/v2\/users\/201"}],"replies":[{"embeddable":true,"href":"https:\/\/www.ufsm.br\/unidades-universitarias\/politecnico\/wp-json\/wp\/v2\/comments?post=72"}],"version-history":[{"count":0,"href":"https:\/\/www.ufsm.br\/unidades-universitarias\/politecnico\/wp-json\/wp\/v2\/pages\/72\/revisions"}],"wp:attachment":[{"href":"https:\/\/www.ufsm.br\/unidades-universitarias\/politecnico\/wp-json\/wp\/v2\/media?parent=72"}],"wp:term":[{"taxonomy":"category","embeddable":true,"href":"https:\/\/www.ufsm.br\/unidades-universitarias\/politecnico\/wp-json\/wp\/v2\/categories?post=72"},{"taxonomy":"post_tag","embeddable":true,"href":"https:\/\/www.ufsm.br\/unidades-universitarias\/politecnico\/wp-json\/wp\/v2\/tags?post=72"}],"curies":[{"name":"wp","href":"https:\/\/api.w.org\/{rel}","templated":true}]}}