{"id":76,"date":"2018-09-11T16:55:36","date_gmt":"2018-09-11T19:55:36","guid":{"rendered":"https:\/\/www.ufsm.br\/unidades-universitarias\/politecnico\/?page_id=76"},"modified":"2023-05-09T10:41:11","modified_gmt":"2023-05-09T13:41:11","slug":"direcao","status":"publish","type":"page","link":"https:\/\/www.ufsm.br\/unidades-universitarias\/politecnico\/direcao","title":{"rendered":"Dire\u00e7\u00e3o"},"content":{"rendered":"\n<p><strong>Diretora:<\/strong> Marta Von Ende<\/p>\n\n\n\n<p><strong>Vice-Diretor:<\/strong> Moacir Bolzan<\/p>\n\n\n\n<p><strong>Secret\u00e1ria Executiva da Dire\u00e7\u00e3o:<\/strong>&nbsp;Denise Castiel Gonzales<\/p>\n\n\n\n<p><strong>Secret\u00e1ria Administrativa da Dire\u00e7\u00e3o:<\/strong>&nbsp;Eliani Marisa Durand Ferreira<\/p>\n\n\n\n<p><strong>Localiza\u00e7\u00e3o:<\/strong> Bloco A &#8211; Sala 101<\/p>\n\n\n\n<p><strong>E-mail: <\/strong><a href=\"mailto:colegio@politecnico.ufsm.br\">colegio@politecnico.ufsm.br<\/a><\/p>\n\n\n\n<p><strong>Telefone:<\/strong>&nbsp;(55) 3220-8273<\/p>\n","protected":false},"excerpt":{"rendered":"<p>Diretora: Marta Von Ende Vice-Diretor: Moacir Bolzan Secret\u00e1ria Executiva da Dire\u00e7\u00e3o:&nbsp;Denise Castiel Gonzales Secret\u00e1ria Administrativa da Dire\u00e7\u00e3o:&nbsp;Eliani Marisa Durand Ferreira Localiza\u00e7\u00e3o: Bloco A &#8211; Sala 101 E-mail: colegio@politecnico.ufsm.br Telefone:&nbsp;(55) 3220-8273<\/p>\n","protected":false},"author":275,"featured_media":0,"parent":0,"menu_order":0,"comment_status":"closed","ping_status":"closed","template":"","meta":{"footnotes":""},"categories":[],"tags":[],"class_list":["post-76","page","type-page","status-publish","hentry"],"acf":[],"_links":{"self":[{"href":"https:\/\/www.ufsm.br\/unidades-universitarias\/politecnico\/wp-json\/wp\/v2\/pages\/76","targetHints":{"allow":["GET"]}}],"collection":[{"href":"https:\/\/www.ufsm.br\/unidades-universitarias\/politecnico\/wp-json\/wp\/v2\/pages"}],"about":[{"href":"https:\/\/www.ufsm.br\/unidades-universitarias\/politecnico\/wp-json\/wp\/v2\/types\/page"}],"author":[{"embeddable":true,"href":"https:\/\/www.ufsm.br\/unidades-universitarias\/politecnico\/wp-json\/wp\/v2\/users\/275"}],"replies":[{"embeddable":true,"href":"https:\/\/www.ufsm.br\/unidades-universitarias\/politecnico\/wp-json\/wp\/v2\/comments?post=76"}],"version-history":[{"count":0,"href":"https:\/\/www.ufsm.br\/unidades-universitarias\/politecnico\/wp-json\/wp\/v2\/pages\/76\/revisions"}],"wp:attachment":[{"href":"https:\/\/www.ufsm.br\/unidades-universitarias\/politecnico\/wp-json\/wp\/v2\/media?parent=76"}],"wp:term":[{"taxonomy":"category","embeddable":true,"href":"https:\/\/www.ufsm.br\/unidades-universitarias\/politecnico\/wp-json\/wp\/v2\/categories?post=76"},{"taxonomy":"post_tag","embeddable":true,"href":"https:\/\/www.ufsm.br\/unidades-universitarias\/politecnico\/wp-json\/wp\/v2\/tags?post=76"}],"curies":[{"name":"wp","href":"https:\/\/api.w.org\/{rel}","templated":true}]}}