{"id":77,"date":"2018-09-11T16:58:14","date_gmt":"2018-09-11T19:58:14","guid":{"rendered":"https:\/\/www.ufsm.br\/unidades-universitarias\/politecnico\/?page_id=77"},"modified":"2025-11-11T11:10:14","modified_gmt":"2025-11-11T14:10:14","slug":"equipe","status":"publish","type":"page","link":"https:\/\/www.ufsm.br\/unidades-universitarias\/politecnico\/equipe","title":{"rendered":"Equipe"},"content":{"rendered":"\t\t<div data-elementor-type=\"wp-post\" data-elementor-id=\"77\" class=\"elementor elementor-77\">\n\t\t\t\t\t\t<section class=\"elementor-section elementor-top-section elementor-element elementor-element-9f7eaac elementor-section-boxed elementor-section-height-default elementor-section-height-default\" data-id=\"9f7eaac\" data-element_type=\"section\">\n\t\t\t\t\t\t<div class=\"elementor-container elementor-column-gap-default\">\n\t\t\t\t\t<div class=\"elementor-column elementor-col-100 elementor-top-column elementor-element elementor-element-3a39ec9\" data-id=\"3a39ec9\" data-element_type=\"column\">\n\t\t\t<div class=\"elementor-widget-wrap elementor-element-populated\">\n\t\t\t\t\t\t<div class=\"elementor-element elementor-element-753b2a1 elementor-widget elementor-widget-accordion\" data-id=\"753b2a1\" data-element_type=\"widget\" data-widget_type=\"accordion.default\">\n\t\t\t\t<div class=\"elementor-widget-container\">\n\t\t\t\t\t<div class=\"elementor-accordion\">\n\t\t\t\t\t\t\t<div class=\"elementor-accordion-item\">\n\t\t\t\t\t<h5 id=\"elementor-tab-title-1221\" class=\"elementor-tab-title\" data-tab=\"1\" role=\"button\" aria-controls=\"elementor-tab-content-1221\" aria-expanded=\"false\">\n\t\t\t\t\t\t\t\t\t\t\t\t\t<span class=\"elementor-accordion-icon elementor-accordion-icon-left\" aria-hidden=\"true\">\n\t\t\t\t\t\t\t\t\t\t\t\t\t\t\t<span class=\"elementor-accordion-icon-closed\"><i class=\"fas fa-plus\"><\/i><\/span>\n\t\t\t\t\t\t\t\t<span class=\"elementor-accordion-icon-opened\"><i class=\"fas fa-minus\"><\/i><\/span>\n\t\t\t\t\t\t\t\t\t\t\t\t\t\t<\/span>\n\t\t\t\t\t\t\t\t\t\t\t\t<a class=\"elementor-accordion-title\" tabindex=\"0\">Departamento de Administra\u00e7\u00e3o<\/a>\n\t\t\t\t\t<\/h5>\n\t\t\t\t\t<div id=\"elementor-tab-content-1221\" class=\"elementor-tab-content elementor-clearfix\" data-tab=\"1\" role=\"region\" aria-labelledby=\"elementor-tab-title-1221\"><p>O Departamento de Administra\u00e7\u00e3o \u00e9 o \u00f3rg\u00e3o que compete planejar, organizar, gerir, coordenar e controlar os servi\u00e7os administrativos do Col\u00e9gio.<\/p><p><strong>Diretor de Administra\u00e7\u00e3o:<\/strong> Cristiano Gattermann de Barros<\/p><p><strong>Diretor Substituto de Administra\u00e7\u00e3o:<\/strong>\u00a0<span style=\"color: #222222;font-family: Arial, Helvetica, sans-serif;font-size: small\">Raphael Waechter Simon<\/span><\/p><p><b>Administradora<\/b><span style=\"font-weight: bolder;color: #1c1c1c;font-size: 16px\">:<\/span><span style=\"color: #1c1c1c;font-size: 16px\">\u00a0<\/span><span style=\"color: #222222;font-family: Arial, Helvetica, sans-serif;font-size: small\">Shariane Seleprin da Silva<\/span><\/p><p><b>Administradora<\/b><span style=\"font-weight: bolder;color: #1c1c1c;font-size: 16px\">:<\/span><span style=\"color: #1c1c1c;font-size: 16px\">\u00a0<\/span><span style=\"font-family: Arial, Helvetica, sans-serif;font-size: small\">Taritsa de Oliveira Ferraz<\/span><\/p><p><strong>Sala:<\/strong>\u00a0A105<br \/><strong>Telefone:<\/strong> (55) 3220-9419 &#8211; Ramal 206<br \/><strong>E-mail:<\/strong> <a href=\"mailto:administrativo@politecnico.ufsm.br\">administrativo@politecnico.ufsm.br<\/a><\/p><h3 style=\"color: black\">SUBDIVIS\u00c3O DE PATRIM\u00d4NIO<\/h3><div><span style=\"font-weight: bolder;color: #1c1c1c;font-size: 16px\">Chefe do Setor:<\/span><span style=\"color: #1c1c1c;font-size: 16px\">\u00a0Charles Araujo da Silva<\/span><br style=\"color: #1c1c1c;font-size: 16px\" \/><span style=\"font-weight: bolder;color: #1c1c1c;font-size: 16px\">Telefone:<\/span><span style=\"color: #1c1c1c;font-size: 16px\">\u00a0(55) 3220-9419 \u2013\u00a0<\/span><span style=\"color: #222222;font-family: Arial, Helvetica, sans-serif;font-size: small\">Ramal 245<\/span><\/div><div>\u00a0<\/div><h3 id=\"setor-transporte\" style=\"color: black\">SETOR DE TRANSPORTE<\/h3><p><strong>Chefe do Setor:<\/strong>\u00a0<span style=\"color: #222222;font-size: 16px\">Raphael Waechter Simon<\/span><br \/><strong>Telefone:<\/strong> (55) 3220-9419 \u2013 Ramal 205<\/p><h3 style=\"color: black\">SETOR DE ALMOXARIFADO<\/h3><p><strong>Telefone:<\/strong> (55) 3220-9419 \u2013 Ramal 237<\/p><\/div>\n\t\t\t\t<\/div>\n\t\t\t\t\t\t\t<div class=\"elementor-accordion-item\">\n\t\t\t\t\t<h5 id=\"elementor-tab-title-1222\" class=\"elementor-tab-title\" data-tab=\"2\" role=\"button\" aria-controls=\"elementor-tab-content-1222\" aria-expanded=\"false\">\n\t\t\t\t\t\t\t\t\t\t\t\t\t<span class=\"elementor-accordion-icon elementor-accordion-icon-left\" aria-hidden=\"true\">\n\t\t\t\t\t\t\t\t\t\t\t\t\t\t\t<span class=\"elementor-accordion-icon-closed\"><i class=\"fas fa-plus\"><\/i><\/span>\n\t\t\t\t\t\t\t\t<span class=\"elementor-accordion-icon-opened\"><i class=\"fas fa-minus\"><\/i><\/span>\n\t\t\t\t\t\t\t\t\t\t\t\t\t\t<\/span>\n\t\t\t\t\t\t\t\t\t\t\t\t<a class=\"elementor-accordion-title\" tabindex=\"0\">Departamento de Ensino<\/a>\n\t\t\t\t\t<\/h5>\n\t\t\t\t\t<div id=\"elementor-tab-content-1222\" class=\"elementor-tab-content elementor-clearfix\" data-tab=\"2\" role=\"region\" aria-labelledby=\"elementor-tab-title-1222\"><p>O Departamento de Ensino \u00e9 \u00f3rg\u00e3o a que compete planejar, coordenar e avaliar as atividades de ensino do Col\u00e9gio Polit\u00e9cnico, atendendo \u00e0 legisla\u00e7\u00e3o vigente e aos dispositivos regimentais.<\/p><p><strong>Diretora de Ensino:<\/strong> Berenice Santini<br \/><strong>Diretor Substituto de Ensino:<\/strong>\u00a0Giani Petri<br \/><strong>Supervisora Escolar:<\/strong>\u00a0Zelmielen Adornes de Souza<br \/><strong>Supervisora Escolar Substituta:<\/strong>\u00a0Andreia Vedoin<br \/><strong>Pedagoga:<\/strong>\u00a0Fabiane da Silva Montoli<br \/><strong>T\u00e9cnico em Assuntos Educacionais:<\/strong>\u00a0Juliano Molinos de Andrade<\/p><p><strong>Salas:<\/strong> A119, A120 e A114<br \/><strong>Telefone:<\/strong> (55) 3220-9419 &#8211; Ramais 203 \/ 207 \/ 209 \/ 210<br \/><strong>E-mail:<\/strong> <a href=\"mailto:direcaodeensino@politecnico.ufsm.br\">direcaodeensino@politecnico.ufsm.br<\/a><\/p><h3>SETOR DE REGISTRO E CONTROLE ACAD\u00caMICO<\/h3><p><strong>Chefe do Setor:<\/strong>\u00a0Juliano Molinos de Andrade<br \/><strong>Sala:<\/strong>\u00a0G125<br \/><strong>Telefone:<\/strong> <a href=\"tel:+5555991937956\" target=\"_blank\" rel=\"noopener\">(55) 99193-7956<\/a> <strong>WhatsApp:<\/strong> <a href=\"https:\/\/wa.me\/5555991937956\" target=\"_blank\" rel=\"noopener\">(55) 99193-7956<\/a><\/p><h3>SECRETARIA INTEGRADA DOS CURSOS DE EDUCA\u00c7\u00c3O SUPERIOR<\/h3><p><strong>Secret\u00e1rio Administrativo:<\/strong> Filipe Venturini Bassan<br \/><strong>Secret\u00e1ria Administrativa Substituta:<\/strong> Marina Dias Cavalcanti<br \/><strong>Sala:<\/strong>\u00a0G125<br \/><strong>Telefone:<\/strong> <a href=\"tel:+555532208059\" target=\"_blank\" rel=\"noopener\">(55) 3220-8059<\/a><strong> WhatsApp:<\/strong> <a href=\"https:\/\/wa.me\/5555991465045\" target=\"_blank\" rel=\"noopener\">(55) 99146-5045<\/a><br \/><strong>E-mail:<\/strong> <a href=\"mailto:sies.poli@ufsm.br\">sies.poli@ufsm.br<\/a><\/p><h3>COORDENA\u00c7\u00c3O DA COOPERATIVA-ESCOLA<\/h3><p><strong>Coordenador:<\/strong>\u00a0Vitor Kochhann\u00a0Reisdorfer<br \/><strong>Sala:<\/strong> A116 e A118<\/p><\/div>\n\t\t\t\t<\/div>\n\t\t\t\t\t\t\t<div class=\"elementor-accordion-item\">\n\t\t\t\t\t<h5 id=\"elementor-tab-title-1223\" class=\"elementor-tab-title\" data-tab=\"3\" role=\"button\" aria-controls=\"elementor-tab-content-1223\" aria-expanded=\"false\">\n\t\t\t\t\t\t\t\t\t\t\t\t\t<span class=\"elementor-accordion-icon elementor-accordion-icon-left\" aria-hidden=\"true\">\n\t\t\t\t\t\t\t\t\t\t\t\t\t\t\t<span class=\"elementor-accordion-icon-closed\"><i class=\"fas fa-plus\"><\/i><\/span>\n\t\t\t\t\t\t\t\t<span class=\"elementor-accordion-icon-opened\"><i class=\"fas fa-minus\"><\/i><\/span>\n\t\t\t\t\t\t\t\t\t\t\t\t\t\t<\/span>\n\t\t\t\t\t\t\t\t\t\t\t\t<a class=\"elementor-accordion-title\" tabindex=\"0\">Departamento de Pesquisa e Extens\u00e3o<\/a>\n\t\t\t\t\t<\/h5>\n\t\t\t\t\t<div id=\"elementor-tab-content-1223\" class=\"elementor-tab-content elementor-clearfix\" data-tab=\"3\" role=\"region\" aria-labelledby=\"elementor-tab-title-1223\"><p>O Departamento de Pesquisa e Extens\u00e3o \u00e9 o \u00f3rg\u00e3o a que compete propor, coordenar, supervisionar e avaliar atividades de pesquisa e extens\u00e3o do Col\u00e9gio Polit\u00e9cnico.<\/p><p><strong>Diretora:<\/strong>\u00a0<span style=\"font-family: Arial, Helvetica, sans-serif;font-size: small\">Magda Aita Monego<\/span><br \/><strong>Diretora Substituta:<\/strong>\u00a0<span style=\"color: #222222;font-family: Arial, Helvetica, sans-serif;font-size: small\">Mar\u00edlia Milani<\/span><\/p><p><strong>Sala:<\/strong> A117<\/p><p><strong>Telefone:<\/strong> (55) 3220-8062<br \/><strong>E-mail:<\/strong> <a href=\"mailto:depe.politecnico@ufsm.br\">depe.politecnico@ufsm.br<\/a><\/p><\/div>\n\t\t\t\t<\/div>\n\t\t\t\t\t\t\t<div class=\"elementor-accordion-item\">\n\t\t\t\t\t<h5 id=\"elementor-tab-title-1224\" class=\"elementor-tab-title\" data-tab=\"4\" role=\"button\" aria-controls=\"elementor-tab-content-1224\" aria-expanded=\"false\">\n\t\t\t\t\t\t\t\t\t\t\t\t\t<span class=\"elementor-accordion-icon elementor-accordion-icon-left\" aria-hidden=\"true\">\n\t\t\t\t\t\t\t\t\t\t\t\t\t\t\t<span class=\"elementor-accordion-icon-closed\"><i class=\"fas fa-plus\"><\/i><\/span>\n\t\t\t\t\t\t\t\t<span class=\"elementor-accordion-icon-opened\"><i class=\"fas fa-minus\"><\/i><\/span>\n\t\t\t\t\t\t\t\t\t\t\t\t\t\t<\/span>\n\t\t\t\t\t\t\t\t\t\t\t\t<a class=\"elementor-accordion-title\" tabindex=\"0\">Departamento de Infraestrutura<\/a>\n\t\t\t\t\t<\/h5>\n\t\t\t\t\t<div id=\"elementor-tab-content-1224\" class=\"elementor-tab-content elementor-clearfix\" data-tab=\"4\" role=\"region\" aria-labelledby=\"elementor-tab-title-1224\"><p>O Departamento de Infraestrutura \u00e9 o \u00f3rg\u00e3o a que compete planejar, coordenar, supervisionar e executar servi\u00e7os de obras, manuten\u00e7\u00e3o e servi\u00e7os gerais do Col\u00e9gio.<\/p><p><strong>Diretor de Infraestrutura:<\/strong> Marcelo Ant\u00f4nio Rodrigues<br \/><strong>Diretor Substituto de Infraestrutura:<\/strong> Olney Machado Meneghello<\/p><p><b>Setor de Laborat\u00f3rios: <\/b>Daniel Pazzini Eckhardd<\/p><p><b>Setor de Demandas: <\/b>Alberto\u00a0Pedro Antonello Neto<\/p><p><strong>Sala:<\/strong> A111<br \/><strong>Telefone:<\/strong> (55) 3220-9419 &#8211; Ramal 213<br \/><strong>E-mail:<\/strong> <a href=\"mailto:infra@politecnico.ufsm.br\">infra@politecnico.ufsm.br<\/a><\/p><h3 style=\"color: black\">SETOR DE TECNOLOGIA DA INFORMA\u00c7\u00c3O<\/h3><p><strong>Servidores: <\/strong><\/p><ul class=\"list-unstyled\"><li>Anderson Dotto Padoin<\/li><li>Elton Sommer<\/li><li>Vinicios Ragagnin Portella<\/li><\/ul><p><strong>Sala:<\/strong> C4<br \/><strong>Telefone:<\/strong> (55) 3220-9419 &#8211; Ramal 246<br \/><strong>E-mail:<\/strong> <a href=\"mailto:suporte@politecnico.ufsm.br\">suporte@politecnico.ufsm.br<\/a><\/p><\/div>\n\t\t\t\t<\/div>\n\t\t\t\t\t\t\t\t<\/div>\n\t\t\t\t<\/div>\n\t\t\t\t<\/div>\n\t\t\t\t\t<\/div>\n\t\t<\/div>\n\t\t\t\t\t<\/div>\n\t\t<\/section>\n\t\t\t\t<\/div>\n\t\t","protected":false},"excerpt":{"rendered":"<p>Departamento de Administra\u00e7\u00e3o O Departamento de Administra\u00e7\u00e3o \u00e9 o \u00f3rg\u00e3o que compete planejar, organizar, gerir, coordenar e controlar os servi\u00e7os administrativos do Col\u00e9gio. Diretor de Administra\u00e7\u00e3o: Cristiano Gattermann de Barros Diretor Substituto de Administra\u00e7\u00e3o:\u00a0Raphael Waechter Simon Administradora:\u00a0Shariane Seleprin da Silva Administradora:\u00a0Taritsa de Oliveira Ferraz Sala:\u00a0A105Telefone: (55) 3220-9419 &#8211; Ramal 206E-mail: administrativo@politecnico.ufsm.br SUBDIVIS\u00c3O DE PATRIM\u00d4NIO Chefe [&hellip;]<\/p>\n","protected":false},"author":201,"featured_media":0,"parent":0,"menu_order":0,"comment_status":"closed","ping_status":"closed","template":"","meta":{"footnotes":""},"categories":[],"tags":[],"class_list":["post-77","page","type-page","status-publish","hentry"],"acf":[],"_links":{"self":[{"href":"https:\/\/www.ufsm.br\/unidades-universitarias\/politecnico\/wp-json\/wp\/v2\/pages\/77","targetHints":{"allow":["GET"]}}],"collection":[{"href":"https:\/\/www.ufsm.br\/unidades-universitarias\/politecnico\/wp-json\/wp\/v2\/pages"}],"about":[{"href":"https:\/\/www.ufsm.br\/unidades-universitarias\/politecnico\/wp-json\/wp\/v2\/types\/page"}],"author":[{"embeddable":true,"href":"https:\/\/www.ufsm.br\/unidades-universitarias\/politecnico\/wp-json\/wp\/v2\/users\/201"}],"replies":[{"embeddable":true,"href":"https:\/\/www.ufsm.br\/unidades-universitarias\/politecnico\/wp-json\/wp\/v2\/comments?post=77"}],"version-history":[{"count":0,"href":"https:\/\/www.ufsm.br\/unidades-universitarias\/politecnico\/wp-json\/wp\/v2\/pages\/77\/revisions"}],"wp:attachment":[{"href":"https:\/\/www.ufsm.br\/unidades-universitarias\/politecnico\/wp-json\/wp\/v2\/media?parent=77"}],"wp:term":[{"taxonomy":"category","embeddable":true,"href":"https:\/\/www.ufsm.br\/unidades-universitarias\/politecnico\/wp-json\/wp\/v2\/categories?post=77"},{"taxonomy":"post_tag","embeddable":true,"href":"https:\/\/www.ufsm.br\/unidades-universitarias\/politecnico\/wp-json\/wp\/v2\/tags?post=77"}],"curies":[{"name":"wp","href":"https:\/\/api.w.org\/{rel}","templated":true}]}}